{"id":59673,"date":"2026-04-28T17:27:39","date_gmt":"2026-04-28T15:27:39","guid":{"rendered":"https:\/\/secoli.com\/?page_id=59673"},"modified":"2026-04-29T14:32:21","modified_gmt":"2026-04-29T12:32:21","slug":"sfs2026","status":"publish","type":"page","link":"https:\/\/secoli.com\/pt-br\/eventos\/secoli-fashion-show\/sfs2026\/","title":{"rendered":"SFS2026"},"content":{"rendered":"\t\t<div data-elementor-type=\"wp-page\" data-elementor-id=\"59673\" class=\"elementor elementor-59673 elementor-59670\" data-elementor-post-type=\"page\">\n\t\t\t\t<div class=\"elementor-element elementor-element-220d286a e-con-full e-flex e-con e-parent\" data-id=\"220d286a\" data-element_type=\"container\" data-e-type=\"container\">\n\t\t<div class=\"elementor-element elementor-element-6596bd39 e-con-full e-flex e-con e-child\" data-id=\"6596bd39\" data-element_type=\"container\" data-e-type=\"container\">\n\t\t\t\t<div class=\"elementor-element elementor-element-d247226 elementor-invisible elementor-widget elementor-widget-heading\" data-id=\"d247226\" data-element_type=\"widget\" data-e-type=\"widget\" data-settings=\"{&quot;_animation&quot;:&quot;zoomIn&quot;}\" data-widget_type=\"heading.default\">\n\t\t\t\t\t<h2 class=\"elementor-heading-title elementor-size-default\">SECOLI FASHION SHOW 2025 | ESPA\u00c7OS MENTAIS<\/h2>\t\t\t\t<\/div>\n\t\t\t\t<div class=\"elementor-element elementor-element-8ed3c89 elementor-widget elementor-widget-text-editor\" data-id=\"8ed3c89\" data-element_type=\"widget\" data-e-type=\"widget\" data-widget_type=\"text-editor.default\">\n\t\t\t\t\t\t\t\t\t<p><strong>Criar uma ideia percorrendo um caminho que vai do pensamento concreto ao abstrato, para depois retornar \u00e0 realidade transformada pela experi\u00eancia. Trata-se de um processo criativo de interpreta\u00e7\u00e3o e experimenta\u00e7\u00e3o que gera um espa\u00e7o vivo, capaz de abrigar o passado, o presente e o futuro:<\/strong> um espa\u00e7o de express\u00e3o, a\u00e7\u00e3o e liberdade, entendido n\u00e3o apenas como m\u00e9todo, mas como atitude mental.<br \/><strong>Esse percurso conduz ao \u201cpensamento divergente\u201d, definido pelo psic\u00f3logo norte-americano J. P. Guilford:<\/strong> uma dimens\u00e3o fundamental da criatividade que explora m\u00faltiplas possibilidades e gera solu\u00e7\u00f5es inovadoras aplicando o <strong>\u201cDesign Thinking\u201d, uma abordagem que constr\u00f3i e desconstr\u00f3i, supera os esquemas e valoriza o significado emocional como chave para interpretar a inova\u00e7\u00e3o.<\/strong> Nessa vis\u00e3o, a cria\u00e7\u00e3o n\u00e3o se torna apenas objeto, mas processo, gesto, inten\u00e7\u00e3o, transforma\u00e7\u00e3o.<\/p>\t\t\t\t\t\t\t\t<\/div>\n\t\t\t\t<div class=\"elementor-element elementor-element-69f2edc elementor-widget elementor-widget-heading\" data-id=\"69f2edc\" data-element_type=\"widget\" data-e-type=\"widget\" data-widget_type=\"heading.default\">\n\t\t\t\t\t<h2 class=\"elementor-heading-title elementor-size-default\"><br>EXPERIMENTA\u00c7\u00c3O CONCEITUAL<\/h2>\t\t\t\t<\/div>\n\t\t\t\t<div class=\"elementor-element elementor-element-4bef1cd elementor-widget elementor-widget-text-editor\" data-id=\"4bef1cd\" data-element_type=\"widget\" data-e-type=\"widget\" data-widget_type=\"text-editor.default\">\n\t\t\t\t\t\t\t\t\t<p><strong>O desgaste \u00e9 cont\u00ednuo e a superf\u00edcie transforma-se num espa\u00e7o marcado por uma metamorfose incessante.<\/strong> Dessa transforma\u00e7\u00e3o surge uma nova forma que pede para ser observada em sua ess\u00eancia, revelando seu tra\u00e7o. <strong>A experimenta\u00e7\u00e3o nasce da reavalia\u00e7\u00e3o: o que foi removido recomp\u00f5e-se numa nova ordem, assumindo um significado inesperado.<\/strong> Da tens\u00e3o surge uma fratura entre o olho e a percep\u00e7\u00e3o: o que se v\u00ea n\u00e3o coincide mais com o que se acreditava saber e, nessa dist\u00e2ncia, o significado se renova.<br \/><strong>Dar forma n\u00e3o \u00e9 apenas modelar um objeto, mas tornar vis\u00edvel o tempo que o atravessou, o consumo que o transformou, a rela\u00e7\u00e3o que o torna vivo.<\/strong><\/p>\t\t\t\t\t\t\t\t<\/div>\n\t\t\t\t<div class=\"elementor-element elementor-element-67cdab5 elementor-widget elementor-widget-gallery\" data-id=\"67cdab5\" data-element_type=\"widget\" data-e-type=\"widget\" data-settings=\"{&quot;aspect_ratio&quot;:&quot;21:9&quot;,&quot;columns&quot;:1,&quot;lazyload&quot;:&quot;yes&quot;,&quot;gallery_layout&quot;:&quot;grid&quot;,&quot;columns_tablet&quot;:2,&quot;columns_mobile&quot;:1,&quot;gap&quot;:{&quot;unit&quot;:&quot;px&quot;,&quot;size&quot;:10,&quot;sizes&quot;:[]},&quot;gap_tablet&quot;:{&quot;unit&quot;:&quot;px&quot;,&quot;size&quot;:10,&quot;sizes&quot;:[]},&quot;gap_mobile&quot;:{&quot;unit&quot;:&quot;px&quot;,&quot;size&quot;:10,&quot;sizes&quot;:[]},&quot;link_to&quot;:&quot;file&quot;,&quot;overlay_background&quot;:&quot;yes&quot;,&quot;content_hover_animation&quot;:&quot;fade-in&quot;}\" data-widget_type=\"gallery.default\">\n\t\t\t\t\t\t\t<div class=\"elementor-gallery__container\">\n\t\t\t\t\t\t\t<a class=\"e-gallery-item elementor-gallery-item elementor-animated-content\" href=\"https:\/\/secoli.com\/wp-content\/uploads\/2026\/04\/01_-Sperimentazione-Concettuale-scaled.webp\" data-elementor-open-lightbox=\"yes\" data-elementor-lightbox-slideshow=\"67cdab5\" data-elementor-lightbox-title=\"01_ Sperimentazione Concettuale\" data-elementor-lightbox-description=\"Sperimentazione Concettuale SFS2026\" data-e-action-hash=\"#elementor-action%3Aaction%3Dlightbox%26settings%3DeyJpZCI6NTk2ODEsInVybCI6Imh0dHBzOlwvXC9zZWNvbGkuY29tXC93cC1jb250ZW50XC91cGxvYWRzXC8yMDI2XC8wNFwvMDFfLVNwZXJpbWVudGF6aW9uZS1Db25jZXR0dWFsZS1zY2FsZWQud2VicCIsInNsaWRlc2hvdyI6IjY3Y2RhYjUifQ%3D%3D\">\n\t\t\t\t\t<div class=\"e-gallery-image elementor-gallery-item__image\" data-thumbnail=\"https:\/\/secoli.com\/wp-content\/uploads\/2026\/04\/01_-Sperimentazione-Concettuale-300x155.png\" data-width=\"300\" data-height=\"155\" aria-label=\"Sperimentazione Concettuale SFS2026\" role=\"img\" ><\/div>\n\t\t\t\t\t\t\t\t\t\t\t<div class=\"elementor-gallery-item__overlay\"><\/div>\n\t\t\t\t\t\t\t\t\t\t\t\t\t\t<\/a>\n\t\t\t\t\t<\/div>\n\t\t\t\t\t<\/div>\n\t\t\t\t<div class=\"elementor-element elementor-element-828c5e0 elementor-widget elementor-widget-heading\" data-id=\"828c5e0\" data-element_type=\"widget\" data-e-type=\"widget\" data-widget_type=\"heading.default\">\n\t\t\t\t\t<h2 class=\"elementor-heading-title elementor-size-default\"><br><br>EXPERIMENTA\u00c7\u00c3O \u00c9TICA<\/h2>\t\t\t\t<\/div>\n\t\t\t\t<div class=\"elementor-element elementor-element-765ba95 elementor-widget elementor-widget-text-editor\" data-id=\"765ba95\" data-element_type=\"widget\" data-e-type=\"widget\" data-widget_type=\"text-editor.default\">\n\t\t\t\t\t\t\t\t\t<p dir=\"ltr\" style=\"text-align: justify;\"><strong>A experimenta\u00e7\u00e3o \u00e9tica surge do desejo de superar o que a sociedade j\u00e1 considera correto, apresentando-se como um gesto que questiona valores consolidados para propor novos, mais aut\u00eanticos, e demonstrando que seu equil\u00edbrio pode ser subvertido.<\/strong> <strong>Quem experimenta eticamente opta por se opor \u00e0 estabilidade, conferindo-lhe significado.<\/strong> O objetivo \u00e9 sacudir as consci\u00eancias e olhar al\u00e9m, em dire\u00e7\u00e3o a um ideal de beleza mais livre, realizando um ato de verifica\u00e7\u00e3o radical. <strong>Por meio da provoca\u00e7\u00e3o, a supera\u00e7\u00e3o do limite torna-se um instrumento cr\u00edtico, revelando que a \u00e9tica viva \u00e9 feita de questionamentos cont\u00ednuos.<\/strong> Ao final do processo, o que permanece \u00e9 uma nova consci\u00eancia: <strong>a arte torna-se um instrumento essencial para compreender o homem e a sociedade.<\/strong><\/p>\t\t\t\t\t\t\t\t<\/div>\n\t\t\t\t<div class=\"elementor-element elementor-element-7bd490a elementor-widget elementor-widget-gallery\" data-id=\"7bd490a\" data-element_type=\"widget\" data-e-type=\"widget\" data-settings=\"{&quot;columns&quot;:1,&quot;aspect_ratio&quot;:&quot;21:9&quot;,&quot;gallery_layout&quot;:&quot;grid&quot;,&quot;columns_tablet&quot;:2,&quot;columns_mobile&quot;:1,&quot;gap&quot;:{&quot;unit&quot;:&quot;px&quot;,&quot;size&quot;:10,&quot;sizes&quot;:[]},&quot;gap_tablet&quot;:{&quot;unit&quot;:&quot;px&quot;,&quot;size&quot;:10,&quot;sizes&quot;:[]},&quot;gap_mobile&quot;:{&quot;unit&quot;:&quot;px&quot;,&quot;size&quot;:10,&quot;sizes&quot;:[]},&quot;link_to&quot;:&quot;file&quot;,&quot;overlay_background&quot;:&quot;yes&quot;,&quot;content_hover_animation&quot;:&quot;fade-in&quot;}\" data-widget_type=\"gallery.default\">\n\t\t\t\t\t\t\t<div class=\"elementor-gallery__container\">\n\t\t\t\t\t\t\t<a class=\"e-gallery-item elementor-gallery-item elementor-animated-content\" href=\"https:\/\/secoli.com\/wp-content\/uploads\/2026\/04\/Foto-DEF-scaled.webp\" data-elementor-open-lightbox=\"yes\" data-elementor-lightbox-slideshow=\"7bd490a\" data-elementor-lightbox-title=\"Foto DEF\" data-elementor-lightbox-description=\"Sperimentazione Etica SFS2026\" data-e-action-hash=\"#elementor-action%3Aaction%3Dlightbox%26settings%3DeyJpZCI6NTk2ODksInVybCI6Imh0dHBzOlwvXC9zZWNvbGkuY29tXC93cC1jb250ZW50XC91cGxvYWRzXC8yMDI2XC8wNFwvRm90by1ERUYtc2NhbGVkLndlYnAiLCJzbGlkZXNob3ciOiI3YmQ0OTBhIn0%3D\">\n\t\t\t\t\t<div class=\"e-gallery-image elementor-gallery-item__image\" data-thumbnail=\"https:\/\/secoli.com\/wp-content\/uploads\/2026\/04\/Foto-DEF-300x252.png\" data-width=\"300\" data-height=\"252\" aria-label=\"Sperimentazione Etica SFS2026\" role=\"img\" ><\/div>\n\t\t\t\t\t\t\t\t\t\t\t<div class=\"elementor-gallery-item__overlay\"><\/div>\n\t\t\t\t\t\t\t\t\t\t\t\t\t\t<\/a>\n\t\t\t\t\t<\/div>\n\t\t\t\t\t<\/div>\n\t\t\t\t<div class=\"elementor-element elementor-element-4712e71 elementor-widget elementor-widget-heading\" data-id=\"4712e71\" data-element_type=\"widget\" data-e-type=\"widget\" data-widget_type=\"heading.default\">\n\t\t\t\t\t<h2 class=\"elementor-heading-title elementor-size-default\"><br><br>EXPERIMENTA\u00c7\u00c3O MATERIAL<\/h2>\t\t\t\t<\/div>\n\t\t\t\t<div class=\"elementor-element elementor-element-d43c54b elementor-widget elementor-widget-text-editor\" data-id=\"d43c54b\" data-element_type=\"widget\" data-e-type=\"widget\" data-widget_type=\"text-editor.default\">\n\t\t\t\t\t\t\t\t\t<p><strong>Mudan\u00e7a constante da realidade e da mat\u00e9ria em um equil\u00edbrio din\u00e2mico. A mat\u00e9ria se revela viva, pulsante: um campo vibracional caracterizado pela ritmicidade, representando a pr\u00f3pria ess\u00eancia do mundo material.<\/strong> O campo vibracional<strong> se apresenta como um espa\u00e7o energ\u00e9tico, uma dimens\u00e3o sutil da pr\u00f3pria mat\u00e9ria, invis\u00edvel mas real, na qual reside uma \u00e1rea f\u00e9rtil e intermedi\u00e1ria,<\/strong> o interst\u00edcio onde tudo pode acontecer e onde se geram possibilidades e potencialidades, revelando sua natureza imprevis\u00edvel.<br \/>\u00c9 aqui que nasce a fun\u00e7\u00e3o espelho da nova mat\u00e9ria, capaz de refletir uma percep\u00e7\u00e3o transformada. <\/p>\t\t\t\t\t\t\t\t<\/div>\n\t\t\t\t<div class=\"elementor-element elementor-element-14f9866 elementor-widget elementor-widget-gallery\" data-id=\"14f9866\" data-element_type=\"widget\" data-e-type=\"widget\" data-settings=\"{&quot;columns&quot;:1,&quot;aspect_ratio&quot;:&quot;21:9&quot;,&quot;gallery_layout&quot;:&quot;grid&quot;,&quot;columns_tablet&quot;:2,&quot;columns_mobile&quot;:1,&quot;gap&quot;:{&quot;unit&quot;:&quot;px&quot;,&quot;size&quot;:10,&quot;sizes&quot;:[]},&quot;gap_tablet&quot;:{&quot;unit&quot;:&quot;px&quot;,&quot;size&quot;:10,&quot;sizes&quot;:[]},&quot;gap_mobile&quot;:{&quot;unit&quot;:&quot;px&quot;,&quot;size&quot;:10,&quot;sizes&quot;:[]},&quot;link_to&quot;:&quot;file&quot;,&quot;overlay_background&quot;:&quot;yes&quot;,&quot;content_hover_animation&quot;:&quot;fade-in&quot;}\" data-widget_type=\"gallery.default\">\n\t\t\t\t\t\t\t<div class=\"elementor-gallery__container\">\n\t\t\t\t\t\t\t<a class=\"e-gallery-item elementor-gallery-item elementor-animated-content\" href=\"https:\/\/secoli.com\/wp-content\/uploads\/2026\/04\/Foto-DEF-2-scaled.webp\" data-elementor-open-lightbox=\"yes\" data-elementor-lightbox-slideshow=\"14f9866\" data-elementor-lightbox-title=\"Foto DEF-2\" data-elementor-lightbox-description=\"Sperimentazione Materica SFS2026\" data-e-action-hash=\"#elementor-action%3Aaction%3Dlightbox%26settings%3DeyJpZCI6NTk2OTMsInVybCI6Imh0dHBzOlwvXC9zZWNvbGkuY29tXC93cC1jb250ZW50XC91cGxvYWRzXC8yMDI2XC8wNFwvRm90by1ERUYtMi1zY2FsZWQud2VicCIsInNsaWRlc2hvdyI6IjE0Zjk4NjYifQ%3D%3D\">\n\t\t\t\t\t<div class=\"e-gallery-image elementor-gallery-item__image\" data-thumbnail=\"https:\/\/secoli.com\/wp-content\/uploads\/2026\/04\/Foto-DEF-2-768x495.png\" data-width=\"768\" data-height=\"495\" aria-label=\"Sperimentazione Materica SFS2026\" role=\"img\" ><\/div>\n\t\t\t\t\t\t\t\t\t\t\t<div class=\"elementor-gallery-item__overlay\"><\/div>\n\t\t\t\t\t\t\t\t\t\t\t\t\t\t<\/a>\n\t\t\t\t\t<\/div>\n\t\t\t\t\t<\/div>\n\t\t\t\t<div class=\"elementor-element elementor-element-404114c elementor-widget elementor-widget-heading\" data-id=\"404114c\" data-element_type=\"widget\" data-e-type=\"widget\" data-widget_type=\"heading.default\">\n\t\t\t\t\t<h2 class=\"elementor-heading-title elementor-size-default\"><br><br>EXPERIMENTA\u00c7\u00c3O PERFORM\u00c1TICA<\/h2>\t\t\t\t<\/div>\n\t\t\t\t<div class=\"elementor-element elementor-element-a3c7730 elementor-widget elementor-widget-text-editor\" data-id=\"a3c7730\" data-element_type=\"widget\" data-e-type=\"widget\" data-widget_type=\"text-editor.default\">\n\t\t\t\t\t\t\t\t\t<p dir=\"ltr\" style=\"text-align: justify;\"><strong>Realizar uma a\u00e7\u00e3o capaz de dar forma, moldar, modelar o real.<\/strong> Hoje, o ato perform\u00e1tico n\u00e3o produz a realidade, simula-a, repetindo-a at\u00e9 torn\u00e1-la saturada, est\u00e9ril, desprovida de consequ\u00eancias. Vivemos imersos em uma encena\u00e7\u00e3o ininterrupta que n\u00e3o abre possibilidades, mas as consome. <strong>O ato performativo n\u00e3o incide mais sobre o real; cada emo\u00e7\u00e3o \u00e9 filtrada, destilada, refinada at\u00e9 se tornar pura forma.<\/strong> Um ritual de resigna\u00e7\u00e3o que se transforma em um ato de renascimento, tornando-se um espa\u00e7o de experimenta\u00e7\u00e3o, uma experi\u00eancia concreta do poss\u00edvel. S\u00f3 assim a performance volta a ser um gesto essencial, capaz de recuperar sua for\u00e7a origin\u00e1ria. <\/p>\t\t\t\t\t\t\t\t<\/div>\n\t\t\t\t<div class=\"elementor-element elementor-element-f739cc5 elementor-widget elementor-widget-gallery\" data-id=\"f739cc5\" data-element_type=\"widget\" data-e-type=\"widget\" data-settings=\"{&quot;columns&quot;:1,&quot;aspect_ratio&quot;:&quot;21:9&quot;,&quot;gallery_layout&quot;:&quot;grid&quot;,&quot;columns_tablet&quot;:2,&quot;columns_mobile&quot;:1,&quot;gap&quot;:{&quot;unit&quot;:&quot;px&quot;,&quot;size&quot;:10,&quot;sizes&quot;:[]},&quot;gap_tablet&quot;:{&quot;unit&quot;:&quot;px&quot;,&quot;size&quot;:10,&quot;sizes&quot;:[]},&quot;gap_mobile&quot;:{&quot;unit&quot;:&quot;px&quot;,&quot;size&quot;:10,&quot;sizes&quot;:[]},&quot;link_to&quot;:&quot;file&quot;,&quot;overlay_background&quot;:&quot;yes&quot;,&quot;content_hover_animation&quot;:&quot;fade-in&quot;}\" data-widget_type=\"gallery.default\">\n\t\t\t\t\t\t\t<div class=\"elementor-gallery__container\">\n\t\t\t\t\t\t\t<a class=\"e-gallery-item elementor-gallery-item elementor-animated-content\" href=\"https:\/\/secoli.com\/wp-content\/uploads\/2026\/04\/Foto-DEF-scaled.jpg\" data-elementor-open-lightbox=\"yes\" data-elementor-lightbox-slideshow=\"f739cc5\" data-elementor-lightbox-title=\"Foto DEF\" data-elementor-lightbox-description=\"Sperimentazione Performativa SFS2026\" data-e-action-hash=\"#elementor-action%3Aaction%3Dlightbox%26settings%3DeyJpZCI6NTk2OTcsInVybCI6Imh0dHBzOlwvXC9zZWNvbGkuY29tXC93cC1jb250ZW50XC91cGxvYWRzXC8yMDI2XC8wNFwvRm90by1ERUYtc2NhbGVkLmpwZyIsInNsaWRlc2hvdyI6ImY3MzljYzUifQ%3D%3D\">\n\t\t\t\t\t<div class=\"e-gallery-image elementor-gallery-item__image\" data-thumbnail=\"https:\/\/secoli.com\/wp-content\/uploads\/2026\/04\/Foto-DEF-768x543.jpg\" data-width=\"768\" data-height=\"543\" aria-label=\"Sperimentazione Performativa SFS2026\" role=\"img\" ><\/div>\n\t\t\t\t\t\t\t\t\t\t\t<div class=\"elementor-gallery-item__overlay\"><\/div>\n\t\t\t\t\t\t\t\t\t\t\t\t\t\t<\/a>\n\t\t\t\t\t<\/div>\n\t\t\t\t\t<\/div>\n\t\t\t\t<div class=\"elementor-element elementor-element-268b558 elementor-widget elementor-widget-heading\" data-id=\"268b558\" data-element_type=\"widget\" data-e-type=\"widget\" data-widget_type=\"heading.default\">\n\t\t\t\t\t<h2 class=\"elementor-heading-title elementor-size-default\"><br><br>EXPERIMENTA\u00c7\u00c3O SOCIAL<\/h2>\t\t\t\t<\/div>\n\t\t\t\t<div class=\"elementor-element elementor-element-0393ba8 elementor-widget elementor-widget-text-editor\" data-id=\"0393ba8\" data-element_type=\"widget\" data-e-type=\"widget\" data-widget_type=\"text-editor.default\">\n\t\t\t\t\t\t\t\t\t<p dir=\"ltr\" style=\"text-align: justify;\"><strong>As sociedades liminares s\u00e3o coletividades que vivem suspensas entre uma ordem passada e uma nova configura\u00e7\u00e3o indefinida. \u00c9 o limiar coletivo que projeta o indiv\u00edduo em um estado de n\u00e3o-lugar, de n\u00e3o-identidade: aqui, o sujeito \u00e9 obrigado a se redefinir. A perda n\u00e3o \u00e9 aus\u00eancia, mas um campo de infinitas configura\u00e7\u00f5es sociais que podem ser desenvolvidas: a pessoa \u00e9 parte integrante de um sistema no qual o sentido \u00e9 constru\u00eddo coletivamente.<\/strong> As comunidades da di\u00e1spora tornam-se laborat\u00f3rios de experimenta\u00e7\u00e3o social, dos quais emergem novas formas de comunica\u00e7\u00e3o: o social assume a capacidade de se renovar, mantendo-se adapt\u00e1vel, vivo; a perda transforma-se em for\u00e7a geradora coletiva.<\/p>\t\t\t\t\t\t\t\t<\/div>\n\t\t\t\t<div class=\"elementor-element elementor-element-a91cddb elementor-widget elementor-widget-gallery\" data-id=\"a91cddb\" data-element_type=\"widget\" data-e-type=\"widget\" data-settings=\"{&quot;columns&quot;:1,&quot;aspect_ratio&quot;:&quot;21:9&quot;,&quot;gallery_layout&quot;:&quot;grid&quot;,&quot;columns_tablet&quot;:2,&quot;columns_mobile&quot;:1,&quot;gap&quot;:{&quot;unit&quot;:&quot;px&quot;,&quot;size&quot;:10,&quot;sizes&quot;:[]},&quot;gap_tablet&quot;:{&quot;unit&quot;:&quot;px&quot;,&quot;size&quot;:10,&quot;sizes&quot;:[]},&quot;gap_mobile&quot;:{&quot;unit&quot;:&quot;px&quot;,&quot;size&quot;:10,&quot;sizes&quot;:[]},&quot;link_to&quot;:&quot;file&quot;,&quot;overlay_background&quot;:&quot;yes&quot;,&quot;content_hover_animation&quot;:&quot;fade-in&quot;}\" data-widget_type=\"gallery.default\">\n\t\t\t\t\t\t\t<div class=\"elementor-gallery__container\">\n\t\t\t\t\t\t\t<a class=\"e-gallery-item elementor-gallery-item elementor-animated-content\" href=\"https:\/\/secoli.com\/wp-content\/uploads\/2026\/04\/Group-3-1.webp\" data-elementor-open-lightbox=\"yes\" data-elementor-lightbox-slideshow=\"a91cddb\" data-elementor-lightbox-title=\"Group 3\" data-elementor-lightbox-description=\"Sperimentazione Sociale SFS2026\" data-e-action-hash=\"#elementor-action%3Aaction%3Dlightbox%26settings%3DeyJpZCI6NTk3MDUsInVybCI6Imh0dHBzOlwvXC9zZWNvbGkuY29tXC93cC1jb250ZW50XC91cGxvYWRzXC8yMDI2XC8wNFwvR3JvdXAtMy0xLndlYnAiLCJzbGlkZXNob3ciOiJhOTFjZGRiIn0%3D\">\n\t\t\t\t\t<div class=\"e-gallery-image elementor-gallery-item__image\" data-thumbnail=\"https:\/\/secoli.com\/wp-content\/uploads\/2026\/04\/Group-3-1-300x169.png\" data-width=\"300\" data-height=\"169\" aria-label=\"Sperimentazione Sociale SFS2026\" role=\"img\" ><\/div>\n\t\t\t\t\t\t\t\t\t\t\t<div class=\"elementor-gallery-item__overlay\"><\/div>\n\t\t\t\t\t\t\t\t\t\t\t\t\t\t<\/a>\n\t\t\t\t\t<\/div>\n\t\t\t\t\t<\/div>\n\t\t\t\t<div class=\"elementor-element elementor-element-9735241 elementor-widget elementor-widget-heading\" data-id=\"9735241\" data-element_type=\"widget\" data-e-type=\"widget\" data-widget_type=\"heading.default\">\n\t\t\t\t\t<h2 class=\"elementor-heading-title elementor-size-default\"><br><br>EXPERIMENTA\u00c7\u00c3O VISUAL<\/h2>\t\t\t\t<\/div>\n\t\t\t\t<div class=\"elementor-element elementor-element-c5f715f elementor-widget elementor-widget-text-editor\" data-id=\"c5f715f\" data-element_type=\"widget\" data-e-type=\"widget\" data-widget_type=\"text-editor.default\">\n\t\t\t\t\t\t\t\t\t<p style=\"text-align: justify;\"><strong>O espa\u00e7o onde o ver se transforma em pensar e o pensar se torna gesto:<\/strong> um lugar que pensa, respira, se enche e se esvazia, recolhe vozes, corpos e sil\u00eancios que se imprimem na mem\u00f3ria como sinais vivos. <strong>O olhar atravessa, toca, constr\u00f3i; a mente observa, compreende, reformula e volta a observar, cada vez de maneira diferente.<\/strong> \u00c9 nessa travessia cont\u00ednua que a vis\u00e3o se torna pensamento e o pensamento toma forma. As vis\u00f5es se multiplicam, se contaminam, se entrela\u00e7am. <strong>Cada olho constr\u00f3i sua pr\u00f3pria realidade e, nessa multiplicidade, cada percep\u00e7\u00e3o \u00e9 uma cria\u00e7\u00e3o.<\/strong> <strong>Pensar com o olhar significa deixar que a mente atravesse a vis\u00e3o.<\/strong> Em seu movimento, a realidade se fragmenta e se recomp\u00f5e, a percep\u00e7\u00e3o se torna experi\u00eancia.<\/p>\t\t\t\t\t\t\t\t<\/div>\n\t\t\t\t<div class=\"elementor-element elementor-element-300619c elementor-widget elementor-widget-gallery\" data-id=\"300619c\" data-element_type=\"widget\" data-e-type=\"widget\" data-settings=\"{&quot;columns&quot;:1,&quot;aspect_ratio&quot;:&quot;21:9&quot;,&quot;gallery_layout&quot;:&quot;grid&quot;,&quot;columns_tablet&quot;:2,&quot;columns_mobile&quot;:1,&quot;gap&quot;:{&quot;unit&quot;:&quot;px&quot;,&quot;size&quot;:10,&quot;sizes&quot;:[]},&quot;gap_tablet&quot;:{&quot;unit&quot;:&quot;px&quot;,&quot;size&quot;:10,&quot;sizes&quot;:[]},&quot;gap_mobile&quot;:{&quot;unit&quot;:&quot;px&quot;,&quot;size&quot;:10,&quot;sizes&quot;:[]},&quot;link_to&quot;:&quot;file&quot;,&quot;overlay_background&quot;:&quot;yes&quot;,&quot;content_hover_animation&quot;:&quot;fade-in&quot;}\" data-widget_type=\"gallery.default\">\n\t\t\t\t\t\t\t<div class=\"elementor-gallery__container\">\n\t\t\t\t\t\t\t<a class=\"e-gallery-item elementor-gallery-item elementor-animated-content\" href=\"https:\/\/secoli.com\/wp-content\/uploads\/2026\/04\/giulia_vitolo-5-scaled.webp\" data-elementor-open-lightbox=\"yes\" data-elementor-lightbox-slideshow=\"300619c\" data-elementor-lightbox-title=\"giulia_vitolo-5\" data-elementor-lightbox-description=\"Sperimentazione Visiva SFS2026\" data-e-action-hash=\"#elementor-action%3Aaction%3Dlightbox%26settings%3DeyJpZCI6NTk3MDksInVybCI6Imh0dHBzOlwvXC9zZWNvbGkuY29tXC93cC1jb250ZW50XC91cGxvYWRzXC8yMDI2XC8wNFwvZ2l1bGlhX3ZpdG9sby01LXNjYWxlZC53ZWJwIiwic2xpZGVzaG93IjoiMzAwNjE5YyJ9\">\n\t\t\t\t\t<div class=\"e-gallery-image elementor-gallery-item__image\" data-thumbnail=\"https:\/\/secoli.com\/wp-content\/uploads\/2026\/04\/giulia_vitolo-5-768x271.png\" data-width=\"768\" data-height=\"271\" aria-label=\"Sperimentazione Visiva SFS2026\" role=\"img\" ><\/div>\n\t\t\t\t\t\t\t\t\t\t\t<div class=\"elementor-gallery-item__overlay\"><\/div>\n\t\t\t\t\t\t\t\t\t\t\t\t\t\t<\/a>\n\t\t\t\t\t<\/div>\n\t\t\t\t\t<\/div>\n\t\t\t\t<\/div>\n\t\t<div class=\"elementor-element elementor-element-382f8b0b e-con-full e-flex e-con e-child\" data-id=\"382f8b0b\" data-element_type=\"container\" data-e-type=\"container\">\n\t\t\t\t<div class=\"elementor-element elementor-element-646d84d elementor-widget elementor-widget-heading\" data-id=\"646d84d\" data-element_type=\"widget\" data-e-type=\"widget\" data-widget_type=\"heading.default\">\n\t\t\t\t\t<h2 class=\"elementor-heading-title elementor-size-default\">Edi\u00e7\u00f5es<\/h2>\t\t\t\t<\/div>\n\t\t\t\t<div class=\"elementor-element elementor-element-0e74095 elementor-widget elementor-widget-shortcode\" data-id=\"0e74095\" data-element_type=\"widget\" data-e-type=\"widget\" data-widget_type=\"shortcode.default\">\n\t\t\t\t\t\t\t<div class=\"elementor-shortcode\"><ul class=\"lista-pagine-figlie-shortcode\"><li><a href=\"https:\/\/secoli.com\/pt-br\/eventos\/secoli-fashion-show\/sfs2021\/\">SFS2021<\/a><\/li><li><a href=\"https:\/\/secoli.com\/pt-br\/eventos\/secoli-fashion-show\/sfs2022\/\">SFS2022<\/a><\/li><li><a href=\"https:\/\/secoli.com\/pt-br\/eventos\/secoli-fashion-show\/sfs2023\/\">SFS2023<\/a><\/li><li><a href=\"https:\/\/secoli.com\/pt-br\/eventos\/secoli-fashion-show\/sfs2024\/\">SFS2024<\/a><\/li><li><a href=\"https:\/\/secoli.com\/pt-br\/eventos\/secoli-fashion-show\/sfs2025\/\">SFS2025<\/a><\/li><li><a href=\"https:\/\/secoli.com\/pt-br\/eventos\/secoli-fashion-show\/sfs2026\/\">SFS2026<\/a><\/li><\/ul><\/div>\n\t\t\t\t\t\t<\/div>\n\t\t\t\t<\/div>\n\t\t\t\t<\/div>\n\t\t\t\t<\/div>\n\t\t","protected":false},"excerpt":{"rendered":"<p>SECOLI FASHION SHOW 2025 | ESPA\u00c7OS MENTAIS Criar uma ideia percorrendo um caminho que vai do pensamento concreto ao abstrato, para depois retornar \u00e0 realidade transformada pela experi\u00eancia. Trata-se de um processo criativo de interpreta\u00e7\u00e3o e experimenta\u00e7\u00e3o que gera um espa\u00e7o vivo, capaz de abrigar o passado, o presente e o futuro: um espa\u00e7o de [&hellip;]<\/p>\n","protected":false},"author":1,"featured_media":0,"parent":48572,"menu_order":0,"comment_status":"closed","ping_status":"closed","template":"","meta":{"_acf_changed":false,"inline_featured_image":false,"footnotes":""},"class_list":["post-59673","page","type-page","status-publish","hentry"],"acf":[],"_links":{"self":[{"href":"https:\/\/secoli.com\/pt-br\/wp-json\/wp\/v2\/pages\/59673","targetHints":{"allow":["GET"]}}],"collection":[{"href":"https:\/\/secoli.com\/pt-br\/wp-json\/wp\/v2\/pages"}],"about":[{"href":"https:\/\/secoli.com\/pt-br\/wp-json\/wp\/v2\/types\/page"}],"author":[{"embeddable":true,"href":"https:\/\/secoli.com\/pt-br\/wp-json\/wp\/v2\/users\/1"}],"replies":[{"embeddable":true,"href":"https:\/\/secoli.com\/pt-br\/wp-json\/wp\/v2\/comments?post=59673"}],"version-history":[{"count":7,"href":"https:\/\/secoli.com\/pt-br\/wp-json\/wp\/v2\/pages\/59673\/revisions"}],"predecessor-version":[{"id":59872,"href":"https:\/\/secoli.com\/pt-br\/wp-json\/wp\/v2\/pages\/59673\/revisions\/59872"}],"up":[{"embeddable":true,"href":"https:\/\/secoli.com\/pt-br\/wp-json\/wp\/v2\/pages\/48572"}],"wp:attachment":[{"href":"https:\/\/secoli.com\/pt-br\/wp-json\/wp\/v2\/media?parent=59673"}],"curies":[{"name":"wp","href":"https:\/\/api.w.org\/{rel}","templated":true}]}}