{"id":59629,"date":"2026-04-28T14:33:06","date_gmt":"2026-04-28T12:33:06","guid":{"rendered":"https:\/\/secoli.com\/?page_id=59629"},"modified":"2026-04-29T11:39:48","modified_gmt":"2026-04-29T09:39:48","slug":"designer-to-watch-2026","status":"publish","type":"page","link":"https:\/\/secoli.com\/pt-br\/eventos\/designer-to-watch\/designer-to-watch-2026\/","title":{"rendered":"Designer To Watch 2026"},"content":{"rendered":"\t\t<div data-elementor-type=\"wp-page\" data-elementor-id=\"59629\" class=\"elementor elementor-59629 elementor-59626\" data-elementor-post-type=\"page\">\n\t\t\t\t<div class=\"elementor-element elementor-element-b9f7673 e-con-full e-flex e-con e-parent\" data-id=\"b9f7673\" data-element_type=\"container\" data-e-type=\"container\">\n\t\t<div class=\"elementor-element elementor-element-1f6c350 e-con-full e-flex e-con e-child\" data-id=\"1f6c350\" data-element_type=\"container\" data-e-type=\"container\">\n\t\t<div class=\"elementor-element elementor-element-7627799 e-con-full e-flex e-con e-child\" data-id=\"7627799\" data-element_type=\"container\" data-e-type=\"container\" data-settings=\"{&quot;background_background&quot;:&quot;classic&quot;}\">\n\t\t\t\t<\/div>\n\t\t<div class=\"elementor-element elementor-element-3c91672 e-con-full e-flex e-con e-child\" data-id=\"3c91672\" data-element_type=\"container\" data-e-type=\"container\">\n\t\t\t\t<div class=\"elementor-element elementor-element-b45815e elementor-widget elementor-widget-text-editor\" data-id=\"b45815e\" data-element_type=\"widget\" data-e-type=\"widget\" data-widget_type=\"text-editor.default\">\n\t\t\t\t\t\t\t\t\t<p>Descubra quem s\u00e3o os talentos emergentes Secoli, futuros fashion makers que ser\u00e3o protagonistas no cen\u00e1rio da moda.<\/p>\t\t\t\t\t\t\t\t<\/div>\n\t\t\t\t<\/div>\n\t\t\t\t<div class=\"elementor-element elementor-element-02d9fcc elementor-grid-4 elementor-grid-tablet-2 elementor-grid-mobile-1 elementor-posts--thumbnail-top elementor-widget elementor-widget-posts\" data-id=\"02d9fcc\" data-element_type=\"widget\" data-e-type=\"widget\" data-settings=\"{&quot;classic_columns&quot;:&quot;4&quot;,&quot;classic_columns_tablet&quot;:&quot;2&quot;,&quot;classic_columns_mobile&quot;:&quot;1&quot;,&quot;classic_row_gap&quot;:{&quot;unit&quot;:&quot;px&quot;,&quot;size&quot;:35,&quot;sizes&quot;:[]},&quot;classic_row_gap_tablet&quot;:{&quot;unit&quot;:&quot;px&quot;,&quot;size&quot;:&quot;&quot;,&quot;sizes&quot;:[]},&quot;classic_row_gap_mobile&quot;:{&quot;unit&quot;:&quot;px&quot;,&quot;size&quot;:&quot;&quot;,&quot;sizes&quot;:[]}}\" data-widget_type=\"posts.classic\">\n\t\t\t\t<div class=\"elementor-widget-container\">\n\t\t\t\t\t\t\t<div class=\"elementor-posts-container elementor-posts elementor-posts--skin-classic elementor-grid\" role=\"list\">\n\t\t\t\t<article class=\"elementor-post elementor-grid-item post-59739 designer type-designer status-publish has-post-thumbnail hentry anno-175\" role=\"listitem\">\n\t\t\t\t<a class=\"elementor-post__thumbnail__link\" href=\"https:\/\/secoli.com\/pt-br\/designer\/andrea-bartoletti\/\" tabindex=\"-1\" >\n\t\t\t<div class=\"elementor-post__thumbnail\"><img fetchpriority=\"high\" decoding=\"async\" width=\"768\" height=\"1152\" src=\"https:\/\/secoli.com\/wp-content\/uploads\/2026\/04\/MG_7449-768x1152.jpg\" class=\"attachment-medium_large size-medium_large wp-image-59321\" alt=\"\" srcset=\"https:\/\/secoli.com\/wp-content\/uploads\/2026\/04\/MG_7449-768x1152.jpg 768w, https:\/\/secoli.com\/wp-content\/uploads\/2026\/04\/MG_7449-200x300.jpg 200w, https:\/\/secoli.com\/wp-content\/uploads\/2026\/04\/MG_7449-683x1024.jpg 683w, https:\/\/secoli.com\/wp-content\/uploads\/2026\/04\/MG_7449-1024x1536.jpg 1024w, https:\/\/secoli.com\/wp-content\/uploads\/2026\/04\/MG_7449-1365x2048.jpg 1365w, https:\/\/secoli.com\/wp-content\/uploads\/2026\/04\/MG_7449-scaled.jpg 1707w\" sizes=\"(max-width: 768px) 100vw, 768px\" \/><\/div>\n\t\t<\/a>\n\t\t\t\t<div class=\"elementor-post__text\">\n\t\t\t\t<h3 class=\"elementor-post__title\">\n\t\t\t<a href=\"https:\/\/secoli.com\/pt-br\/designer\/andrea-bartoletti\/\" >\n\t\t\t\tAndrea Bartoletti\t\t\t<\/a>\n\t\t<\/h3>\n\t\t\n\t\t<a class=\"elementor-post__read-more\" href=\"https:\/\/secoli.com\/pt-br\/designer\/andrea-bartoletti\/\" aria-label=\"Leia mais sobre Andrea Bartoletti\" tabindex=\"-1\" >\n\t\t\tLeia Mais \u00bb\t\t<\/a>\n\n\t\t\t\t<\/div>\n\t\t\t\t<\/article>\n\t\t\t\t<article class=\"elementor-post elementor-grid-item post-59743 designer type-designer status-publish has-post-thumbnail hentry anno-175\" role=\"listitem\">\n\t\t\t\t<a class=\"elementor-post__thumbnail__link\" href=\"https:\/\/secoli.com\/pt-br\/designer\/anna-mignoli\/\" tabindex=\"-1\" >\n\t\t\t<div class=\"elementor-post__thumbnail\"><img decoding=\"async\" width=\"768\" height=\"1152\" src=\"https:\/\/secoli.com\/wp-content\/uploads\/2026\/04\/MG_7608-768x1152.jpg\" class=\"attachment-medium_large size-medium_large wp-image-59327\" alt=\"\" srcset=\"https:\/\/secoli.com\/wp-content\/uploads\/2026\/04\/MG_7608-768x1152.jpg 768w, https:\/\/secoli.com\/wp-content\/uploads\/2026\/04\/MG_7608-200x300.jpg 200w, https:\/\/secoli.com\/wp-content\/uploads\/2026\/04\/MG_7608-683x1024.jpg 683w, https:\/\/secoli.com\/wp-content\/uploads\/2026\/04\/MG_7608-1024x1536.jpg 1024w, https:\/\/secoli.com\/wp-content\/uploads\/2026\/04\/MG_7608-1365x2048.jpg 1365w, https:\/\/secoli.com\/wp-content\/uploads\/2026\/04\/MG_7608-scaled.jpg 1707w\" sizes=\"(max-width: 768px) 100vw, 768px\" \/><\/div>\n\t\t<\/a>\n\t\t\t\t<div class=\"elementor-post__text\">\n\t\t\t\t<h3 class=\"elementor-post__title\">\n\t\t\t<a href=\"https:\/\/secoli.com\/pt-br\/designer\/anna-mignoli\/\" >\n\t\t\t\tAnna Mignolli\t\t\t<\/a>\n\t\t<\/h3>\n\t\t\n\t\t<a class=\"elementor-post__read-more\" href=\"https:\/\/secoli.com\/pt-br\/designer\/anna-mignoli\/\" aria-label=\"Leia mais sobre Anna Mignolli\" tabindex=\"-1\" >\n\t\t\tLeia Mais \u00bb\t\t<\/a>\n\n\t\t\t\t<\/div>\n\t\t\t\t<\/article>\n\t\t\t\t<article class=\"elementor-post elementor-grid-item post-59753 designer type-designer status-publish has-post-thumbnail hentry anno-175\" role=\"listitem\">\n\t\t\t\t<a class=\"elementor-post__thumbnail__link\" href=\"https:\/\/secoli.com\/pt-br\/designer\/cinzia-carecchio\/\" tabindex=\"-1\" >\n\t\t\t<div class=\"elementor-post__thumbnail\"><img decoding=\"async\" width=\"768\" height=\"1152\" src=\"https:\/\/secoli.com\/wp-content\/uploads\/2026\/04\/MG_7686-768x1152.jpg\" class=\"attachment-medium_large size-medium_large wp-image-59333\" alt=\"\" srcset=\"https:\/\/secoli.com\/wp-content\/uploads\/2026\/04\/MG_7686-768x1152.jpg 768w, https:\/\/secoli.com\/wp-content\/uploads\/2026\/04\/MG_7686-200x300.jpg 200w, https:\/\/secoli.com\/wp-content\/uploads\/2026\/04\/MG_7686-683x1024.jpg 683w, https:\/\/secoli.com\/wp-content\/uploads\/2026\/04\/MG_7686-1024x1536.jpg 1024w, https:\/\/secoli.com\/wp-content\/uploads\/2026\/04\/MG_7686-1365x2048.jpg 1365w, https:\/\/secoli.com\/wp-content\/uploads\/2026\/04\/MG_7686-scaled.jpg 1707w\" sizes=\"(max-width: 768px) 100vw, 768px\" \/><\/div>\n\t\t<\/a>\n\t\t\t\t<div class=\"elementor-post__text\">\n\t\t\t\t<h3 class=\"elementor-post__title\">\n\t\t\t<a href=\"https:\/\/secoli.com\/pt-br\/designer\/cinzia-carecchio\/\" >\n\t\t\t\tCinzia Carecchio\t\t\t<\/a>\n\t\t<\/h3>\n\t\t\n\t\t<a class=\"elementor-post__read-more\" href=\"https:\/\/secoli.com\/pt-br\/designer\/cinzia-carecchio\/\" aria-label=\"Leia mais sobre Cinzia Carecchio\" tabindex=\"-1\" >\n\t\t\tLeia Mais \u00bb\t\t<\/a>\n\n\t\t\t\t<\/div>\n\t\t\t\t<\/article>\n\t\t\t\t<article class=\"elementor-post elementor-grid-item post-59760 designer type-designer status-publish has-post-thumbnail hentry anno-175\" role=\"listitem\">\n\t\t\t\t<a class=\"elementor-post__thumbnail__link\" href=\"https:\/\/secoli.com\/pt-br\/designer\/edoardo-fabbri\/\" tabindex=\"-1\" >\n\t\t\t<div class=\"elementor-post__thumbnail\"><img loading=\"lazy\" decoding=\"async\" width=\"768\" height=\"1152\" src=\"https:\/\/secoli.com\/wp-content\/uploads\/2026\/04\/MG_7463-768x1152.jpg\" class=\"attachment-medium_large size-medium_large wp-image-59339\" alt=\"\" srcset=\"https:\/\/secoli.com\/wp-content\/uploads\/2026\/04\/MG_7463-768x1152.jpg 768w, https:\/\/secoli.com\/wp-content\/uploads\/2026\/04\/MG_7463-200x300.jpg 200w, https:\/\/secoli.com\/wp-content\/uploads\/2026\/04\/MG_7463-683x1024.jpg 683w, https:\/\/secoli.com\/wp-content\/uploads\/2026\/04\/MG_7463-1024x1536.jpg 1024w, https:\/\/secoli.com\/wp-content\/uploads\/2026\/04\/MG_7463-1365x2048.jpg 1365w, https:\/\/secoli.com\/wp-content\/uploads\/2026\/04\/MG_7463-scaled.jpg 1707w\" sizes=\"(max-width: 768px) 100vw, 768px\" \/><\/div>\n\t\t<\/a>\n\t\t\t\t<div class=\"elementor-post__text\">\n\t\t\t\t<h3 class=\"elementor-post__title\">\n\t\t\t<a href=\"https:\/\/secoli.com\/pt-br\/designer\/edoardo-fabbri\/\" >\n\t\t\t\tEdoardo Fabbri\t\t\t<\/a>\n\t\t<\/h3>\n\t\t\n\t\t<a class=\"elementor-post__read-more\" href=\"https:\/\/secoli.com\/pt-br\/designer\/edoardo-fabbri\/\" aria-label=\"Leia mais sobre Edoardo Fabbri\" tabindex=\"-1\" >\n\t\t\tLeia Mais \u00bb\t\t<\/a>\n\n\t\t\t\t<\/div>\n\t\t\t\t<\/article>\n\t\t\t\t<article class=\"elementor-post elementor-grid-item post-59794 designer type-designer status-publish has-post-thumbnail hentry anno-175\" role=\"listitem\">\n\t\t\t\t<a class=\"elementor-post__thumbnail__link\" href=\"https:\/\/secoli.com\/pt-br\/designer\/lorenzo-erbetta\/\" tabindex=\"-1\" >\n\t\t\t<div class=\"elementor-post__thumbnail\"><img loading=\"lazy\" decoding=\"async\" width=\"768\" height=\"1152\" src=\"https:\/\/secoli.com\/wp-content\/uploads\/2026\/04\/MG_7391-768x1152.jpg\" class=\"attachment-medium_large size-medium_large wp-image-59345\" alt=\"\" srcset=\"https:\/\/secoli.com\/wp-content\/uploads\/2026\/04\/MG_7391-768x1152.jpg 768w, https:\/\/secoli.com\/wp-content\/uploads\/2026\/04\/MG_7391-200x300.jpg 200w, https:\/\/secoli.com\/wp-content\/uploads\/2026\/04\/MG_7391-683x1024.jpg 683w, https:\/\/secoli.com\/wp-content\/uploads\/2026\/04\/MG_7391-1024x1536.jpg 1024w, https:\/\/secoli.com\/wp-content\/uploads\/2026\/04\/MG_7391-1365x2048.jpg 1365w, https:\/\/secoli.com\/wp-content\/uploads\/2026\/04\/MG_7391-scaled.jpg 1707w\" sizes=\"(max-width: 768px) 100vw, 768px\" \/><\/div>\n\t\t<\/a>\n\t\t\t\t<div class=\"elementor-post__text\">\n\t\t\t\t<h3 class=\"elementor-post__title\">\n\t\t\t<a href=\"https:\/\/secoli.com\/pt-br\/designer\/lorenzo-erbetta\/\" >\n\t\t\t\tLorenzo Erbetta\t\t\t<\/a>\n\t\t<\/h3>\n\t\t\n\t\t<a class=\"elementor-post__read-more\" href=\"https:\/\/secoli.com\/pt-br\/designer\/lorenzo-erbetta\/\" aria-label=\"Leia mais sobre Lorenzo Erbetta\" tabindex=\"-1\" >\n\t\t\tLeia Mais \u00bb\t\t<\/a>\n\n\t\t\t\t<\/div>\n\t\t\t\t<\/article>\n\t\t\t\t<article class=\"elementor-post elementor-grid-item post-59766 designer type-designer status-publish has-post-thumbnail hentry anno-175\" role=\"listitem\">\n\t\t\t\t<a class=\"elementor-post__thumbnail__link\" href=\"https:\/\/secoli.com\/pt-br\/designer\/patricia-gorbatovschi\/\" tabindex=\"-1\" >\n\t\t\t<div class=\"elementor-post__thumbnail\"><img loading=\"lazy\" decoding=\"async\" width=\"768\" height=\"1152\" src=\"https:\/\/secoli.com\/wp-content\/uploads\/2026\/04\/MG_7712-768x1152.jpg\" class=\"attachment-medium_large size-medium_large wp-image-59362\" alt=\"\" srcset=\"https:\/\/secoli.com\/wp-content\/uploads\/2026\/04\/MG_7712-768x1152.jpg 768w, https:\/\/secoli.com\/wp-content\/uploads\/2026\/04\/MG_7712-200x300.jpg 200w, https:\/\/secoli.com\/wp-content\/uploads\/2026\/04\/MG_7712-683x1024.jpg 683w, https:\/\/secoli.com\/wp-content\/uploads\/2026\/04\/MG_7712-1024x1536.jpg 1024w, https:\/\/secoli.com\/wp-content\/uploads\/2026\/04\/MG_7712-1365x2048.jpg 1365w, https:\/\/secoli.com\/wp-content\/uploads\/2026\/04\/MG_7712-scaled.jpg 1707w\" sizes=\"(max-width: 768px) 100vw, 768px\" \/><\/div>\n\t\t<\/a>\n\t\t\t\t<div class=\"elementor-post__text\">\n\t\t\t\t<h3 class=\"elementor-post__title\">\n\t\t\t<a href=\"https:\/\/secoli.com\/pt-br\/designer\/patricia-gorbatovschi\/\" >\n\t\t\t\tPatricia Gorbatovschi\t\t\t<\/a>\n\t\t<\/h3>\n\t\t\n\t\t<a class=\"elementor-post__read-more\" href=\"https:\/\/secoli.com\/pt-br\/designer\/patricia-gorbatovschi\/\" aria-label=\"Leia mais sobre Patricia Gorbatovschi\" tabindex=\"-1\" >\n\t\t\tLeia Mais \u00bb\t\t<\/a>\n\n\t\t\t\t<\/div>\n\t\t\t\t<\/article>\n\t\t\t\t<article class=\"elementor-post elementor-grid-item post-59776 designer type-designer status-publish has-post-thumbnail hentry anno-175\" role=\"listitem\">\n\t\t\t\t<a class=\"elementor-post__thumbnail__link\" href=\"https:\/\/secoli.com\/pt-br\/designer\/valeria-rongaroli\/\" tabindex=\"-1\" >\n\t\t\t<div class=\"elementor-post__thumbnail\"><img loading=\"lazy\" decoding=\"async\" width=\"768\" height=\"1152\" src=\"https:\/\/secoli.com\/wp-content\/uploads\/2026\/04\/MG_7277-768x1152.jpg\" class=\"attachment-medium_large size-medium_large wp-image-59368\" alt=\"\" srcset=\"https:\/\/secoli.com\/wp-content\/uploads\/2026\/04\/MG_7277-768x1152.jpg 768w, https:\/\/secoli.com\/wp-content\/uploads\/2026\/04\/MG_7277-200x300.jpg 200w, https:\/\/secoli.com\/wp-content\/uploads\/2026\/04\/MG_7277-683x1024.jpg 683w, https:\/\/secoli.com\/wp-content\/uploads\/2026\/04\/MG_7277-1024x1536.jpg 1024w, https:\/\/secoli.com\/wp-content\/uploads\/2026\/04\/MG_7277-1365x2048.jpg 1365w, https:\/\/secoli.com\/wp-content\/uploads\/2026\/04\/MG_7277-scaled.jpg 1707w\" sizes=\"(max-width: 768px) 100vw, 768px\" \/><\/div>\n\t\t<\/a>\n\t\t\t\t<div class=\"elementor-post__text\">\n\t\t\t\t<h3 class=\"elementor-post__title\">\n\t\t\t<a href=\"https:\/\/secoli.com\/pt-br\/designer\/valeria-rongaroli\/\" >\n\t\t\t\tValeria Rongaroli\t\t\t<\/a>\n\t\t<\/h3>\n\t\t\n\t\t<a class=\"elementor-post__read-more\" href=\"https:\/\/secoli.com\/pt-br\/designer\/valeria-rongaroli\/\" aria-label=\"Leia mais sobre Valeria Rongaroli\" tabindex=\"-1\" >\n\t\t\tLeia Mais \u00bb\t\t<\/a>\n\n\t\t\t\t<\/div>\n\t\t\t\t<\/article>\n\t\t\t\t<article class=\"elementor-post elementor-grid-item post-59784 designer type-designer status-publish has-post-thumbnail hentry anno-175\" role=\"listitem\">\n\t\t\t\t<a class=\"elementor-post__thumbnail__link\" href=\"https:\/\/secoli.com\/pt-br\/designer\/maria-scaglione\/\" tabindex=\"-1\" >\n\t\t\t<div class=\"elementor-post__thumbnail\"><img loading=\"lazy\" decoding=\"async\" width=\"768\" height=\"1152\" src=\"https:\/\/secoli.com\/wp-content\/uploads\/2026\/04\/MG_7673-768x1152.jpg\" class=\"attachment-medium_large size-medium_large wp-image-59351\" alt=\"\" srcset=\"https:\/\/secoli.com\/wp-content\/uploads\/2026\/04\/MG_7673-768x1152.jpg 768w, https:\/\/secoli.com\/wp-content\/uploads\/2026\/04\/MG_7673-200x300.jpg 200w, https:\/\/secoli.com\/wp-content\/uploads\/2026\/04\/MG_7673-683x1024.jpg 683w, https:\/\/secoli.com\/wp-content\/uploads\/2026\/04\/MG_7673-1024x1536.jpg 1024w, https:\/\/secoli.com\/wp-content\/uploads\/2026\/04\/MG_7673-1365x2048.jpg 1365w, https:\/\/secoli.com\/wp-content\/uploads\/2026\/04\/MG_7673-scaled.jpg 1707w\" sizes=\"(max-width: 768px) 100vw, 768px\" \/><\/div>\n\t\t<\/a>\n\t\t\t\t<div class=\"elementor-post__text\">\n\t\t\t\t<h3 class=\"elementor-post__title\">\n\t\t\t<a href=\"https:\/\/secoli.com\/pt-br\/designer\/maria-scaglione\/\" >\n\t\t\t\tMaria Scaglione\t\t\t<\/a>\n\t\t<\/h3>\n\t\t\n\t\t<a class=\"elementor-post__read-more\" href=\"https:\/\/secoli.com\/pt-br\/designer\/maria-scaglione\/\" aria-label=\"Leia mais sobre Maria Scaglione\" tabindex=\"-1\" >\n\t\t\tLeia Mais \u00bb\t\t<\/a>\n\n\t\t\t\t<\/div>\n\t\t\t\t<\/article>\n\t\t\t\t<\/div>\n\t\t\n\t\t\t\t\t\t<\/div>\n\t\t\t\t<\/div>\n\t\t\t\t<\/div>\n\t\t<div class=\"elementor-element elementor-element-70d635a e-con-full e-flex e-con e-child\" data-id=\"70d635a\" data-element_type=\"container\" data-e-type=\"container\">\n\t\t\t\t<div class=\"elementor-element elementor-element-ff23725 elementor-widget elementor-widget-shortcode\" data-id=\"ff23725\" data-element_type=\"widget\" data-e-type=\"widget\" data-widget_type=\"shortcode.default\">\n\t\t\t\t\t\t\t<div class=\"elementor-shortcode\"><ul class=\"lista-pagine-figlie-shortcode\"><li><a href=\"https:\/\/secoli.com\/pt-br\/eventos\/designer-to-watch\/designer-para-ficar-de-olho-2022\/\">Designer Para Ficar de Olho 2022<\/a><\/li><li><a href=\"https:\/\/secoli.com\/pt-br\/eventos\/designer-to-watch\/designer-to-watch-2023\/\">Designer To Watch 2023<\/a><\/li><li><a href=\"https:\/\/secoli.com\/pt-br\/eventos\/designer-to-watch\/designer-to-watch-2024\/\">Designer To Watch 2024<\/a><\/li><li><a href=\"https:\/\/secoli.com\/pt-br\/eventos\/designer-to-watch\/designer-to-watch-2025\/\">Designer To Watch 2025<\/a><\/li><li><a href=\"https:\/\/secoli.com\/pt-br\/eventos\/designer-to-watch\/designer-to-watch-2026\/\">Designer To Watch 2026<\/a><\/li><\/ul><\/div>\n\t\t\t\t\t\t<\/div>\n\t\t\t\t<\/div>\n\t\t\t\t<\/div>\n\t\t\t\t<\/div>\n\t\t","protected":false},"excerpt":{"rendered":"<p>Descubra quem s\u00e3o os talentos emergentes Secoli, futuros fashion makers que ser\u00e3o protagonistas no cen\u00e1rio da moda.<\/p>\n","protected":false},"author":1,"featured_media":0,"parent":48556,"menu_order":0,"comment_status":"closed","ping_status":"closed","template":"","meta":{"_acf_changed":false,"inline_featured_image":false,"footnotes":""},"class_list":["post-59629","page","type-page","status-publish","hentry"],"acf":[],"_links":{"self":[{"href":"https:\/\/secoli.com\/pt-br\/wp-json\/wp\/v2\/pages\/59629","targetHints":{"allow":["GET"]}}],"collection":[{"href":"https:\/\/secoli.com\/pt-br\/wp-json\/wp\/v2\/pages"}],"about":[{"href":"https:\/\/secoli.com\/pt-br\/wp-json\/wp\/v2\/types\/page"}],"author":[{"embeddable":true,"href":"https:\/\/secoli.com\/pt-br\/wp-json\/wp\/v2\/users\/1"}],"replies":[{"embeddable":true,"href":"https:\/\/secoli.com\/pt-br\/wp-json\/wp\/v2\/comments?post=59629"}],"version-history":[{"count":2,"href":"https:\/\/secoli.com\/pt-br\/wp-json\/wp\/v2\/pages\/59629\/revisions"}],"predecessor-version":[{"id":59734,"href":"https:\/\/secoli.com\/pt-br\/wp-json\/wp\/v2\/pages\/59629\/revisions\/59734"}],"up":[{"embeddable":true,"href":"https:\/\/secoli.com\/pt-br\/wp-json\/wp\/v2\/pages\/48556"}],"wp:attachment":[{"href":"https:\/\/secoli.com\/pt-br\/wp-json\/wp\/v2\/media?parent=59629"}],"curies":[{"name":"wp","href":"https:\/\/api.w.org\/{rel}","templated":true}]}}