{"id":50583,"date":"2026-01-12T16:02:47","date_gmt":"2026-01-12T15:02:47","guid":{"rendered":"https:\/\/secoli.com\/?page_id=50583"},"modified":"2026-03-20T13:02:20","modified_gmt":"2026-03-20T12:02:20","slug":"copia-di-open-class","status":"publish","type":"page","link":"https:\/\/secoli.com\/pt-br\/eventos\/copia-di-open-class\/","title":{"rendered":"Open Labs"},"content":{"rendered":"\t\t<div data-elementor-type=\"wp-page\" data-elementor-id=\"50583\" class=\"elementor elementor-50583 elementor-50580\" data-elementor-post-type=\"page\">\n\t\t\t\t<div class=\"elementor-element elementor-element-46cfc25 e-con-full e-flex e-con e-parent\" data-id=\"46cfc25\" data-element_type=\"container\" data-e-type=\"container\">\n\t\t<div class=\"elementor-element elementor-element-3c44133 e-con-full e-flex e-con e-child\" data-id=\"3c44133\" data-element_type=\"container\" data-e-type=\"container\">\n\t\t<div class=\"elementor-element elementor-element-41444091 e-con-full e-flex e-con e-child\" data-id=\"41444091\" data-element_type=\"container\" data-e-type=\"container\" data-settings=\"{&quot;background_background&quot;:&quot;classic&quot;,&quot;background_motion_fx_motion_fx_scrolling&quot;:&quot;yes&quot;,&quot;background_motion_fx_translateX_effect&quot;:&quot;yes&quot;,&quot;background_motion_fx_translateX_direction&quot;:&quot;negative&quot;,&quot;background_motion_fx_translateX_speed&quot;:{&quot;unit&quot;:&quot;px&quot;,&quot;size&quot;:6,&quot;sizes&quot;:[]},&quot;background_motion_fx_translateX_affectedRange&quot;:{&quot;unit&quot;:&quot;%&quot;,&quot;size&quot;:&quot;&quot;,&quot;sizes&quot;:{&quot;start&quot;:0,&quot;end&quot;:100}},&quot;background_motion_fx_devices&quot;:[&quot;desktop&quot;,&quot;tablet&quot;,&quot;mobile&quot;]}\">\n\t\t<div class=\"elementor-element elementor-element-602af8e e-flex e-con-boxed e-con e-child\" data-id=\"602af8e\" data-element_type=\"container\" data-e-type=\"container\" data-settings=\"{&quot;background_background&quot;:&quot;classic&quot;,&quot;shape_divider_top&quot;:&quot;opacity-tilt&quot;}\">\n\t\t\t\t\t<div class=\"e-con-inner\">\n\t\t\t\t<div class=\"elementor-shape elementor-shape-top\" aria-hidden=\"true\" data-negative=\"false\">\n\t\t\t<svg xmlns=\"http:\/\/www.w3.org\/2000\/svg\" viewBox=\"0 0 2600 131.1\" preserveAspectRatio=\"none\">\n\t<path class=\"elementor-shape-fill\" d=\"M0 0L2600 0 2600 69.1 0 0z\"\/>\n\t<path class=\"elementor-shape-fill\" style=\"opacity:0.5\" d=\"M0 0L2600 0 2600 69.1 0 69.1z\"\/>\n\t<path class=\"elementor-shape-fill\" style=\"opacity:0.25\" d=\"M2600 0L0 0 0 130.1 2600 69.1z\"\/>\n<\/svg>\t\t<\/div>\n\t\t\t\t<div class=\"elementor-element elementor-element-5e113d2a elementor-widget elementor-widget-heading\" data-id=\"5e113d2a\" data-element_type=\"widget\" data-e-type=\"widget\" data-widget_type=\"heading.default\">\n\t\t\t\t\t<h2 class=\"elementor-heading-title elementor-size-default\">Open Fashion Labs: Entre no cora\u00e7\u00e3o da moda. \nProjete, crie, experimente.<\/h2>\t\t\t\t<\/div>\n\t\t\t\t<div class=\"elementor-element elementor-element-4b522ec7 elementor-widget elementor-widget-text-editor\" data-id=\"4b522ec7\" data-element_type=\"widget\" data-e-type=\"widget\" data-widget_type=\"text-editor.default\">\n\t\t\t\t\t\t\t\t\t<p>N\u00e3o se limite a observar o futuro da moda: venha constru\u00ed-lo. Os <strong>Open Fashion Labs<\/strong> do Istituto Secoli s\u00e3o laborat\u00f3rios pr\u00e1ticos e gratuitos dedicados aos estudantes do ensino m\u00e9dio (do 1\u00ba ao 3\u00ba ano) que desejam transformar sua vis\u00e3o criativa em realidade. <\/p><p><strong>Por que participar?<\/strong> \u00c9 uma oportunidade \u00fanica para vivenciar um dia como um verdadeiro profissional. Orientado por nossos docentes, voc\u00ea se desafiar\u00e1 com o &#8220;<strong>M\u00e9todo Secoli<\/strong>&#8220;, a abordagem pr\u00e1tica que tornou nossa escola uma refer\u00eancia global. <\/p><p>Voc\u00ea poder\u00e1 explorar as \u00e1reas-chave do setor por meio de workshops dedicados:<\/p><p style=\"padding-left: 40px;\"><strong>\/ Design e Criatividade<\/strong>: para dar forma \u00e0s suas ideias.<\/p><p style=\"padding-left: 40px;\"><strong>\/ Modelagem e Alfaiataria<\/strong>: para compreender a arquitetura e a constru\u00e7\u00e3o da pe\u00e7a.<\/p><p style=\"padding-left: 40px;\"><strong>\/ Gr\u00e1fica 2D e 3D<\/strong>: para descobrir as tecnologias digitais mais avan\u00e7adas.<\/p><p><strong>Seu futuro na moda come\u00e7a em sala de aula.<\/strong> Escolha sua \u00e1rea de interesse, consulte as datas dispon\u00edveis e reserve j\u00e1 sua vaga.<\/p><p><strong>Observa\u00e7\u00e3o<\/strong>: As vagas s\u00e3o limitadas para garantir a cada participante uma experi\u00eancia de alta qualidade.<\/p>\t\t\t\t\t\t\t\t<\/div>\n\t\t\t\t\t<\/div>\n\t\t\t\t<\/div>\n\t\t\t\t<\/div>\n\t\t\t\t<div class=\"elementor-element elementor-element-886aeee elementor-widget elementor-widget-heading\" data-id=\"886aeee\" data-element_type=\"widget\" data-e-type=\"widget\" data-widget_type=\"heading.default\">\n\t\t\t\t\t<h2 class=\"elementor-heading-title elementor-size-default\">Os pr\u00f3ximos open labs<\/h2>\t\t\t\t<\/div>\n\t\t\t\t<\/div>\n\t\t<div class=\"elementor-element elementor-element-4642c47 e-con-full e-flex e-con e-child\" data-id=\"4642c47\" data-element_type=\"container\" data-e-type=\"container\">\n\t\t\t\t<div class=\"elementor-element elementor-element-ec58603 elementor-widget elementor-widget-heading\" data-id=\"ec58603\" data-element_type=\"widget\" data-e-type=\"widget\" data-widget_type=\"heading.default\">\n\t\t\t\t\t<h2 class=\"elementor-heading-title elementor-size-default\">Eventos<\/h2>\t\t\t\t<\/div>\n\t\t\t\t<div class=\"elementor-element elementor-element-7014755 elementor-nav-menu--dropdown-tablet elementor-nav-menu__text-align-aside elementor-nav-menu--toggle elementor-nav-menu--burger elementor-widget elementor-widget-nav-menu\" data-id=\"7014755\" data-element_type=\"widget\" data-e-type=\"widget\" data-settings=\"{&quot;layout&quot;:&quot;vertical&quot;,&quot;submenu_icon&quot;:{&quot;value&quot;:&quot;&lt;svg aria-hidden=\\&quot;true\\&quot; class=\\&quot;e-font-icon-svg e-fas-caret-down\\&quot; viewBox=\\&quot;0 0 320 512\\&quot; xmlns=\\&quot;http:\\\/\\\/www.w3.org\\\/2000\\\/svg\\&quot;&gt;&lt;path d=\\&quot;M31.3 192h257.3c17.8 0 26.7 21.5 14.1 34.1L174.1 354.8c-7.8 7.8-20.5 7.8-28.3 0L17.2 226.1C4.6 213.5 13.5 192 31.3 192z\\&quot;&gt;&lt;\\\/path&gt;&lt;\\\/svg&gt;&quot;,&quot;library&quot;:&quot;fa-solid&quot;},&quot;toggle&quot;:&quot;burger&quot;}\" data-widget_type=\"nav-menu.default\">\n\t\t\t\t\t\t\t\t<nav aria-label=\"Menu\" class=\"elementor-nav-menu--main elementor-nav-menu__container elementor-nav-menu--layout-vertical e--pointer-underline e--animation-fade\">\n\t\t\t\t<ul id=\"menu-1-7014755\" class=\"elementor-nav-menu sm-vertical\"><li class=\"menu-item menu-item-type-custom menu-item-object-custom menu-item-57737\"><a href=\"https:\/\/secoli.com\/pt-br\/eventos\/calendario\/\" class=\"elementor-item\">Calend\u00e1rio de Eventos<\/a><\/li>\n<li class=\"menu-item menu-item-type-post_type menu-item-object-page menu-item-57738\"><a href=\"https:\/\/secoli.com\/pt-br\/eventos\/open-day\/\" class=\"elementor-item\">Open Day<\/a><\/li>\n<li class=\"menu-item menu-item-type-post_type menu-item-object-page menu-item-57739\"><a href=\"https:\/\/secoli.com\/pt-br\/eventos\/open-class\/\" class=\"elementor-item\">Open Class<\/a><\/li>\n<li class=\"menu-item menu-item-type-post_type menu-item-object-page menu-item-57740\"><a href=\"https:\/\/secoli.com\/pt-br\/eventos\/copia-di-open-class\/\" class=\"elementor-item\">Open Labs<\/a><\/li>\n<li class=\"menu-item menu-item-type-post_type menu-item-object-page menu-item-57741\"><a href=\"https:\/\/secoli.com\/pt-br\/eventos\/secoli-fashion-show\/\" class=\"elementor-item\">Secoli Fashion Show<\/a><\/li>\n<li class=\"menu-item menu-item-type-post_type menu-item-object-page menu-item-57742\"><a href=\"https:\/\/secoli.com\/pt-br\/eventos\/designer-to-watch\/\" class=\"elementor-item\">Designer to Watch<\/a><\/li>\n<li class=\"menu-item menu-item-type-post_type menu-item-object-page menu-item-57743\"><a href=\"https:\/\/secoli.com\/pt-br\/eventos\/fgi\/\" class=\"elementor-item\">Fashion Graduate Italia<\/a><\/li>\n<\/ul>\t\t\t<\/nav>\n\t\t\t\t\t<div class=\"elementor-menu-toggle\" role=\"button\" tabindex=\"0\" aria-label=\"Alternar menu\" aria-expanded=\"false\">\n\t\t\t<svg aria-hidden=\"true\" role=\"presentation\" class=\"elementor-menu-toggle__icon--open e-font-icon-svg e-eicon-menu-bar\" viewBox=\"0 0 1000 1000\" xmlns=\"http:\/\/www.w3.org\/2000\/svg\"><path d=\"M104 333H896C929 333 958 304 958 271S929 208 896 208H104C71 208 42 237 42 271S71 333 104 333ZM104 583H896C929 583 958 554 958 521S929 458 896 458H104C71 458 42 487 42 521S71 583 104 583ZM104 833H896C929 833 958 804 958 771S929 708 896 708H104C71 708 42 737 42 771S71 833 104 833Z\"><\/path><\/svg><svg aria-hidden=\"true\" role=\"presentation\" class=\"elementor-menu-toggle__icon--close e-font-icon-svg e-eicon-close\" viewBox=\"0 0 1000 1000\" xmlns=\"http:\/\/www.w3.org\/2000\/svg\"><path d=\"M742 167L500 408 258 167C246 154 233 150 217 150 196 150 179 158 167 167 154 179 150 196 150 212 150 229 154 242 171 254L408 500 167 742C138 771 138 800 167 829 196 858 225 858 254 829L496 587 738 829C750 842 767 846 783 846 800 846 817 842 829 829 842 817 846 804 846 783 846 767 842 750 829 737L588 500 833 258C863 229 863 200 833 171 804 137 775 137 742 167Z\"><\/path><\/svg>\t\t<\/div>\n\t\t\t\t\t<nav class=\"elementor-nav-menu--dropdown elementor-nav-menu__container\" aria-hidden=\"true\">\n\t\t\t\t<ul id=\"menu-2-7014755\" class=\"elementor-nav-menu sm-vertical\"><li class=\"menu-item menu-item-type-custom menu-item-object-custom menu-item-57737\"><a href=\"https:\/\/secoli.com\/pt-br\/eventos\/calendario\/\" class=\"elementor-item\" tabindex=\"-1\">Calend\u00e1rio de Eventos<\/a><\/li>\n<li class=\"menu-item menu-item-type-post_type menu-item-object-page menu-item-57738\"><a href=\"https:\/\/secoli.com\/pt-br\/eventos\/open-day\/\" class=\"elementor-item\" tabindex=\"-1\">Open Day<\/a><\/li>\n<li class=\"menu-item menu-item-type-post_type menu-item-object-page menu-item-57739\"><a href=\"https:\/\/secoli.com\/pt-br\/eventos\/open-class\/\" class=\"elementor-item\" tabindex=\"-1\">Open Class<\/a><\/li>\n<li class=\"menu-item menu-item-type-post_type menu-item-object-page menu-item-57740\"><a href=\"https:\/\/secoli.com\/pt-br\/eventos\/copia-di-open-class\/\" class=\"elementor-item\" tabindex=\"-1\">Open Labs<\/a><\/li>\n<li class=\"menu-item menu-item-type-post_type menu-item-object-page menu-item-57741\"><a href=\"https:\/\/secoli.com\/pt-br\/eventos\/secoli-fashion-show\/\" class=\"elementor-item\" tabindex=\"-1\">Secoli Fashion Show<\/a><\/li>\n<li class=\"menu-item menu-item-type-post_type menu-item-object-page menu-item-57742\"><a href=\"https:\/\/secoli.com\/pt-br\/eventos\/designer-to-watch\/\" class=\"elementor-item\" tabindex=\"-1\">Designer to Watch<\/a><\/li>\n<li class=\"menu-item menu-item-type-post_type menu-item-object-page menu-item-57743\"><a href=\"https:\/\/secoli.com\/pt-br\/eventos\/fgi\/\" class=\"elementor-item\" tabindex=\"-1\">Fashion Graduate Italia<\/a><\/li>\n<\/ul>\t\t\t<\/nav>\n\t\t\t\t\t\t<\/div>\n\t\t\t\t<\/div>\n\t\t\t\t<\/div>\n\t\t<div class=\"elementor-element elementor-element-a486447 e-flex e-con-boxed e-con e-parent\" data-id=\"a486447\" data-element_type=\"container\" data-e-type=\"container\">\n\t\t\t\t\t<div class=\"e-con-inner\">\n\t\t\t\t<div class=\"elementor-element elementor-element-8336881 elementor-widget elementor-widget-shortcode\" data-id=\"8336881\" data-element_type=\"widget\" data-e-type=\"widget\" data-widget_type=\"shortcode.default\">\n\t\t\t\t\t\t\t<div class=\"elementor-shortcode\"><p class=\"iabaduu-notice info\">Nessun evento in programma.<\/p><\/div>\n\t\t\t\t\t\t<\/div>\n\t\t\t\t\t<\/div>\n\t\t\t\t<\/div>\n\t\t\t\t<\/div>\n\t\t","protected":false},"excerpt":{"rendered":"<p>Open Fashion Labs: Entre no cora\u00e7\u00e3o da moda. Projete, crie, experimente. N\u00e3o se limite a observar o futuro da moda: venha constru\u00ed-lo. Os Open Fashion Labs do Istituto Secoli s\u00e3o laborat\u00f3rios pr\u00e1ticos e gratuitos dedicados aos estudantes do ensino m\u00e9dio (do 1\u00ba ao 3\u00ba ano) que desejam transformar sua vis\u00e3o criativa em realidade. Por que [&hellip;]<\/p>\n","protected":false},"author":1,"featured_media":0,"parent":48386,"menu_order":0,"comment_status":"closed","ping_status":"closed","template":"","meta":{"_acf_changed":false,"inline_featured_image":false,"footnotes":""},"class_list":["post-50583","page","type-page","status-publish","hentry"],"acf":[],"_links":{"self":[{"href":"https:\/\/secoli.com\/pt-br\/wp-json\/wp\/v2\/pages\/50583","targetHints":{"allow":["GET"]}}],"collection":[{"href":"https:\/\/secoli.com\/pt-br\/wp-json\/wp\/v2\/pages"}],"about":[{"href":"https:\/\/secoli.com\/pt-br\/wp-json\/wp\/v2\/types\/page"}],"author":[{"embeddable":true,"href":"https:\/\/secoli.com\/pt-br\/wp-json\/wp\/v2\/users\/1"}],"replies":[{"embeddable":true,"href":"https:\/\/secoli.com\/pt-br\/wp-json\/wp\/v2\/comments?post=50583"}],"version-history":[{"count":4,"href":"https:\/\/secoli.com\/pt-br\/wp-json\/wp\/v2\/pages\/50583\/revisions"}],"predecessor-version":[{"id":58856,"href":"https:\/\/secoli.com\/pt-br\/wp-json\/wp\/v2\/pages\/50583\/revisions\/58856"}],"up":[{"embeddable":true,"href":"https:\/\/secoli.com\/pt-br\/wp-json\/wp\/v2\/pages\/48386"}],"wp:attachment":[{"href":"https:\/\/secoli.com\/pt-br\/wp-json\/wp\/v2\/media?parent=50583"}],"curies":[{"name":"wp","href":"https:\/\/api.w.org\/{rel}","templated":true}]}}