{"id":48730,"date":"2025-07-29T11:35:54","date_gmt":"2025-07-29T09:35:54","guid":{"rendered":"https:\/\/secoli.com\/istituto-secoli\/a-historia\/"},"modified":"2025-11-24T22:05:26","modified_gmt":"2025-11-24T21:05:26","slug":"a-historia","status":"publish","type":"page","link":"https:\/\/secoli.com\/pt-br\/istituto-secoli\/a-historia\/","title":{"rendered":"A Hist\u00f3ria"},"content":{"rendered":"\t\t<div data-elementor-type=\"wp-page\" data-elementor-id=\"48730\" class=\"elementor elementor-48730 elementor-120\" data-elementor-post-type=\"page\">\n\t\t\t\t<div class=\"elementor-element elementor-element-9b883b3 e-con-full e-flex e-con e-parent\" data-id=\"9b883b3\" data-element_type=\"container\" data-e-type=\"container\">\n\t\t<div class=\"elementor-element elementor-element-be4076c e-con-full e-flex e-con e-child\" data-id=\"be4076c\" data-element_type=\"container\" data-e-type=\"container\">\n\t\t\t\t<div class=\"elementor-element elementor-element-21f152b elementor-widget elementor-widget-timeline-widget-addon\" data-id=\"21f152b\" data-element_type=\"widget\" data-e-type=\"widget\" data-widget_type=\"timeline-widget-addon.default\">\n\t\t\t\t<div class=\"elementor-widget-container\">\n\t\t\t\t\t<!-- ========= Timeline Widget Addon For Elementor 1.6.24 ========= -->\n<div id=\"twae-wrapper-21f152b\" class=\"twae-vertical twae-wrapper  twae-both-sided\">   \n    <div class=\"twae-start\"><\/div>    \n    <div id=\"twea-timeline-21f152b\" class=\"twae-timeline\" ><!-- Start of Story Repeater Content --><div id=\"story-3950044\" class=\"twae-story twae-repeater-item twae-story-right twae-story-no-icon\"><!-- Story Label --><div class=\"twae-labels\"><div class=\"twae-label-big\">1934<\/div><\/div><!-- Story Icon --><div class=\"twae-icon\"><i aria-hidden=\"true\" class=\"far fa-clock\"><\/i><\/div><!-- Story Arrow --><div class=\"twae-arrow\"><\/div><!-- Start of Story Content --><div class=\"twae-content\"><!-- Story Title --><div class=\"twae-title\">A funda\u00e7\u00e3o<\/div><!-- Story Image --><div class=\"twae-media large\"><img fetchpriority=\"high\" decoding=\"async\" width=\"800\" height=\"648\" src=\"https:\/\/secoli.com\/wp-content\/uploads\/2025\/09\/story-1.webp\" class=\"attachment-large size-large\" alt=\"story 1\" srcset=\"https:\/\/secoli.com\/wp-content\/uploads\/2025\/09\/story-1.webp 1000w, https:\/\/secoli.com\/wp-content\/uploads\/2025\/09\/story-1-300x243.webp 300w, https:\/\/secoli.com\/wp-content\/uploads\/2025\/09\/story-1-768x622.webp 768w\" sizes=\"(max-width: 800px) 100vw, 800px\" \/><\/div><!-- Story Description --><div class=\"twae-description\"><p>Fundado em 1934 em Treviso por Carlo Secoli, o Instituto Secoli nasce com a vontade de difundir a cultura e a tradi\u00e7\u00e3o alfaiataria transmitindo um m\u00e9todo profissional para projetar e realizar roupas.<\/p>\n<\/div><\/div><\/div><!-- Start of Story Repeater Content --><div id=\"story-c73f5db\" class=\"twae-story twae-repeater-item twae-story-left twae-story-no-icon\"><!-- Story Label --><div class=\"twae-labels\"><div class=\"twae-label-big\">1945<\/div><\/div><!-- Story Icon --><div class=\"twae-icon\"><i aria-hidden=\"true\" class=\"far fa-clock\"><\/i><\/div><!-- Story Arrow --><div class=\"twae-arrow\"><\/div><!-- Start of Story Content --><div class=\"twae-content\"><!-- Story Title --><div class=\"twae-title\">Mil\u00e3o<\/div><!-- Story Image --><div class=\"twae-media large\"><img decoding=\"async\" width=\"800\" height=\"648\" src=\"https:\/\/secoli.com\/wp-content\/uploads\/2025\/09\/story-2.jpg\" class=\"attachment-large size-large\" alt=\"story 2\" srcset=\"https:\/\/secoli.com\/wp-content\/uploads\/2025\/09\/story-2.jpg 1000w, https:\/\/secoli.com\/wp-content\/uploads\/2025\/09\/story-2-300x243.jpg 300w, https:\/\/secoli.com\/wp-content\/uploads\/2025\/09\/story-2-768x622.jpg 768w\" sizes=\"(max-width: 800px) 100vw, 800px\" \/><\/div><!-- Story Description --><div class=\"twae-description\"><p>Em 1945 Carlo Secoli transfere a escola de moda para Mil\u00e3o, contribuindo para formar as grandes correntes culturais e sociais que levam a cidade a tornar-se capital mundial do sistema de moda. O Instituto, desde o in\u00edcio, demonstra-se capaz de interceptar as necessidades do mercado e antecipar as solicita\u00e7\u00f5es do setor tornando-se, em pouco tempo, realidade formativa no \u00e2mbito da moda entre as mais renomadas. <\/p>\n<\/div><\/div><\/div><!-- Start of Story Repeater Content --><div id=\"story-93ba20d\" class=\"twae-story twae-repeater-item twae-story-right twae-story-no-icon\"><!-- Story Label --><div class=\"twae-labels\"><div class=\"twae-label-big\">Anos 40\/50<\/div><\/div><!-- Story Icon --><div class=\"twae-icon\"><i aria-hidden=\"true\" class=\"far fa-clock\"><\/i><\/div><!-- Story Arrow --><div class=\"twae-arrow\"><\/div><!-- Start of Story Content --><div class=\"twae-content\"><!-- Story Title --><div class=\"twae-title\">Os primeiros cursos<\/div><!-- Story Image --><div class=\"twae-media large\"><img decoding=\"async\" width=\"800\" height=\"648\" src=\"https:\/\/secoli.com\/wp-content\/uploads\/2025\/09\/storia2.jpg\" class=\"attachment-large size-large\" alt=\"storia2\" srcset=\"https:\/\/secoli.com\/wp-content\/uploads\/2025\/09\/storia2.jpg 1000w, https:\/\/secoli.com\/wp-content\/uploads\/2025\/09\/storia2-300x243.jpg 300w, https:\/\/secoli.com\/wp-content\/uploads\/2025\/09\/storia2-768x622.jpg 768w\" sizes=\"(max-width: 800px) 100vw, 800px\" \/><\/div><!-- Story Description --><div class=\"twae-description\"><p>Os primeiros cursos ativados s\u00e3o os de Modelagem. As inova\u00e7\u00f5es introduzidas na mat\u00e9ria permitem projetar qualquer modelo com precis\u00e3o, tanto que conjugam a hist\u00f3ria do Instituto Secoli com a hist\u00f3ria e a evolu\u00e7\u00e3o da modelagem industrial. A passagem de uma modelagem sob medida para uma por tamanho, a elabora\u00e7\u00e3o dos primeiros m\u00e9todos cient\u00edficos de desenvolvimento de tamanhos, a constante atualiza\u00e7\u00e3o t\u00e9cnica, a colabora\u00e7\u00e3o com as casas produtoras de sistemas CAD s\u00e3o os cap\u00edtulos de uma tradi\u00e7\u00e3o e de uma cultura inovadora que identificam hoje o instituto como a melhor escola para o estudo desta disciplina.  <\/p>\n<\/div><\/div><\/div><!-- Start of Story Repeater Content --><div id=\"story-86a4ca6\" class=\"twae-story twae-repeater-item twae-story-left twae-story-no-icon\"><!-- Story Label --><div class=\"twae-labels\"><div class=\"twae-label-big\">anos 60\/70<\/div><\/div><!-- Story Icon --><div class=\"twae-icon\"><i aria-hidden=\"true\" class=\"far fa-clock\"><\/i><\/div><!-- Story Arrow --><div class=\"twae-arrow\"><\/div><!-- Start of Story Content --><div class=\"twae-content\"><!-- Story Title --><div class=\"twae-title\">O crescimento<\/div><!-- Story Image --><div class=\"twae-media large\"><img loading=\"lazy\" decoding=\"async\" width=\"800\" height=\"648\" src=\"https:\/\/secoli.com\/wp-content\/uploads\/2025\/09\/story-4.jpg\" class=\"attachment-large size-large\" alt=\"story 4\" srcset=\"https:\/\/secoli.com\/wp-content\/uploads\/2025\/09\/story-4.jpg 1000w, https:\/\/secoli.com\/wp-content\/uploads\/2025\/09\/story-4-300x243.jpg 300w, https:\/\/secoli.com\/wp-content\/uploads\/2025\/09\/story-4-768x622.jpg 768w\" sizes=\"(max-width: 800px) 100vw, 800px\" \/><\/div><!-- Story Description --><div class=\"twae-description\"><p>Em 1962 o Instituto inicia os cursos de \"An\u00e1lise Tempos M\u00e9todos e Organiza\u00e7\u00e3o Empresarial\" em colabora\u00e7\u00e3o com os escrit\u00f3rios de pesquisa das mais importantes empresas produtoras de maquin\u00e1rios para a confec\u00e7\u00e3o e com as escolas de forma\u00e7\u00e3o americanas, com o objetivo de favorecer o desenvolvimento profissional na organiza\u00e7\u00e3o do trabalho das ind\u00fastrias do vestu\u00e1rio. Em 1965 o Instituto decide abrir seus cursos, al\u00e9m dos t\u00e9cnicos enviados pelas empresas, tamb\u00e9m aos jovens diplomados e graduados. A partir de 1975 os cursos ministrados na Secoli s\u00e3o reconhecidos pela Regi\u00e3o da Lombardia.  <\/p>\n<\/div><\/div><\/div><!-- Start of Story Repeater Content --><div id=\"story-e3e4bc8\" class=\"twae-story twae-repeater-item twae-story-right twae-story-no-icon\"><!-- Story Label --><div class=\"twae-labels\"><div class=\"twae-label-big\">Anos 80<\/div><\/div><!-- Story Icon --><div class=\"twae-icon\"><i aria-hidden=\"true\" class=\"far fa-clock\"><\/i><\/div><!-- Story Arrow --><div class=\"twae-arrow\"><\/div><!-- Start of Story Content --><div class=\"twae-content\"><!-- Story Title --><div class=\"twae-title\">Secoli Fashion Show<\/div><!-- Story Image --><div class=\"twae-media large\"><img loading=\"lazy\" decoding=\"async\" width=\"800\" height=\"648\" src=\"https:\/\/secoli.com\/wp-content\/uploads\/2025\/09\/story-5.jpg\" class=\"attachment-large size-large\" alt=\"story 5\" srcset=\"https:\/\/secoli.com\/wp-content\/uploads\/2025\/09\/story-5.jpg 1000w, https:\/\/secoli.com\/wp-content\/uploads\/2025\/09\/story-5-300x243.jpg 300w, https:\/\/secoli.com\/wp-content\/uploads\/2025\/09\/story-5-768x622.jpg 768w\" sizes=\"(max-width: 800px) 100vw, 800px\" \/><\/div><!-- Story Description --><div class=\"twae-description\"><p>Em junho de 1984 acontece o primeiro desfile organizado pelo Instituto: hoje o Secoli Fashion Show \u00e9 muito mais que um desfile, \u00e9 um compromisso central dentro do calend\u00e1rio do Instituto e etapa importante do percurso formativo de cada designer: para os alunos representa uma primeira grande ocasi\u00e3o de visibilidade. A partir de 2018 aos talentos emergentes da escola - DESIGNER TO WATCH - \u00e9 dedicada a abertura do Secoli Fashion Show, que hoje \u00e9 considerado por m\u00eddia, influenciadores e empresas do sistema de moda vitrine glamourosa que hospeda os futuros protagonistas do setor. <\/p>\n<\/div><\/div><\/div><!-- Start of Story Repeater Content --><div id=\"story-029d6dc\" class=\"twae-story twae-repeater-item twae-story-left twae-story-no-icon\"><!-- Story Label --><div class=\"twae-labels\"><div class=\"twae-label-big\">Anos 90<\/div><\/div><!-- Story Icon --><div class=\"twae-icon\"><i aria-hidden=\"true\" class=\"far fa-clock\"><\/i><\/div><!-- Story Arrow --><div class=\"twae-arrow\"><\/div><!-- Start of Story Content --><div class=\"twae-content\"><!-- Story Title --><div class=\"twae-title\">As consultorias<\/div><!-- Story Image --><div class=\"twae-media large\"><img loading=\"lazy\" decoding=\"async\" width=\"800\" height=\"648\" src=\"https:\/\/secoli.com\/wp-content\/uploads\/2025\/09\/story-6.jpg\" class=\"attachment-large size-large\" alt=\"story 6\" srcset=\"https:\/\/secoli.com\/wp-content\/uploads\/2025\/09\/story-6.jpg 1000w, https:\/\/secoli.com\/wp-content\/uploads\/2025\/09\/story-6-300x243.jpg 300w, https:\/\/secoli.com\/wp-content\/uploads\/2025\/09\/story-6-768x622.jpg 768w\" sizes=\"(max-width: 800px) 100vw, 800px\" \/><\/div><!-- Story Description --><div class=\"twae-description\"><p>Em 1990 realiza-se a primeira consultoria organizacional coordenada por Danilo Migliorini, Diretor da \u00c1rea de Consultorias do Instituto, tornando ainda mais estreita a liga\u00e7\u00e3o entre a forma\u00e7\u00e3o ministrada e a ind\u00fastria da moda: at\u00e9 hoje s\u00e3o centenas as empresas que escolheram a Secoli como seu parceiro estrat\u00e9gico. Em 1992 Stefano Secoli assume a dire\u00e7\u00e3o da escola com o mesmo esp\u00edrito e movido pela mesma ambi\u00e7\u00e3o do pai: ensinar a projetar e realizar roupas perfeitamente concebidas. <\/p>\n<\/div><\/div><\/div><!-- Start of Story Repeater Content --><div id=\"story-497c0ce\" class=\"twae-story twae-repeater-item twae-story-right twae-story-no-icon\"><!-- Story Label --><div class=\"twae-labels\"><div class=\"twae-label-big\">Anos 2000<\/div><\/div><!-- Story Icon --><div class=\"twae-icon\"><i aria-hidden=\"true\" class=\"far fa-clock\"><\/i><\/div><!-- Story Arrow --><div class=\"twae-arrow\"><\/div><!-- Start of Story Content --><div class=\"twae-content\"><!-- Story Title --><div class=\"twae-title\">O novo mil\u00eanio<\/div><!-- Story Image --><div class=\"twae-media large\"><img loading=\"lazy\" decoding=\"async\" width=\"800\" height=\"648\" src=\"https:\/\/secoli.com\/wp-content\/uploads\/2025\/09\/story-7.jpg\" class=\"attachment-large size-large\" alt=\"story 7\" srcset=\"https:\/\/secoli.com\/wp-content\/uploads\/2025\/09\/story-7.jpg 1000w, https:\/\/secoli.com\/wp-content\/uploads\/2025\/09\/story-7-300x243.jpg 300w, https:\/\/secoli.com\/wp-content\/uploads\/2025\/09\/story-7-768x622.jpg 768w\" sizes=\"(max-width: 800px) 100vw, 800px\" \/><\/div><!-- Story Description --><div class=\"twae-description\"><p>Em 2007 \u00e9 inaugurada a nova sede no cora\u00e7\u00e3o de Mil\u00e3o a dois passos do c\u00e9lebre quadril\u00e1tero da moda. Em 2008 o Instituto Secoli \u00e9 s\u00f3cio fundador da Plataforma Sistema Formativo Moda, a associa\u00e7\u00e3o que re\u00fane os mais importantes institutos de forma\u00e7\u00e3o, academias e universidades do setor. <\/p>\n<p>Em 2010 iniciam os primeiros \"Master em Modelagem\", cursos projetados para oferecer uma forma\u00e7\u00e3o de excel\u00eancia a graduados em Fashion Design.<\/p>\n<p>Em outubro de 2016 o Instituto Secoli, numa \u00f3tica de internacionaliza\u00e7\u00e3o, inaugura uma nova sede em Guangzhou na China.<\/p>\n<p>Matteo Secoli, em janeiro de 2019, assume o comando do Instituto confirmando e relan\u00e7ando o compromisso e a miss\u00e3o que esta Escola sempre teve de promover o talento individual para o progresso do setor<\/p>\n<\/div><\/div><\/div><!-- Start of Story Repeater Content --><div id=\"story-43dfbad\" class=\"twae-story twae-repeater-item twae-story-left twae-story-no-icon\"><!-- Story Label --><div class=\"twae-labels\"><div class=\"twae-label-big\">Hoje<\/div><\/div><!-- Story Icon --><div class=\"twae-icon\"><i aria-hidden=\"true\" class=\"far fa-clock\"><\/i><\/div><!-- Story Arrow --><div class=\"twae-arrow\"><\/div><!-- Start of Story Content --><div class=\"twae-content\"><!-- Story Title --><div class=\"twae-title\">Secoli hoje<\/div><!-- Story Image --><div class=\"twae-media large\"><img loading=\"lazy\" decoding=\"async\" width=\"800\" height=\"648\" src=\"https:\/\/secoli.com\/wp-content\/uploads\/2025\/09\/storia-7.jpg\" class=\"attachment-large size-large\" alt=\"storia 7\" srcset=\"https:\/\/secoli.com\/wp-content\/uploads\/2025\/09\/storia-7.jpg 1000w, https:\/\/secoli.com\/wp-content\/uploads\/2025\/09\/storia-7-300x243.jpg 300w, https:\/\/secoli.com\/wp-content\/uploads\/2025\/09\/storia-7-768x622.jpg 768w\" sizes=\"(max-width: 800px) 100vw, 800px\" \/><\/div><!-- Story Description --><div class=\"twae-description\"><p>Em 2022 abre uma nova sede em Novara em parceria com Alexander McQueen, Canali, Gucci, Herno, Loro Piana, Versace, Zamasport e ZEGNA dedicada \u00e0 forma\u00e7\u00e3o de prototipistas.<\/p>\n<p>No mesmo ano Matteo Secoli torna-se Presidente da Plataforma Sistema Formativo Moda ETS.<\/p>\n<p>Em outubro de 2023 o curso trienal de Fashion Design e Tecnologias do Produto Moda obt\u00e9m o credenciamento ministerial para a emiss\u00e3o do Diploma Acad\u00eamico de I n\u00edvel equipar\u00e1vel ao bacharelado.<\/p>\n<\/div><\/div><\/div><\/div>\n    <div class=\"twae-end\"><\/div>\n    <\/div>\t\t\t\t<\/div>\n\t\t\t\t<\/div>\n\t\t\t\t<\/div>\n\t\t<div class=\"elementor-element elementor-element-47bcc35 e-con-full e-flex e-con e-child\" data-id=\"47bcc35\" data-element_type=\"container\" data-e-type=\"container\">\n\t\t\t\t<div class=\"elementor-element elementor-element-2a00bd1 elementor-widget elementor-widget-heading\" data-id=\"2a00bd1\" data-element_type=\"widget\" data-e-type=\"widget\" data-widget_type=\"heading.default\">\n\t\t\t\t\t<h2 class=\"elementor-heading-title elementor-size-default\">Istituto Secoli\n<\/h2>\t\t\t\t<\/div>\n\t\t\t\t<div class=\"elementor-element elementor-element-fcf8b72 elementor-nav-menu--dropdown-tablet elementor-nav-menu__text-align-aside elementor-nav-menu--toggle elementor-nav-menu--burger elementor-widget elementor-widget-nav-menu\" data-id=\"fcf8b72\" data-element_type=\"widget\" data-e-type=\"widget\" data-settings=\"{&quot;layout&quot;:&quot;vertical&quot;,&quot;submenu_icon&quot;:{&quot;value&quot;:&quot;&lt;svg aria-hidden=\\&quot;true\\&quot; class=\\&quot;e-font-icon-svg e-fas-caret-down\\&quot; viewBox=\\&quot;0 0 320 512\\&quot; xmlns=\\&quot;http:\\\/\\\/www.w3.org\\\/2000\\\/svg\\&quot;&gt;&lt;path d=\\&quot;M31.3 192h257.3c17.8 0 26.7 21.5 14.1 34.1L174.1 354.8c-7.8 7.8-20.5 7.8-28.3 0L17.2 226.1C4.6 213.5 13.5 192 31.3 192z\\&quot;&gt;&lt;\\\/path&gt;&lt;\\\/svg&gt;&quot;,&quot;library&quot;:&quot;fa-solid&quot;},&quot;toggle&quot;:&quot;burger&quot;}\" data-widget_type=\"nav-menu.default\">\n\t\t\t\t\t\t\t\t<nav aria-label=\"Menu\" class=\"elementor-nav-menu--main elementor-nav-menu__container elementor-nav-menu--layout-vertical e--pointer-underline e--animation-fade\">\n\t\t\t\t<ul id=\"menu-1-fcf8b72\" class=\"elementor-nav-menu sm-vertical\"><li class=\"menu-item menu-item-type-post_type menu-item-object-page menu-item-57624\"><a href=\"https:\/\/secoli.com\/pt-br\/istituto-secoli\/quem-somos\/\" class=\"elementor-item\">Quem Somos<\/a><\/li>\n<li class=\"menu-item menu-item-type-post_type menu-item-object-page menu-item-57625\"><a href=\"https:\/\/secoli.com\/pt-br\/istituto-secoli\/as-sedes\/\" class=\"elementor-item\">As Sedes<\/a><\/li>\n<li class=\"menu-item menu-item-type-post_type menu-item-object-page menu-item-57626\"><a href=\"https:\/\/secoli.com\/pt-br\/istituto-secoli\/por-que-istituto-secoli\/\" class=\"elementor-item\">POR QUE Istituto Secoli<\/a><\/li>\n<li class=\"menu-item menu-item-type-post_type menu-item-object-page menu-item-57627\"><a href=\"https:\/\/secoli.com\/pt-br\/istituto-secoli\/a-historia\/\" class=\"elementor-item\">A Hist\u00f3ria<\/a><\/li>\n<li class=\"menu-item menu-item-type-post_type menu-item-object-page menu-item-57628\"><a href=\"https:\/\/secoli.com\/pt-br\/istituto-secoli\/o-metodo-secoli\/\" class=\"elementor-item\">O m\u00e9todo Secoli<\/a><\/li>\n<li class=\"menu-item menu-item-type-post_type menu-item-object-page menu-item-57629\"><a href=\"https:\/\/secoli.com\/pt-br\/istituto-secoli\/biblioteca-secoli\/\" class=\"elementor-item\">Biblioteca Secoli<\/a><\/li>\n<li class=\"menu-item menu-item-type-post_type menu-item-object-page menu-item-57630\"><a href=\"https:\/\/secoli.com\/pt-br\/istituto-secoli\/professores\/\" class=\"elementor-item\">Professores<\/a><\/li>\n<li class=\"menu-item menu-item-type-post_type menu-item-object-page menu-item-57631\"><a href=\"https:\/\/secoli.com\/pt-br\/servicos-para-empresas\/parceiros\/\" class=\"elementor-item\">Parceiros<\/a><\/li>\n<\/ul>\t\t\t<\/nav>\n\t\t\t\t\t<div class=\"elementor-menu-toggle\" role=\"button\" tabindex=\"0\" aria-label=\"Alternar menu\" aria-expanded=\"false\">\n\t\t\t<svg aria-hidden=\"true\" role=\"presentation\" class=\"elementor-menu-toggle__icon--open e-font-icon-svg e-eicon-menu-bar\" viewBox=\"0 0 1000 1000\" xmlns=\"http:\/\/www.w3.org\/2000\/svg\"><path d=\"M104 333H896C929 333 958 304 958 271S929 208 896 208H104C71 208 42 237 42 271S71 333 104 333ZM104 583H896C929 583 958 554 958 521S929 458 896 458H104C71 458 42 487 42 521S71 583 104 583ZM104 833H896C929 833 958 804 958 771S929 708 896 708H104C71 708 42 737 42 771S71 833 104 833Z\"><\/path><\/svg><svg aria-hidden=\"true\" role=\"presentation\" class=\"elementor-menu-toggle__icon--close e-font-icon-svg e-eicon-close\" viewBox=\"0 0 1000 1000\" xmlns=\"http:\/\/www.w3.org\/2000\/svg\"><path d=\"M742 167L500 408 258 167C246 154 233 150 217 150 196 150 179 158 167 167 154 179 150 196 150 212 150 229 154 242 171 254L408 500 167 742C138 771 138 800 167 829 196 858 225 858 254 829L496 587 738 829C750 842 767 846 783 846 800 846 817 842 829 829 842 817 846 804 846 783 846 767 842 750 829 737L588 500 833 258C863 229 863 200 833 171 804 137 775 137 742 167Z\"><\/path><\/svg>\t\t<\/div>\n\t\t\t\t\t<nav class=\"elementor-nav-menu--dropdown elementor-nav-menu__container\" aria-hidden=\"true\">\n\t\t\t\t<ul id=\"menu-2-fcf8b72\" class=\"elementor-nav-menu sm-vertical\"><li class=\"menu-item menu-item-type-post_type menu-item-object-page menu-item-57624\"><a href=\"https:\/\/secoli.com\/pt-br\/istituto-secoli\/quem-somos\/\" class=\"elementor-item\" tabindex=\"-1\">Quem Somos<\/a><\/li>\n<li class=\"menu-item menu-item-type-post_type menu-item-object-page menu-item-57625\"><a href=\"https:\/\/secoli.com\/pt-br\/istituto-secoli\/as-sedes\/\" class=\"elementor-item\" tabindex=\"-1\">As Sedes<\/a><\/li>\n<li class=\"menu-item menu-item-type-post_type menu-item-object-page menu-item-57626\"><a href=\"https:\/\/secoli.com\/pt-br\/istituto-secoli\/por-que-istituto-secoli\/\" class=\"elementor-item\" tabindex=\"-1\">POR QUE Istituto Secoli<\/a><\/li>\n<li class=\"menu-item menu-item-type-post_type menu-item-object-page menu-item-57627\"><a href=\"https:\/\/secoli.com\/pt-br\/istituto-secoli\/a-historia\/\" class=\"elementor-item\" tabindex=\"-1\">A Hist\u00f3ria<\/a><\/li>\n<li class=\"menu-item menu-item-type-post_type menu-item-object-page menu-item-57628\"><a href=\"https:\/\/secoli.com\/pt-br\/istituto-secoli\/o-metodo-secoli\/\" class=\"elementor-item\" tabindex=\"-1\">O m\u00e9todo Secoli<\/a><\/li>\n<li class=\"menu-item menu-item-type-post_type menu-item-object-page menu-item-57629\"><a href=\"https:\/\/secoli.com\/pt-br\/istituto-secoli\/biblioteca-secoli\/\" class=\"elementor-item\" tabindex=\"-1\">Biblioteca Secoli<\/a><\/li>\n<li class=\"menu-item menu-item-type-post_type menu-item-object-page menu-item-57630\"><a href=\"https:\/\/secoli.com\/pt-br\/istituto-secoli\/professores\/\" class=\"elementor-item\" tabindex=\"-1\">Professores<\/a><\/li>\n<li class=\"menu-item menu-item-type-post_type menu-item-object-page menu-item-57631\"><a href=\"https:\/\/secoli.com\/pt-br\/servicos-para-empresas\/parceiros\/\" class=\"elementor-item\" tabindex=\"-1\">Parceiros<\/a><\/li>\n<\/ul>\t\t\t<\/nav>\n\t\t\t\t\t\t<\/div>\n\t\t\t\t<\/div>\n\t\t\t\t<\/div>\n\t\t\t\t<\/div>\n\t\t","protected":false},"excerpt":{"rendered":"<p>1934A funda\u00e7\u00e3o Fundado em 1934 em Treviso por Carlo Secoli, o Instituto Secoli nasce com a vontade de difundir a cultura e a tradi\u00e7\u00e3o alfaiataria transmitindo um m\u00e9todo profissional para projetar e realizar roupas. 1945Mil\u00e3o Em 1945 Carlo Secoli transfere a escola de moda para Mil\u00e3o, contribuindo para formar as grandes correntes culturais e sociais [&hellip;]<\/p>\n","protected":false},"author":1,"featured_media":48629,"parent":48696,"menu_order":0,"comment_status":"closed","ping_status":"closed","template":"","meta":{"_acf_changed":false,"inline_featured_image":false,"footnotes":""},"class_list":["post-48730","page","type-page","status-publish","has-post-thumbnail","hentry"],"acf":[],"_links":{"self":[{"href":"https:\/\/secoli.com\/pt-br\/wp-json\/wp\/v2\/pages\/48730","targetHints":{"allow":["GET"]}}],"collection":[{"href":"https:\/\/secoli.com\/pt-br\/wp-json\/wp\/v2\/pages"}],"about":[{"href":"https:\/\/secoli.com\/pt-br\/wp-json\/wp\/v2\/types\/page"}],"author":[{"embeddable":true,"href":"https:\/\/secoli.com\/pt-br\/wp-json\/wp\/v2\/users\/1"}],"replies":[{"embeddable":true,"href":"https:\/\/secoli.com\/pt-br\/wp-json\/wp\/v2\/comments?post=48730"}],"version-history":[{"count":2,"href":"https:\/\/secoli.com\/pt-br\/wp-json\/wp\/v2\/pages\/48730\/revisions"}],"predecessor-version":[{"id":48751,"href":"https:\/\/secoli.com\/pt-br\/wp-json\/wp\/v2\/pages\/48730\/revisions\/48751"}],"up":[{"embeddable":true,"href":"https:\/\/secoli.com\/pt-br\/wp-json\/wp\/v2\/pages\/48696"}],"wp:featuredmedia":[{"embeddable":true,"href":"https:\/\/secoli.com\/pt-br\/wp-json\/wp\/v2\/media\/48629"}],"wp:attachment":[{"href":"https:\/\/secoli.com\/pt-br\/wp-json\/wp\/v2\/media?parent=48730"}],"curies":[{"name":"wp","href":"https:\/\/api.w.org\/{rel}","templated":true}]}}