{"id":48709,"date":"2025-07-29T11:38:05","date_gmt":"2025-07-29T09:38:05","guid":{"rendered":"https:\/\/secoli.com\/istituto-secoli\/o-metodo-secoli\/"},"modified":"2025-11-24T22:05:16","modified_gmt":"2025-11-24T21:05:16","slug":"o-metodo-secoli","status":"publish","type":"page","link":"https:\/\/secoli.com\/pt-br\/istituto-secoli\/o-metodo-secoli\/","title":{"rendered":"O m\u00e9todo Secoli"},"content":{"rendered":"\t\t<div data-elementor-type=\"wp-page\" data-elementor-id=\"48709\" class=\"elementor elementor-48709 elementor-126\" data-elementor-post-type=\"page\">\n\t\t\t\t<div class=\"elementor-element elementor-element-3686b76 e-con-full e-flex e-con e-parent\" data-id=\"3686b76\" data-element_type=\"container\" data-e-type=\"container\">\n\t\t<div class=\"elementor-element elementor-element-907491e e-con-full e-flex e-con e-child\" data-id=\"907491e\" data-element_type=\"container\" data-e-type=\"container\">\n\t\t<div class=\"elementor-element elementor-element-05b4bd4 e-con-full e-flex e-con e-child\" data-id=\"05b4bd4\" data-element_type=\"container\" data-e-type=\"container\" data-settings=\"{&quot;background_background&quot;:&quot;classic&quot;,&quot;background_motion_fx_motion_fx_scrolling&quot;:&quot;yes&quot;,&quot;background_motion_fx_translateX_effect&quot;:&quot;yes&quot;,&quot;background_motion_fx_translateX_direction&quot;:&quot;negative&quot;,&quot;background_motion_fx_translateX_speed&quot;:{&quot;unit&quot;:&quot;px&quot;,&quot;size&quot;:6,&quot;sizes&quot;:[]},&quot;background_motion_fx_translateX_affectedRange&quot;:{&quot;unit&quot;:&quot;%&quot;,&quot;size&quot;:&quot;&quot;,&quot;sizes&quot;:{&quot;start&quot;:0,&quot;end&quot;:100}},&quot;background_motion_fx_devices&quot;:[&quot;desktop&quot;,&quot;tablet&quot;,&quot;mobile&quot;]}\">\n\t\t<div class=\"elementor-element elementor-element-f0e840c e-flex e-con-boxed e-con e-child\" data-id=\"f0e840c\" data-element_type=\"container\" data-e-type=\"container\" data-settings=\"{&quot;background_background&quot;:&quot;classic&quot;,&quot;shape_divider_top&quot;:&quot;opacity-tilt&quot;}\">\n\t\t\t\t\t<div class=\"e-con-inner\">\n\t\t\t\t<div class=\"elementor-shape elementor-shape-top\" aria-hidden=\"true\" data-negative=\"false\">\n\t\t\t<svg xmlns=\"http:\/\/www.w3.org\/2000\/svg\" viewBox=\"0 0 2600 131.1\" preserveAspectRatio=\"none\">\n\t<path class=\"elementor-shape-fill\" d=\"M0 0L2600 0 2600 69.1 0 0z\"\/>\n\t<path class=\"elementor-shape-fill\" style=\"opacity:0.5\" d=\"M0 0L2600 0 2600 69.1 0 69.1z\"\/>\n\t<path class=\"elementor-shape-fill\" style=\"opacity:0.25\" d=\"M2600 0L0 0 0 130.1 2600 69.1z\"\/>\n<\/svg>\t\t<\/div>\n\t\t\t\t<div class=\"elementor-element elementor-element-af0266b elementor-widget elementor-widget-heading\" data-id=\"af0266b\" data-element_type=\"widget\" data-e-type=\"widget\" data-widget_type=\"heading.default\">\n\t\t\t\t\t<h2 class=\"elementor-heading-title elementor-size-default\">Onde nasce a modelagem italiana<\/h2>\t\t\t\t<\/div>\n\t\t\t\t<div class=\"elementor-element elementor-element-7031ea5 elementor-widget elementor-widget-text-editor\" data-id=\"7031ea5\" data-element_type=\"widget\" data-e-type=\"widget\" data-widget_type=\"text-editor.default\">\n\t\t\t\t\t\t\t\t\t<p>A hist\u00f3ria do Instituto Secoli coincide, em grande parte, com a pr\u00f3pria hist\u00f3ria da modelagem industrial.<\/p><p>Quando no p\u00f3s-guerra a ind\u00fastria da moda come\u00e7ou a se organizar como sistema produtivo, faltava uma linguagem t\u00e9cnica capaz de traduzir a ideia criativa em uma pe\u00e7a replic\u00e1vel.<\/p><p>Foi ent\u00e3o que a Secoli, herdeira da grande tradi\u00e7\u00e3o da alfaiataria italiana, transformou a arte do corte em uma verdadeira <strong>metodologia projetual<\/strong>: assim nasceu um dos primeiros m\u00e9todos de corte industrial, que estabeleceu as bases da modelagem moderna.<\/p><p>As ra\u00edzes deste m\u00e9todo est\u00e3o fundamentadas no rigor do corte masculino e na eleg\u00e2ncia das linhas femininas, mas desde o in\u00edcio sua for\u00e7a tem sido a capacidade de <strong>combinar artesanato e engenharia do produto<\/strong>.<\/p><p>De um sistema proporcional baseado em poucas medidas fundamentais, todas as outras podem ser derivadas, tornando o modelo adapt\u00e1vel a qualquer corpo e facilmente industrializ\u00e1vel: um equil\u00edbrio \u00fanico entre precis\u00e3o, efici\u00eancia e liberdade criativa.<\/p><p>Hoje o M\u00e9todo Secoli \u00e9 muito mais do que uma t\u00e9cnica:<\/p><ul><li>\u00c9 uma <strong>abordagem cultural e did\u00e1tica<\/strong> baseada no respeito ao processo, no conhecimento profundo do produto e na ideia de que a criatividade s\u00f3 se expressa plenamente quando tem bases s\u00f3lidas.<\/li><li>\u00c9 o fio que une tradi\u00e7\u00e3o e inova\u00e7\u00e3o, papel e digital, forma e fun\u00e7\u00e3o.<\/li><li>E continua formando gera\u00e7\u00f5es de profissionais capazes de transformar uma intui\u00e7\u00e3o em um projeto, e um projeto em uma roupa que fala a linguagem do Made in Italy.<\/li><\/ul>\t\t\t\t\t\t\t\t<\/div>\n\t\t\t\t\t<\/div>\n\t\t\t\t<\/div>\n\t\t\t\t<\/div>\n\t\t<div class=\"elementor-element elementor-element-5896f84 e-con-full e-flex e-con e-child\" data-id=\"5896f84\" data-element_type=\"container\" data-e-type=\"container\" data-settings=\"{&quot;background_background&quot;:&quot;classic&quot;,&quot;background_motion_fx_motion_fx_scrolling&quot;:&quot;yes&quot;,&quot;background_motion_fx_translateX_effect&quot;:&quot;yes&quot;,&quot;background_motion_fx_translateX_speed&quot;:{&quot;unit&quot;:&quot;px&quot;,&quot;size&quot;:6,&quot;sizes&quot;:[]},&quot;background_motion_fx_translateX_affectedRange&quot;:{&quot;unit&quot;:&quot;%&quot;,&quot;size&quot;:&quot;&quot;,&quot;sizes&quot;:{&quot;start&quot;:0,&quot;end&quot;:100}},&quot;background_motion_fx_devices&quot;:[&quot;desktop&quot;,&quot;tablet&quot;,&quot;mobile&quot;]}\">\n\t\t<div class=\"elementor-element elementor-element-5d0823a e-flex e-con-boxed e-con e-child\" data-id=\"5d0823a\" data-element_type=\"container\" data-e-type=\"container\" data-settings=\"{&quot;background_background&quot;:&quot;classic&quot;,&quot;shape_divider_top&quot;:&quot;opacity-tilt&quot;}\">\n\t\t\t\t\t<div class=\"e-con-inner\">\n\t\t\t\t<div class=\"elementor-shape elementor-shape-top\" aria-hidden=\"true\" data-negative=\"false\">\n\t\t\t<svg xmlns=\"http:\/\/www.w3.org\/2000\/svg\" viewBox=\"0 0 2600 131.1\" preserveAspectRatio=\"none\">\n\t<path class=\"elementor-shape-fill\" d=\"M0 0L2600 0 2600 69.1 0 0z\"\/>\n\t<path class=\"elementor-shape-fill\" style=\"opacity:0.5\" d=\"M0 0L2600 0 2600 69.1 0 69.1z\"\/>\n\t<path class=\"elementor-shape-fill\" style=\"opacity:0.25\" d=\"M2600 0L0 0 0 130.1 2600 69.1z\"\/>\n<\/svg>\t\t<\/div>\n\t\t\t\t<div class=\"elementor-element elementor-element-bf37c97 elementor-widget elementor-widget-heading\" data-id=\"bf37c97\" data-element_type=\"widget\" data-e-type=\"widget\" data-widget_type=\"heading.default\">\n\t\t\t\t\t<h2 class=\"elementor-heading-title elementor-size-default\">TRADI\u00c7\u00c3O<\/h2>\t\t\t\t<\/div>\n\t\t\t\t<div class=\"elementor-element elementor-element-80740ec elementor-widget elementor-widget-text-editor\" data-id=\"80740ec\" data-element_type=\"widget\" data-e-type=\"widget\" data-widget_type=\"text-editor.default\">\n\t\t\t\t\t\t\t\t\t<p>O Instituto Secoli representa um pilar na forma\u00e7\u00e3o da moda italiana. Fundado em 1934 em Treviso por Carlo Secoli e estrategicamente transferido para Mil\u00e3o em 1945, no cora\u00e7\u00e3o pulsante da nascente ind\u00fastria do pr\u00eat-\u00e0-porter, o instituto se estabeleceu como uma refer\u00eancia internacional. Sua reputa\u00e7\u00e3o n\u00e3o se baseia apenas na longevidade, mas em sua dedica\u00e7\u00e3o inabal\u00e1vel \u00e0 excel\u00eancia no campo da modelagem, da alfaiataria e do design de moda.  <\/p><p>Mais do que uma simples escola, o Secoli \u00e9 um guardi\u00e3o da cultura do &#8220;Made in Italy&#8221;, entendida n\u00e3o como uma etiqueta geogr\u00e1fica, mas como uma abordagem qualitativa que funde criatividade e sabedoria t\u00e9cnica.<\/p><p>O cora\u00e7\u00e3o pulsante da filosofia formativa do Instituto reside no princ\u00edpio que voc\u00ea citou: o componente manual como fundamento da autonomia criativa.<\/p><p>Este conceito merece um aprofundamento. Em uma \u00e9poca dominada pela digitaliza\u00e7\u00e3o e pela produ\u00e7\u00e3o em massa, o Secoli insiste em uma abordagem &#8220;artesanal&#8221; no sentido mais nobre do termo. A manualidade n\u00e3o \u00e9 vista como uma heran\u00e7a do passado, mas como a linguagem fundamental atrav\u00e9s da qual o designer aprende a dialogar com a mat\u00e9ria.  <\/p>\t\t\t\t\t\t\t\t<\/div>\n\t\t\t\t\t<\/div>\n\t\t\t\t<\/div>\n\t\t\t\t<\/div>\n\t\t<div class=\"elementor-element elementor-element-c9b1c60 e-con-full e-flex e-con e-child\" data-id=\"c9b1c60\" data-element_type=\"container\" data-e-type=\"container\" data-settings=\"{&quot;background_background&quot;:&quot;classic&quot;,&quot;background_motion_fx_motion_fx_scrolling&quot;:&quot;yes&quot;,&quot;background_motion_fx_translateX_effect&quot;:&quot;yes&quot;,&quot;background_motion_fx_translateX_direction&quot;:&quot;negative&quot;,&quot;background_motion_fx_translateX_speed&quot;:{&quot;unit&quot;:&quot;px&quot;,&quot;size&quot;:6,&quot;sizes&quot;:[]},&quot;background_motion_fx_translateX_affectedRange&quot;:{&quot;unit&quot;:&quot;%&quot;,&quot;size&quot;:&quot;&quot;,&quot;sizes&quot;:{&quot;start&quot;:0,&quot;end&quot;:100}},&quot;background_motion_fx_devices&quot;:[&quot;desktop&quot;,&quot;tablet&quot;,&quot;mobile&quot;]}\">\n\t\t<div class=\"elementor-element elementor-element-1728471 e-flex e-con-boxed e-con e-child\" data-id=\"1728471\" data-element_type=\"container\" data-e-type=\"container\" data-settings=\"{&quot;background_background&quot;:&quot;classic&quot;,&quot;shape_divider_top&quot;:&quot;opacity-tilt&quot;}\">\n\t\t\t\t\t<div class=\"e-con-inner\">\n\t\t\t\t<div class=\"elementor-shape elementor-shape-top\" aria-hidden=\"true\" data-negative=\"false\">\n\t\t\t<svg xmlns=\"http:\/\/www.w3.org\/2000\/svg\" viewBox=\"0 0 2600 131.1\" preserveAspectRatio=\"none\">\n\t<path class=\"elementor-shape-fill\" d=\"M0 0L2600 0 2600 69.1 0 0z\"\/>\n\t<path class=\"elementor-shape-fill\" style=\"opacity:0.5\" d=\"M0 0L2600 0 2600 69.1 0 69.1z\"\/>\n\t<path class=\"elementor-shape-fill\" style=\"opacity:0.25\" d=\"M2600 0L0 0 0 130.1 2600 69.1z\"\/>\n<\/svg>\t\t<\/div>\n\t\t\t\t<div class=\"elementor-element elementor-element-22cea5f elementor-widget elementor-widget-heading\" data-id=\"22cea5f\" data-element_type=\"widget\" data-e-type=\"widget\" data-widget_type=\"heading.default\">\n\t\t\t\t\t<h2 class=\"elementor-heading-title elementor-size-default\">Inova\u00e7\u00e3o<\/h2>\t\t\t\t<\/div>\n\t\t\t\t<div class=\"elementor-element elementor-element-9d6d995 elementor-widget elementor-widget-text-editor\" data-id=\"9d6d995\" data-element_type=\"widget\" data-e-type=\"widget\" data-widget_type=\"text-editor.default\">\n\t\t\t\t\t\t\t\t\t<p>O Instituto Secoli \u00e9 uma refer\u00eancia para quem deseja seguir carreira no sistema da moda, especialmente na \u00e1rea de projeto t\u00e9cnico e de alfaiataria, e conta com uma rede de colabora\u00e7\u00e3o com as mais importantes empresas da ind\u00fastria da moda.<\/p><p>A escola se destaca por um s\u00f3lido m\u00e9todo t\u00e9cnico aplicado e uma estreita colabora\u00e7\u00e3o com as <a href=\"https:\/\/secoli.com\/servicos-para-empresas\/parceiros\/?lang=pt-br\">ind\u00fastrias da moda<\/a>, permitindo uma cont\u00ednua inova\u00e7\u00e3o dos m\u00e9todos e processos.<\/p>\t\t\t\t\t\t\t\t<\/div>\n\t\t\t\t\t<\/div>\n\t\t\t\t<\/div>\n\t\t\t\t<\/div>\n\t\t\t\t<\/div>\n\t\t<div class=\"elementor-element elementor-element-210476a e-con-full e-flex e-con e-child\" data-id=\"210476a\" data-element_type=\"container\" data-e-type=\"container\">\n\t\t\t\t<div class=\"elementor-element elementor-element-b51cc7c elementor-widget elementor-widget-heading\" data-id=\"b51cc7c\" data-element_type=\"widget\" data-e-type=\"widget\" data-widget_type=\"heading.default\">\n\t\t\t\t\t<h2 class=\"elementor-heading-title elementor-size-default\">Istituto Secoli\n<\/h2>\t\t\t\t<\/div>\n\t\t\t\t<div class=\"elementor-element elementor-element-a8d2247 elementor-nav-menu--dropdown-tablet elementor-nav-menu__text-align-aside elementor-nav-menu--toggle elementor-nav-menu--burger elementor-widget elementor-widget-nav-menu\" data-id=\"a8d2247\" data-element_type=\"widget\" data-e-type=\"widget\" data-settings=\"{&quot;layout&quot;:&quot;vertical&quot;,&quot;submenu_icon&quot;:{&quot;value&quot;:&quot;&lt;svg aria-hidden=\\&quot;true\\&quot; class=\\&quot;e-font-icon-svg e-fas-caret-down\\&quot; viewBox=\\&quot;0 0 320 512\\&quot; xmlns=\\&quot;http:\\\/\\\/www.w3.org\\\/2000\\\/svg\\&quot;&gt;&lt;path d=\\&quot;M31.3 192h257.3c17.8 0 26.7 21.5 14.1 34.1L174.1 354.8c-7.8 7.8-20.5 7.8-28.3 0L17.2 226.1C4.6 213.5 13.5 192 31.3 192z\\&quot;&gt;&lt;\\\/path&gt;&lt;\\\/svg&gt;&quot;,&quot;library&quot;:&quot;fa-solid&quot;},&quot;toggle&quot;:&quot;burger&quot;}\" data-widget_type=\"nav-menu.default\">\n\t\t\t\t\t\t\t\t<nav aria-label=\"Menu\" class=\"elementor-nav-menu--main elementor-nav-menu__container elementor-nav-menu--layout-vertical e--pointer-underline e--animation-fade\">\n\t\t\t\t<ul id=\"menu-1-a8d2247\" class=\"elementor-nav-menu sm-vertical\"><li class=\"menu-item menu-item-type-post_type menu-item-object-page menu-item-57624\"><a href=\"https:\/\/secoli.com\/pt-br\/istituto-secoli\/quem-somos\/\" class=\"elementor-item\">Quem Somos<\/a><\/li>\n<li class=\"menu-item menu-item-type-post_type menu-item-object-page menu-item-57625\"><a href=\"https:\/\/secoli.com\/pt-br\/istituto-secoli\/as-sedes\/\" class=\"elementor-item\">As Sedes<\/a><\/li>\n<li class=\"menu-item menu-item-type-post_type menu-item-object-page menu-item-57626\"><a href=\"https:\/\/secoli.com\/pt-br\/istituto-secoli\/por-que-istituto-secoli\/\" class=\"elementor-item\">POR QUE Istituto Secoli<\/a><\/li>\n<li class=\"menu-item menu-item-type-post_type menu-item-object-page menu-item-57627\"><a href=\"https:\/\/secoli.com\/pt-br\/istituto-secoli\/a-historia\/\" class=\"elementor-item\">A Hist\u00f3ria<\/a><\/li>\n<li class=\"menu-item menu-item-type-post_type menu-item-object-page menu-item-57628\"><a href=\"https:\/\/secoli.com\/pt-br\/istituto-secoli\/o-metodo-secoli\/\" class=\"elementor-item\">O m\u00e9todo Secoli<\/a><\/li>\n<li class=\"menu-item menu-item-type-post_type menu-item-object-page menu-item-57629\"><a href=\"https:\/\/secoli.com\/pt-br\/istituto-secoli\/biblioteca-secoli\/\" class=\"elementor-item\">Biblioteca Secoli<\/a><\/li>\n<li class=\"menu-item menu-item-type-post_type menu-item-object-page menu-item-57630\"><a href=\"https:\/\/secoli.com\/pt-br\/istituto-secoli\/professores\/\" class=\"elementor-item\">Professores<\/a><\/li>\n<li class=\"menu-item menu-item-type-post_type menu-item-object-page menu-item-57631\"><a href=\"https:\/\/secoli.com\/pt-br\/servicos-para-empresas\/parceiros\/\" class=\"elementor-item\">Parceiros<\/a><\/li>\n<\/ul>\t\t\t<\/nav>\n\t\t\t\t\t<div class=\"elementor-menu-toggle\" role=\"button\" tabindex=\"0\" aria-label=\"Alternar menu\" aria-expanded=\"false\">\n\t\t\t<svg aria-hidden=\"true\" role=\"presentation\" class=\"elementor-menu-toggle__icon--open e-font-icon-svg e-eicon-menu-bar\" viewBox=\"0 0 1000 1000\" xmlns=\"http:\/\/www.w3.org\/2000\/svg\"><path d=\"M104 333H896C929 333 958 304 958 271S929 208 896 208H104C71 208 42 237 42 271S71 333 104 333ZM104 583H896C929 583 958 554 958 521S929 458 896 458H104C71 458 42 487 42 521S71 583 104 583ZM104 833H896C929 833 958 804 958 771S929 708 896 708H104C71 708 42 737 42 771S71 833 104 833Z\"><\/path><\/svg><svg aria-hidden=\"true\" role=\"presentation\" class=\"elementor-menu-toggle__icon--close e-font-icon-svg e-eicon-close\" viewBox=\"0 0 1000 1000\" xmlns=\"http:\/\/www.w3.org\/2000\/svg\"><path d=\"M742 167L500 408 258 167C246 154 233 150 217 150 196 150 179 158 167 167 154 179 150 196 150 212 150 229 154 242 171 254L408 500 167 742C138 771 138 800 167 829 196 858 225 858 254 829L496 587 738 829C750 842 767 846 783 846 800 846 817 842 829 829 842 817 846 804 846 783 846 767 842 750 829 737L588 500 833 258C863 229 863 200 833 171 804 137 775 137 742 167Z\"><\/path><\/svg>\t\t<\/div>\n\t\t\t\t\t<nav class=\"elementor-nav-menu--dropdown elementor-nav-menu__container\" aria-hidden=\"true\">\n\t\t\t\t<ul id=\"menu-2-a8d2247\" class=\"elementor-nav-menu sm-vertical\"><li class=\"menu-item menu-item-type-post_type menu-item-object-page menu-item-57624\"><a href=\"https:\/\/secoli.com\/pt-br\/istituto-secoli\/quem-somos\/\" class=\"elementor-item\" tabindex=\"-1\">Quem Somos<\/a><\/li>\n<li class=\"menu-item menu-item-type-post_type menu-item-object-page menu-item-57625\"><a href=\"https:\/\/secoli.com\/pt-br\/istituto-secoli\/as-sedes\/\" class=\"elementor-item\" tabindex=\"-1\">As Sedes<\/a><\/li>\n<li class=\"menu-item menu-item-type-post_type menu-item-object-page menu-item-57626\"><a href=\"https:\/\/secoli.com\/pt-br\/istituto-secoli\/por-que-istituto-secoli\/\" class=\"elementor-item\" tabindex=\"-1\">POR QUE Istituto Secoli<\/a><\/li>\n<li class=\"menu-item menu-item-type-post_type menu-item-object-page menu-item-57627\"><a href=\"https:\/\/secoli.com\/pt-br\/istituto-secoli\/a-historia\/\" class=\"elementor-item\" tabindex=\"-1\">A Hist\u00f3ria<\/a><\/li>\n<li class=\"menu-item menu-item-type-post_type menu-item-object-page menu-item-57628\"><a href=\"https:\/\/secoli.com\/pt-br\/istituto-secoli\/o-metodo-secoli\/\" class=\"elementor-item\" tabindex=\"-1\">O m\u00e9todo Secoli<\/a><\/li>\n<li class=\"menu-item menu-item-type-post_type menu-item-object-page menu-item-57629\"><a href=\"https:\/\/secoli.com\/pt-br\/istituto-secoli\/biblioteca-secoli\/\" class=\"elementor-item\" tabindex=\"-1\">Biblioteca Secoli<\/a><\/li>\n<li class=\"menu-item menu-item-type-post_type menu-item-object-page menu-item-57630\"><a href=\"https:\/\/secoli.com\/pt-br\/istituto-secoli\/professores\/\" class=\"elementor-item\" tabindex=\"-1\">Professores<\/a><\/li>\n<li class=\"menu-item menu-item-type-post_type menu-item-object-page menu-item-57631\"><a href=\"https:\/\/secoli.com\/pt-br\/servicos-para-empresas\/parceiros\/\" class=\"elementor-item\" tabindex=\"-1\">Parceiros<\/a><\/li>\n<\/ul>\t\t\t<\/nav>\n\t\t\t\t\t\t<\/div>\n\t\t\t\t<div class=\"elementor-element elementor-element-1babfe9 elementor-widget-divider--separator-type-pattern elementor-widget-divider--view-line elementor-widget elementor-widget-divider\" data-id=\"1babfe9\" data-element_type=\"widget\" data-e-type=\"widget\" data-widget_type=\"divider.default\">\n\t\t\t\t\t\t\t<div class=\"elementor-divider\" style=\"--divider-pattern-url: url(&quot;data:image\/svg+xml,%3Csvg xmlns=&#039;http:\/\/www.w3.org\/2000\/svg&#039; preserveAspectRatio=&#039;none&#039; overflow=&#039;visible&#039; height=&#039;100%&#039; viewBox=&#039;0 0 20 16&#039; fill=&#039;none&#039; stroke=&#039;black&#039; stroke-width=&#039;1&#039; stroke-linecap=&#039;square&#039; stroke-miterlimit=&#039;10&#039;%3E%3Cg transform=&#039;translate(-12.000000, 0)&#039;%3E%3Cpath d=&#039;M28,0L10,18&#039;\/%3E%3Cpath d=&#039;M18,0L0,18&#039;\/%3E%3Cpath d=&#039;M48,0L30,18&#039;\/%3E%3Cpath d=&#039;M38,0L20,18&#039;\/%3E%3C\/g%3E%3C\/svg%3E&quot;);\">\n\t\t\t<span class=\"elementor-divider-separator\">\n\t\t\t\t\t\t<\/span>\n\t\t<\/div>\n\t\t\t\t\t\t<\/div>\n\t\t\t\t<div class=\"elementor-element elementor-element-0023369 elementor-position-inline-start elementor-view-default elementor-mobile-position-block-start elementor-invisible elementor-widget elementor-widget-icon-box\" data-id=\"0023369\" data-element_type=\"widget\" data-e-type=\"widget\" data-settings=\"{&quot;_animation&quot;:&quot;bounceInDown&quot;}\" data-widget_type=\"icon-box.default\">\n\t\t\t\t\t\t\t<div class=\"elementor-icon-box-wrapper\">\n\n\t\t\t\t\t\t<div class=\"elementor-icon-box-icon\">\n\t\t\t\t<a href=\"https:\/\/secoli.com\/iscrizioni\/colloqui-di-orientamento\/\" class=\"elementor-icon\" tabindex=\"-1\" aria-label=\"ENTRE EM CONTATO\">\n\t\t\t\t<svg aria-hidden=\"true\" class=\"e-font-icon-svg e-fas-handshake\" viewBox=\"0 0 640 512\" xmlns=\"http:\/\/www.w3.org\/2000\/svg\"><path d=\"M434.7 64h-85.9c-8 0-15.7 3-21.6 8.4l-98.3 90c-.1.1-.2.3-.3.4-16.6 15.6-16.3 40.5-2.1 56 12.7 13.9 39.4 17.6 56.1 2.7.1-.1.3-.1.4-.2l79.9-73.2c6.5-5.9 16.7-5.5 22.6 1 6 6.5 5.5 16.6-1 22.6l-26.1 23.9L504 313.8c2.9 2.4 5.5 5 7.9 7.7V128l-54.6-54.6c-5.9-6-14.1-9.4-22.6-9.4zM544 128.2v223.9c0 17.7 14.3 32 32 32h64V128.2h-96zm48 223.9c-8.8 0-16-7.2-16-16s7.2-16 16-16 16 7.2 16 16-7.2 16-16 16zM0 384h64c17.7 0 32-14.3 32-32V128.2H0V384zm48-63.9c8.8 0 16 7.2 16 16s-7.2 16-16 16-16-7.2-16-16c0-8.9 7.2-16 16-16zm435.9 18.6L334.6 217.5l-30 27.5c-29.7 27.1-75.2 24.5-101.7-4.4-26.9-29.4-24.8-74.9 4.4-101.7L289.1 64h-83.8c-8.5 0-16.6 3.4-22.6 9.4L128 128v223.9h18.3l90.5 81.9c27.4 22.3 67.7 18.1 90-9.3l.2-.2 17.9 15.5c15.9 13 39.4 10.5 52.3-5.4l31.4-38.6 5.4 4.4c13.7 11.1 33.9 9.1 45-4.7l9.5-11.7c11.2-13.8 9.1-33.9-4.6-45.1z\"><\/path><\/svg>\t\t\t\t<\/a>\n\t\t\t<\/div>\n\t\t\t\n\t\t\t\t\t\t<div class=\"elementor-icon-box-content\">\n\n\t\t\t\t\t\t\t\t\t<h3 class=\"elementor-icon-box-title\">\n\t\t\t\t\t\t<a href=\"https:\/\/secoli.com\/iscrizioni\/colloqui-di-orientamento\/\" >\n\t\t\t\t\t\t\tENTRE EM CONTATO\t\t\t\t\t\t<\/a>\n\t\t\t\t\t<\/h3>\n\t\t\t\t\n\t\t\t\t\t\t\t\t\t<p class=\"elementor-icon-box-description\">\n\t\t\t\t\t\tSolicite uma entrevista de orienta\u00e7\u00e3o, online ou presencial.\t\t\t\t\t<\/p>\n\t\t\t\t\n\t\t\t<\/div>\n\t\t\t\n\t\t<\/div>\n\t\t\t\t\t\t<\/div>\n\t\t\t\t<\/div>\n\t\t\t\t<\/div>\n\t\t\t\t<\/div>\n\t\t","protected":false},"excerpt":{"rendered":"<p>Onde nasce a modelagem italiana A hist\u00f3ria do Instituto Secoli coincide, em grande parte, com a pr\u00f3pria hist\u00f3ria da modelagem industrial. Quando no p\u00f3s-guerra a ind\u00fastria da moda come\u00e7ou a se organizar como sistema produtivo, faltava uma linguagem t\u00e9cnica capaz de traduzir a ideia criativa em uma pe\u00e7a replic\u00e1vel. Foi ent\u00e3o que a Secoli, herdeira [&hellip;]<\/p>\n","protected":false},"author":1,"featured_media":0,"parent":48696,"menu_order":0,"comment_status":"closed","ping_status":"closed","template":"","meta":{"_acf_changed":false,"inline_featured_image":false,"footnotes":""},"class_list":["post-48709","page","type-page","status-publish","hentry"],"acf":[],"_links":{"self":[{"href":"https:\/\/secoli.com\/pt-br\/wp-json\/wp\/v2\/pages\/48709","targetHints":{"allow":["GET"]}}],"collection":[{"href":"https:\/\/secoli.com\/pt-br\/wp-json\/wp\/v2\/pages"}],"about":[{"href":"https:\/\/secoli.com\/pt-br\/wp-json\/wp\/v2\/types\/page"}],"author":[{"embeddable":true,"href":"https:\/\/secoli.com\/pt-br\/wp-json\/wp\/v2\/users\/1"}],"replies":[{"embeddable":true,"href":"https:\/\/secoli.com\/pt-br\/wp-json\/wp\/v2\/comments?post=48709"}],"version-history":[{"count":2,"href":"https:\/\/secoli.com\/pt-br\/wp-json\/wp\/v2\/pages\/48709\/revisions"}],"predecessor-version":[{"id":48723,"href":"https:\/\/secoli.com\/pt-br\/wp-json\/wp\/v2\/pages\/48709\/revisions\/48723"}],"up":[{"embeddable":true,"href":"https:\/\/secoli.com\/pt-br\/wp-json\/wp\/v2\/pages\/48696"}],"wp:attachment":[{"href":"https:\/\/secoli.com\/pt-br\/wp-json\/wp\/v2\/media?parent=48709"}],"curies":[{"name":"wp","href":"https:\/\/api.w.org\/{rel}","templated":true}]}}