{"id":48572,"date":"2025-07-29T13:04:35","date_gmt":"2025-07-29T11:04:35","guid":{"rendered":"https:\/\/secoli.com\/eventos\/secoli-fashion-show\/"},"modified":"2026-02-12T12:17:30","modified_gmt":"2026-02-12T11:17:30","slug":"secoli-fashion-show","status":"publish","type":"page","link":"https:\/\/secoli.com\/pt-br\/eventos\/secoli-fashion-show\/","title":{"rendered":"Secoli Fashion Show"},"content":{"rendered":"\t\t<div data-elementor-type=\"wp-page\" data-elementor-id=\"48572\" class=\"elementor elementor-48572 elementor-163\" data-elementor-post-type=\"page\">\n\t\t\t\t<div class=\"elementor-element elementor-element-8cbc9c2 e-con-full e-flex e-con e-parent\" data-id=\"8cbc9c2\" data-element_type=\"container\" data-e-type=\"container\">\n\t\t<div class=\"elementor-element elementor-element-da4ae47 e-con-full e-flex e-con e-child\" data-id=\"da4ae47\" data-element_type=\"container\" data-e-type=\"container\">\n\t\t\t\t<div class=\"elementor-element elementor-element-6c177a7 elementor-invisible elementor-widget elementor-widget-heading\" data-id=\"6c177a7\" data-element_type=\"widget\" data-e-type=\"widget\" data-settings=\"{&quot;_animation&quot;:&quot;zoomIn&quot;}\" data-widget_type=\"heading.default\">\n\t\t\t\t\t<h2 class=\"elementor-heading-title elementor-size-default\">SECOLI FASHION SHOW<\/h2>\t\t\t\t<\/div>\n\t\t\t\t<div class=\"elementor-element elementor-element-fe42569 elementor-widget elementor-widget-heading\" data-id=\"fe42569\" data-element_type=\"widget\" data-e-type=\"widget\" data-widget_type=\"heading.default\">\n\t\t\t\t\t<h2 class=\"elementor-heading-title elementor-size-default\">A excel\u00eancia da forma\u00e7\u00e3o em moda Made in Italy<\/h2>\t\t\t\t<\/div>\n\t\t\t\t<div class=\"elementor-element elementor-element-adab270 elementor-widget elementor-widget-spacer\" data-id=\"adab270\" data-element_type=\"widget\" data-e-type=\"widget\" data-widget_type=\"spacer.default\">\n\t\t\t\t\t\t\t<div class=\"elementor-spacer\">\n\t\t\t<div class=\"elementor-spacer-inner\"><\/div>\n\t\t<\/div>\n\t\t\t\t\t\t<\/div>\n\t\t\t\t<div class=\"elementor-element elementor-element-a8ca6ac elementor-widget elementor-widget-text-editor\" data-id=\"a8ca6ac\" data-element_type=\"widget\" data-e-type=\"widget\" data-widget_type=\"text-editor.default\">\n\t\t\t\t\t\t\t\t\t<p>O Secoli Fashion Show representa um dos momentos mais aguardados do ano acad\u00eamico do Istituto Secoli, escola de refer\u00eancia para a educa\u00e7\u00e3o em moda em Mil\u00e3o. O evento exibe o talento e a criatividade dos estudantes de design de moda, modelagem e confec\u00e7\u00e3o, que apresentam as suas cole\u00e7\u00f5es finais: um percurso que une t\u00e9cnica de alfaiataria, inova\u00e7\u00e3o e uma vis\u00e3o sustent\u00e1vel do Made in Italy. <\/p><p>Ao final dos cursos trienais, as ideias se tornam cole\u00e7\u00f5es e s\u00e3o apresentadas no Secoli Fashion Show (41\u00aa edi\u00e7\u00e3o), um evento que celebra talento, t\u00e9cnica e vis\u00e3o contempor\u00e2nea. Os estudantes apresentam pe\u00e7as criadas ap\u00f3s anos de estudo em design de moda, modelagem e confec\u00e7\u00e3o: desde a pesquisa estil\u00edstica ao molde, at\u00e9 a realiza\u00e7\u00e3o. Cole\u00e7\u00f5es femininas, masculinas e co-ed interpretam a contemporaneidade, do esportivo-t\u00e9cnico ao elegante.  <\/p><p>Abrindo o evento est\u00e1 o Designer to Watch, projeto que d\u00e1 voz aos talentos mais promissores com a sua primeira cole\u00e7\u00e3o-manifesto.<\/p>\t\t\t\t\t\t\t\t<\/div>\n\t\t\t\t<div class=\"elementor-element elementor-element-a90c4eb elementor-widget elementor-widget-video\" data-id=\"a90c4eb\" data-element_type=\"widget\" data-e-type=\"widget\" data-settings=\"{&quot;youtube_url&quot;:&quot;https:\\\/\\\/www.youtube.com\\\/watch?v=5A4IQl_Ubmc&quot;,&quot;autoplay&quot;:&quot;yes&quot;,&quot;video_type&quot;:&quot;youtube&quot;,&quot;controls&quot;:&quot;yes&quot;}\" data-widget_type=\"video.default\">\n\t\t\t\t\t\t\t<div class=\"elementor-wrapper elementor-open-inline\">\n\t\t\t<div class=\"elementor-video\"><\/div>\t\t<\/div>\n\t\t\t\t\t\t<\/div>\n\t\t\t\t<div class=\"elementor-element elementor-element-abd8b44 elementor-widget elementor-widget-text-editor\" data-id=\"abd8b44\" data-element_type=\"widget\" data-e-type=\"widget\" data-widget_type=\"text-editor.default\">\n\t\t\t\t\t\t\t\t\t<p>Cada edi\u00e7\u00e3o do <em data-start=\"622\" data-end=\"643\">Secoli <\/em>Fashion Show \u00e9 uma jornada entre forma\u00e7\u00e3o, inova\u00e7\u00e3o e pesquisa estil\u00edstica.<br data-start=\"706\" data-end=\"709\">Cole\u00e7\u00f5es que ganham vida na passarela, onde t\u00e9cnica e criatividade se encontram para contar o futuro da moda.<br data-start=\"829\" data-end=\"832\">Explore todos os desfiles e deixe-se inspirar pelo talento dos nossos estudantes.<\/p>\t\t\t\t\t\t\t\t<\/div>\n\t\t<div class=\"elementor-element elementor-element-39ee966 e-con-full e-flex e-con e-child\" data-id=\"39ee966\" data-element_type=\"container\" data-e-type=\"container\">\n\t\t<div class=\"elementor-element elementor-element-8f362b1 e-con-full e-flex e-con e-child\" data-id=\"8f362b1\" data-element_type=\"container\" data-e-type=\"container\">\n\t\t<div class=\"elementor-element elementor-element-4d81fdf e-con-full e-flex e-con e-child\" data-id=\"4d81fdf\" data-element_type=\"container\" data-e-type=\"container\">\n\t\t\t\t<div class=\"elementor-element elementor-element-651f5f4 elementor-widget__width-initial elementor-widget-mobile__width-inherit elementor-position-top elementor-widget elementor-widget-image-box\" data-id=\"651f5f4\" data-element_type=\"widget\" data-e-type=\"widget\" data-widget_type=\"image-box.default\">\n\t\t\t\t\t<div class=\"elementor-image-box-wrapper\"><figure class=\"elementor-image-box-img\"><a href=\"https:\/\/secoli.com\/pt-br\/eventos\/secoli-fashion-show\/sfs2025\/\" tabindex=\"-1\"><img fetchpriority=\"high\" decoding=\"async\" width=\"1280\" height=\"1920\" src=\"https:\/\/secoli.com\/wp-content\/uploads\/2025\/10\/Venturelli-5June-DV2_3794-min-scaled.webp\" class=\"elementor-animation-grow attachment-full size-full wp-image-42153\" alt=\"Venturelli 5June DV2 3794 min scaled\" srcset=\"https:\/\/secoli.com\/wp-content\/uploads\/2025\/10\/Venturelli-5June-DV2_3794-min-scaled.webp 1280w, https:\/\/secoli.com\/wp-content\/uploads\/2025\/10\/Venturelli-5June-DV2_3794-min-200x300.webp 200w, https:\/\/secoli.com\/wp-content\/uploads\/2025\/10\/Venturelli-5June-DV2_3794-min-683x1024.webp 683w, https:\/\/secoli.com\/wp-content\/uploads\/2025\/10\/Venturelli-5June-DV2_3794-min-768x1152.webp 768w, https:\/\/secoli.com\/wp-content\/uploads\/2025\/10\/Venturelli-5June-DV2_3794-min-1024x1536.webp 1024w\" sizes=\"(max-width: 1280px) 100vw, 1280px\" \/><\/a><\/figure><div class=\"elementor-image-box-content\"><h4 class=\"elementor-image-box-title\"><a href=\"https:\/\/secoli.com\/pt-br\/eventos\/secoli-fashion-show\/sfs2025\/\">secoli fashion show 2025<\/a><\/h4><p class=\"elementor-image-box-description\">THAUMA <br>PROJE\u00c7\u00d5ES DO INESPERADO<\/p><\/div><\/div>\t\t\t\t<\/div>\n\t\t\t\t<div class=\"elementor-element elementor-element-fb206f4 elementor-widget__width-initial elementor-widget-mobile__width-inherit elementor-position-top elementor-widget elementor-widget-image-box\" data-id=\"fb206f4\" data-element_type=\"widget\" data-e-type=\"widget\" data-widget_type=\"image-box.default\">\n\t\t\t\t\t<div class=\"elementor-image-box-wrapper\"><figure class=\"elementor-image-box-img\"><a href=\"https:\/\/secoli.com\/pt-br\/eventos\/secoli-fashion-show\/sfs2024\/\" tabindex=\"-1\"><img decoding=\"async\" width=\"1280\" height=\"1920\" src=\"https:\/\/secoli.com\/wp-content\/uploads\/2025\/10\/1_LAUREATRIENNALEBA_Venturelli-6June-DV1_9966_MichelaSantegidiJPG-scaled.webp\" class=\"elementor-animation-grow attachment-full size-full wp-image-48578\" alt=\"1 LAUREATRIENNALEBA Venturelli 6June DV1 9966 MichelaSantegidiJPG scaled\" srcset=\"https:\/\/secoli.com\/wp-content\/uploads\/2025\/10\/1_LAUREATRIENNALEBA_Venturelli-6June-DV1_9966_MichelaSantegidiJPG-scaled.webp 1280w, https:\/\/secoli.com\/wp-content\/uploads\/2025\/10\/1_LAUREATRIENNALEBA_Venturelli-6June-DV1_9966_MichelaSantegidiJPG-200x300.webp 200w, https:\/\/secoli.com\/wp-content\/uploads\/2025\/10\/1_LAUREATRIENNALEBA_Venturelli-6June-DV1_9966_MichelaSantegidiJPG-683x1024.webp 683w, https:\/\/secoli.com\/wp-content\/uploads\/2025\/10\/1_LAUREATRIENNALEBA_Venturelli-6June-DV1_9966_MichelaSantegidiJPG-768x1152.webp 768w, https:\/\/secoli.com\/wp-content\/uploads\/2025\/10\/1_LAUREATRIENNALEBA_Venturelli-6June-DV1_9966_MichelaSantegidiJPG-1024x1536.webp 1024w\" sizes=\"(max-width: 1280px) 100vw, 1280px\" \/><\/a><\/figure><div class=\"elementor-image-box-content\"><h4 class=\"elementor-image-box-title\"><a href=\"https:\/\/secoli.com\/pt-br\/eventos\/secoli-fashion-show\/sfs2024\/\">secoli fashion show 2024<\/a><\/h4><p class=\"elementor-image-box-description\">DIACRONIAS <br>CENAS DO TEMPO<\/p><\/div><\/div>\t\t\t\t<\/div>\n\t\t\t\t<div class=\"elementor-element elementor-element-c21d95d elementor-widget__width-initial elementor-widget-mobile__width-inherit elementor-position-top elementor-widget elementor-widget-image-box\" data-id=\"c21d95d\" data-element_type=\"widget\" data-e-type=\"widget\" data-widget_type=\"image-box.default\">\n\t\t\t\t\t<div class=\"elementor-image-box-wrapper\"><figure class=\"elementor-image-box-img\"><a href=\"https:\/\/secoli.com\/pt-br\/eventos\/secoli-fashion-show\/sfs2023\/\" tabindex=\"-1\"><img decoding=\"async\" width=\"512\" height=\"768\" src=\"https:\/\/secoli.com\/wp-content\/uploads\/2025\/10\/sfi_oltre_levidenza_70_2.webp\" class=\"elementor-animation-grow attachment-full size-full wp-image-48575\" alt=\"sfi oltre levidenza 70 2\" srcset=\"https:\/\/secoli.com\/wp-content\/uploads\/2025\/10\/sfi_oltre_levidenza_70_2.webp 512w, https:\/\/secoli.com\/wp-content\/uploads\/2025\/10\/sfi_oltre_levidenza_70_2-200x300.webp 200w\" sizes=\"(max-width: 512px) 100vw, 512px\" \/><\/a><\/figure><div class=\"elementor-image-box-content\"><h4 class=\"elementor-image-box-title\"><a href=\"https:\/\/secoli.com\/pt-br\/eventos\/secoli-fashion-show\/sfs2023\/\">secoli fashion show 2023<\/a><\/h4><p class=\"elementor-image-box-description\">WHERE HERE<br>\u201cWhat you create depends on what you see\u201d<\/p><\/div><\/div>\t\t\t\t<\/div>\n\t\t\t\t<div class=\"elementor-element elementor-element-f4edaaa elementor-widget__width-initial elementor-widget-mobile__width-inherit elementor-position-top elementor-widget elementor-widget-image-box\" data-id=\"f4edaaa\" data-element_type=\"widget\" data-e-type=\"widget\" data-widget_type=\"image-box.default\">\n\t\t\t\t\t<div class=\"elementor-image-box-wrapper\"><figure class=\"elementor-image-box-img\"><a href=\"https:\/\/secoli.com\/pt-br\/eventos\/secoli-fashion-show\/sfs2022\/\" tabindex=\"-1\"><img loading=\"lazy\" decoding=\"async\" width=\"733\" height=\"1100\" src=\"https:\/\/secoli.com\/wp-content\/uploads\/2025\/10\/sfi_secoli_fashion_show_2022___sense2_22_2-1.webp\" class=\"elementor-animation-grow attachment-full size-full wp-image-48342\" alt=\"sfi secoli fashion show 2022   sense2 22 2 1\" srcset=\"https:\/\/secoli.com\/wp-content\/uploads\/2025\/10\/sfi_secoli_fashion_show_2022___sense2_22_2-1.webp 733w, https:\/\/secoli.com\/wp-content\/uploads\/2025\/10\/sfi_secoli_fashion_show_2022___sense2_22_2-1-200x300.webp 200w, https:\/\/secoli.com\/wp-content\/uploads\/2025\/10\/sfi_secoli_fashion_show_2022___sense2_22_2-1-682x1024.webp 682w\" sizes=\"(max-width: 733px) 100vw, 733px\" \/><\/a><\/figure><div class=\"elementor-image-box-content\"><h4 class=\"elementor-image-box-title\"><a href=\"https:\/\/secoli.com\/pt-br\/eventos\/secoli-fashion-show\/sfs2022\/\">secoli fashion show 2022<\/a><\/h4><p class=\"elementor-image-box-description\">SENSE <br>Como ato do \u201csentir est\u00e9tico\u201d<\/p><\/div><\/div>\t\t\t\t<\/div>\n\t\t\t\t<div class=\"elementor-element elementor-element-2202cc2 elementor-widget__width-initial elementor-widget-mobile__width-inherit elementor-position-top elementor-widget elementor-widget-image-box\" data-id=\"2202cc2\" data-element_type=\"widget\" data-e-type=\"widget\" data-widget_type=\"image-box.default\">\n\t\t\t\t\t<div class=\"elementor-image-box-wrapper\"><figure class=\"elementor-image-box-img\"><a href=\"https:\/\/secoli.com\/pt-br\/eventos\/secoli-fashion-show\/sfs2021\/\" tabindex=\"-1\"><img loading=\"lazy\" decoding=\"async\" width=\"512\" height=\"768\" src=\"https:\/\/secoli.com\/wp-content\/uploads\/2025\/10\/sfi_r_ge_ne_ra_a2_55_2.webp\" class=\"elementor-animation-grow attachment-full size-full wp-image-48576\" alt=\"sfi r ge ne ra a2 55 2\" srcset=\"https:\/\/secoli.com\/wp-content\/uploads\/2025\/10\/sfi_r_ge_ne_ra_a2_55_2.webp 512w, https:\/\/secoli.com\/wp-content\/uploads\/2025\/10\/sfi_r_ge_ne_ra_a2_55_2-200x300.webp 200w\" sizes=\"(max-width: 512px) 100vw, 512px\" \/><\/a><\/figure><div class=\"elementor-image-box-content\"><h4 class=\"elementor-image-box-title\"><a href=\"https:\/\/secoli.com\/pt-br\/eventos\/secoli-fashion-show\/sfs2021\/\">secoli fashion show<br>2021<\/a><\/h4><p class=\"elementor-image-box-description\">GE.NE.RA <br>leva \u00e0 cria\u00e7\u00e3o de \u201cGE.NE.RI\u201d.<\/p><\/div><\/div>\t\t\t\t<\/div>\n\t\t\t\t<\/div>\n\t\t\t\t<\/div>\n\t\t\t\t<\/div>\n\t\t\t\t<div class=\"elementor-element elementor-element-4ef619c elementor-widget elementor-widget-heading\" data-id=\"4ef619c\" data-element_type=\"widget\" data-e-type=\"widget\" data-widget_type=\"heading.default\">\n\t\t\t\t\t<h2 class=\"elementor-heading-title elementor-size-default\">NOSSOS PARCEIROS<\/h2>\t\t\t\t<\/div>\n\t\t\t\t<div class=\"elementor-element elementor-element-9ab9c15 elementor-widget elementor-widget-text-editor\" data-id=\"9ab9c15\" data-element_type=\"widget\" data-e-type=\"widget\" data-widget_type=\"text-editor.default\">\n\t\t\t\t\t\t\t\t\t<p>O Fashion Show \u00e9 apoiado por institui\u00e7\u00f5es e parceiros que acreditam no valor da forma\u00e7\u00e3o e acompanham os percursos dos estudantes com visitas a empresas, acesso a materiais e tecnologias avan\u00e7adas e momentos de discuss\u00e3o profissional: um ecossistema onde escola, empresa e Made in Italy se encontram para contar \u2014 com rigor e criatividade \u2014 o futuro da moda.<\/p>\t\t\t\t\t\t\t\t<\/div>\n\t\t\t\t<div class=\"elementor-element elementor-element-2db5434 elementor-widget elementor-widget-heading\" data-id=\"2db5434\" data-element_type=\"widget\" data-e-type=\"widget\" data-widget_type=\"heading.default\">\n\t\t\t\t\t<h5 class=\"elementor-heading-title elementor-size-default\">parceiros institucionais<\/h5>\t\t\t\t<\/div>\n\t\t\t\t<div class=\"elementor-element elementor-element-81d13fc elementor-widget elementor-widget-text-editor\" data-id=\"81d13fc\" data-element_type=\"widget\" data-e-type=\"widget\" data-widget_type=\"text-editor.default\">\n\t\t\t\t\t\t\t\t\t<ul><li><a href=\"https:\/\/www.regione.lombardia.it\/\">Regione Lombardia<\/a><\/li><li><a href=\"https:\/\/www.comune.milano.it\/?\">Comune di Milano<\/a><\/li><li><a href=\"https:\/\/www.antia.com\/\">ANTIA ETS \u2013 Associa\u00e7\u00e3o Nacional de T\u00e9cnicos Profissionais<\/a><\/li><li><a href=\"https:\/\/www.cameramoda.it\/\">Sistema de Moda<\/a><\/li><li><a href=\"https:\/\/www.cameramoda.it\/\">C\u00e2mara Nacional da Moda Italiana<\/a><\/li><li><a href=\"https:\/\/www.iacde.net\/\">IACDE \u2013 International Association of Clothing Designers and Executives<\/a><\/li><li><a href=\"https:\/\/piattaformamoda.it\/\">Plataforma Sistema Formativo Moda ETS<\/a><\/li><\/ul>\t\t\t\t\t\t\t\t<\/div>\n\t\t\t\t<div class=\"elementor-element elementor-element-4e56de6 elementor-widget elementor-widget-heading\" data-id=\"4e56de6\" data-element_type=\"widget\" data-e-type=\"widget\" data-widget_type=\"heading.default\">\n\t\t\t\t\t<h5 class=\"elementor-heading-title elementor-size-default\">parceiros corporativos<\/h5>\t\t\t\t<\/div>\n\t\t\t\t<div class=\"elementor-element elementor-element-a5e71e6 elementor-widget elementor-widget-text-editor\" data-id=\"a5e71e6\" data-element_type=\"widget\" data-e-type=\"widget\" data-widget_type=\"text-editor.default\">\n\t\t\t\t\t\t\t\t\t<ul><li><a href=\"https:\/\/www.albinigroup.com\/\">Albini Group<\/a><\/li><li><a href=\"https:\/\/www.asahi-kasei.com\/fibers\/bemberg\/\">Asahi Kasei Fibers Italia \u2013 Bemberg\u2122<\/a><\/li><li><a href=\"https:\/\/www.brunello.com\/\">Brunello S.p.A<\/a><\/li><li><a href=\"https:\/\/www.candianidenim.it\/\">Candiani Denim <\/a><\/li><li><a href=\"https:\/\/www.creazionidigitali.it\/\">Creazioni Digitali<\/a><\/li><li><a href=\"https:\/\/www.eurojersey.com\/\">Eurojersey<\/a><\/li><li><a href=\"https:\/\/www.lectra.com\/\">Lectra<\/a> <\/li><li><a href=\"https:\/\/www.lisagroup.it\/\">Lisa Group<\/a><\/li><li><a href=\"https:\/\/www.luxuryjersey.it\/\">Luxury Jersey<\/a><\/li><li><a href=\"https:\/\/www.macpi.it\/\">MACPI Group<\/a><\/li><li><a href=\"https:\/\/www.stratasys.com\/\">Stratasys <\/a><\/li><li><a href=\"https:\/\/www.grisotto.com\/\">Tessitura Grisotto<\/a><\/li><li><a href=\"https:\/\/nextcouture.it\/\">NextCouture<\/a><\/li><\/ul>\t\t\t\t\t\t\t\t<\/div>\n\t\t\t\t<div class=\"elementor-element elementor-element-eb8eac3 elementor-widget elementor-widget-heading\" data-id=\"eb8eac3\" data-element_type=\"widget\" data-e-type=\"widget\" data-widget_type=\"heading.default\">\n\t\t\t\t\t<h5 class=\"elementor-heading-title elementor-size-default\">parceiros de m\u00eddia<\/h5>\t\t\t\t<\/div>\n\t\t\t\t<div class=\"elementor-element elementor-element-01909bb elementor-widget elementor-widget-text-editor\" data-id=\"01909bb\" data-element_type=\"widget\" data-e-type=\"widget\" data-widget_type=\"text-editor.default\">\n\t\t\t\t\t\t\t\t\t<ul><li><a href=\"https:\/\/www.technofashion.it\/\">Technofashion<\/a><\/li><li><a href=\"https:\/\/super-zoom.com\/\">Zoom on Fashion trend<\/a><\/li><\/ul>\t\t\t\t\t\t\t\t<\/div>\n\t\t\t\t<div class=\"elementor-element elementor-element-f9fc947 elementor-widget elementor-widget-spacer\" data-id=\"f9fc947\" data-element_type=\"widget\" data-e-type=\"widget\" data-widget_type=\"spacer.default\">\n\t\t\t\t\t\t\t<div class=\"elementor-spacer\">\n\t\t\t<div class=\"elementor-spacer-inner\"><\/div>\n\t\t<\/div>\n\t\t\t\t\t\t<\/div>\n\t\t\t\t<\/div>\n\t\t<div class=\"elementor-element elementor-element-582853a e-con-full e-flex e-con e-child\" data-id=\"582853a\" data-element_type=\"container\" data-e-type=\"container\">\n\t\t\t\t<div class=\"elementor-element elementor-element-1022497 elementor-widget elementor-widget-heading\" data-id=\"1022497\" data-element_type=\"widget\" data-e-type=\"widget\" data-widget_type=\"heading.default\">\n\t\t\t\t\t<h2 class=\"elementor-heading-title elementor-size-default\">Eventos<\/h2>\t\t\t\t<\/div>\n\t\t\t\t<div class=\"elementor-element elementor-element-d6aff33 elementor-widget elementor-widget-shortcode\" data-id=\"d6aff33\" data-element_type=\"widget\" data-e-type=\"widget\" data-widget_type=\"shortcode.default\">\n\t\t\t\t\t\t\t<div class=\"elementor-shortcode\"><ul class=\"lista-pagine-figlie-shortcode\"><li><a href=\"https:\/\/secoli.com\/pt-br\/eventos\/secoli-fashion-show\/sfs2021\/\">SFS2021<\/a><\/li><li><a href=\"https:\/\/secoli.com\/pt-br\/eventos\/secoli-fashion-show\/sfs2022\/\">SFS2022<\/a><\/li><li><a href=\"https:\/\/secoli.com\/pt-br\/eventos\/secoli-fashion-show\/sfs2023\/\">SFS2023<\/a><\/li><li><a href=\"https:\/\/secoli.com\/pt-br\/eventos\/secoli-fashion-show\/sfs2024\/\">SFS2024<\/a><\/li><li><a href=\"https:\/\/secoli.com\/pt-br\/eventos\/secoli-fashion-show\/sfs2025\/\">SFS2025<\/a><\/li><\/ul><\/div>\n\t\t\t\t\t\t<\/div>\n\t\t\t\t<\/div>\n\t\t\t\t<\/div>\n\t\t\t\t<\/div>\n\t\t","protected":false},"excerpt":{"rendered":"<p>SECOLI FASHION SHOW A excel\u00eancia da forma\u00e7\u00e3o em moda Made in Italy O Secoli Fashion Show representa um dos momentos mais aguardados do ano acad\u00eamico do Istituto Secoli, escola de refer\u00eancia para a educa\u00e7\u00e3o em moda em Mil\u00e3o. O evento exibe o talento e a criatividade dos estudantes de design de moda, modelagem e confec\u00e7\u00e3o, [&hellip;]<\/p>\n","protected":false},"author":1,"featured_media":0,"parent":48386,"menu_order":0,"comment_status":"closed","ping_status":"closed","template":"","meta":{"_acf_changed":false,"inline_featured_image":false,"footnotes":""},"class_list":["post-48572","page","type-page","status-publish","hentry"],"acf":[],"_links":{"self":[{"href":"https:\/\/secoli.com\/pt-br\/wp-json\/wp\/v2\/pages\/48572","targetHints":{"allow":["GET"]}}],"collection":[{"href":"https:\/\/secoli.com\/pt-br\/wp-json\/wp\/v2\/pages"}],"about":[{"href":"https:\/\/secoli.com\/pt-br\/wp-json\/wp\/v2\/types\/page"}],"author":[{"embeddable":true,"href":"https:\/\/secoli.com\/pt-br\/wp-json\/wp\/v2\/users\/1"}],"replies":[{"embeddable":true,"href":"https:\/\/secoli.com\/pt-br\/wp-json\/wp\/v2\/comments?post=48572"}],"version-history":[{"count":2,"href":"https:\/\/secoli.com\/pt-br\/wp-json\/wp\/v2\/pages\/48572\/revisions"}],"predecessor-version":[{"id":53716,"href":"https:\/\/secoli.com\/pt-br\/wp-json\/wp\/v2\/pages\/48572\/revisions\/53716"}],"up":[{"embeddable":true,"href":"https:\/\/secoli.com\/pt-br\/wp-json\/wp\/v2\/pages\/48386"}],"wp:attachment":[{"href":"https:\/\/secoli.com\/pt-br\/wp-json\/wp\/v2\/media?parent=48572"}],"curies":[{"name":"wp","href":"https:\/\/api.w.org\/{rel}","templated":true}]}}