{"id":48454,"date":"2025-09-11T08:23:59","date_gmt":"2025-09-11T06:23:59","guid":{"rendered":"https:\/\/secoli.com\/institucional\/regulamentos\/"},"modified":"2025-11-24T21:48:00","modified_gmt":"2025-11-24T20:48:00","slug":"regulamentos","status":"publish","type":"page","link":"https:\/\/secoli.com\/pt-br\/istituto-secoli\/institucional\/regulamentos\/","title":{"rendered":"Regulamentos"},"content":{"rendered":"\t\t<div data-elementor-type=\"wp-page\" data-elementor-id=\"48454\" class=\"elementor elementor-48454 elementor-39579\" data-elementor-post-type=\"page\">\n\t\t\t\t<div class=\"elementor-element elementor-element-a0f864c e-con-full e-flex e-con e-parent\" data-id=\"a0f864c\" data-element_type=\"container\" data-e-type=\"container\">\n\t\t<div class=\"elementor-element elementor-element-e264503 e-con-full e-flex e-con e-child\" data-id=\"e264503\" data-element_type=\"container\" data-e-type=\"container\">\n\t\t<div class=\"elementor-element elementor-element-2d7be2d e-con-full e-flex e-con e-child\" data-id=\"2d7be2d\" data-element_type=\"container\" data-e-type=\"container\" data-settings=\"{&quot;background_background&quot;:&quot;classic&quot;,&quot;background_motion_fx_motion_fx_scrolling&quot;:&quot;yes&quot;,&quot;background_motion_fx_translateX_effect&quot;:&quot;yes&quot;,&quot;background_motion_fx_translateX_direction&quot;:&quot;negative&quot;,&quot;background_motion_fx_translateX_speed&quot;:{&quot;unit&quot;:&quot;px&quot;,&quot;size&quot;:6,&quot;sizes&quot;:[]},&quot;background_motion_fx_translateX_affectedRange&quot;:{&quot;unit&quot;:&quot;%&quot;,&quot;size&quot;:&quot;&quot;,&quot;sizes&quot;:{&quot;start&quot;:0,&quot;end&quot;:100}},&quot;background_motion_fx_devices&quot;:[&quot;desktop&quot;,&quot;tablet&quot;,&quot;mobile&quot;]}\">\n\t\t<div class=\"elementor-element elementor-element-af9e3ec e-flex e-con-boxed e-con e-child\" data-id=\"af9e3ec\" data-element_type=\"container\" data-e-type=\"container\" data-settings=\"{&quot;background_background&quot;:&quot;classic&quot;,&quot;shape_divider_top&quot;:&quot;opacity-tilt&quot;}\">\n\t\t\t\t\t<div class=\"e-con-inner\">\n\t\t\t\t<div class=\"elementor-shape elementor-shape-top\" aria-hidden=\"true\" data-negative=\"false\">\n\t\t\t<svg xmlns=\"http:\/\/www.w3.org\/2000\/svg\" viewBox=\"0 0 2600 131.1\" preserveAspectRatio=\"none\">\n\t<path class=\"elementor-shape-fill\" d=\"M0 0L2600 0 2600 69.1 0 0z\"\/>\n\t<path class=\"elementor-shape-fill\" style=\"opacity:0.5\" d=\"M0 0L2600 0 2600 69.1 0 69.1z\"\/>\n\t<path class=\"elementor-shape-fill\" style=\"opacity:0.25\" d=\"M2600 0L0 0 0 130.1 2600 69.1z\"\/>\n<\/svg>\t\t<\/div>\n\t\t\t\t<div class=\"elementor-element elementor-element-4ee2979 elementor-widget elementor-widget-heading\" data-id=\"4ee2979\" data-element_type=\"widget\" data-e-type=\"widget\" data-widget_type=\"heading.default\">\n\t\t\t\t\t<h2 class=\"elementor-heading-title elementor-size-default\">Regulamentos<\/h2>\t\t\t\t<\/div>\n\t\t\t\t<div class=\"elementor-element elementor-element-4423d74 elementor-widget elementor-widget-text-editor\" data-id=\"4423d74\" data-element_type=\"widget\" data-e-type=\"widget\" data-widget_type=\"text-editor.default\">\n\t\t\t\t\t\t\t\t\t<p>O Instituto Secoli possui um Regulamento Acad\u00eamico que rege a organiza\u00e7\u00e3o did\u00e1tica e o plano de forma\u00e7\u00e3o das atividades de ensino.<\/p>\n<ul>\n<li><a href=\"https:\/\/secoli.com\/wp-content\/uploads\/2025\/10\/Regolamento-Docenti-rev.-11.pdf\">Regulamento dos Professores<\/a><\/li>\n<li><a href=\"https:\/\/secoli.com\/wp-content\/uploads\/2025\/10\/Regolamento-degli-spazi-dellIstituto-Secoli-ad-uso-degli-Studenti-rev.03.pdf\">Regulamento dos espa\u00e7os do Instituto Secoli para uso dos Estudantes<\/a><\/li>\n<li><a href=\"https:\/\/secoli.com\/wp-content\/uploads\/2025\/10\/Regolamento-per-lottenimento-dei-crediti-autonomi-rev.01-del11_22.pdf\">Regulamento para obten\u00e7\u00e3o de cr\u00e9ditos aut\u00f4nomos<\/a><\/li>\n<li><a href=\"https:\/\/secoli.com\/wp-content\/uploads\/2025\/10\/Linee-guida-per-il-riconoscimento-crediti-da-trasferimento-rev.00-del-03_25.pdf\">Diretrizes para o reconhecimento de cr\u00e9ditos por transfer\u00eancia<\/a><\/li>\n<li><a href=\"https:\/\/secoli.com\/wp-content\/uploads\/2025\/10\/Regolamento-e-modulistica-per-lattivazione-dellidentita-alias.-Rev00-del-giugno-2025.pdf\">Regulamento e formul\u00e1rios para ativa\u00e7\u00e3o da identidade alias<\/a><\/li>\n<li><a href=\"https:\/\/secoli.com\/wp-content\/uploads\/2025\/10\/REGOLAMENTO_DIDATTICO_REV03_30-10-2023.pdf\">Regulamento Acad\u00eamico<\/a><br> <br> <\/li>\n<\/ul>\t\t\t\t\t\t\t\t<\/div>\n\t\t\t\t\t<\/div>\n\t\t\t\t<\/div>\n\t\t\t\t<\/div>\n\t\t<div class=\"elementor-element elementor-element-fc6453e e-con-full e-flex e-con e-child\" data-id=\"fc6453e\" data-element_type=\"container\" data-e-type=\"container\" data-settings=\"{&quot;background_background&quot;:&quot;classic&quot;,&quot;background_motion_fx_motion_fx_scrolling&quot;:&quot;yes&quot;,&quot;background_motion_fx_translateX_effect&quot;:&quot;yes&quot;,&quot;background_motion_fx_translateX_speed&quot;:{&quot;unit&quot;:&quot;px&quot;,&quot;size&quot;:6,&quot;sizes&quot;:[]},&quot;background_motion_fx_translateX_affectedRange&quot;:{&quot;unit&quot;:&quot;%&quot;,&quot;size&quot;:&quot;&quot;,&quot;sizes&quot;:{&quot;start&quot;:0,&quot;end&quot;:100}},&quot;background_motion_fx_devices&quot;:[&quot;desktop&quot;,&quot;tablet&quot;,&quot;mobile&quot;]}\">\n\t\t<div class=\"elementor-element elementor-element-c32724f e-flex e-con-boxed e-con e-child\" data-id=\"c32724f\" data-element_type=\"container\" data-e-type=\"container\" data-settings=\"{&quot;background_background&quot;:&quot;classic&quot;,&quot;shape_divider_top&quot;:&quot;opacity-tilt&quot;}\">\n\t\t\t\t\t<div class=\"e-con-inner\">\n\t\t\t\t<div class=\"elementor-shape elementor-shape-top\" aria-hidden=\"true\" data-negative=\"false\">\n\t\t\t<svg xmlns=\"http:\/\/www.w3.org\/2000\/svg\" viewBox=\"0 0 2600 131.1\" preserveAspectRatio=\"none\">\n\t<path class=\"elementor-shape-fill\" d=\"M0 0L2600 0 2600 69.1 0 0z\"\/>\n\t<path class=\"elementor-shape-fill\" style=\"opacity:0.5\" d=\"M0 0L2600 0 2600 69.1 0 69.1z\"\/>\n\t<path class=\"elementor-shape-fill\" style=\"opacity:0.25\" d=\"M2600 0L0 0 0 130.1 2600 69.1z\"\/>\n<\/svg>\t\t<\/div>\n\t\t\t\t<div class=\"elementor-element elementor-element-6a5704a elementor-widget elementor-widget-heading\" data-id=\"6a5704a\" data-element_type=\"widget\" data-e-type=\"widget\" data-widget_type=\"heading.default\">\n\t\t\t\t\t<h2 class=\"elementor-heading-title elementor-size-default\">C\u00f3digo de \u00c9tica e organiza\u00e7\u00e3o conforme a Lei 231<\/h2>\t\t\t\t<\/div>\n\t\t\t\t<div class=\"elementor-element elementor-element-62ad7b9 elementor-widget elementor-widget-text-editor\" data-id=\"62ad7b9\" data-element_type=\"widget\" data-e-type=\"widget\" data-widget_type=\"text-editor.default\">\n\t\t\t\t\t\t\t\t\t<p>O Instituto Secoli implementou procedimentos destinados a garantir a transpar\u00eancia nos processos administrativos e nas opera\u00e7\u00f5es da institui\u00e7\u00e3o.<\/p>\n<p>Em conformidade com os padr\u00f5es \u00e9ticos e visando uma gest\u00e3o de acordo com a legisla\u00e7\u00e3o, o Instituto adotou um rigoroso C\u00f3digo de \u00c9tica e estabeleceu um Organismo de Vigil\u00e2ncia conforme a Lei 231.<\/p>\n<p>Essas medidas demonstram o compromisso do Instituto Secoli em promover uma cultura organizacional baseada na integridade, responsabilidade e respeito \u00e0s normas vigentes.<\/p>\n<ul>\n<li><a href=\"https:\/\/secoli.com\/wp-content\/uploads\/2025\/10\/Istituto-Secoli_Parte-Generale-Modello_Rev.11_2022.doc.pdf\">Projeto Compliance 231<\/a><\/li>\n<\/ul>\t\t\t\t\t\t\t\t<\/div>\n\t\t\t\t\t<\/div>\n\t\t\t\t<\/div>\n\t\t\t\t<\/div>\n\t\t\t\t<\/div>\n\t\t<div class=\"elementor-element elementor-element-3e9f208 e-con-full e-flex e-con e-child\" data-id=\"3e9f208\" data-element_type=\"container\" data-e-type=\"container\">\n\t\t\t\t<div class=\"elementor-element elementor-element-2b2a375 elementor-widget elementor-widget-heading\" data-id=\"2b2a375\" data-element_type=\"widget\" data-e-type=\"widget\" data-widget_type=\"heading.default\">\n\t\t\t\t\t<h2 class=\"elementor-heading-title elementor-size-default\">Institucional<\/h2>\t\t\t\t<\/div>\n\t\t\t\t<div class=\"elementor-element elementor-element-768598c elementor-nav-menu--dropdown-tablet elementor-nav-menu__text-align-aside elementor-nav-menu--toggle elementor-nav-menu--burger elementor-widget elementor-widget-nav-menu\" data-id=\"768598c\" data-element_type=\"widget\" data-e-type=\"widget\" data-settings=\"{&quot;layout&quot;:&quot;vertical&quot;,&quot;submenu_icon&quot;:{&quot;value&quot;:&quot;&lt;svg aria-hidden=\\&quot;true\\&quot; class=\\&quot;e-font-icon-svg e-fas-caret-down\\&quot; viewBox=\\&quot;0 0 320 512\\&quot; xmlns=\\&quot;http:\\\/\\\/www.w3.org\\\/2000\\\/svg\\&quot;&gt;&lt;path d=\\&quot;M31.3 192h257.3c17.8 0 26.7 21.5 14.1 34.1L174.1 354.8c-7.8 7.8-20.5 7.8-28.3 0L17.2 226.1C4.6 213.5 13.5 192 31.3 192z\\&quot;&gt;&lt;\\\/path&gt;&lt;\\\/svg&gt;&quot;,&quot;library&quot;:&quot;fa-solid&quot;},&quot;toggle&quot;:&quot;burger&quot;}\" data-widget_type=\"nav-menu.default\">\n\t\t\t\t\t\t\t\t<nav aria-label=\"Menu\" class=\"elementor-nav-menu--main elementor-nav-menu__container elementor-nav-menu--layout-vertical e--pointer-underline e--animation-fade\">\n\t\t\t\t<ul id=\"menu-1-768598c\" class=\"elementor-nav-menu sm-vertical\"><li class=\"menu-item menu-item-type-post_type menu-item-object-page menu-item-57717\"><a href=\"https:\/\/secoli.com\/pt-br\/istituto-secoli\/institucional\/faq\/\" class=\"elementor-item\">FAQ<\/a><\/li>\n<li class=\"menu-item menu-item-type-post_type menu-item-object-page menu-item-57718\"><a href=\"https:\/\/secoli.com\/pt-br\/istituto-secoli\/institucional\/orgaos-academicos\/\" class=\"elementor-item\">\u00d3rg\u00e3os Acad\u00eamicos<\/a><\/li>\n<li class=\"menu-item menu-item-type-post_type menu-item-object-page menu-item-57719\"><a href=\"https:\/\/secoli.com\/pt-br\/istituto-secoli\/institucional\/regulamentos\/\" class=\"elementor-item\">Regulamentos<\/a><\/li>\n<li class=\"menu-item menu-item-type-post_type menu-item-object-page menu-item-57720\"><a href=\"https:\/\/secoli.com\/pt-br\/istituto-secoli\/institucional\/bolsas-de-estudo-dsu\/\" class=\"elementor-item\">Bolsas de Estudo DSU<\/a><\/li>\n<li class=\"menu-item menu-item-type-post_type menu-item-object-page menu-item-57721\"><a href=\"https:\/\/secoli.com\/pt-br\/istituto-secoli\/institucional\/editais-de-recrutamento-de-professores\/\" class=\"elementor-item\">Editais de Recrutamento de Professores<\/a><\/li>\n<li class=\"menu-item menu-item-type-post_type menu-item-object-page menu-item-57728\"><a href=\"https:\/\/secoli.com\/pt-br\/istituto-secoli\/institucional\/politica-de-privacidade\/\" class=\"elementor-item\">Pol\u00edtica de Privacidade<\/a><\/li>\n<\/ul>\t\t\t<\/nav>\n\t\t\t\t\t<div class=\"elementor-menu-toggle\" role=\"button\" tabindex=\"0\" aria-label=\"Alternar menu\" aria-expanded=\"false\">\n\t\t\t<svg aria-hidden=\"true\" role=\"presentation\" class=\"elementor-menu-toggle__icon--open e-font-icon-svg e-eicon-menu-bar\" viewBox=\"0 0 1000 1000\" xmlns=\"http:\/\/www.w3.org\/2000\/svg\"><path d=\"M104 333H896C929 333 958 304 958 271S929 208 896 208H104C71 208 42 237 42 271S71 333 104 333ZM104 583H896C929 583 958 554 958 521S929 458 896 458H104C71 458 42 487 42 521S71 583 104 583ZM104 833H896C929 833 958 804 958 771S929 708 896 708H104C71 708 42 737 42 771S71 833 104 833Z\"><\/path><\/svg><svg aria-hidden=\"true\" role=\"presentation\" class=\"elementor-menu-toggle__icon--close e-font-icon-svg e-eicon-close\" viewBox=\"0 0 1000 1000\" xmlns=\"http:\/\/www.w3.org\/2000\/svg\"><path d=\"M742 167L500 408 258 167C246 154 233 150 217 150 196 150 179 158 167 167 154 179 150 196 150 212 150 229 154 242 171 254L408 500 167 742C138 771 138 800 167 829 196 858 225 858 254 829L496 587 738 829C750 842 767 846 783 846 800 846 817 842 829 829 842 817 846 804 846 783 846 767 842 750 829 737L588 500 833 258C863 229 863 200 833 171 804 137 775 137 742 167Z\"><\/path><\/svg>\t\t<\/div>\n\t\t\t\t\t<nav class=\"elementor-nav-menu--dropdown elementor-nav-menu__container\" aria-hidden=\"true\">\n\t\t\t\t<ul id=\"menu-2-768598c\" class=\"elementor-nav-menu sm-vertical\"><li class=\"menu-item menu-item-type-post_type menu-item-object-page menu-item-57717\"><a href=\"https:\/\/secoli.com\/pt-br\/istituto-secoli\/institucional\/faq\/\" class=\"elementor-item\" tabindex=\"-1\">FAQ<\/a><\/li>\n<li class=\"menu-item menu-item-type-post_type menu-item-object-page menu-item-57718\"><a href=\"https:\/\/secoli.com\/pt-br\/istituto-secoli\/institucional\/orgaos-academicos\/\" class=\"elementor-item\" tabindex=\"-1\">\u00d3rg\u00e3os Acad\u00eamicos<\/a><\/li>\n<li class=\"menu-item menu-item-type-post_type menu-item-object-page menu-item-57719\"><a href=\"https:\/\/secoli.com\/pt-br\/istituto-secoli\/institucional\/regulamentos\/\" class=\"elementor-item\" tabindex=\"-1\">Regulamentos<\/a><\/li>\n<li class=\"menu-item menu-item-type-post_type menu-item-object-page menu-item-57720\"><a href=\"https:\/\/secoli.com\/pt-br\/istituto-secoli\/institucional\/bolsas-de-estudo-dsu\/\" class=\"elementor-item\" tabindex=\"-1\">Bolsas de Estudo DSU<\/a><\/li>\n<li class=\"menu-item menu-item-type-post_type menu-item-object-page menu-item-57721\"><a href=\"https:\/\/secoli.com\/pt-br\/istituto-secoli\/institucional\/editais-de-recrutamento-de-professores\/\" class=\"elementor-item\" tabindex=\"-1\">Editais de Recrutamento de Professores<\/a><\/li>\n<li class=\"menu-item menu-item-type-post_type menu-item-object-page menu-item-57728\"><a href=\"https:\/\/secoli.com\/pt-br\/istituto-secoli\/institucional\/politica-de-privacidade\/\" class=\"elementor-item\" tabindex=\"-1\">Pol\u00edtica de Privacidade<\/a><\/li>\n<\/ul>\t\t\t<\/nav>\n\t\t\t\t\t\t<\/div>\n\t\t\t\t<\/div>\n\t\t\t\t<\/div>\n\t\t\t\t<\/div>\n\t\t","protected":false},"excerpt":{"rendered":"<p>Regulamentos O Instituto Secoli possui um Regulamento Acad\u00eamico que rege a organiza\u00e7\u00e3o did\u00e1tica e o plano de forma\u00e7\u00e3o das atividades de ensino. Regulamento dos Professores Regulamento dos espa\u00e7os do Instituto Secoli para uso dos Estudantes Regulamento para obten\u00e7\u00e3o de cr\u00e9ditos aut\u00f4nomos Diretrizes para o reconhecimento de cr\u00e9ditos por transfer\u00eancia Regulamento e formul\u00e1rios para ativa\u00e7\u00e3o da [&hellip;]<\/p>\n","protected":false},"author":1,"featured_media":0,"parent":48430,"menu_order":0,"comment_status":"closed","ping_status":"closed","template":"","meta":{"_acf_changed":false,"inline_featured_image":false,"footnotes":""},"class_list":["post-48454","page","type-page","status-publish","hentry"],"acf":[],"_links":{"self":[{"href":"https:\/\/secoli.com\/pt-br\/wp-json\/wp\/v2\/pages\/48454","targetHints":{"allow":["GET"]}}],"collection":[{"href":"https:\/\/secoli.com\/pt-br\/wp-json\/wp\/v2\/pages"}],"about":[{"href":"https:\/\/secoli.com\/pt-br\/wp-json\/wp\/v2\/types\/page"}],"author":[{"embeddable":true,"href":"https:\/\/secoli.com\/pt-br\/wp-json\/wp\/v2\/users\/1"}],"replies":[{"embeddable":true,"href":"https:\/\/secoli.com\/pt-br\/wp-json\/wp\/v2\/comments?post=48454"}],"version-history":[{"count":1,"href":"https:\/\/secoli.com\/pt-br\/wp-json\/wp\/v2\/pages\/48454\/revisions"}],"predecessor-version":[{"id":48460,"href":"https:\/\/secoli.com\/pt-br\/wp-json\/wp\/v2\/pages\/48454\/revisions\/48460"}],"up":[{"embeddable":true,"href":"https:\/\/secoli.com\/pt-br\/wp-json\/wp\/v2\/pages\/48430"}],"wp:attachment":[{"href":"https:\/\/secoli.com\/pt-br\/wp-json\/wp\/v2\/media?parent=48454"}],"curies":[{"name":"wp","href":"https:\/\/api.w.org\/{rel}","templated":true}]}}