{"id":48396,"date":"2025-10-22T07:43:13","date_gmt":"2025-10-22T05:43:13","guid":{"rendered":"https:\/\/secoli.com\/master-executivo\/"},"modified":"2025-11-24T22:04:57","modified_gmt":"2025-11-24T21:04:57","slug":"master-executivo","status":"publish","type":"page","link":"https:\/\/secoli.com\/pt-br\/cursos-de-moda\/master-executivo\/","title":{"rendered":"Master Executivo"},"content":{"rendered":"\t\t<div data-elementor-type=\"wp-page\" data-elementor-id=\"48396\" class=\"elementor elementor-48396 elementor-41722\" data-elementor-post-type=\"page\">\n\t\t\t\t<div class=\"elementor-element elementor-element-6746ff8 e-con-full e-flex e-con e-parent\" data-id=\"6746ff8\" data-element_type=\"container\" data-e-type=\"container\">\n\t\t<div class=\"elementor-element elementor-element-dbaec2c e-con-full e-flex e-con e-child\" data-id=\"dbaec2c\" data-element_type=\"container\" data-e-type=\"container\">\n\t\t<div class=\"elementor-element elementor-element-9a59944 e-con-full e-flex e-con e-child\" data-id=\"9a59944\" data-element_type=\"container\" data-e-type=\"container\" data-settings=\"{&quot;background_background&quot;:&quot;classic&quot;,&quot;background_motion_fx_motion_fx_scrolling&quot;:&quot;yes&quot;,&quot;background_motion_fx_translateX_effect&quot;:&quot;yes&quot;,&quot;background_motion_fx_translateX_direction&quot;:&quot;negative&quot;,&quot;background_motion_fx_translateX_speed&quot;:{&quot;unit&quot;:&quot;px&quot;,&quot;size&quot;:6,&quot;sizes&quot;:[]},&quot;background_motion_fx_translateX_affectedRange&quot;:{&quot;unit&quot;:&quot;%&quot;,&quot;size&quot;:&quot;&quot;,&quot;sizes&quot;:{&quot;start&quot;:0,&quot;end&quot;:100}},&quot;background_motion_fx_devices&quot;:[&quot;desktop&quot;,&quot;tablet&quot;,&quot;mobile&quot;]}\">\n\t\t<div class=\"elementor-element elementor-element-1d70f4b e-flex e-con-boxed e-con e-child\" data-id=\"1d70f4b\" data-element_type=\"container\" data-e-type=\"container\" data-settings=\"{&quot;background_background&quot;:&quot;classic&quot;,&quot;shape_divider_top&quot;:&quot;opacity-tilt&quot;}\">\n\t\t\t\t\t<div class=\"e-con-inner\">\n\t\t\t\t<div class=\"elementor-shape elementor-shape-top\" aria-hidden=\"true\" data-negative=\"false\">\n\t\t\t<svg xmlns=\"http:\/\/www.w3.org\/2000\/svg\" viewBox=\"0 0 2600 131.1\" preserveAspectRatio=\"none\">\n\t<path class=\"elementor-shape-fill\" d=\"M0 0L2600 0 2600 69.1 0 0z\"\/>\n\t<path class=\"elementor-shape-fill\" style=\"opacity:0.5\" d=\"M0 0L2600 0 2600 69.1 0 69.1z\"\/>\n\t<path class=\"elementor-shape-fill\" style=\"opacity:0.25\" d=\"M2600 0L0 0 0 130.1 2600 69.1z\"\/>\n<\/svg>\t\t<\/div>\n\t\t\t\t<div class=\"elementor-element elementor-element-59da11b elementor-widget elementor-widget-heading\" data-id=\"59da11b\" data-element_type=\"widget\" data-e-type=\"widget\" data-widget_type=\"heading.default\">\n\t\t\t\t\t<h2 class=\"elementor-heading-title elementor-size-default\">Master Executivo<\/h2>\t\t\t\t<\/div>\n\t\t\t\t<div class=\"elementor-element elementor-element-1feaa4b elementor-widget elementor-widget-text-editor\" data-id=\"1feaa4b\" data-element_type=\"widget\" data-e-type=\"widget\" data-widget_type=\"text-editor.default\">\n\t\t\t\t\t\t\t\t\t<div class=\"box-corso style-two\"><div class=\"custom-btn\"><div class=\"box-testo-corso\"><div class=\"lingua-corso\">Master executivo de gest\u00e3o de moda em Mil\u00e3o, destinado a graduados em \u00e1reas de gest\u00e3o e a profissionais do setor, todos aqueles que, em v\u00e1rios n\u00edveis, atuam na \u00e1rea de produ\u00e7\u00e3o, industrializa\u00e7\u00e3o, prototipagem, qualidade, projeto, produto, custeio e precifica\u00e7\u00e3o, bem como para graduados em Engenharia de Gest\u00e3o interessados nas problem\u00e1ticas das \u00e1reas operacionais do setor de vestu\u00e1rio.<\/div><\/div><div class=\"custom-btn\"> <\/div><\/div><\/div>\t\t\t\t\t\t\t\t<\/div>\n\t\t\t\t\t<\/div>\n\t\t\t\t<\/div>\n\t\t\t\t<\/div>\n\t\t<div class=\"elementor-element elementor-element-084ed69 e-con-full e-flex e-con e-child\" data-id=\"084ed69\" data-element_type=\"container\" data-e-type=\"container\">\n\t\t\t\t<div class=\"elementor-element elementor-element-75887ec elementor-widget-divider--separator-type-pattern elementor-widget-divider--view-line elementor-widget elementor-widget-divider\" data-id=\"75887ec\" data-element_type=\"widget\" data-e-type=\"widget\" data-widget_type=\"divider.default\">\n\t\t\t\t\t\t\t<div class=\"elementor-divider\" style=\"--divider-pattern-url: url(&quot;data:image\/svg+xml,%3Csvg xmlns=&#039;http:\/\/www.w3.org\/2000\/svg&#039; preserveAspectRatio=&#039;none&#039; overflow=&#039;visible&#039; height=&#039;100%&#039; viewBox=&#039;0 0 24 24&#039; fill=&#039;black&#039; stroke=&#039;none&#039;%3E%3Cpolygon points=&#039;9.4,2 24,2 14.6,21.6 0,21.6&#039;\/%3E%3C\/svg%3E&quot;);\">\n\t\t\t<span class=\"elementor-divider-separator\">\n\t\t\t\t\t\t<\/span>\n\t\t<\/div>\n\t\t\t\t\t\t<\/div>\n\t\t\t\t<\/div>\n\t\t<a class=\"elementor-element elementor-element-c86df76 e-con-full e-flex e-con e-child\" data-id=\"c86df76\" data-element_type=\"container\" data-e-type=\"container\" href=\"https:\/\/secoli.com\/master-executivo\/analise-de-tempos-e-metodos\/?lang=pt-br\">\n\t\t<div class=\"elementor-element elementor-element-fa87548 e-con-full e-flex elementor-invisible e-con e-child\" data-id=\"fa87548\" data-element_type=\"container\" data-e-type=\"container\" data-settings=\"{&quot;background_background&quot;:&quot;classic&quot;,&quot;animation&quot;:&quot;fadeIn&quot;}\">\n\t\t\t\t<\/div>\n\t\t<div class=\"elementor-element elementor-element-f6a9998 e-con-full e-flex e-con e-child\" data-id=\"f6a9998\" data-element_type=\"container\" data-e-type=\"container\">\n\t\t\t\t<div class=\"elementor-element elementor-element-f09fd3f elementor-widget elementor-widget-heading\" data-id=\"f09fd3f\" data-element_type=\"widget\" data-e-type=\"widget\" data-widget_type=\"heading.default\">\n\t\t\t\t\t<h2 class=\"elementor-heading-title elementor-size-default\">An\u00e1lise de Tempos e M\u00e9todos<\/h2>\t\t\t\t<\/div>\n\t\t\t\t<div class=\"elementor-element elementor-element-8338e27 elementor-widget elementor-widget-heading\" data-id=\"8338e27\" data-element_type=\"widget\" data-e-type=\"widget\" data-widget_type=\"heading.default\">\n\t\t\t\t\t<h6 class=\"elementor-heading-title elementor-size-default\">Curso profissionalizante bienal aos s\u00e1bados de prototipagem de vestu\u00e1rio feminino\n<\/h6>\t\t\t\t<\/div>\n\t\t<div class=\"elementor-element elementor-element-9b14ab3 e-grid e-con-full e-con e-child\" data-id=\"9b14ab3\" data-element_type=\"container\" data-e-type=\"container\">\n\t\t<div class=\"elementor-element elementor-element-1f76397 e-con-full e-flex e-con e-child\" data-id=\"1f76397\" data-element_type=\"container\" data-e-type=\"container\">\n\t\t\t\t<div class=\"elementor-element elementor-element-6d1993d elementor-widget elementor-widget-heading\" data-id=\"6d1993d\" data-element_type=\"widget\" data-e-type=\"widget\" data-widget_type=\"heading.default\">\n\t\t\t\t\t<h5 class=\"elementor-heading-title elementor-size-default\">Dura\u00e7\u00e3o<\/h5>\t\t\t\t<\/div>\n\t\t\t\t<div class=\"elementor-element elementor-element-143366c elementor-widget elementor-widget-heading\" data-id=\"143366c\" data-element_type=\"widget\" data-e-type=\"widget\" data-widget_type=\"heading.default\">\n\t\t\t\t\t<h6 class=\"elementor-heading-title elementor-size-default\">1 ano<\/h6>\t\t\t\t<\/div>\n\t\t\t\t<\/div>\n\t\t<div class=\"elementor-element elementor-element-6496f03 e-con-full e-flex e-con e-child\" data-id=\"6496f03\" data-element_type=\"container\" data-e-type=\"container\">\n\t\t\t\t<div class=\"elementor-element elementor-element-d249534 elementor-widget elementor-widget-heading\" data-id=\"d249534\" data-element_type=\"widget\" data-e-type=\"widget\" data-widget_type=\"heading.default\">\n\t\t\t\t\t<h5 class=\"elementor-heading-title elementor-size-default\">Frequ\u00eancia<\/h5>\t\t\t\t<\/div>\n\t\t\t\t<div class=\"elementor-element elementor-element-0fc69f7 elementor-widget elementor-widget-heading\" data-id=\"0fc69f7\" data-element_type=\"widget\" data-e-type=\"widget\" data-widget_type=\"heading.default\">\n\t\t\t\t\t<h6 class=\"elementor-heading-title elementor-size-default\">S\u00e1bado<\/h6>\t\t\t\t<\/div>\n\t\t\t\t<\/div>\n\t\t<div class=\"elementor-element elementor-element-7d3fd74 e-con-full e-flex e-con e-child\" data-id=\"7d3fd74\" data-element_type=\"container\" data-e-type=\"container\">\n\t\t\t\t<div class=\"elementor-element elementor-element-c8b9cd7 elementor-widget elementor-widget-heading\" data-id=\"c8b9cd7\" data-element_type=\"widget\" data-e-type=\"widget\" data-widget_type=\"heading.default\">\n\t\t\t\t\t<h5 class=\"elementor-heading-title elementor-size-default\">horas totais<\/h5>\t\t\t\t<\/div>\n\t\t\t\t<div class=\"elementor-element elementor-element-560e41c elementor-widget elementor-widget-heading\" data-id=\"560e41c\" data-element_type=\"widget\" data-e-type=\"widget\" data-widget_type=\"heading.default\">\n\t\t\t\t\t<h6 class=\"elementor-heading-title elementor-size-default\">125\/150<\/h6>\t\t\t\t<\/div>\n\t\t\t\t<\/div>\n\t\t<div class=\"elementor-element elementor-element-51b0099 e-con-full e-flex e-con e-child\" data-id=\"51b0099\" data-element_type=\"container\" data-e-type=\"container\">\n\t\t\t\t<div class=\"elementor-element elementor-element-adbfa55 elementor-widget elementor-widget-heading\" data-id=\"adbfa55\" data-element_type=\"widget\" data-e-type=\"widget\" data-widget_type=\"heading.default\">\n\t\t\t\t\t<h5 class=\"elementor-heading-title elementor-size-default\">Idioma<\/h5>\t\t\t\t<\/div>\n\t\t\t\t<div class=\"elementor-element elementor-element-59847b4 elementor-widget elementor-widget-heading\" data-id=\"59847b4\" data-element_type=\"widget\" data-e-type=\"widget\" data-widget_type=\"heading.default\">\n\t\t\t\t\t<h6 class=\"elementor-heading-title elementor-size-default\">Italiano<\/h6>\t\t\t\t<\/div>\n\t\t\t\t<\/div>\n\t\t<div class=\"elementor-element elementor-element-6bce693 e-con-full e-flex e-con e-child\" data-id=\"6bce693\" data-element_type=\"container\" data-e-type=\"container\">\n\t\t\t\t<div class=\"elementor-element elementor-element-2607f02 elementor-widget elementor-widget-heading\" data-id=\"2607f02\" data-element_type=\"widget\" data-e-type=\"widget\" data-widget_type=\"heading.default\">\n\t\t\t\t\t<h5 class=\"elementor-heading-title elementor-size-default\">in\u00edcio<\/h5>\t\t\t\t<\/div>\n\t\t\t\t<div class=\"elementor-element elementor-element-d3f4093 elementor-widget elementor-widget-heading\" data-id=\"d3f4093\" data-element_type=\"widget\" data-e-type=\"widget\" data-widget_type=\"heading.default\">\n\t\t\t\t\t<h6 class=\"elementor-heading-title elementor-size-default\">20 de setembro de 2025<\/h6>\t\t\t\t<\/div>\n\t\t\t\t<\/div>\n\t\t<div class=\"elementor-element elementor-element-63b6b92 e-con-full e-flex e-con e-child\" data-id=\"63b6b92\" data-element_type=\"container\" data-e-type=\"container\">\n\t\t\t\t<div class=\"elementor-element elementor-element-02abf96 elementor-widget elementor-widget-heading\" data-id=\"02abf96\" data-element_type=\"widget\" data-e-type=\"widget\" data-widget_type=\"heading.default\">\n\t\t\t\t\t<h5 class=\"elementor-heading-title elementor-size-default\">local<\/h5>\t\t\t\t<\/div>\n\t\t\t\t<div class=\"elementor-element elementor-element-a14a158 elementor-widget elementor-widget-heading\" data-id=\"a14a158\" data-element_type=\"widget\" data-e-type=\"widget\" data-widget_type=\"heading.default\">\n\t\t\t\t\t<h6 class=\"elementor-heading-title elementor-size-default\">Mil\u00e3o<\/h6>\t\t\t\t<\/div>\n\t\t\t\t<\/div>\n\t\t\t\t<\/div>\n\t\t\t\t<\/div>\n\t\t<div class=\"elementor-element elementor-element-2f8b4ad e-con-full e-flex elementor-invisible e-con e-child\" data-id=\"2f8b4ad\" data-element_type=\"container\" data-e-type=\"container\" data-settings=\"{&quot;background_background&quot;:&quot;classic&quot;,&quot;animation&quot;:&quot;fadeIn&quot;}\">\n\t\t\t\t<div class=\"elementor-element elementor-element-d00d689 elementor-view-default elementor-widget elementor-widget-icon\" data-id=\"d00d689\" data-element_type=\"widget\" data-e-type=\"widget\" data-widget_type=\"icon.default\">\n\t\t\t\t\t\t\t<div class=\"elementor-icon-wrapper\">\n\t\t\t<div class=\"elementor-icon\">\n\t\t\t<svg aria-hidden=\"true\" class=\"e-font-icon-svg e-fas-arrow-right\" viewBox=\"0 0 448 512\" xmlns=\"http:\/\/www.w3.org\/2000\/svg\"><path d=\"M190.5 66.9l22.2-22.2c9.4-9.4 24.6-9.4 33.9 0L441 239c9.4 9.4 9.4 24.6 0 33.9L246.6 467.3c-9.4 9.4-24.6 9.4-33.9 0l-22.2-22.2c-9.5-9.5-9.3-25 .4-34.3L311.4 296H24c-13.3 0-24-10.7-24-24v-32c0-13.3 10.7-24 24-24h287.4L190.9 101.2c-9.8-9.3-10-24.8-.4-34.3z\"><\/path><\/svg>\t\t\t<\/div>\n\t\t<\/div>\n\t\t\t\t\t\t<\/div>\n\t\t\t\t<\/div>\n\t\t\t\t<\/a>\n\t\t\t\t<\/div>\n\t\t<div class=\"elementor-element elementor-element-a12670b e-con-full e-flex e-con e-child\" data-id=\"a12670b\" data-element_type=\"container\" data-e-type=\"container\">\n\t\t\t\t<div class=\"elementor-element elementor-element-054eabd elementor-widget elementor-widget-heading\" data-id=\"054eabd\" data-element_type=\"widget\" data-e-type=\"widget\" data-widget_type=\"heading.default\">\n\t\t\t\t\t<h2 class=\"elementor-heading-title elementor-size-default\">Cursos<\/h2>\t\t\t\t<\/div>\n\t\t\t\t<div class=\"elementor-element elementor-element-7e2021b elementor-nav-menu--dropdown-tablet elementor-nav-menu__text-align-aside elementor-nav-menu--toggle elementor-nav-menu--burger elementor-widget elementor-widget-nav-menu\" data-id=\"7e2021b\" data-element_type=\"widget\" data-e-type=\"widget\" data-settings=\"{&quot;layout&quot;:&quot;vertical&quot;,&quot;submenu_icon&quot;:{&quot;value&quot;:&quot;&lt;svg aria-hidden=\\&quot;true\\&quot; class=\\&quot;e-font-icon-svg e-fas-caret-down\\&quot; viewBox=\\&quot;0 0 320 512\\&quot; xmlns=\\&quot;http:\\\/\\\/www.w3.org\\\/2000\\\/svg\\&quot;&gt;&lt;path d=\\&quot;M31.3 192h257.3c17.8 0 26.7 21.5 14.1 34.1L174.1 354.8c-7.8 7.8-20.5 7.8-28.3 0L17.2 226.1C4.6 213.5 13.5 192 31.3 192z\\&quot;&gt;&lt;\\\/path&gt;&lt;\\\/svg&gt;&quot;,&quot;library&quot;:&quot;fa-solid&quot;},&quot;toggle&quot;:&quot;burger&quot;}\" data-widget_type=\"nav-menu.default\">\n\t\t\t\t\t\t\t\t<nav aria-label=\"Menu\" class=\"elementor-nav-menu--main elementor-nav-menu__container elementor-nav-menu--layout-vertical e--pointer-underline e--animation-fade\">\n\t\t\t\t<ul id=\"menu-1-7e2021b\" class=\"elementor-nav-menu sm-vertical\"><li class=\"menu-item menu-item-type-post_type menu-item-object-page menu-item-57646\"><a href=\"https:\/\/secoli.com\/pt-br\/cursos-de-moda\/cursos-de-graduacao\/\" class=\"elementor-item\">Cursos de Gradua\u00e7\u00e3o<\/a><\/li>\n<li class=\"menu-item menu-item-type-post_type menu-item-object-page menu-item-57647\"><a href=\"https:\/\/secoli.com\/pt-br\/cursos-de-moda\/mestrado\/\" class=\"elementor-item\">Mestrado<\/a><\/li>\n<li class=\"menu-item menu-item-type-post_type menu-item-object-page menu-item-57648\"><a href=\"https:\/\/secoli.com\/pt-br\/cursos-de-moda\/master-executivo\/analise-de-tempos-e-metodos\/\" class=\"elementor-item\">Master Executivo<\/a><\/li>\n<li class=\"menu-item menu-item-type-post_type menu-item-object-page menu-item-57649\"><a href=\"https:\/\/secoli.com\/pt-br\/cursos-de-moda\/cursos-intensivos-de-modelagem\/\" class=\"elementor-item\">Cursos Intensivos e Part-time de Modelagem<\/a><\/li>\n<li class=\"menu-item menu-item-type-post_type menu-item-object-page menu-item-57650\"><a href=\"https:\/\/secoli.com\/pt-br\/cursos-de-moda\/cursos-intensivos-de-prototipagem\/prototipagem-do-produto-moda\/\" class=\"elementor-item\">Prototipagem do Produto Moda<\/a><\/li>\n<li class=\"menu-item menu-item-type-post_type menu-item-object-page menu-item-57651\"><a href=\"https:\/\/secoli.com\/pt-br\/cursos-de-moda\/cursos-aos-sabados-e-noturnos\/\" class=\"elementor-item\">Cursos aos S\u00e1bados<\/a><\/li>\n<li class=\"menu-item menu-item-type-post_type menu-item-object-page menu-item-57662\"><a href=\"https:\/\/secoli.com\/pt-br\/cursos-de-moda\/cursos-online\/\" class=\"elementor-item\">Cursos Online<\/a><\/li>\n<li class=\"menu-item menu-item-type-post_type menu-item-object-page menu-item-57663\"><a href=\"https:\/\/secoli.com\/pt-br\/cursos-de-moda\/cursos-de-verao\/\" class=\"elementor-item\">Cursos de Ver\u00e3o<\/a><\/li>\n<\/ul>\t\t\t<\/nav>\n\t\t\t\t\t<div class=\"elementor-menu-toggle\" role=\"button\" tabindex=\"0\" aria-label=\"Alternar menu\" aria-expanded=\"false\">\n\t\t\t<svg aria-hidden=\"true\" role=\"presentation\" class=\"elementor-menu-toggle__icon--open e-font-icon-svg e-eicon-menu-bar\" viewBox=\"0 0 1000 1000\" xmlns=\"http:\/\/www.w3.org\/2000\/svg\"><path d=\"M104 333H896C929 333 958 304 958 271S929 208 896 208H104C71 208 42 237 42 271S71 333 104 333ZM104 583H896C929 583 958 554 958 521S929 458 896 458H104C71 458 42 487 42 521S71 583 104 583ZM104 833H896C929 833 958 804 958 771S929 708 896 708H104C71 708 42 737 42 771S71 833 104 833Z\"><\/path><\/svg><svg aria-hidden=\"true\" role=\"presentation\" class=\"elementor-menu-toggle__icon--close e-font-icon-svg e-eicon-close\" viewBox=\"0 0 1000 1000\" xmlns=\"http:\/\/www.w3.org\/2000\/svg\"><path d=\"M742 167L500 408 258 167C246 154 233 150 217 150 196 150 179 158 167 167 154 179 150 196 150 212 150 229 154 242 171 254L408 500 167 742C138 771 138 800 167 829 196 858 225 858 254 829L496 587 738 829C750 842 767 846 783 846 800 846 817 842 829 829 842 817 846 804 846 783 846 767 842 750 829 737L588 500 833 258C863 229 863 200 833 171 804 137 775 137 742 167Z\"><\/path><\/svg>\t\t<\/div>\n\t\t\t\t\t<nav class=\"elementor-nav-menu--dropdown elementor-nav-menu__container\" aria-hidden=\"true\">\n\t\t\t\t<ul id=\"menu-2-7e2021b\" class=\"elementor-nav-menu sm-vertical\"><li class=\"menu-item menu-item-type-post_type menu-item-object-page menu-item-57646\"><a href=\"https:\/\/secoli.com\/pt-br\/cursos-de-moda\/cursos-de-graduacao\/\" class=\"elementor-item\" tabindex=\"-1\">Cursos de Gradua\u00e7\u00e3o<\/a><\/li>\n<li class=\"menu-item menu-item-type-post_type menu-item-object-page menu-item-57647\"><a href=\"https:\/\/secoli.com\/pt-br\/cursos-de-moda\/mestrado\/\" class=\"elementor-item\" tabindex=\"-1\">Mestrado<\/a><\/li>\n<li class=\"menu-item menu-item-type-post_type menu-item-object-page menu-item-57648\"><a href=\"https:\/\/secoli.com\/pt-br\/cursos-de-moda\/master-executivo\/analise-de-tempos-e-metodos\/\" class=\"elementor-item\" tabindex=\"-1\">Master Executivo<\/a><\/li>\n<li class=\"menu-item menu-item-type-post_type menu-item-object-page menu-item-57649\"><a href=\"https:\/\/secoli.com\/pt-br\/cursos-de-moda\/cursos-intensivos-de-modelagem\/\" class=\"elementor-item\" tabindex=\"-1\">Cursos Intensivos e Part-time de Modelagem<\/a><\/li>\n<li class=\"menu-item menu-item-type-post_type menu-item-object-page menu-item-57650\"><a href=\"https:\/\/secoli.com\/pt-br\/cursos-de-moda\/cursos-intensivos-de-prototipagem\/prototipagem-do-produto-moda\/\" class=\"elementor-item\" tabindex=\"-1\">Prototipagem do Produto Moda<\/a><\/li>\n<li class=\"menu-item menu-item-type-post_type menu-item-object-page menu-item-57651\"><a href=\"https:\/\/secoli.com\/pt-br\/cursos-de-moda\/cursos-aos-sabados-e-noturnos\/\" class=\"elementor-item\" tabindex=\"-1\">Cursos aos S\u00e1bados<\/a><\/li>\n<li class=\"menu-item menu-item-type-post_type menu-item-object-page menu-item-57662\"><a href=\"https:\/\/secoli.com\/pt-br\/cursos-de-moda\/cursos-online\/\" class=\"elementor-item\" tabindex=\"-1\">Cursos Online<\/a><\/li>\n<li class=\"menu-item menu-item-type-post_type menu-item-object-page menu-item-57663\"><a href=\"https:\/\/secoli.com\/pt-br\/cursos-de-moda\/cursos-de-verao\/\" class=\"elementor-item\" tabindex=\"-1\">Cursos de Ver\u00e3o<\/a><\/li>\n<\/ul>\t\t\t<\/nav>\n\t\t\t\t\t\t<\/div>\n\t\t\t\t<div class=\"elementor-element elementor-element-7b53880 elementor-widget-divider--separator-type-pattern elementor-widget-divider--view-line elementor-widget elementor-widget-divider\" data-id=\"7b53880\" data-element_type=\"widget\" data-e-type=\"widget\" data-widget_type=\"divider.default\">\n\t\t\t\t\t\t\t<div class=\"elementor-divider\" style=\"--divider-pattern-url: url(&quot;data:image\/svg+xml,%3Csvg xmlns=&#039;http:\/\/www.w3.org\/2000\/svg&#039; preserveAspectRatio=&#039;none&#039; overflow=&#039;visible&#039; height=&#039;100%&#039; viewBox=&#039;0 0 20 16&#039; fill=&#039;none&#039; stroke=&#039;black&#039; stroke-width=&#039;1&#039; stroke-linecap=&#039;square&#039; stroke-miterlimit=&#039;10&#039;%3E%3Cg transform=&#039;translate(-12.000000, 0)&#039;%3E%3Cpath d=&#039;M28,0L10,18&#039;\/%3E%3Cpath d=&#039;M18,0L0,18&#039;\/%3E%3Cpath d=&#039;M48,0L30,18&#039;\/%3E%3Cpath d=&#039;M38,0L20,18&#039;\/%3E%3C\/g%3E%3C\/svg%3E&quot;);\">\n\t\t\t<span class=\"elementor-divider-separator\">\n\t\t\t\t\t\t<\/span>\n\t\t<\/div>\n\t\t\t\t\t\t<\/div>\n\t\t\t\t<div class=\"elementor-element elementor-element-e75389c elementor-widget elementor-widget-heading\" data-id=\"e75389c\" data-element_type=\"widget\" data-e-type=\"widget\" data-widget_type=\"heading.default\">\n\t\t\t\t\t<h2 class=\"elementor-heading-title elementor-size-default\">Cursos de Moda Profissionalizantes<\/h2>\t\t\t\t<\/div>\n\t\t\t\t<div class=\"elementor-element elementor-element-ccfa9ca elementor-widget elementor-widget-shortcode\" data-id=\"ccfa9ca\" data-element_type=\"widget\" data-e-type=\"widget\" data-widget_type=\"shortcode.default\">\n\t\t\t\t\t\t\t<div class=\"elementor-shortcode\"><ul class=\"lista-pagine-figlie-shortcode\"><li><a href=\"https:\/\/secoli.com\/pt-br\/cursos-de-moda\/cursos-aos-sabados-e-noturnos\/alfaiataria-masculina-o-paleto-sob-medida\/\">Alfaiataria Masculina \/ O Palet\u00f3 Sob Medida<\/a><\/li><li><a href=\"https:\/\/secoli.com\/pt-br\/cursos-de-moda\/cursos-aos-sabados-e-noturnos\/confeccao-feminina\/\">Confec\u00e7\u00e3o Feminina<\/a><\/li><li><a href=\"https:\/\/secoli.com\/pt-br\/cursos-de-moda\/cursos-aos-sabados-e-noturnos\/confeccao-masculina\/\">Confec\u00e7\u00e3o Masculina<\/a><\/li><li><a href=\"https:\/\/secoli.com\/pt-br\/cursos-de-moda\/cursos-aos-sabados-e-noturnos\/correcao-de-defeitos-calca-feminina-e-masculina\/\">Corre\u00e7\u00e3o de defeitos \/ Cal\u00e7a Feminina e Masculina<\/a><\/li><li><a href=\"https:\/\/secoli.com\/pt-br\/cursos-de-moda\/cursos-aos-sabados-e-noturnos\/correcao-de-defeitos-casacos-femininos-e-masculinos\/\">Corre\u00e7\u00e3o de defeitos \/ Casacos Femininos e Masculinos<\/a><\/li><li><a href=\"https:\/\/secoli.com\/pt-br\/cursos-de-moda\/cursos-aos-sabados-e-noturnos\/correcao-de-defeitos-vestido-feminino\/\">Corre\u00e7\u00e3o de defeitos \/ Vestido Feminino<\/a><\/li><li><a href=\"https:\/\/secoli.com\/pt-br\/cursos-de-moda\/cursos-aos-sabados-e-noturnos\/design-de-moda-avancado\/\">Design de Moda Avan\u00e7ado<\/a><\/li><li><a href=\"https:\/\/secoli.com\/pt-br\/cursos-de-moda\/cursos-aos-sabados-e-noturnos\/fashion-design\/\">Fashion Design<\/a><\/li><li><a href=\"https:\/\/secoli.com\/pt-br\/cursos-de-moda\/cursos-aos-sabados-e-noturnos\/modelagem-de-lingerie-feminina\/\">Modelagem de Lingerie Feminina<\/a><\/li><li><a href=\"https:\/\/secoli.com\/pt-br\/cursos-de-moda\/cursos-aos-sabados-e-noturnos\/modelagem-feminina\/\">Modelagem Feminina<\/a><\/li><li><a href=\"https:\/\/secoli.com\/pt-br\/cursos-de-moda\/cursos-aos-sabados-e-noturnos\/modelagem-feminina-noturno\/\">Modelagem Feminina noturno<\/a><\/li><li><a href=\"https:\/\/secoli.com\/pt-br\/cursos-de-moda\/cursos-aos-sabados-e-noturnos\/modelagem-infantil-menino-e-menina\/\">Modelagem Infantil Menino e Menina<\/a><\/li><li><a href=\"https:\/\/secoli.com\/pt-br\/cursos-de-moda\/cursos-aos-sabados-e-noturnos\/modelagem-masculina\/\">Modelagem Masculina<\/a><\/li><\/ul><\/div>\n\t\t\t\t\t\t<\/div>\n\t\t\t\t<\/div>\n\t\t\t\t<\/div>\n\t\t\t\t<\/div>\n\t\t","protected":false},"excerpt":{"rendered":"<p>Master Executivo Master executivo de gest\u00e3o de moda em Mil\u00e3o, destinado a graduados em \u00e1reas de gest\u00e3o e a profissionais do setor, todos aqueles que, em v\u00e1rios n\u00edveis, atuam na \u00e1rea de produ\u00e7\u00e3o, industrializa\u00e7\u00e3o, prototipagem, qualidade, projeto, produto, custeio e precifica\u00e7\u00e3o, bem como para graduados em Engenharia de Gest\u00e3o interessados nas problem\u00e1ticas das \u00e1reas operacionais [&hellip;]<\/p>\n","protected":false},"author":1,"featured_media":0,"parent":48698,"menu_order":0,"comment_status":"closed","ping_status":"closed","template":"","meta":{"_acf_changed":false,"inline_featured_image":false,"footnotes":""},"class_list":["post-48396","page","type-page","status-publish","hentry"],"acf":[],"_links":{"self":[{"href":"https:\/\/secoli.com\/pt-br\/wp-json\/wp\/v2\/pages\/48396","targetHints":{"allow":["GET"]}}],"collection":[{"href":"https:\/\/secoli.com\/pt-br\/wp-json\/wp\/v2\/pages"}],"about":[{"href":"https:\/\/secoli.com\/pt-br\/wp-json\/wp\/v2\/types\/page"}],"author":[{"embeddable":true,"href":"https:\/\/secoli.com\/pt-br\/wp-json\/wp\/v2\/users\/1"}],"replies":[{"embeddable":true,"href":"https:\/\/secoli.com\/pt-br\/wp-json\/wp\/v2\/comments?post=48396"}],"version-history":[{"count":1,"href":"https:\/\/secoli.com\/pt-br\/wp-json\/wp\/v2\/pages\/48396\/revisions"}],"predecessor-version":[{"id":48408,"href":"https:\/\/secoli.com\/pt-br\/wp-json\/wp\/v2\/pages\/48396\/revisions\/48408"}],"up":[{"embeddable":true,"href":"https:\/\/secoli.com\/pt-br\/wp-json\/wp\/v2\/pages\/48698"}],"wp:attachment":[{"href":"https:\/\/secoli.com\/pt-br\/wp-json\/wp\/v2\/media?parent=48396"}],"curies":[{"name":"wp","href":"https:\/\/api.w.org\/{rel}","templated":true}]}}