{"id":48385,"date":"2025-10-03T15:39:49","date_gmt":"2025-10-03T13:39:49","guid":{"rendered":"https:\/\/secoli.com\/solicitacao-de-admissao-de-estudante\/"},"modified":"2026-01-28T11:02:39","modified_gmt":"2026-01-28T10:02:39","slug":"solicitacao-de-admissao-de-estudante","status":"publish","type":"page","link":"https:\/\/secoli.com\/pt-br\/pagina-inicial-do-estudante\/solicitacao-de-admissao-de-estudante\/","title":{"rendered":"Solicita\u00e7\u00e3o de Admiss\u00e3o"},"content":{"rendered":"\t\t<div data-elementor-type=\"wp-page\" data-elementor-id=\"48385\" class=\"elementor elementor-48385 elementor-40712\" data-elementor-post-type=\"page\">\n\t\t\t\t<div class=\"elementor-element elementor-element-b9601ec e-con-full e-flex e-con e-parent\" data-id=\"b9601ec\" data-element_type=\"container\" data-e-type=\"container\">\n\t\t<div class=\"elementor-element elementor-element-16c208b e-con-full e-flex e-con e-child\" data-id=\"16c208b\" data-element_type=\"container\" data-e-type=\"container\">\n\t\t\t\t<div class=\"elementor-element elementor-element-e5e687e elementor-widget elementor-widget-text-editor\" data-id=\"e5e687e\" data-element_type=\"widget\" data-e-type=\"widget\" data-widget_type=\"text-editor.default\">\n\t\t\t\t\t\t\t\t\t<p>Nesta p\u00e1gina, voc\u00ea poder\u00e1 indicar o <strong>curso<\/strong> de seu interesse, verificar se carregou corretamente todos os <strong>documentos<\/strong> necess\u00e1rios para a inscri\u00e7\u00e3o e verificar uma \u00faltima vez a corre\u00e7\u00e3o de seus <strong>dados cadastrais<\/strong> pessoais e, finalmente, enviar a solicita\u00e7\u00e3o de admiss\u00e3o.<\/p>\t\t\t\t\t\t\t\t<\/div>\n\t\t<div class=\"elementor-element elementor-element-7b512ac e-con-full e-flex e-con e-child\" data-id=\"7b512ac\" data-element_type=\"container\" data-e-type=\"container\">\n\t\t\t\t<div class=\"elementor-element elementor-element-1dde4ff elementor-widget elementor-widget-heading\" data-id=\"1dde4ff\" data-element_type=\"widget\" data-e-type=\"widget\" data-widget_type=\"heading.default\">\n\t\t\t\t\t<h2 class=\"elementor-heading-title elementor-size-default\">Solicita\u00e7\u00e3o de admiss\u00e3o<\/h2>\t\t\t\t<\/div>\n\t\t\t\t<div class=\"elementor-element elementor-element-488c433 elementor-widget-divider--view-line elementor-widget elementor-widget-divider\" data-id=\"488c433\" data-element_type=\"widget\" data-e-type=\"widget\" data-widget_type=\"divider.default\">\n\t\t\t\t\t\t\t<div class=\"elementor-divider\">\n\t\t\t<span class=\"elementor-divider-separator\">\n\t\t\t\t\t\t<\/span>\n\t\t<\/div>\n\t\t\t\t\t\t<\/div>\n\t\t\t\t<div class=\"elementor-element elementor-element-5eaecf1 elementor-widget elementor-widget-shortcode\" data-id=\"5eaecf1\" data-element_type=\"widget\" data-e-type=\"widget\" data-widget_type=\"shortcode.default\">\n\t\t\t\t\t\t\t<div class=\"elementor-shortcode\"><form id=\"forminator-module-41162\" class=\"forminator-custom-form forminator-custom-form-41162\" method=\"post\" data-forminator-render=\"0\" data-uid=\"69f2c63859f1a\"><div role=\"alert\" aria-live=\"polite\" class=\"forminator-response-message forminator-error\" aria-hidden=\"true\"><\/div><\/form><\/div>\n\t\t\t\t\t\t<\/div>\n\t\t\t\t<div class=\"elementor-element elementor-element-2fc3300 elementor-widget elementor-widget-spacer\" data-id=\"2fc3300\" data-element_type=\"widget\" data-e-type=\"widget\" data-widget_type=\"spacer.default\">\n\t\t\t\t\t\t\t<div class=\"elementor-spacer\">\n\t\t\t<div class=\"elementor-spacer-inner\"><\/div>\n\t\t<\/div>\n\t\t\t\t\t\t<\/div>\n\t\t\t\t<\/div>\n\t\t\t\t<\/div>\n\t\t<div class=\"elementor-element elementor-element-50cc7ba e-con-full e-flex e-con e-child\" data-id=\"50cc7ba\" data-element_type=\"container\" data-e-type=\"container\">\n\t\t\t\t<div class=\"elementor-element elementor-element-2018135 elementor-widget elementor-widget-heading\" data-id=\"2018135\" data-element_type=\"widget\" data-e-type=\"widget\" data-widget_type=\"heading.default\">\n\t\t\t\t\t<h2 class=\"elementor-heading-title elementor-size-default\">\u00c1rea do Aluno<\/h2>\t\t\t\t<\/div>\n\t\t\t\t<\/div>\n\t\t\t\t<\/div>\n\t\t\t\t<\/div>\n\t\t","protected":false},"excerpt":{"rendered":"<p>Nesta p\u00e1gina, voc\u00ea poder\u00e1 indicar o curso de seu interesse, verificar se carregou corretamente todos os documentos necess\u00e1rios para a inscri\u00e7\u00e3o e verificar uma \u00faltima vez a corre\u00e7\u00e3o de seus dados cadastrais pessoais e, finalmente, enviar a solicita\u00e7\u00e3o de admiss\u00e3o. Solicita\u00e7\u00e3o de admiss\u00e3o \u00c1rea do Aluno<\/p>\n","protected":false},"author":1,"featured_media":0,"parent":48494,"menu_order":0,"comment_status":"closed","ping_status":"closed","template":"","meta":{"_acf_changed":false,"inline_featured_image":false,"footnotes":""},"class_list":["post-48385","page","type-page","status-publish","hentry"],"acf":[],"_links":{"self":[{"href":"https:\/\/secoli.com\/pt-br\/wp-json\/wp\/v2\/pages\/48385","targetHints":{"allow":["GET"]}}],"collection":[{"href":"https:\/\/secoli.com\/pt-br\/wp-json\/wp\/v2\/pages"}],"about":[{"href":"https:\/\/secoli.com\/pt-br\/wp-json\/wp\/v2\/types\/page"}],"author":[{"embeddable":true,"href":"https:\/\/secoli.com\/pt-br\/wp-json\/wp\/v2\/users\/1"}],"replies":[{"embeddable":true,"href":"https:\/\/secoli.com\/pt-br\/wp-json\/wp\/v2\/comments?post=48385"}],"version-history":[{"count":4,"href":"https:\/\/secoli.com\/pt-br\/wp-json\/wp\/v2\/pages\/48385\/revisions"}],"predecessor-version":[{"id":52110,"href":"https:\/\/secoli.com\/pt-br\/wp-json\/wp\/v2\/pages\/48385\/revisions\/52110"}],"up":[{"embeddable":true,"href":"https:\/\/secoli.com\/pt-br\/wp-json\/wp\/v2\/pages\/48494"}],"wp:attachment":[{"href":"https:\/\/secoli.com\/pt-br\/wp-json\/wp\/v2\/media?parent=48385"}],"curies":[{"name":"wp","href":"https:\/\/api.w.org\/{rel}","templated":true}]}}