{"id":48258,"date":"2025-11-22T14:29:11","date_gmt":"2025-11-22T13:29:11","guid":{"rendered":"https:\/\/secoli.com\/declaracao-de-acessibilidade\/"},"modified":"2025-11-24T21:45:54","modified_gmt":"2025-11-24T20:45:54","slug":"declaracao-de-acessibilidade","status":"publish","type":"page","link":"https:\/\/secoli.com\/pt-br\/declaracao-de-acessibilidade\/","title":{"rendered":"Declara\u00e7\u00e3o de acessibilidade"},"content":{"rendered":"\n<h6 class=\"wp-block-heading has-text-align-center\">Declara\u00e7\u00e3o de acessibilidade para https:\/\/secoli.com<\/h6>\n\n<p><strong>Istituto Secoli<\/strong> est\u00e1 empenhado em garantir a acessibilidade digital para pessoas com defici\u00eancia. Melhoramos continuamente a experi\u00eancia do usu\u00e1rio para todas as pessoas que acessam o site e aplicamos os padr\u00f5es de acessibilidade relevantes. <\/p>\n\n<h6 class=\"wp-block-heading\">Estado de conformidade<\/h6>\n\n<p>As Diretrizes de Acessibilidade para Conte\u00fado Web (WCAG) definem os requisitos para criadores e desenvolvedores de sites para melhorar a acessibilidade para pessoas com defici\u00eancia. Elas definem tr\u00eas n\u00edveis de conformidade: N\u00edvel A, N\u00edvel AA e N\u00edvel AAA. <\/p>\n\n<p><strong>Istituto Secoli<\/strong> est\u00e1 constantemente empenhado em melhorar a acessibilidade de seu site e servi\u00e7os, na cren\u00e7a de que \u00e9 nossa obriga\u00e7\u00e3o moral coletiva permitir um uso fluido, acess\u00edvel e sem obst\u00e1culos para pessoas com defici\u00eancia.<\/p>\n\n<p>Nosso objetivo \u00e9 tornar acess\u00edveis todas as p\u00e1ginas e conte\u00fados de <strong>https:\/\/secoli.com<\/strong>, mas alguns conte\u00fados podem ainda n\u00e3o atender plenamente aos mais altos padr\u00f5es de acessibilidade. Isso pode ser devido \u00e0s dificuldades em identificar a solu\u00e7\u00e3o tecnol\u00f3gica mais adequada. <\/p>\n\n<p>Podemos revisar periodicamente esta Declara\u00e7\u00e3o para refletir melhorias ou altera\u00e7\u00f5es em nossas pr\u00e1ticas de acessibilidade.<\/p>\n\n<h6 class=\"wp-block-heading\">Feedback<\/h6>\n\n<p>Valorizamos seu feedback sobre a acessibilidade do site <strong>Istituto Secoli<\/strong>. Informe-nos se encontrar barreiras de acessibilidade em nosso site: <\/p>\n\n<p>E-mail: <strong>info@secoli.com<\/strong><\/p>\n\n<p>Procuramos responder aos feedbacks dentro de 3-5 dias \u00fateis.<\/p>\n\n<p>Esta declara\u00e7\u00e3o foi criada em 22\/11\/2025. <\/p>\n","protected":false},"excerpt":{"rendered":"<p>Declara\u00e7\u00e3o de acessibilidade para https:\/\/secoli.com Istituto Secoli est\u00e1 empenhado em garantir a acessibilidade digital para pessoas com defici\u00eancia. Melhoramos continuamente a experi\u00eancia do usu\u00e1rio para todas as pessoas que acessam o site e aplicamos os padr\u00f5es de acessibilidade relevantes. Estado de conformidade As Diretrizes de Acessibilidade para Conte\u00fado Web (WCAG) definem os requisitos para criadores [&hellip;]<\/p>\n","protected":false},"author":1,"featured_media":0,"parent":0,"menu_order":0,"comment_status":"closed","ping_status":"closed","template":"","meta":{"_acf_changed":false,"inline_featured_image":false,"footnotes":""},"class_list":["post-48258","page","type-page","status-publish","hentry"],"acf":[],"_links":{"self":[{"href":"https:\/\/secoli.com\/pt-br\/wp-json\/wp\/v2\/pages\/48258","targetHints":{"allow":["GET"]}}],"collection":[{"href":"https:\/\/secoli.com\/pt-br\/wp-json\/wp\/v2\/pages"}],"about":[{"href":"https:\/\/secoli.com\/pt-br\/wp-json\/wp\/v2\/types\/page"}],"author":[{"embeddable":true,"href":"https:\/\/secoli.com\/pt-br\/wp-json\/wp\/v2\/users\/1"}],"replies":[{"embeddable":true,"href":"https:\/\/secoli.com\/pt-br\/wp-json\/wp\/v2\/comments?post=48258"}],"version-history":[{"count":1,"href":"https:\/\/secoli.com\/pt-br\/wp-json\/wp\/v2\/pages\/48258\/revisions"}],"predecessor-version":[{"id":48259,"href":"https:\/\/secoli.com\/pt-br\/wp-json\/wp\/v2\/pages\/48258\/revisions\/48259"}],"wp:attachment":[{"href":"https:\/\/secoli.com\/pt-br\/wp-json\/wp\/v2\/media?parent=48258"}],"curies":[{"name":"wp","href":"https:\/\/api.w.org\/{rel}","templated":true}]}}