{"id":59672,"date":"2026-04-28T17:27:39","date_gmt":"2026-04-28T15:27:39","guid":{"rendered":"https:\/\/secoli.com\/?page_id=59672"},"modified":"2026-04-29T14:29:22","modified_gmt":"2026-04-29T12:29:22","slug":"sfs2026","status":"publish","type":"page","link":"https:\/\/secoli.com\/es\/eventos\/secoli-fashion-show\/sfs2026\/","title":{"rendered":"SFS2026"},"content":{"rendered":"\t\t<div data-elementor-type=\"wp-page\" data-elementor-id=\"59672\" class=\"elementor elementor-59672 elementor-59670\" data-elementor-post-type=\"page\">\n\t\t\t\t<div class=\"elementor-element elementor-element-220d286a e-con-full e-flex e-con e-parent\" data-id=\"220d286a\" data-element_type=\"container\" data-e-type=\"container\">\n\t\t<div class=\"elementor-element elementor-element-6596bd39 e-con-full e-flex e-con e-child\" data-id=\"6596bd39\" data-element_type=\"container\" data-e-type=\"container\">\n\t\t\t\t<div class=\"elementor-element elementor-element-d247226 elementor-invisible elementor-widget elementor-widget-heading\" data-id=\"d247226\" data-element_type=\"widget\" data-e-type=\"widget\" data-settings=\"{&quot;_animation&quot;:&quot;zoomIn&quot;}\" data-widget_type=\"heading.default\">\n\t\t\t\t\t<h2 class=\"elementor-heading-title elementor-size-default\">SECOLI FASHION SHOW 2026 |<br>espacios mentales<\/h2>\t\t\t\t<\/div>\n\t\t\t\t<div class=\"elementor-element elementor-element-8ed3c89 elementor-widget elementor-widget-text-editor\" data-id=\"8ed3c89\" data-element_type=\"widget\" data-e-type=\"widget\" data-widget_type=\"text-editor.default\">\n\t\t\t\t\t\t\t\t\t<p><strong>Crear una idea recorriendo un camino que va del pensamiento concreto al abstracto, para luego volver a la realidad transformada por la experiencia.<\/strong> <strong>Se trata de un proceso creativo de interpretaci\u00f3n y experimentaci\u00f3n que genera un espacio vivo, capaz de albergar el pasado, el presente y el futuro:<\/strong> un espacio de expresi\u00f3n, acci\u00f3n y libertad, entendido no solo como m\u00e9todo, sino como actitud mental.<br \/><strong>Este recorrido conduce al \u00abpensamiento divergente\u00bb, definido por el psic\u00f3logo estadounidense J. P. Guilford<\/strong>: una dimensi\u00f3n fundamental de la creatividad que explora m\u00faltiples posibilidades y genera soluciones innovadoras aplicando el <strong>\u00abDesign Thinking\u00bb, un enfoque que construye y deconstruye, supera los esquemas y valora el significado emocional como clave para interpretar la innovaci\u00f3n.<\/strong> En esta visi\u00f3n, la creaci\u00f3n no se convierte solo en objeto, sino en proceso, gesto, intenci\u00f3n, transformaci\u00f3n.<\/p>\t\t\t\t\t\t\t\t<\/div>\n\t\t\t\t<div class=\"elementor-element elementor-element-69f2edc elementor-widget elementor-widget-heading\" data-id=\"69f2edc\" data-element_type=\"widget\" data-e-type=\"widget\" data-widget_type=\"heading.default\">\n\t\t\t\t\t<h2 class=\"elementor-heading-title elementor-size-default\"><br>EXPERIMENTACI\u00d3N CONCEPTUAL<\/h2>\t\t\t\t<\/div>\n\t\t\t\t<div class=\"elementor-element elementor-element-4bef1cd elementor-widget elementor-widget-text-editor\" data-id=\"4bef1cd\" data-element_type=\"widget\" data-e-type=\"widget\" data-widget_type=\"text-editor.default\">\n\t\t\t\t\t\t\t\t\t<p><strong>El desgaste es incesante y la superficie se transforma en un lugar caracterizado por una metamorfosis constante.<\/strong> De esta transformaci\u00f3n surge una nueva forma que pide ser observada en su esencia, revelando su huella. <strong>La experimentaci\u00f3n nace de la reevaluaci\u00f3n: lo que se ha eliminado se recompone en un nuevo orden, adquiriendo un significado inesperado.<\/strong> De la tensi\u00f3n surge una fractura entre el ojo y la percepci\u00f3n: lo que se ve ya no coincide con lo que se cre\u00eda saber y, en esta distancia, el significado se renueva.<\/p><p><strong>Dar forma no es solo modelar un objeto, sino hacer visible el tiempo que lo ha atravesado, el desgaste que lo ha transformado, la relaci\u00f3n que lo hace vivo.<\/strong><\/p>\t\t\t\t\t\t\t\t<\/div>\n\t\t\t\t<div class=\"elementor-element elementor-element-67cdab5 elementor-widget elementor-widget-gallery\" data-id=\"67cdab5\" data-element_type=\"widget\" data-e-type=\"widget\" data-settings=\"{&quot;aspect_ratio&quot;:&quot;21:9&quot;,&quot;columns&quot;:1,&quot;lazyload&quot;:&quot;yes&quot;,&quot;gallery_layout&quot;:&quot;grid&quot;,&quot;columns_tablet&quot;:2,&quot;columns_mobile&quot;:1,&quot;gap&quot;:{&quot;unit&quot;:&quot;px&quot;,&quot;size&quot;:10,&quot;sizes&quot;:[]},&quot;gap_tablet&quot;:{&quot;unit&quot;:&quot;px&quot;,&quot;size&quot;:10,&quot;sizes&quot;:[]},&quot;gap_mobile&quot;:{&quot;unit&quot;:&quot;px&quot;,&quot;size&quot;:10,&quot;sizes&quot;:[]},&quot;link_to&quot;:&quot;file&quot;,&quot;overlay_background&quot;:&quot;yes&quot;,&quot;content_hover_animation&quot;:&quot;fade-in&quot;}\" data-widget_type=\"gallery.default\">\n\t\t\t\t\t\t\t<div class=\"elementor-gallery__container\">\n\t\t\t\t\t\t\t<a class=\"e-gallery-item elementor-gallery-item elementor-animated-content\" href=\"https:\/\/secoli.com\/wp-content\/uploads\/2026\/04\/01_-Sperimentazione-Concettuale-scaled.webp\" data-elementor-open-lightbox=\"yes\" data-elementor-lightbox-slideshow=\"67cdab5\" data-elementor-lightbox-title=\"01_ Sperimentazione Concettuale\" data-elementor-lightbox-description=\"Sperimentazione Concettuale SFS2026\" data-e-action-hash=\"#elementor-action%3Aaction%3Dlightbox%26settings%3DeyJpZCI6NTk2ODIsInVybCI6Imh0dHBzOlwvXC9zZWNvbGkuY29tXC93cC1jb250ZW50XC91cGxvYWRzXC8yMDI2XC8wNFwvMDFfLVNwZXJpbWVudGF6aW9uZS1Db25jZXR0dWFsZS1zY2FsZWQud2VicCIsInNsaWRlc2hvdyI6IjY3Y2RhYjUifQ%3D%3D\">\n\t\t\t\t\t<div class=\"e-gallery-image elementor-gallery-item__image\" data-thumbnail=\"https:\/\/secoli.com\/wp-content\/uploads\/2026\/04\/01_-Sperimentazione-Concettuale-300x155.png\" data-width=\"300\" data-height=\"155\" aria-label=\"Sperimentazione Concettuale SFS2026\" role=\"img\" ><\/div>\n\t\t\t\t\t\t\t\t\t\t\t<div class=\"elementor-gallery-item__overlay\"><\/div>\n\t\t\t\t\t\t\t\t\t\t\t\t\t\t<\/a>\n\t\t\t\t\t<\/div>\n\t\t\t\t\t<\/div>\n\t\t\t\t<div class=\"elementor-element elementor-element-828c5e0 elementor-widget elementor-widget-heading\" data-id=\"828c5e0\" data-element_type=\"widget\" data-e-type=\"widget\" data-widget_type=\"heading.default\">\n\t\t\t\t\t<h2 class=\"elementor-heading-title elementor-size-default\"><br><br>EXPERIMENTACI\u00d3N \u00c9TICA<\/h2>\t\t\t\t<\/div>\n\t\t\t\t<div class=\"elementor-element elementor-element-765ba95 elementor-widget elementor-widget-text-editor\" data-id=\"765ba95\" data-element_type=\"widget\" data-e-type=\"widget\" data-widget_type=\"text-editor.default\">\n\t\t\t\t\t\t\t\t\t<p dir=\"ltr\" style=\"text-align: justify;\"><strong>La experimentaci\u00f3n \u00e9tica surge del deseo de superar lo que la sociedad ya considera justo, present\u00e1ndose como un gesto que cuestiona los valores consolidados para proponer otros nuevos, m\u00e1s aut\u00e9nticos, y demostrando que su equilibrio puede ser subvertido.<\/strong> Quien experimenta \u00e9ticamente elige oponerse a la estabilidad, dot\u00e1ndola de significado. <strong>El objetivo es sacudir las conciencias y mirar m\u00e1s all\u00e1, hacia un ideal de belleza m\u00e1s libre, llevando a cabo un acto de verificaci\u00f3n radical.<\/strong> <strong>A trav\u00e9s de la provocaci\u00f3n, la superaci\u00f3n del l\u00edmite se convierte en un instrumento cr\u00edtico, revelando que la \u00e9tica viva est\u00e1 hecha de interrogantes continuos.<\/strong> Al final del proceso, lo que queda es una nueva conciencia: <strong>el arte se convierte en un instrumento esencial para comprender al hombre y a la sociedad.<\/strong><\/p>\t\t\t\t\t\t\t\t<\/div>\n\t\t\t\t<div class=\"elementor-element elementor-element-7bd490a elementor-widget elementor-widget-gallery\" data-id=\"7bd490a\" data-element_type=\"widget\" data-e-type=\"widget\" data-settings=\"{&quot;columns&quot;:1,&quot;aspect_ratio&quot;:&quot;21:9&quot;,&quot;gallery_layout&quot;:&quot;grid&quot;,&quot;columns_tablet&quot;:2,&quot;columns_mobile&quot;:1,&quot;gap&quot;:{&quot;unit&quot;:&quot;px&quot;,&quot;size&quot;:10,&quot;sizes&quot;:[]},&quot;gap_tablet&quot;:{&quot;unit&quot;:&quot;px&quot;,&quot;size&quot;:10,&quot;sizes&quot;:[]},&quot;gap_mobile&quot;:{&quot;unit&quot;:&quot;px&quot;,&quot;size&quot;:10,&quot;sizes&quot;:[]},&quot;link_to&quot;:&quot;file&quot;,&quot;overlay_background&quot;:&quot;yes&quot;,&quot;content_hover_animation&quot;:&quot;fade-in&quot;}\" data-widget_type=\"gallery.default\">\n\t\t\t\t\t\t\t<div class=\"elementor-gallery__container\">\n\t\t\t\t\t\t\t<a class=\"e-gallery-item elementor-gallery-item elementor-animated-content\" href=\"https:\/\/secoli.com\/wp-content\/uploads\/2026\/04\/Foto-DEF-scaled.webp\" data-elementor-open-lightbox=\"yes\" data-elementor-lightbox-slideshow=\"7bd490a\" data-elementor-lightbox-title=\"Foto DEF\" data-elementor-lightbox-description=\"Sperimentazione Etica SFS2026\" data-e-action-hash=\"#elementor-action%3Aaction%3Dlightbox%26settings%3DeyJpZCI6NTk2OTAsInVybCI6Imh0dHBzOlwvXC9zZWNvbGkuY29tXC93cC1jb250ZW50XC91cGxvYWRzXC8yMDI2XC8wNFwvRm90by1ERUYtc2NhbGVkLndlYnAiLCJzbGlkZXNob3ciOiI3YmQ0OTBhIn0%3D\">\n\t\t\t\t\t<div class=\"e-gallery-image elementor-gallery-item__image\" data-thumbnail=\"https:\/\/secoli.com\/wp-content\/uploads\/2026\/04\/Foto-DEF-300x252.png\" data-width=\"300\" data-height=\"252\" aria-label=\"Sperimentazione Etica SFS2026\" role=\"img\" ><\/div>\n\t\t\t\t\t\t\t\t\t\t\t<div class=\"elementor-gallery-item__overlay\"><\/div>\n\t\t\t\t\t\t\t\t\t\t\t\t\t\t<\/a>\n\t\t\t\t\t<\/div>\n\t\t\t\t\t<\/div>\n\t\t\t\t<div class=\"elementor-element elementor-element-4712e71 elementor-widget elementor-widget-heading\" data-id=\"4712e71\" data-element_type=\"widget\" data-e-type=\"widget\" data-widget_type=\"heading.default\">\n\t\t\t\t\t<h2 class=\"elementor-heading-title elementor-size-default\"><br><br>EXTRA\u00d1ANTE | \"objeto como visi\u00f3n y no como reconocimiento\"<\/h2>\t\t\t\t<\/div>\n\t\t\t\t<div class=\"elementor-element elementor-element-d43c54b elementor-widget elementor-widget-text-editor\" data-id=\"d43c54b\" data-element_type=\"widget\" data-e-type=\"widget\" data-widget_type=\"text-editor.default\">\n\t\t\t\t\t\t\t\t\t<p><strong>Trasposici\u00f3n y desrealizaci\u00f3n de la realidad extra\u00edda del contexto habitual para percibir aspectos nuevos o inusuales.<\/strong> El marco cognitivo de lo cotidiano, <strong>caracterizado por la percepci\u00f3n de lo verdadero a trav\u00e9s de la conciencia y la intuici\u00f3n, conduce al sentido com\u00fan,<\/strong> un sistema complejo de conocimientos y formas de observar la realidad en el que los objetos se vuelven familiares y su reconocimiento, superficial.<\/p><p>El sentido com\u00fan cae en la automatizaci\u00f3n y es solo a trav\u00e9s del extra\u00f1amiento que la visi\u00f3n del objeto cambia &#8211; movido por la maravilla &#8211; trayendo consigo una connotaci\u00f3n nueva, in\u00e9dita.<\/p>\t\t\t\t\t\t\t\t<\/div>\n\t\t\t\t<div class=\"elementor-element elementor-element-14f9866 elementor-widget elementor-widget-gallery\" data-id=\"14f9866\" data-element_type=\"widget\" data-e-type=\"widget\" data-settings=\"{&quot;columns&quot;:1,&quot;aspect_ratio&quot;:&quot;21:9&quot;,&quot;gallery_layout&quot;:&quot;grid&quot;,&quot;columns_tablet&quot;:2,&quot;columns_mobile&quot;:1,&quot;gap&quot;:{&quot;unit&quot;:&quot;px&quot;,&quot;size&quot;:10,&quot;sizes&quot;:[]},&quot;gap_tablet&quot;:{&quot;unit&quot;:&quot;px&quot;,&quot;size&quot;:10,&quot;sizes&quot;:[]},&quot;gap_mobile&quot;:{&quot;unit&quot;:&quot;px&quot;,&quot;size&quot;:10,&quot;sizes&quot;:[]},&quot;link_to&quot;:&quot;file&quot;,&quot;overlay_background&quot;:&quot;yes&quot;,&quot;content_hover_animation&quot;:&quot;fade-in&quot;}\" data-widget_type=\"gallery.default\">\n\t\t\t\t\t\t\t<div class=\"elementor-gallery__container\">\n\t\t\t\t\t\t\t<a class=\"e-gallery-item elementor-gallery-item elementor-animated-content\" href=\"https:\/\/secoli.com\/wp-content\/uploads\/2026\/04\/Foto-DEF-2-scaled.webp\" data-elementor-open-lightbox=\"yes\" data-elementor-lightbox-slideshow=\"14f9866\" data-elementor-lightbox-title=\"Foto DEF-2\" data-elementor-lightbox-description=\"Sperimentazione Materica SFS2026\" data-e-action-hash=\"#elementor-action%3Aaction%3Dlightbox%26settings%3DeyJpZCI6NTk2OTQsInVybCI6Imh0dHBzOlwvXC9zZWNvbGkuY29tXC93cC1jb250ZW50XC91cGxvYWRzXC8yMDI2XC8wNFwvRm90by1ERUYtMi1zY2FsZWQud2VicCIsInNsaWRlc2hvdyI6IjE0Zjk4NjYifQ%3D%3D\">\n\t\t\t\t\t<div class=\"e-gallery-image elementor-gallery-item__image\" data-thumbnail=\"https:\/\/secoli.com\/wp-content\/uploads\/2026\/04\/Foto-DEF-2-768x495.png\" data-width=\"768\" data-height=\"495\" aria-label=\"Sperimentazione Materica SFS2026\" role=\"img\" ><\/div>\n\t\t\t\t\t\t\t\t\t\t\t<div class=\"elementor-gallery-item__overlay\"><\/div>\n\t\t\t\t\t\t\t\t\t\t\t\t\t\t<\/a>\n\t\t\t\t\t<\/div>\n\t\t\t\t\t<\/div>\n\t\t\t\t<div class=\"elementor-element elementor-element-404114c elementor-widget elementor-widget-heading\" data-id=\"404114c\" data-element_type=\"widget\" data-e-type=\"widget\" data-widget_type=\"heading.default\">\n\t\t\t\t\t<h2 class=\"elementor-heading-title elementor-size-default\"><br><br>EXPERIMENTACI\u00d3N PERFORMATIVA<\/h2>\t\t\t\t<\/div>\n\t\t\t\t<div class=\"elementor-element elementor-element-a3c7730 elementor-widget elementor-widget-text-editor\" data-id=\"a3c7730\" data-element_type=\"widget\" data-e-type=\"widget\" data-widget_type=\"text-editor.default\">\n\t\t\t\t\t\t\t\t\t<p dir=\"ltr\" style=\"text-align: justify;\"><strong>Llevar a cabo una acci\u00f3n capaz de dar forma, plasmar y modelar lo real.<\/strong> Hoy en d\u00eda, el acto performativo no produce realidad, sino que la simula, repiti\u00e9ndola hasta saturarla, hasta hacerla est\u00e9ril y carente de consecuencias. Vivimos inmersos en una puesta en escena ininterrumpida que no abre posibilidades, sino que las agota. <strong>El acto performativo ya no incide en lo real; cada emoci\u00f3n se filtra, se destila, se refina hasta convertirse en pura forma.<\/strong> Un rito de resignaci\u00f3n que se transforma en un acto de renacimiento, convirti\u00e9ndose en un lugar de experimentaci\u00f3n, en una experiencia concreta de lo posible. Solo as\u00ed la performance vuelve a ser un gesto esencial, capaz de recuperar su fuerza originaria. <\/p>\t\t\t\t\t\t\t\t<\/div>\n\t\t\t\t<div class=\"elementor-element elementor-element-f739cc5 elementor-widget elementor-widget-gallery\" data-id=\"f739cc5\" data-element_type=\"widget\" data-e-type=\"widget\" data-settings=\"{&quot;columns&quot;:1,&quot;aspect_ratio&quot;:&quot;21:9&quot;,&quot;gallery_layout&quot;:&quot;grid&quot;,&quot;columns_tablet&quot;:2,&quot;columns_mobile&quot;:1,&quot;gap&quot;:{&quot;unit&quot;:&quot;px&quot;,&quot;size&quot;:10,&quot;sizes&quot;:[]},&quot;gap_tablet&quot;:{&quot;unit&quot;:&quot;px&quot;,&quot;size&quot;:10,&quot;sizes&quot;:[]},&quot;gap_mobile&quot;:{&quot;unit&quot;:&quot;px&quot;,&quot;size&quot;:10,&quot;sizes&quot;:[]},&quot;link_to&quot;:&quot;file&quot;,&quot;overlay_background&quot;:&quot;yes&quot;,&quot;content_hover_animation&quot;:&quot;fade-in&quot;}\" data-widget_type=\"gallery.default\">\n\t\t\t\t\t\t\t<div class=\"elementor-gallery__container\">\n\t\t\t\t\t\t\t<a class=\"e-gallery-item elementor-gallery-item elementor-animated-content\" href=\"https:\/\/secoli.com\/wp-content\/uploads\/2026\/04\/Foto-DEF-scaled.jpg\" data-elementor-open-lightbox=\"yes\" data-elementor-lightbox-slideshow=\"f739cc5\" data-elementor-lightbox-title=\"Foto DEF\" data-elementor-lightbox-description=\"Sperimentazione Performativa SFS2026\" data-e-action-hash=\"#elementor-action%3Aaction%3Dlightbox%26settings%3DeyJpZCI6NTk2OTgsInVybCI6Imh0dHBzOlwvXC9zZWNvbGkuY29tXC93cC1jb250ZW50XC91cGxvYWRzXC8yMDI2XC8wNFwvRm90by1ERUYtc2NhbGVkLmpwZyIsInNsaWRlc2hvdyI6ImY3MzljYzUifQ%3D%3D\">\n\t\t\t\t\t<div class=\"e-gallery-image elementor-gallery-item__image\" data-thumbnail=\"https:\/\/secoli.com\/wp-content\/uploads\/2026\/04\/Foto-DEF-768x543.jpg\" data-width=\"768\" data-height=\"543\" aria-label=\"Sperimentazione Performativa SFS2026\" role=\"img\" ><\/div>\n\t\t\t\t\t\t\t\t\t\t\t<div class=\"elementor-gallery-item__overlay\"><\/div>\n\t\t\t\t\t\t\t\t\t\t\t\t\t\t<\/a>\n\t\t\t\t\t<\/div>\n\t\t\t\t\t<\/div>\n\t\t\t\t<div class=\"elementor-element elementor-element-268b558 elementor-widget elementor-widget-heading\" data-id=\"268b558\" data-element_type=\"widget\" data-e-type=\"widget\" data-widget_type=\"heading.default\">\n\t\t\t\t\t<h2 class=\"elementor-heading-title elementor-size-default\"><br><br>EXPERIMENTACI\u00d3N SOCIAL<\/h2>\t\t\t\t<\/div>\n\t\t\t\t<div class=\"elementor-element elementor-element-0393ba8 elementor-widget elementor-widget-text-editor\" data-id=\"0393ba8\" data-element_type=\"widget\" data-e-type=\"widget\" data-widget_type=\"text-editor.default\">\n\t\t\t\t\t\t\t\t\t<p dir=\"ltr\" style=\"text-align: justify;\"><strong>Las sociedades de umbral son colectividades que viven suspendidas entre un orden pasado y una nueva configuraci\u00f3n indefinida. Es el umbral colectivo el que proyecta al individuo a un estado de no lugar, de no identidad: aqu\u00ed el sujeto se ve obligado a redefinirse. La p\u00e9rdida no es ausencia, sino un campo de infinitas configuraciones sociales que pueden desarrollarse: la persona es parte integrante de un sistema en el que el sentido se construye colectivamente.<\/strong> Las comunidades diasp\u00f3ricas se convierten en laboratorios de experimentaci\u00f3n social, de los que surgen nuevas formas de comunicarse: lo social adquiere la capacidad de renovarse, manteni\u00e9ndose adaptable, vivo; la p\u00e9rdida se transforma en fuerza generativa colectiva.<\/p>\t\t\t\t\t\t\t\t<\/div>\n\t\t\t\t<div class=\"elementor-element elementor-element-a91cddb elementor-widget elementor-widget-gallery\" data-id=\"a91cddb\" data-element_type=\"widget\" data-e-type=\"widget\" data-settings=\"{&quot;columns&quot;:1,&quot;aspect_ratio&quot;:&quot;21:9&quot;,&quot;gallery_layout&quot;:&quot;grid&quot;,&quot;columns_tablet&quot;:2,&quot;columns_mobile&quot;:1,&quot;gap&quot;:{&quot;unit&quot;:&quot;px&quot;,&quot;size&quot;:10,&quot;sizes&quot;:[]},&quot;gap_tablet&quot;:{&quot;unit&quot;:&quot;px&quot;,&quot;size&quot;:10,&quot;sizes&quot;:[]},&quot;gap_mobile&quot;:{&quot;unit&quot;:&quot;px&quot;,&quot;size&quot;:10,&quot;sizes&quot;:[]},&quot;link_to&quot;:&quot;file&quot;,&quot;overlay_background&quot;:&quot;yes&quot;,&quot;content_hover_animation&quot;:&quot;fade-in&quot;}\" data-widget_type=\"gallery.default\">\n\t\t\t\t\t\t\t<div class=\"elementor-gallery__container\">\n\t\t\t\t\t\t\t<a class=\"e-gallery-item elementor-gallery-item elementor-animated-content\" href=\"https:\/\/secoli.com\/wp-content\/uploads\/2026\/04\/Group-3-1.webp\" data-elementor-open-lightbox=\"yes\" data-elementor-lightbox-slideshow=\"a91cddb\" data-elementor-lightbox-title=\"Group 3\" data-elementor-lightbox-description=\"Sperimentazione Sociale SFS2026\" data-e-action-hash=\"#elementor-action%3Aaction%3Dlightbox%26settings%3DeyJpZCI6NTk3MDYsInVybCI6Imh0dHBzOlwvXC9zZWNvbGkuY29tXC93cC1jb250ZW50XC91cGxvYWRzXC8yMDI2XC8wNFwvR3JvdXAtMy0xLndlYnAiLCJzbGlkZXNob3ciOiJhOTFjZGRiIn0%3D\">\n\t\t\t\t\t<div class=\"e-gallery-image elementor-gallery-item__image\" data-thumbnail=\"https:\/\/secoli.com\/wp-content\/uploads\/2026\/04\/Group-3-1-300x169.png\" data-width=\"300\" data-height=\"169\" aria-label=\"Sperimentazione Sociale SFS2026\" role=\"img\" ><\/div>\n\t\t\t\t\t\t\t\t\t\t\t<div class=\"elementor-gallery-item__overlay\"><\/div>\n\t\t\t\t\t\t\t\t\t\t\t\t\t\t<\/a>\n\t\t\t\t\t<\/div>\n\t\t\t\t\t<\/div>\n\t\t\t\t<div class=\"elementor-element elementor-element-9735241 elementor-widget elementor-widget-heading\" data-id=\"9735241\" data-element_type=\"widget\" data-e-type=\"widget\" data-widget_type=\"heading.default\">\n\t\t\t\t\t<h2 class=\"elementor-heading-title elementor-size-default\"><br><br>EXPERIMENTACI\u00d3N VISUAL<\/h2>\t\t\t\t<\/div>\n\t\t\t\t<div class=\"elementor-element elementor-element-c5f715f elementor-widget elementor-widget-text-editor\" data-id=\"c5f715f\" data-element_type=\"widget\" data-e-type=\"widget\" data-widget_type=\"text-editor.default\">\n\t\t\t\t\t\t\t\t\t<p style=\"text-align: justify;\"><strong>El espacio donde ver se convierte en pensar y pensar se transforma en gesto<\/strong>: un lugar que piensa, respira, se llena y se vac\u00eda, recoge voces, cuerpos y silencios que se graban en la memoria como signos vivos. <strong>La mirada atraviesa, toca, construye; la mente observa, comprende, reformula y vuelve a observar, cada vez de manera diferente.<\/strong> Es en este continuo atravesamiento donde la visi\u00f3n se convierte en pensamiento y el pensamiento toma forma. <strong>Las visiones se multiplican, se contaminan, se entrelazan. Cada ojo construye su propia realidad y, en esta<\/strong> <strong>multiplicidad, cada percepci\u00f3n es una creaci\u00f3n.<\/strong> <strong>Pensar con la mirada significa dejar que la mente atraviese la visi\u00f3n.<\/strong> En su movimiento, la realidad se fragmenta y se recompone, la percepci\u00f3n se convierte en experiencia.<\/p>\t\t\t\t\t\t\t\t<\/div>\n\t\t\t\t<div class=\"elementor-element elementor-element-300619c elementor-widget elementor-widget-gallery\" data-id=\"300619c\" data-element_type=\"widget\" data-e-type=\"widget\" data-settings=\"{&quot;columns&quot;:1,&quot;aspect_ratio&quot;:&quot;21:9&quot;,&quot;gallery_layout&quot;:&quot;grid&quot;,&quot;columns_tablet&quot;:2,&quot;columns_mobile&quot;:1,&quot;gap&quot;:{&quot;unit&quot;:&quot;px&quot;,&quot;size&quot;:10,&quot;sizes&quot;:[]},&quot;gap_tablet&quot;:{&quot;unit&quot;:&quot;px&quot;,&quot;size&quot;:10,&quot;sizes&quot;:[]},&quot;gap_mobile&quot;:{&quot;unit&quot;:&quot;px&quot;,&quot;size&quot;:10,&quot;sizes&quot;:[]},&quot;link_to&quot;:&quot;file&quot;,&quot;overlay_background&quot;:&quot;yes&quot;,&quot;content_hover_animation&quot;:&quot;fade-in&quot;}\" data-widget_type=\"gallery.default\">\n\t\t\t\t\t\t\t<div class=\"elementor-gallery__container\">\n\t\t\t\t\t\t\t<a class=\"e-gallery-item elementor-gallery-item elementor-animated-content\" href=\"https:\/\/secoli.com\/wp-content\/uploads\/2026\/04\/giulia_vitolo-5-scaled.webp\" data-elementor-open-lightbox=\"yes\" data-elementor-lightbox-slideshow=\"300619c\" data-elementor-lightbox-title=\"giulia_vitolo-5\" data-elementor-lightbox-description=\"Sperimentazione Visiva SFS2026\" data-e-action-hash=\"#elementor-action%3Aaction%3Dlightbox%26settings%3DeyJpZCI6NTk3MTAsInVybCI6Imh0dHBzOlwvXC9zZWNvbGkuY29tXC93cC1jb250ZW50XC91cGxvYWRzXC8yMDI2XC8wNFwvZ2l1bGlhX3ZpdG9sby01LXNjYWxlZC53ZWJwIiwic2xpZGVzaG93IjoiMzAwNjE5YyJ9\">\n\t\t\t\t\t<div class=\"e-gallery-image elementor-gallery-item__image\" data-thumbnail=\"https:\/\/secoli.com\/wp-content\/uploads\/2026\/04\/giulia_vitolo-5-768x271.png\" data-width=\"768\" data-height=\"271\" aria-label=\"Sperimentazione Visiva SFS2026\" role=\"img\" ><\/div>\n\t\t\t\t\t\t\t\t\t\t\t<div class=\"elementor-gallery-item__overlay\"><\/div>\n\t\t\t\t\t\t\t\t\t\t\t\t\t\t<\/a>\n\t\t\t\t\t<\/div>\n\t\t\t\t\t<\/div>\n\t\t\t\t<\/div>\n\t\t<div class=\"elementor-element elementor-element-382f8b0b e-con-full e-flex e-con e-child\" data-id=\"382f8b0b\" data-element_type=\"container\" data-e-type=\"container\">\n\t\t\t\t<div class=\"elementor-element elementor-element-646d84d elementor-widget elementor-widget-heading\" data-id=\"646d84d\" data-element_type=\"widget\" data-e-type=\"widget\" data-widget_type=\"heading.default\">\n\t\t\t\t\t<h2 class=\"elementor-heading-title elementor-size-default\">Ediciones<\/h2>\t\t\t\t<\/div>\n\t\t\t\t<div class=\"elementor-element elementor-element-0e74095 elementor-widget elementor-widget-shortcode\" data-id=\"0e74095\" data-element_type=\"widget\" data-e-type=\"widget\" data-widget_type=\"shortcode.default\">\n\t\t\t\t\t\t\t<div class=\"elementor-shortcode\"><ul class=\"lista-pagine-figlie-shortcode\"><li><a href=\"https:\/\/secoli.com\/es\/eventos\/secoli-fashion-show\/sfs2021\/\">SFS2021<\/a><\/li><li><a href=\"https:\/\/secoli.com\/es\/eventos\/secoli-fashion-show\/sfs2022\/\">SFS2022<\/a><\/li><li><a href=\"https:\/\/secoli.com\/es\/eventos\/secoli-fashion-show\/sfs2023\/\">SFS2023<\/a><\/li><li><a href=\"https:\/\/secoli.com\/es\/eventos\/secoli-fashion-show\/sfs2024\/\">SFS2024<\/a><\/li><li><a href=\"https:\/\/secoli.com\/es\/eventos\/secoli-fashion-show\/sfs2025\/\">SFS2025<\/a><\/li><li><a href=\"https:\/\/secoli.com\/es\/eventos\/secoli-fashion-show\/sfs2026\/\">SFS2026<\/a><\/li><\/ul><\/div>\n\t\t\t\t\t\t<\/div>\n\t\t\t\t<\/div>\n\t\t\t\t<\/div>\n\t\t\t\t<\/div>\n\t\t","protected":false},"excerpt":{"rendered":"<p>SECOLI FASHION SHOW 2026 |espacios mentales Crear una idea recorriendo un camino que va del pensamiento concreto al abstracto, para luego volver a la realidad transformada por la experiencia. Se trata de un proceso creativo de interpretaci\u00f3n y experimentaci\u00f3n que genera un espacio vivo, capaz de albergar el pasado, el presente y el futuro: un [&hellip;]<\/p>\n","protected":false},"author":1,"featured_media":0,"parent":47800,"menu_order":0,"comment_status":"closed","ping_status":"closed","template":"","meta":{"_acf_changed":false,"inline_featured_image":false,"footnotes":""},"class_list":["post-59672","page","type-page","status-publish","hentry"],"acf":[],"_links":{"self":[{"href":"https:\/\/secoli.com\/es\/wp-json\/wp\/v2\/pages\/59672","targetHints":{"allow":["GET"]}}],"collection":[{"href":"https:\/\/secoli.com\/es\/wp-json\/wp\/v2\/pages"}],"about":[{"href":"https:\/\/secoli.com\/es\/wp-json\/wp\/v2\/types\/page"}],"author":[{"embeddable":true,"href":"https:\/\/secoli.com\/es\/wp-json\/wp\/v2\/users\/1"}],"replies":[{"embeddable":true,"href":"https:\/\/secoli.com\/es\/wp-json\/wp\/v2\/comments?post=59672"}],"version-history":[{"count":7,"href":"https:\/\/secoli.com\/es\/wp-json\/wp\/v2\/pages\/59672\/revisions"}],"predecessor-version":[{"id":59867,"href":"https:\/\/secoli.com\/es\/wp-json\/wp\/v2\/pages\/59672\/revisions\/59867"}],"up":[{"embeddable":true,"href":"https:\/\/secoli.com\/es\/wp-json\/wp\/v2\/pages\/47800"}],"wp:attachment":[{"href":"https:\/\/secoli.com\/es\/wp-json\/wp\/v2\/media?parent=59672"}],"curies":[{"name":"wp","href":"https:\/\/api.w.org\/{rel}","templated":true}]}}