{"id":47800,"date":"2025-07-29T13:04:35","date_gmt":"2025-07-29T11:04:35","guid":{"rendered":"https:\/\/secoli.com\/eventos\/secoli-fashion-show\/"},"modified":"2026-02-12T14:33:20","modified_gmt":"2026-02-12T13:33:20","slug":"secoli-fashion-show","status":"publish","type":"page","link":"https:\/\/secoli.com\/es\/eventos\/secoli-fashion-show\/","title":{"rendered":"Secoli Fashion Show"},"content":{"rendered":"\t\t<div data-elementor-type=\"wp-page\" data-elementor-id=\"47800\" class=\"elementor elementor-47800 elementor-163\" data-elementor-post-type=\"page\">\n\t\t\t\t<div class=\"elementor-element elementor-element-8cbc9c2 e-con-full e-flex e-con e-parent\" data-id=\"8cbc9c2\" data-element_type=\"container\" data-e-type=\"container\">\n\t\t<div class=\"elementor-element elementor-element-da4ae47 e-con-full e-flex e-con e-child\" data-id=\"da4ae47\" data-element_type=\"container\" data-e-type=\"container\">\n\t\t\t\t<div class=\"elementor-element elementor-element-6c177a7 elementor-invisible elementor-widget elementor-widget-heading\" data-id=\"6c177a7\" data-element_type=\"widget\" data-e-type=\"widget\" data-settings=\"{&quot;_animation&quot;:&quot;zoomIn&quot;}\" data-widget_type=\"heading.default\">\n\t\t\t\t\t<h2 class=\"elementor-heading-title elementor-size-default\">SECOLI FASHION SHOW<\/h2>\t\t\t\t<\/div>\n\t\t\t\t<div class=\"elementor-element elementor-element-fe42569 elementor-widget elementor-widget-heading\" data-id=\"fe42569\" data-element_type=\"widget\" data-e-type=\"widget\" data-widget_type=\"heading.default\">\n\t\t\t\t\t<h2 class=\"elementor-heading-title elementor-size-default\">La excelencia de la formaci\u00f3n en moda Made in Italy<\/h2>\t\t\t\t<\/div>\n\t\t\t\t<div class=\"elementor-element elementor-element-adab270 elementor-widget elementor-widget-spacer\" data-id=\"adab270\" data-element_type=\"widget\" data-e-type=\"widget\" data-widget_type=\"spacer.default\">\n\t\t\t\t\t\t\t<div class=\"elementor-spacer\">\n\t\t\t<div class=\"elementor-spacer-inner\"><\/div>\n\t\t<\/div>\n\t\t\t\t\t\t<\/div>\n\t\t\t\t<div class=\"elementor-element elementor-element-a8ca6ac elementor-widget elementor-widget-text-editor\" data-id=\"a8ca6ac\" data-element_type=\"widget\" data-e-type=\"widget\" data-widget_type=\"text-editor.default\">\n\t\t\t\t\t\t\t\t\t<p>El Secoli Fashion Show representa uno de los momentos m\u00e1s esperados del a\u00f1o acad\u00e9mico del Instituto Secoli, escuela de referencia para la educaci\u00f3n en moda en Mil\u00e1n. El evento pone en escena el talento y la creatividad de los estudiantes de dise\u00f1o de moda, patronaje y confecci\u00f3n, que presentan sus colecciones finales: un recorrido que une t\u00e9cnica de sastrer\u00eda, innovaci\u00f3n y visi\u00f3n sostenible del Made in Italy. <\/p><p>Al finalizar los cursos de tres a\u00f1os, las ideas se convierten en colecciones y se presentan en el Secoli Fashion Show (41\u00aa edici\u00f3n), un evento que celebra el talento, la t\u00e9cnica y la visi\u00f3n contempor\u00e1nea. Los estudiantes presentan prendas nacidas de a\u00f1os de estudio en dise\u00f1o de moda, patronaje y confecci\u00f3n: desde la investigaci\u00f3n estil\u00edstica hasta el patr\u00f3n, y la realizaci\u00f3n final. Colecciones femeninas, masculinas y mixtas interpretan la contemporaneidad, desde lo deportivo-t\u00e9cnico hasta lo elegante.  <\/p><p>El evento se inaugura con Designer to Watch, un proyecto que da voz a los talentos m\u00e1s prometedores con su primera colecci\u00f3n-manifiesto.<\/p>\t\t\t\t\t\t\t\t<\/div>\n\t\t\t\t<div class=\"elementor-element elementor-element-a90c4eb elementor-widget elementor-widget-video\" data-id=\"a90c4eb\" data-element_type=\"widget\" data-e-type=\"widget\" data-settings=\"{&quot;youtube_url&quot;:&quot;https:\\\/\\\/www.youtube.com\\\/watch?v=5A4IQl_Ubmc&quot;,&quot;autoplay&quot;:&quot;yes&quot;,&quot;video_type&quot;:&quot;youtube&quot;,&quot;controls&quot;:&quot;yes&quot;}\" data-widget_type=\"video.default\">\n\t\t\t\t\t\t\t<div class=\"elementor-wrapper elementor-open-inline\">\n\t\t\t<div class=\"elementor-video\"><\/div>\t\t<\/div>\n\t\t\t\t\t\t<\/div>\n\t\t\t\t<div class=\"elementor-element elementor-element-abd8b44 elementor-widget elementor-widget-text-editor\" data-id=\"abd8b44\" data-element_type=\"widget\" data-e-type=\"widget\" data-widget_type=\"text-editor.default\">\n\t\t\t\t\t\t\t\t\t<p>Cada edici\u00f3n del <em data-start=\"622\" data-end=\"643\">Secoli<\/em> Fashion Show es un viaje entre formaci\u00f3n, innovaci\u00f3n e investigaci\u00f3n estil\u00edstica.<br data-start=\"706\" data-end=\"709\">Colecciones que cobran vida en la pasarela, donde t\u00e9cnica y creatividad se encuentran para contar el futuro de la moda.<br data-start=\"829\" data-end=\"832\">Explore todos los desfiles y d\u00e9jese inspirar por el talento de nuestros estudiantes.<\/p>\t\t\t\t\t\t\t\t<\/div>\n\t\t<div class=\"elementor-element elementor-element-39ee966 e-con-full e-flex e-con e-child\" data-id=\"39ee966\" data-element_type=\"container\" data-e-type=\"container\">\n\t\t<div class=\"elementor-element elementor-element-8f362b1 e-con-full e-flex e-con e-child\" data-id=\"8f362b1\" data-element_type=\"container\" data-e-type=\"container\">\n\t\t<div class=\"elementor-element elementor-element-4d81fdf e-con-full e-flex e-con e-child\" data-id=\"4d81fdf\" data-element_type=\"container\" data-e-type=\"container\">\n\t\t\t\t<div class=\"elementor-element elementor-element-651f5f4 elementor-widget__width-initial elementor-widget-mobile__width-inherit elementor-position-top elementor-widget elementor-widget-image-box\" data-id=\"651f5f4\" data-element_type=\"widget\" data-e-type=\"widget\" data-widget_type=\"image-box.default\">\n\t\t\t\t\t<div class=\"elementor-image-box-wrapper\"><figure class=\"elementor-image-box-img\"><a href=\"https:\/\/secoli.com\/es\/eventos\/secoli-fashion-show\/sfs2025\/\" tabindex=\"-1\"><img fetchpriority=\"high\" decoding=\"async\" width=\"1280\" height=\"1920\" src=\"https:\/\/secoli.com\/wp-content\/uploads\/2025\/10\/Venturelli-5June-DV2_3794-min-scaled.webp\" class=\"elementor-animation-grow attachment-full size-full wp-image-42153\" alt=\"Venturelli 5June DV2 3794 min scaled\" srcset=\"https:\/\/secoli.com\/wp-content\/uploads\/2025\/10\/Venturelli-5June-DV2_3794-min-scaled.webp 1280w, https:\/\/secoli.com\/wp-content\/uploads\/2025\/10\/Venturelli-5June-DV2_3794-min-200x300.webp 200w, https:\/\/secoli.com\/wp-content\/uploads\/2025\/10\/Venturelli-5June-DV2_3794-min-683x1024.webp 683w, https:\/\/secoli.com\/wp-content\/uploads\/2025\/10\/Venturelli-5June-DV2_3794-min-768x1152.webp 768w, https:\/\/secoli.com\/wp-content\/uploads\/2025\/10\/Venturelli-5June-DV2_3794-min-1024x1536.webp 1024w\" sizes=\"(max-width: 1280px) 100vw, 1280px\" \/><\/a><\/figure><div class=\"elementor-image-box-content\"><h4 class=\"elementor-image-box-title\"><a href=\"https:\/\/secoli.com\/es\/eventos\/secoli-fashion-show\/sfs2025\/\">Secoli Fashion Show 2025<\/a><\/h4><p class=\"elementor-image-box-description\">THAUMA <br>PROYECCIONES DE LO INESPERADO<\/p><\/div><\/div>\t\t\t\t<\/div>\n\t\t\t\t<div class=\"elementor-element elementor-element-fb206f4 elementor-widget__width-initial elementor-widget-mobile__width-inherit elementor-position-top elementor-widget elementor-widget-image-box\" data-id=\"fb206f4\" data-element_type=\"widget\" data-e-type=\"widget\" data-widget_type=\"image-box.default\">\n\t\t\t\t\t<div class=\"elementor-image-box-wrapper\"><figure class=\"elementor-image-box-img\"><a href=\"https:\/\/secoli.com\/es\/eventos\/secoli-fashion-show\/sfs2024\/\" tabindex=\"-1\"><img decoding=\"async\" width=\"1280\" height=\"1920\" src=\"https:\/\/secoli.com\/wp-content\/uploads\/2025\/10\/1_LAUREATRIENNALEBA_Venturelli-6June-DV1_9966_MichelaSantegidiJPG-scaled.webp\" class=\"elementor-animation-grow attachment-full size-full wp-image-47806\" alt=\"1 LAUREATRIENNALEBA Venturelli 6June DV1 9966 MichelaSantegidiJPG scaled\" srcset=\"https:\/\/secoli.com\/wp-content\/uploads\/2025\/10\/1_LAUREATRIENNALEBA_Venturelli-6June-DV1_9966_MichelaSantegidiJPG-scaled.webp 1280w, https:\/\/secoli.com\/wp-content\/uploads\/2025\/10\/1_LAUREATRIENNALEBA_Venturelli-6June-DV1_9966_MichelaSantegidiJPG-200x300.webp 200w, https:\/\/secoli.com\/wp-content\/uploads\/2025\/10\/1_LAUREATRIENNALEBA_Venturelli-6June-DV1_9966_MichelaSantegidiJPG-683x1024.webp 683w, https:\/\/secoli.com\/wp-content\/uploads\/2025\/10\/1_LAUREATRIENNALEBA_Venturelli-6June-DV1_9966_MichelaSantegidiJPG-768x1152.webp 768w, https:\/\/secoli.com\/wp-content\/uploads\/2025\/10\/1_LAUREATRIENNALEBA_Venturelli-6June-DV1_9966_MichelaSantegidiJPG-1024x1536.webp 1024w\" sizes=\"(max-width: 1280px) 100vw, 1280px\" \/><\/a><\/figure><div class=\"elementor-image-box-content\"><h4 class=\"elementor-image-box-title\"><a href=\"https:\/\/secoli.com\/es\/eventos\/secoli-fashion-show\/sfs2024\/\">secoli fashion show 2024<\/a><\/h4><p class=\"elementor-image-box-description\">DIACRON\u00cdAS <br>ESCENAS DEL TIEMPO<\/p><\/div><\/div>\t\t\t\t<\/div>\n\t\t\t\t<div class=\"elementor-element elementor-element-c21d95d elementor-widget__width-initial elementor-widget-mobile__width-inherit elementor-position-top elementor-widget elementor-widget-image-box\" data-id=\"c21d95d\" data-element_type=\"widget\" data-e-type=\"widget\" data-widget_type=\"image-box.default\">\n\t\t\t\t\t<div class=\"elementor-image-box-wrapper\"><figure class=\"elementor-image-box-img\"><a href=\"https:\/\/secoli.com\/es\/eventos\/secoli-fashion-show\/sfs2023\/\" tabindex=\"-1\"><img decoding=\"async\" width=\"512\" height=\"768\" src=\"https:\/\/secoli.com\/wp-content\/uploads\/2025\/10\/sfi_oltre_levidenza_70_2.webp\" class=\"elementor-animation-grow attachment-full size-full wp-image-47803\" alt=\"sfi oltre levidenza 70 2\" srcset=\"https:\/\/secoli.com\/wp-content\/uploads\/2025\/10\/sfi_oltre_levidenza_70_2.webp 512w, https:\/\/secoli.com\/wp-content\/uploads\/2025\/10\/sfi_oltre_levidenza_70_2-200x300.webp 200w\" sizes=\"(max-width: 512px) 100vw, 512px\" \/><\/a><\/figure><div class=\"elementor-image-box-content\"><h4 class=\"elementor-image-box-title\"><a href=\"https:\/\/secoli.com\/es\/eventos\/secoli-fashion-show\/sfs2023\/\">secoli fashion show 2023<\/a><\/h4><p class=\"elementor-image-box-description\">DONDE AQU\u00cd<br>\"Lo que creas depende de lo que ves\"<\/p><\/div><\/div>\t\t\t\t<\/div>\n\t\t\t\t<div class=\"elementor-element elementor-element-f4edaaa elementor-widget__width-initial elementor-widget-mobile__width-inherit elementor-position-top elementor-widget elementor-widget-image-box\" data-id=\"f4edaaa\" data-element_type=\"widget\" data-e-type=\"widget\" data-widget_type=\"image-box.default\">\n\t\t\t\t\t<div class=\"elementor-image-box-wrapper\"><figure class=\"elementor-image-box-img\"><a href=\"https:\/\/secoli.com\/es\/eventos\/secoli-fashion-show\/sfs2022\/\" tabindex=\"-1\"><img loading=\"lazy\" decoding=\"async\" width=\"733\" height=\"1100\" src=\"https:\/\/secoli.com\/wp-content\/uploads\/2025\/10\/sfi_secoli_fashion_show_2022___sense2_22_2-1.webp\" class=\"elementor-animation-grow attachment-full size-full wp-image-47108\" alt=\"sfi secoli fashion show 2022   sense2 22 2 1\" srcset=\"https:\/\/secoli.com\/wp-content\/uploads\/2025\/10\/sfi_secoli_fashion_show_2022___sense2_22_2-1.webp 733w, https:\/\/secoli.com\/wp-content\/uploads\/2025\/10\/sfi_secoli_fashion_show_2022___sense2_22_2-1-200x300.webp 200w, https:\/\/secoli.com\/wp-content\/uploads\/2025\/10\/sfi_secoli_fashion_show_2022___sense2_22_2-1-682x1024.webp 682w\" sizes=\"(max-width: 733px) 100vw, 733px\" \/><\/a><\/figure><div class=\"elementor-image-box-content\"><h4 class=\"elementor-image-box-title\"><a href=\"https:\/\/secoli.com\/es\/eventos\/secoli-fashion-show\/sfs2022\/\">secoli fashion show 2022<\/a><\/h4><p class=\"elementor-image-box-description\">SENTIDO <br>Como acto del \"sentir est\u00e9tico\"<\/p><\/div><\/div>\t\t\t\t<\/div>\n\t\t\t\t<div class=\"elementor-element elementor-element-2202cc2 elementor-widget__width-initial elementor-widget-mobile__width-inherit elementor-position-top elementor-widget elementor-widget-image-box\" data-id=\"2202cc2\" data-element_type=\"widget\" data-e-type=\"widget\" data-widget_type=\"image-box.default\">\n\t\t\t\t\t<div class=\"elementor-image-box-wrapper\"><figure class=\"elementor-image-box-img\"><a href=\"https:\/\/secoli.com\/es\/eventos\/secoli-fashion-show\/sfs2021\/\" tabindex=\"-1\"><img loading=\"lazy\" decoding=\"async\" width=\"512\" height=\"768\" src=\"https:\/\/secoli.com\/wp-content\/uploads\/2025\/10\/sfi_r_ge_ne_ra_a2_55_2.webp\" class=\"elementor-animation-grow attachment-full size-full wp-image-47804\" alt=\"sfi r ge ne ra a2 55 2\" srcset=\"https:\/\/secoli.com\/wp-content\/uploads\/2025\/10\/sfi_r_ge_ne_ra_a2_55_2.webp 512w, https:\/\/secoli.com\/wp-content\/uploads\/2025\/10\/sfi_r_ge_ne_ra_a2_55_2-200x300.webp 200w\" sizes=\"(max-width: 512px) 100vw, 512px\" \/><\/a><\/figure><div class=\"elementor-image-box-content\"><h4 class=\"elementor-image-box-title\"><a href=\"https:\/\/secoli.com\/es\/eventos\/secoli-fashion-show\/sfs2021\/\">secoli fashion show<br>2021<\/a><\/h4><p class=\"elementor-image-box-description\">GE.NE.RA <br>lleva a la creaci\u00f3n de \"G\u00c9.NE.ROS\".<\/p><\/div><\/div>\t\t\t\t<\/div>\n\t\t\t\t<\/div>\n\t\t\t\t<\/div>\n\t\t\t\t<\/div>\n\t\t\t\t<div class=\"elementor-element elementor-element-4ef619c elementor-widget elementor-widget-heading\" data-id=\"4ef619c\" data-element_type=\"widget\" data-e-type=\"widget\" data-widget_type=\"heading.default\">\n\t\t\t\t\t<h2 class=\"elementor-heading-title elementor-size-default\">NUESTROS SOCIOS<\/h2>\t\t\t\t<\/div>\n\t\t\t\t<div class=\"elementor-element elementor-element-9ab9c15 elementor-widget elementor-widget-text-editor\" data-id=\"9ab9c15\" data-element_type=\"widget\" data-e-type=\"widget\" data-widget_type=\"text-editor.default\">\n\t\t\t\t\t\t\t\t\t<p>El Fashion Show cuenta con el apoyo de instituciones y socios que creen en el valor de la formaci\u00f3n y acompa\u00f1an el recorrido de los estudiantes con visitas a empresas, acceso a materiales y tecnolog\u00edas avanzadas y momentos de intercambio profesional: un ecosistema en el que escuela, empresa y Made in Italy se encuentran para contar \u2014con rigor y creatividad\u2014 el futuro de la moda.<\/p>\t\t\t\t\t\t\t\t<\/div>\n\t\t\t\t<div class=\"elementor-element elementor-element-2db5434 elementor-widget elementor-widget-heading\" data-id=\"2db5434\" data-element_type=\"widget\" data-e-type=\"widget\" data-widget_type=\"heading.default\">\n\t\t\t\t\t<h5 class=\"elementor-heading-title elementor-size-default\">socios institucionales<\/h5>\t\t\t\t<\/div>\n\t\t\t\t<div class=\"elementor-element elementor-element-81d13fc elementor-widget elementor-widget-text-editor\" data-id=\"81d13fc\" data-element_type=\"widget\" data-e-type=\"widget\" data-widget_type=\"text-editor.default\">\n\t\t\t\t\t\t\t\t\t<ul><li><a href=\"https:\/\/www.regione.lombardia.it\/\">Regi\u00f3n de Lombard\u00eda<\/a><\/li><li><a href=\"https:\/\/www.comune.milano.it\/?\">Ayuntamiento de Mil\u00e1n<\/a><\/li><li><a href=\"https:\/\/www.antia.com\/\">ANTIA ETS \u2013 Asociaci\u00f3n Nacional de T\u00e9cnicos Profesionales<\/a><\/li><li><a href=\"https:\/\/www.cameramoda.it\/\">Sistema Moda<\/a><\/li><li><a href=\"https:\/\/www.cameramoda.it\/\">C\u00e1mara Nacional de la Moda Italiana<\/a><\/li><li><a href=\"https:\/\/www.iacde.net\/\">IACDE \u2013 Asociaci\u00f3n Internacional de Dise\u00f1adores y Ejecutivos de Ropa<\/a><\/li><li><a href=\"https:\/\/piattaformamoda.it\/\">Plataforma Sistema Formativo Moda ETS<\/a><\/li><\/ul>\t\t\t\t\t\t\t\t<\/div>\n\t\t\t\t<div class=\"elementor-element elementor-element-4e56de6 elementor-widget elementor-widget-heading\" data-id=\"4e56de6\" data-element_type=\"widget\" data-e-type=\"widget\" data-widget_type=\"heading.default\">\n\t\t\t\t\t<h5 class=\"elementor-heading-title elementor-size-default\">socios empresariales<\/h5>\t\t\t\t<\/div>\n\t\t\t\t<div class=\"elementor-element elementor-element-a5e71e6 elementor-widget elementor-widget-text-editor\" data-id=\"a5e71e6\" data-element_type=\"widget\" data-e-type=\"widget\" data-widget_type=\"text-editor.default\">\n\t\t\t\t\t\t\t\t\t<ul><li><a href=\"https:\/\/www.albinigroup.com\/\">Albini Group<\/a><\/li><li><a href=\"https:\/\/www.asahi-kasei.com\/fibers\/bemberg\/\">Asahi Kasei Fibers Italia \u2013 Bemberg\u2122<\/a><\/li><li><a href=\"https:\/\/www.brunello.com\/\">Brunello S.p.A<\/a><\/li><li><a href=\"https:\/\/www.candianidenim.it\/\">Candiani Denim <\/a><\/li><li><a href=\"https:\/\/www.creazionidigitali.it\/\">Creazioni Digitali<\/a><\/li><li><a href=\"https:\/\/www.eurojersey.com\/\">Eurojersey<\/a><\/li><li><a href=\"https:\/\/www.lectra.com\/\">Lectra<\/a> <\/li><li><a href=\"https:\/\/www.lisagroup.it\/\">Lisa Group<\/a><\/li><li><a href=\"https:\/\/www.luxuryjersey.it\/\">Luxury Jersey<\/a><\/li><li><a href=\"https:\/\/www.macpi.it\/\">MACPI Group<\/a><\/li><li><a href=\"https:\/\/www.stratasys.com\/\">Stratasys <\/a><\/li><li><a href=\"https:\/\/www.grisotto.com\/\">Tessitura Grisotto<\/a><\/li><li><a href=\"https:\/\/nextcouture.it\/\">NextCouture<\/a><\/li><\/ul>\t\t\t\t\t\t\t\t<\/div>\n\t\t\t\t<div class=\"elementor-element elementor-element-eb8eac3 elementor-widget elementor-widget-heading\" data-id=\"eb8eac3\" data-element_type=\"widget\" data-e-type=\"widget\" data-widget_type=\"heading.default\">\n\t\t\t\t\t<h5 class=\"elementor-heading-title elementor-size-default\">socios de medios<\/h5>\t\t\t\t<\/div>\n\t\t\t\t<div class=\"elementor-element elementor-element-01909bb elementor-widget elementor-widget-text-editor\" data-id=\"01909bb\" data-element_type=\"widget\" data-e-type=\"widget\" data-widget_type=\"text-editor.default\">\n\t\t\t\t\t\t\t\t\t<ul><li><a href=\"https:\/\/www.technofashion.it\/\">Technofashion<\/a><\/li><li><a href=\"https:\/\/super-zoom.com\/\">Zoom on Fashion trend<\/a><\/li><\/ul>\t\t\t\t\t\t\t\t<\/div>\n\t\t\t\t<div class=\"elementor-element elementor-element-f9fc947 elementor-widget elementor-widget-spacer\" data-id=\"f9fc947\" data-element_type=\"widget\" data-e-type=\"widget\" data-widget_type=\"spacer.default\">\n\t\t\t\t\t\t\t<div class=\"elementor-spacer\">\n\t\t\t<div class=\"elementor-spacer-inner\"><\/div>\n\t\t<\/div>\n\t\t\t\t\t\t<\/div>\n\t\t\t\t<\/div>\n\t\t<div class=\"elementor-element elementor-element-582853a e-con-full e-flex e-con e-child\" data-id=\"582853a\" data-element_type=\"container\" data-e-type=\"container\">\n\t\t\t\t<div class=\"elementor-element elementor-element-1022497 elementor-widget elementor-widget-heading\" data-id=\"1022497\" data-element_type=\"widget\" data-e-type=\"widget\" data-widget_type=\"heading.default\">\n\t\t\t\t\t<h2 class=\"elementor-heading-title elementor-size-default\">Eventos<\/h2>\t\t\t\t<\/div>\n\t\t\t\t<div class=\"elementor-element elementor-element-d6aff33 elementor-widget elementor-widget-shortcode\" data-id=\"d6aff33\" data-element_type=\"widget\" data-e-type=\"widget\" data-widget_type=\"shortcode.default\">\n\t\t\t\t\t\t\t<div class=\"elementor-shortcode\"><ul class=\"lista-pagine-figlie-shortcode\"><li><a href=\"https:\/\/secoli.com\/es\/eventos\/secoli-fashion-show\/sfs2021\/\">SFS2021<\/a><\/li><li><a href=\"https:\/\/secoli.com\/es\/eventos\/secoli-fashion-show\/sfs2022\/\">SFS2022<\/a><\/li><li><a href=\"https:\/\/secoli.com\/es\/eventos\/secoli-fashion-show\/sfs2023\/\">SFS2023<\/a><\/li><li><a href=\"https:\/\/secoli.com\/es\/eventos\/secoli-fashion-show\/sfs2024\/\">SFS2024<\/a><\/li><li><a href=\"https:\/\/secoli.com\/es\/eventos\/secoli-fashion-show\/sfs2025\/\">SFS2025<\/a><\/li><\/ul><\/div>\n\t\t\t\t\t\t<\/div>\n\t\t\t\t<\/div>\n\t\t\t\t<\/div>\n\t\t\t\t<\/div>\n\t\t","protected":false},"excerpt":{"rendered":"<p>SECOLI FASHION SHOW La excelencia de la formaci\u00f3n en moda Made in Italy El Secoli Fashion Show representa uno de los momentos m\u00e1s esperados del a\u00f1o acad\u00e9mico del Instituto Secoli, escuela de referencia para la educaci\u00f3n en moda en Mil\u00e1n. El evento pone en escena el talento y la creatividad de los estudiantes de dise\u00f1o [&hellip;]<\/p>\n","protected":false},"author":1,"featured_media":0,"parent":47552,"menu_order":0,"comment_status":"closed","ping_status":"closed","template":"","meta":{"_acf_changed":false,"inline_featured_image":false,"footnotes":""},"class_list":["post-47800","page","type-page","status-publish","hentry"],"acf":[],"_links":{"self":[{"href":"https:\/\/secoli.com\/es\/wp-json\/wp\/v2\/pages\/47800","targetHints":{"allow":["GET"]}}],"collection":[{"href":"https:\/\/secoli.com\/es\/wp-json\/wp\/v2\/pages"}],"about":[{"href":"https:\/\/secoli.com\/es\/wp-json\/wp\/v2\/types\/page"}],"author":[{"embeddable":true,"href":"https:\/\/secoli.com\/es\/wp-json\/wp\/v2\/users\/1"}],"replies":[{"embeddable":true,"href":"https:\/\/secoli.com\/es\/wp-json\/wp\/v2\/comments?post=47800"}],"version-history":[{"count":2,"href":"https:\/\/secoli.com\/es\/wp-json\/wp\/v2\/pages\/47800\/revisions"}],"predecessor-version":[{"id":53764,"href":"https:\/\/secoli.com\/es\/wp-json\/wp\/v2\/pages\/47800\/revisions\/53764"}],"up":[{"embeddable":true,"href":"https:\/\/secoli.com\/es\/wp-json\/wp\/v2\/pages\/47552"}],"wp:attachment":[{"href":"https:\/\/secoli.com\/es\/wp-json\/wp\/v2\/media?parent=47800"}],"curies":[{"name":"wp","href":"https:\/\/api.w.org\/{rel}","templated":true}]}}