{"id":47721,"date":"2025-07-29T11:38:05","date_gmt":"2025-07-29T09:38:05","guid":{"rendered":"https:\/\/secoli.com\/istituto-secoli\/el-metodo-secoli\/"},"modified":"2025-11-24T12:13:35","modified_gmt":"2025-11-24T11:13:35","slug":"el-metodo-secoli","status":"publish","type":"page","link":"https:\/\/secoli.com\/es\/istituto-secoli\/el-metodo-secoli\/","title":{"rendered":"El m\u00e9todo Secoli"},"content":{"rendered":"\t\t<div data-elementor-type=\"wp-page\" data-elementor-id=\"47721\" class=\"elementor elementor-47721 elementor-126\" data-elementor-post-type=\"page\">\n\t\t\t\t<div class=\"elementor-element elementor-element-3686b76 e-con-full e-flex e-con e-parent\" data-id=\"3686b76\" data-element_type=\"container\" data-e-type=\"container\">\n\t\t<div class=\"elementor-element elementor-element-907491e e-con-full e-flex e-con e-child\" data-id=\"907491e\" data-element_type=\"container\" data-e-type=\"container\">\n\t\t<div class=\"elementor-element elementor-element-05b4bd4 e-con-full e-flex e-con e-child\" data-id=\"05b4bd4\" data-element_type=\"container\" data-e-type=\"container\" data-settings=\"{&quot;background_background&quot;:&quot;classic&quot;,&quot;background_motion_fx_motion_fx_scrolling&quot;:&quot;yes&quot;,&quot;background_motion_fx_translateX_effect&quot;:&quot;yes&quot;,&quot;background_motion_fx_translateX_direction&quot;:&quot;negative&quot;,&quot;background_motion_fx_translateX_speed&quot;:{&quot;unit&quot;:&quot;px&quot;,&quot;size&quot;:6,&quot;sizes&quot;:[]},&quot;background_motion_fx_translateX_affectedRange&quot;:{&quot;unit&quot;:&quot;%&quot;,&quot;size&quot;:&quot;&quot;,&quot;sizes&quot;:{&quot;start&quot;:0,&quot;end&quot;:100}},&quot;background_motion_fx_devices&quot;:[&quot;desktop&quot;,&quot;tablet&quot;,&quot;mobile&quot;]}\">\n\t\t<div class=\"elementor-element elementor-element-f0e840c e-flex e-con-boxed e-con e-child\" data-id=\"f0e840c\" data-element_type=\"container\" data-e-type=\"container\" data-settings=\"{&quot;background_background&quot;:&quot;classic&quot;,&quot;shape_divider_top&quot;:&quot;opacity-tilt&quot;}\">\n\t\t\t\t\t<div class=\"e-con-inner\">\n\t\t\t\t<div class=\"elementor-shape elementor-shape-top\" aria-hidden=\"true\" data-negative=\"false\">\n\t\t\t<svg xmlns=\"http:\/\/www.w3.org\/2000\/svg\" viewBox=\"0 0 2600 131.1\" preserveAspectRatio=\"none\">\n\t<path class=\"elementor-shape-fill\" d=\"M0 0L2600 0 2600 69.1 0 0z\"\/>\n\t<path class=\"elementor-shape-fill\" style=\"opacity:0.5\" d=\"M0 0L2600 0 2600 69.1 0 69.1z\"\/>\n\t<path class=\"elementor-shape-fill\" style=\"opacity:0.25\" d=\"M2600 0L0 0 0 130.1 2600 69.1z\"\/>\n<\/svg>\t\t<\/div>\n\t\t\t\t<div class=\"elementor-element elementor-element-af0266b elementor-widget elementor-widget-heading\" data-id=\"af0266b\" data-element_type=\"widget\" data-e-type=\"widget\" data-widget_type=\"heading.default\">\n\t\t\t\t\t<h2 class=\"elementor-heading-title elementor-size-default\">Donde nace el patronaje italiano<\/h2>\t\t\t\t<\/div>\n\t\t\t\t<div class=\"elementor-element elementor-element-7031ea5 elementor-widget elementor-widget-text-editor\" data-id=\"7031ea5\" data-element_type=\"widget\" data-e-type=\"widget\" data-widget_type=\"text-editor.default\">\n\t\t\t\t\t\t\t\t\t<p>La historia del Instituto Secoli coincide, en gran parte, con la propia historia del patronaje industrial.<\/p><p>Cuando en la primera posguerra la industria de la moda empezaba a organizarse como sistema productivo, faltaba un lenguaje t\u00e9cnico capaz de traducir la idea creativa en una prenda reproducible.<\/p><p>Fue entonces cuando Secoli, heredera de la gran tradici\u00f3n sartorial italiana, transform\u00f3 el arte del corte en una verdadera <strong>metodolog\u00eda proyectual<\/strong>: as\u00ed naci\u00f3 uno de los primeros m\u00e9todos de corte industrial, que sent\u00f3 las bases del patronaje moderno.<\/p><p>Las ra\u00edces de este m\u00e9todo se hunden en el rigor del corte masculino y en la elegancia de las l\u00edneas femeninas, pero desde el principio su fuerza ha sido la capacidad de <strong>conjugar artesan\u00eda e ingenier\u00eda del producto<\/strong>.<\/p><p>De un sistema proporcional basado en pocas medidas fundamentales se pueden derivar todas las dem\u00e1s, haciendo el patr\u00f3n adaptable a cualquier cuerpo y f\u00e1cilmente industrializable: un equilibrio \u00fanico entre precisi\u00f3n, eficiencia y libertad creativa.<\/p><p>Hoy el M\u00e9todo Secoli es mucho m\u00e1s que una t\u00e9cnica:<\/p><ul><li>Es un <strong>enfoque cultural y did\u00e1ctico<\/strong> basado en el respeto al proceso, en el conocimiento profundo del producto y en la idea de que la creatividad solo se expresa plenamente cuando se asienta sobre bases s\u00f3lidas.<\/li><li>Es el hilo que une tradici\u00f3n e innovaci\u00f3n, papel y digital, forma y funci\u00f3n.<\/li><li>Y contin\u00faa formando generaciones de profesionales capaces de transformar una intuici\u00f3n en un proyecto, y un proyecto en una prenda que habla el lenguaje del Made in Italy.<\/li><\/ul>\t\t\t\t\t\t\t\t<\/div>\n\t\t\t\t\t<\/div>\n\t\t\t\t<\/div>\n\t\t\t\t<\/div>\n\t\t<div class=\"elementor-element elementor-element-5896f84 e-con-full e-flex e-con e-child\" data-id=\"5896f84\" data-element_type=\"container\" data-e-type=\"container\" data-settings=\"{&quot;background_background&quot;:&quot;classic&quot;,&quot;background_motion_fx_motion_fx_scrolling&quot;:&quot;yes&quot;,&quot;background_motion_fx_translateX_effect&quot;:&quot;yes&quot;,&quot;background_motion_fx_translateX_speed&quot;:{&quot;unit&quot;:&quot;px&quot;,&quot;size&quot;:6,&quot;sizes&quot;:[]},&quot;background_motion_fx_translateX_affectedRange&quot;:{&quot;unit&quot;:&quot;%&quot;,&quot;size&quot;:&quot;&quot;,&quot;sizes&quot;:{&quot;start&quot;:0,&quot;end&quot;:100}},&quot;background_motion_fx_devices&quot;:[&quot;desktop&quot;,&quot;tablet&quot;,&quot;mobile&quot;]}\">\n\t\t<div class=\"elementor-element elementor-element-5d0823a e-flex e-con-boxed e-con e-child\" data-id=\"5d0823a\" data-element_type=\"container\" data-e-type=\"container\" data-settings=\"{&quot;background_background&quot;:&quot;classic&quot;,&quot;shape_divider_top&quot;:&quot;opacity-tilt&quot;}\">\n\t\t\t\t\t<div class=\"e-con-inner\">\n\t\t\t\t<div class=\"elementor-shape elementor-shape-top\" aria-hidden=\"true\" data-negative=\"false\">\n\t\t\t<svg xmlns=\"http:\/\/www.w3.org\/2000\/svg\" viewBox=\"0 0 2600 131.1\" preserveAspectRatio=\"none\">\n\t<path class=\"elementor-shape-fill\" d=\"M0 0L2600 0 2600 69.1 0 0z\"\/>\n\t<path class=\"elementor-shape-fill\" style=\"opacity:0.5\" d=\"M0 0L2600 0 2600 69.1 0 69.1z\"\/>\n\t<path class=\"elementor-shape-fill\" style=\"opacity:0.25\" d=\"M2600 0L0 0 0 130.1 2600 69.1z\"\/>\n<\/svg>\t\t<\/div>\n\t\t\t\t<div class=\"elementor-element elementor-element-bf37c97 elementor-widget elementor-widget-heading\" data-id=\"bf37c97\" data-element_type=\"widget\" data-e-type=\"widget\" data-widget_type=\"heading.default\">\n\t\t\t\t\t<h2 class=\"elementor-heading-title elementor-size-default\">TRADICI\u00d3N<\/h2>\t\t\t\t<\/div>\n\t\t\t\t<div class=\"elementor-element elementor-element-80740ec elementor-widget elementor-widget-text-editor\" data-id=\"80740ec\" data-element_type=\"widget\" data-e-type=\"widget\" data-widget_type=\"text-editor.default\">\n\t\t\t\t\t\t\t\t\t<p>El Instituto Secoli representa un pilar en la formaci\u00f3n de la moda italiana. Fundado en 1934 en Treviso por Carlo Secoli y trasladado estrat\u00e9gicamente a Mil\u00e1n en 1945, en el coraz\u00f3n palpitante de la naciente industria del pr\u00eat-\u00e0-porter, el instituto se ha consolidado como un referente internacional. Su reputaci\u00f3n no se basa solo en su longevidad, sino en su inquebrantable dedicaci\u00f3n a la excelencia en el campo del patronaje, la sastrer\u00eda y el dise\u00f1o de moda.  <\/p><p>M\u00e1s que una simple escuela, Secoli es un guardi\u00e1n de la cultura del \u00abMade in Italy\u00bb, entendida no como una etiqueta geogr\u00e1fica, sino como un enfoque cualitativo que fusiona creatividad y sabidur\u00eda t\u00e9cnica.<\/p><p>El coraz\u00f3n palpitante de la filosof\u00eda formativa del Instituto reside en el principio que ha citado: el componente manual como fundamento de la autonom\u00eda creativa.<\/p><p>Este concepto merece una profundizaci\u00f3n. En una \u00e9poca dominada por la digitalizaci\u00f3n y la producci\u00f3n en masa, Secoli insiste en un enfoque \u00abartesanal\u00bb en el sentido m\u00e1s noble del t\u00e9rmino. La manualidad no se ve como un legado del pasado, sino como el lenguaje fundamental a trav\u00e9s del cual el dise\u00f1ador aprende a dialogar con la materia.  <\/p>\t\t\t\t\t\t\t\t<\/div>\n\t\t\t\t\t<\/div>\n\t\t\t\t<\/div>\n\t\t\t\t<\/div>\n\t\t<div class=\"elementor-element elementor-element-c9b1c60 e-con-full e-flex e-con e-child\" data-id=\"c9b1c60\" data-element_type=\"container\" data-e-type=\"container\" data-settings=\"{&quot;background_background&quot;:&quot;classic&quot;,&quot;background_motion_fx_motion_fx_scrolling&quot;:&quot;yes&quot;,&quot;background_motion_fx_translateX_effect&quot;:&quot;yes&quot;,&quot;background_motion_fx_translateX_direction&quot;:&quot;negative&quot;,&quot;background_motion_fx_translateX_speed&quot;:{&quot;unit&quot;:&quot;px&quot;,&quot;size&quot;:6,&quot;sizes&quot;:[]},&quot;background_motion_fx_translateX_affectedRange&quot;:{&quot;unit&quot;:&quot;%&quot;,&quot;size&quot;:&quot;&quot;,&quot;sizes&quot;:{&quot;start&quot;:0,&quot;end&quot;:100}},&quot;background_motion_fx_devices&quot;:[&quot;desktop&quot;,&quot;tablet&quot;,&quot;mobile&quot;]}\">\n\t\t<div class=\"elementor-element elementor-element-1728471 e-flex e-con-boxed e-con e-child\" data-id=\"1728471\" data-element_type=\"container\" data-e-type=\"container\" data-settings=\"{&quot;background_background&quot;:&quot;classic&quot;,&quot;shape_divider_top&quot;:&quot;opacity-tilt&quot;}\">\n\t\t\t\t\t<div class=\"e-con-inner\">\n\t\t\t\t<div class=\"elementor-shape elementor-shape-top\" aria-hidden=\"true\" data-negative=\"false\">\n\t\t\t<svg xmlns=\"http:\/\/www.w3.org\/2000\/svg\" viewBox=\"0 0 2600 131.1\" preserveAspectRatio=\"none\">\n\t<path class=\"elementor-shape-fill\" d=\"M0 0L2600 0 2600 69.1 0 0z\"\/>\n\t<path class=\"elementor-shape-fill\" style=\"opacity:0.5\" d=\"M0 0L2600 0 2600 69.1 0 69.1z\"\/>\n\t<path class=\"elementor-shape-fill\" style=\"opacity:0.25\" d=\"M2600 0L0 0 0 130.1 2600 69.1z\"\/>\n<\/svg>\t\t<\/div>\n\t\t\t\t<div class=\"elementor-element elementor-element-22cea5f elementor-widget elementor-widget-heading\" data-id=\"22cea5f\" data-element_type=\"widget\" data-e-type=\"widget\" data-widget_type=\"heading.default\">\n\t\t\t\t\t<h2 class=\"elementor-heading-title elementor-size-default\">Innovaci\u00f3n<\/h2>\t\t\t\t<\/div>\n\t\t\t\t<div class=\"elementor-element elementor-element-9d6d995 elementor-widget elementor-widget-text-editor\" data-id=\"9d6d995\" data-element_type=\"widget\" data-e-type=\"widget\" data-widget_type=\"text-editor.default\">\n\t\t\t\t\t\t\t\t\t<p>El Instituto Secoli es un punto de referencia para quienes desean emprender una carrera en el sistema de la moda, especialmente en el campo del dise\u00f1o t\u00e9cnico y sartorial, y cuenta con una red de colaboraci\u00f3n con las m\u00e1s importantes empresas de la industria de la moda.<\/p><p>La escuela se distingue por un s\u00f3lido m\u00e9todo t\u00e9cnico aplicado y una estrecha colaboraci\u00f3n con las <a href=\"https:\/\/secoli.com\/servicios-para-empresas\/socios\/?lang=es\">industrias de la moda<\/a>, permitiendo una continua innovaci\u00f3n de los m\u00e9todos y procesos.<\/p>\t\t\t\t\t\t\t\t<\/div>\n\t\t\t\t\t<\/div>\n\t\t\t\t<\/div>\n\t\t\t\t<\/div>\n\t\t\t\t<\/div>\n\t\t<div class=\"elementor-element elementor-element-210476a e-con-full e-flex e-con e-child\" data-id=\"210476a\" data-element_type=\"container\" data-e-type=\"container\">\n\t\t\t\t<div class=\"elementor-element elementor-element-b51cc7c elementor-widget elementor-widget-heading\" data-id=\"b51cc7c\" data-element_type=\"widget\" data-e-type=\"widget\" data-widget_type=\"heading.default\">\n\t\t\t\t\t<h2 class=\"elementor-heading-title elementor-size-default\">Istituto Secoli\n<\/h2>\t\t\t\t<\/div>\n\t\t\t\t<div class=\"elementor-element elementor-element-a8d2247 elementor-nav-menu--dropdown-tablet elementor-nav-menu__text-align-aside elementor-nav-menu--toggle elementor-nav-menu--burger elementor-widget elementor-widget-nav-menu\" data-id=\"a8d2247\" data-element_type=\"widget\" data-e-type=\"widget\" data-settings=\"{&quot;layout&quot;:&quot;vertical&quot;,&quot;submenu_icon&quot;:{&quot;value&quot;:&quot;&lt;svg aria-hidden=\\&quot;true\\&quot; class=\\&quot;e-font-icon-svg e-fas-caret-down\\&quot; viewBox=\\&quot;0 0 320 512\\&quot; xmlns=\\&quot;http:\\\/\\\/www.w3.org\\\/2000\\\/svg\\&quot;&gt;&lt;path d=\\&quot;M31.3 192h257.3c17.8 0 26.7 21.5 14.1 34.1L174.1 354.8c-7.8 7.8-20.5 7.8-28.3 0L17.2 226.1C4.6 213.5 13.5 192 31.3 192z\\&quot;&gt;&lt;\\\/path&gt;&lt;\\\/svg&gt;&quot;,&quot;library&quot;:&quot;fa-solid&quot;},&quot;toggle&quot;:&quot;burger&quot;}\" data-widget_type=\"nav-menu.default\">\n\t\t\t\t\t\t\t\t<nav aria-label=\"Menu\" class=\"elementor-nav-menu--main elementor-nav-menu__container elementor-nav-menu--layout-vertical e--pointer-underline e--animation-fade\">\n\t\t\t\t<ul id=\"menu-1-a8d2247\" class=\"elementor-nav-menu sm-vertical\"><li class=\"menu-item menu-item-type-post_type menu-item-object-page menu-item-57632\"><a href=\"https:\/\/secoli.com\/es\/istituto-secoli\/quienes-somos\/\" class=\"elementor-item\">Qui\u00e9nes Somos<\/a><\/li>\n<li class=\"menu-item menu-item-type-post_type menu-item-object-page menu-item-57633\"><a href=\"https:\/\/secoli.com\/es\/istituto-secoli\/las-sedes\/\" class=\"elementor-item\">Las Sedes<\/a><\/li>\n<li class=\"menu-item menu-item-type-post_type menu-item-object-page menu-item-57634\"><a href=\"https:\/\/secoli.com\/es\/istituto-secoli\/por-que-istituto-secoli\/\" class=\"elementor-item\">POR QU\u00c9 Istituto Secoli<\/a><\/li>\n<li class=\"menu-item menu-item-type-post_type menu-item-object-page menu-item-57635\"><a href=\"https:\/\/secoli.com\/es\/istituto-secoli\/la-historia\/\" class=\"elementor-item\">La Historia<\/a><\/li>\n<li class=\"menu-item menu-item-type-post_type menu-item-object-page menu-item-57636\"><a href=\"https:\/\/secoli.com\/es\/istituto-secoli\/el-metodo-secoli\/\" class=\"elementor-item\">El M\u00e9todo Secoli<\/a><\/li>\n<li class=\"menu-item menu-item-type-post_type menu-item-object-page menu-item-57637\"><a href=\"https:\/\/secoli.com\/es\/istituto-secoli\/biblioteca-secoli\/\" class=\"elementor-item\">Biblioteca Secoli<\/a><\/li>\n<li class=\"menu-item menu-item-type-post_type menu-item-object-page menu-item-57638\"><a href=\"https:\/\/secoli.com\/es\/istituto-secoli\/profesores\/\" class=\"elementor-item\">Profesores<\/a><\/li>\n<li class=\"menu-item menu-item-type-post_type menu-item-object-page menu-item-57639\"><a href=\"https:\/\/secoli.com\/es\/servicios-para-empresas\/socios\/\" class=\"elementor-item\">Empresas aliadas<\/a><\/li>\n<\/ul>\t\t\t<\/nav>\n\t\t\t\t\t<div class=\"elementor-menu-toggle\" role=\"button\" tabindex=\"0\" aria-label=\"Alternar men\u00fa\" aria-expanded=\"false\">\n\t\t\t<svg aria-hidden=\"true\" role=\"presentation\" class=\"elementor-menu-toggle__icon--open e-font-icon-svg e-eicon-menu-bar\" viewBox=\"0 0 1000 1000\" xmlns=\"http:\/\/www.w3.org\/2000\/svg\"><path d=\"M104 333H896C929 333 958 304 958 271S929 208 896 208H104C71 208 42 237 42 271S71 333 104 333ZM104 583H896C929 583 958 554 958 521S929 458 896 458H104C71 458 42 487 42 521S71 583 104 583ZM104 833H896C929 833 958 804 958 771S929 708 896 708H104C71 708 42 737 42 771S71 833 104 833Z\"><\/path><\/svg><svg aria-hidden=\"true\" role=\"presentation\" class=\"elementor-menu-toggle__icon--close e-font-icon-svg e-eicon-close\" viewBox=\"0 0 1000 1000\" xmlns=\"http:\/\/www.w3.org\/2000\/svg\"><path d=\"M742 167L500 408 258 167C246 154 233 150 217 150 196 150 179 158 167 167 154 179 150 196 150 212 150 229 154 242 171 254L408 500 167 742C138 771 138 800 167 829 196 858 225 858 254 829L496 587 738 829C750 842 767 846 783 846 800 846 817 842 829 829 842 817 846 804 846 783 846 767 842 750 829 737L588 500 833 258C863 229 863 200 833 171 804 137 775 137 742 167Z\"><\/path><\/svg>\t\t<\/div>\n\t\t\t\t\t<nav class=\"elementor-nav-menu--dropdown elementor-nav-menu__container\" aria-hidden=\"true\">\n\t\t\t\t<ul id=\"menu-2-a8d2247\" class=\"elementor-nav-menu sm-vertical\"><li class=\"menu-item menu-item-type-post_type menu-item-object-page menu-item-57632\"><a href=\"https:\/\/secoli.com\/es\/istituto-secoli\/quienes-somos\/\" class=\"elementor-item\" tabindex=\"-1\">Qui\u00e9nes Somos<\/a><\/li>\n<li class=\"menu-item menu-item-type-post_type menu-item-object-page menu-item-57633\"><a href=\"https:\/\/secoli.com\/es\/istituto-secoli\/las-sedes\/\" class=\"elementor-item\" tabindex=\"-1\">Las Sedes<\/a><\/li>\n<li class=\"menu-item menu-item-type-post_type menu-item-object-page menu-item-57634\"><a href=\"https:\/\/secoli.com\/es\/istituto-secoli\/por-que-istituto-secoli\/\" class=\"elementor-item\" tabindex=\"-1\">POR QU\u00c9 Istituto Secoli<\/a><\/li>\n<li class=\"menu-item menu-item-type-post_type menu-item-object-page menu-item-57635\"><a href=\"https:\/\/secoli.com\/es\/istituto-secoli\/la-historia\/\" class=\"elementor-item\" tabindex=\"-1\">La Historia<\/a><\/li>\n<li class=\"menu-item menu-item-type-post_type menu-item-object-page menu-item-57636\"><a href=\"https:\/\/secoli.com\/es\/istituto-secoli\/el-metodo-secoli\/\" class=\"elementor-item\" tabindex=\"-1\">El M\u00e9todo Secoli<\/a><\/li>\n<li class=\"menu-item menu-item-type-post_type menu-item-object-page menu-item-57637\"><a href=\"https:\/\/secoli.com\/es\/istituto-secoli\/biblioteca-secoli\/\" class=\"elementor-item\" tabindex=\"-1\">Biblioteca Secoli<\/a><\/li>\n<li class=\"menu-item menu-item-type-post_type menu-item-object-page menu-item-57638\"><a href=\"https:\/\/secoli.com\/es\/istituto-secoli\/profesores\/\" class=\"elementor-item\" tabindex=\"-1\">Profesores<\/a><\/li>\n<li class=\"menu-item menu-item-type-post_type menu-item-object-page menu-item-57639\"><a href=\"https:\/\/secoli.com\/es\/servicios-para-empresas\/socios\/\" class=\"elementor-item\" tabindex=\"-1\">Empresas aliadas<\/a><\/li>\n<\/ul>\t\t\t<\/nav>\n\t\t\t\t\t\t<\/div>\n\t\t\t\t<div class=\"elementor-element elementor-element-1babfe9 elementor-widget-divider--separator-type-pattern elementor-widget-divider--view-line elementor-widget elementor-widget-divider\" data-id=\"1babfe9\" data-element_type=\"widget\" data-e-type=\"widget\" data-widget_type=\"divider.default\">\n\t\t\t\t\t\t\t<div class=\"elementor-divider\" style=\"--divider-pattern-url: url(&quot;data:image\/svg+xml,%3Csvg xmlns=&#039;http:\/\/www.w3.org\/2000\/svg&#039; preserveAspectRatio=&#039;none&#039; overflow=&#039;visible&#039; height=&#039;100%&#039; viewBox=&#039;0 0 20 16&#039; fill=&#039;none&#039; stroke=&#039;black&#039; stroke-width=&#039;1&#039; stroke-linecap=&#039;square&#039; stroke-miterlimit=&#039;10&#039;%3E%3Cg transform=&#039;translate(-12.000000, 0)&#039;%3E%3Cpath d=&#039;M28,0L10,18&#039;\/%3E%3Cpath d=&#039;M18,0L0,18&#039;\/%3E%3Cpath d=&#039;M48,0L30,18&#039;\/%3E%3Cpath d=&#039;M38,0L20,18&#039;\/%3E%3C\/g%3E%3C\/svg%3E&quot;);\">\n\t\t\t<span class=\"elementor-divider-separator\">\n\t\t\t\t\t\t<\/span>\n\t\t<\/div>\n\t\t\t\t\t\t<\/div>\n\t\t\t\t<div class=\"elementor-element elementor-element-0023369 elementor-position-inline-start elementor-view-default elementor-mobile-position-block-start elementor-invisible elementor-widget elementor-widget-icon-box\" data-id=\"0023369\" data-element_type=\"widget\" data-e-type=\"widget\" data-settings=\"{&quot;_animation&quot;:&quot;bounceInDown&quot;}\" data-widget_type=\"icon-box.default\">\n\t\t\t\t\t\t\t<div class=\"elementor-icon-box-wrapper\">\n\n\t\t\t\t\t\t<div class=\"elementor-icon-box-icon\">\n\t\t\t\t<a href=\"https:\/\/secoli.com\/iscrizioni\/colloqui-di-orientamento\/\" class=\"elementor-icon\" tabindex=\"-1\" aria-label=\"CONT\u00c1CTENOS\">\n\t\t\t\t<svg aria-hidden=\"true\" class=\"e-font-icon-svg e-fas-handshake\" viewBox=\"0 0 640 512\" xmlns=\"http:\/\/www.w3.org\/2000\/svg\"><path d=\"M434.7 64h-85.9c-8 0-15.7 3-21.6 8.4l-98.3 90c-.1.1-.2.3-.3.4-16.6 15.6-16.3 40.5-2.1 56 12.7 13.9 39.4 17.6 56.1 2.7.1-.1.3-.1.4-.2l79.9-73.2c6.5-5.9 16.7-5.5 22.6 1 6 6.5 5.5 16.6-1 22.6l-26.1 23.9L504 313.8c2.9 2.4 5.5 5 7.9 7.7V128l-54.6-54.6c-5.9-6-14.1-9.4-22.6-9.4zM544 128.2v223.9c0 17.7 14.3 32 32 32h64V128.2h-96zm48 223.9c-8.8 0-16-7.2-16-16s7.2-16 16-16 16 7.2 16 16-7.2 16-16 16zM0 384h64c17.7 0 32-14.3 32-32V128.2H0V384zm48-63.9c8.8 0 16 7.2 16 16s-7.2 16-16 16-16-7.2-16-16c0-8.9 7.2-16 16-16zm435.9 18.6L334.6 217.5l-30 27.5c-29.7 27.1-75.2 24.5-101.7-4.4-26.9-29.4-24.8-74.9 4.4-101.7L289.1 64h-83.8c-8.5 0-16.6 3.4-22.6 9.4L128 128v223.9h18.3l90.5 81.9c27.4 22.3 67.7 18.1 90-9.3l.2-.2 17.9 15.5c15.9 13 39.4 10.5 52.3-5.4l31.4-38.6 5.4 4.4c13.7 11.1 33.9 9.1 45-4.7l9.5-11.7c11.2-13.8 9.1-33.9-4.6-45.1z\"><\/path><\/svg>\t\t\t\t<\/a>\n\t\t\t<\/div>\n\t\t\t\n\t\t\t\t\t\t<div class=\"elementor-icon-box-content\">\n\n\t\t\t\t\t\t\t\t\t<h3 class=\"elementor-icon-box-title\">\n\t\t\t\t\t\t<a href=\"https:\/\/secoli.com\/iscrizioni\/colloqui-di-orientamento\/\" >\n\t\t\t\t\t\t\tCONT\u00c1CTENOS\t\t\t\t\t\t<\/a>\n\t\t\t\t\t<\/h3>\n\t\t\t\t\n\t\t\t\t\t\t\t\t\t<p class=\"elementor-icon-box-description\">\n\t\t\t\t\t\tSolicite una entrevista de orientaci\u00f3n, en l\u00ednea o presencial.\t\t\t\t\t<\/p>\n\t\t\t\t\n\t\t\t<\/div>\n\t\t\t\n\t\t<\/div>\n\t\t\t\t\t\t<\/div>\n\t\t\t\t<\/div>\n\t\t\t\t<\/div>\n\t\t\t\t<\/div>\n\t\t","protected":false},"excerpt":{"rendered":"<p>Donde nace el patronaje italiano La historia del Instituto Secoli coincide, en gran parte, con la propia historia del patronaje industrial. Cuando en la primera posguerra la industria de la moda empezaba a organizarse como sistema productivo, faltaba un lenguaje t\u00e9cnico capaz de traducir la idea creativa en una prenda reproducible. Fue entonces cuando Secoli, [&hellip;]<\/p>\n","protected":false},"author":1,"featured_media":0,"parent":47448,"menu_order":0,"comment_status":"closed","ping_status":"closed","template":"","meta":{"_acf_changed":false,"inline_featured_image":false,"footnotes":""},"class_list":["post-47721","page","type-page","status-publish","hentry"],"acf":[],"_links":{"self":[{"href":"https:\/\/secoli.com\/es\/wp-json\/wp\/v2\/pages\/47721","targetHints":{"allow":["GET"]}}],"collection":[{"href":"https:\/\/secoli.com\/es\/wp-json\/wp\/v2\/pages"}],"about":[{"href":"https:\/\/secoli.com\/es\/wp-json\/wp\/v2\/types\/page"}],"author":[{"embeddable":true,"href":"https:\/\/secoli.com\/es\/wp-json\/wp\/v2\/users\/1"}],"replies":[{"embeddable":true,"href":"https:\/\/secoli.com\/es\/wp-json\/wp\/v2\/comments?post=47721"}],"version-history":[{"count":1,"href":"https:\/\/secoli.com\/es\/wp-json\/wp\/v2\/pages\/47721\/revisions"}],"predecessor-version":[{"id":47734,"href":"https:\/\/secoli.com\/es\/wp-json\/wp\/v2\/pages\/47721\/revisions\/47734"}],"up":[{"embeddable":true,"href":"https:\/\/secoli.com\/es\/wp-json\/wp\/v2\/pages\/47448"}],"wp:attachment":[{"href":"https:\/\/secoli.com\/es\/wp-json\/wp\/v2\/media?parent=47721"}],"curies":[{"name":"wp","href":"https:\/\/api.w.org\/{rel}","templated":true}]}}