{"id":47714,"date":"2025-07-29T11:35:54","date_gmt":"2025-07-29T09:35:54","guid":{"rendered":"https:\/\/secoli.com\/istituto-secoli\/la-historia\/"},"modified":"2025-11-24T12:13:35","modified_gmt":"2025-11-24T11:13:35","slug":"la-historia","status":"publish","type":"page","link":"https:\/\/secoli.com\/es\/istituto-secoli\/la-historia\/","title":{"rendered":"La Historia"},"content":{"rendered":"\t\t<div data-elementor-type=\"wp-page\" data-elementor-id=\"47714\" class=\"elementor elementor-47714 elementor-120\" data-elementor-post-type=\"page\">\n\t\t\t\t<div class=\"elementor-element elementor-element-9b883b3 e-con-full e-flex e-con e-parent\" data-id=\"9b883b3\" data-element_type=\"container\" data-e-type=\"container\">\n\t\t<div class=\"elementor-element elementor-element-be4076c e-con-full e-flex e-con e-child\" data-id=\"be4076c\" data-element_type=\"container\" data-e-type=\"container\">\n\t\t\t\t<div class=\"elementor-element elementor-element-21f152b elementor-widget elementor-widget-timeline-widget-addon\" data-id=\"21f152b\" data-element_type=\"widget\" data-e-type=\"widget\" data-widget_type=\"timeline-widget-addon.default\">\n\t\t\t\t<div class=\"elementor-widget-container\">\n\t\t\t\t\t<!-- ========= Timeline Widget Addon For Elementor 1.6.24 ========= -->\n<div id=\"twae-wrapper-21f152b\" class=\"twae-vertical twae-wrapper  twae-both-sided\">   \n    <div class=\"twae-start\"><\/div>    \n    <div id=\"twea-timeline-21f152b\" class=\"twae-timeline\" ><!-- Start of Story Repeater Content --><div id=\"story-3950044\" class=\"twae-story twae-repeater-item twae-story-right twae-story-no-icon\"><!-- Story Label --><div class=\"twae-labels\"><div class=\"twae-label-big\">1934<\/div><\/div><!-- Story Icon --><div class=\"twae-icon\"><i aria-hidden=\"true\" class=\"far fa-clock\"><\/i><\/div><!-- Story Arrow --><div class=\"twae-arrow\"><\/div><!-- Start of Story Content --><div class=\"twae-content\"><!-- Story Title --><div class=\"twae-title\">La fundaci\u00f3n<\/div><!-- Story Image --><div class=\"twae-media large\"><img fetchpriority=\"high\" decoding=\"async\" width=\"800\" height=\"648\" src=\"https:\/\/secoli.com\/wp-content\/uploads\/2025\/09\/story-1.webp\" class=\"attachment-large size-large\" alt=\"story 1\" srcset=\"https:\/\/secoli.com\/wp-content\/uploads\/2025\/09\/story-1.webp 1000w, https:\/\/secoli.com\/wp-content\/uploads\/2025\/09\/story-1-300x243.webp 300w, https:\/\/secoli.com\/wp-content\/uploads\/2025\/09\/story-1-768x622.webp 768w\" sizes=\"(max-width: 800px) 100vw, 800px\" \/><\/div><!-- Story Description --><div class=\"twae-description\"><p>Fundado en 1934 en Treviso por Carlo Secoli, el Istituto Secoli nace con la voluntad de difundir la cultura y la tradici\u00f3n sartorial transmitiendo un m\u00e9todo profesional para proyectar y realizar prendas.<\/p>\n<\/div><\/div><\/div><!-- Start of Story Repeater Content --><div id=\"story-c73f5db\" class=\"twae-story twae-repeater-item twae-story-left twae-story-no-icon\"><!-- Story Label --><div class=\"twae-labels\"><div class=\"twae-label-big\">1945<\/div><\/div><!-- Story Icon --><div class=\"twae-icon\"><i aria-hidden=\"true\" class=\"far fa-clock\"><\/i><\/div><!-- Story Arrow --><div class=\"twae-arrow\"><\/div><!-- Start of Story Content --><div class=\"twae-content\"><!-- Story Title --><div class=\"twae-title\">Mil\u00e1n<\/div><!-- Story Image --><div class=\"twae-media large\"><img decoding=\"async\" width=\"800\" height=\"648\" src=\"https:\/\/secoli.com\/wp-content\/uploads\/2025\/09\/story-2.jpg\" class=\"attachment-large size-large\" alt=\"story 2\" srcset=\"https:\/\/secoli.com\/wp-content\/uploads\/2025\/09\/story-2.jpg 1000w, https:\/\/secoli.com\/wp-content\/uploads\/2025\/09\/story-2-300x243.jpg 300w, https:\/\/secoli.com\/wp-content\/uploads\/2025\/09\/story-2-768x622.jpg 768w\" sizes=\"(max-width: 800px) 100vw, 800px\" \/><\/div><!-- Story Description --><div class=\"twae-description\"><p>En 1945, Carlo Secoli traslada la escuela de moda a Mil\u00e1n, contribuyendo a formar las grandes corrientes culturales y sociales que llevan a la ciudad a convertirse en capital mundial del fashion system. El Istituto, desde el principio, se muestra capaz de detectar las necesidades del mercado y anticipar las demandas del sector, convirti\u00e9ndose, en poco tiempo, en una realidad formativa en el \u00e1mbito de la moda entre las m\u00e1s renombradas. <\/p>\n<\/div><\/div><\/div><!-- Start of Story Repeater Content --><div id=\"story-93ba20d\" class=\"twae-story twae-repeater-item twae-story-right twae-story-no-icon\"><!-- Story Label --><div class=\"twae-labels\"><div class=\"twae-label-big\">A\u00f1os 40\/50<\/div><\/div><!-- Story Icon --><div class=\"twae-icon\"><i aria-hidden=\"true\" class=\"far fa-clock\"><\/i><\/div><!-- Story Arrow --><div class=\"twae-arrow\"><\/div><!-- Start of Story Content --><div class=\"twae-content\"><!-- Story Title --><div class=\"twae-title\">Los primeros cursos<\/div><!-- Story Image --><div class=\"twae-media large\"><img decoding=\"async\" width=\"800\" height=\"648\" src=\"https:\/\/secoli.com\/wp-content\/uploads\/2025\/09\/storia2.jpg\" class=\"attachment-large size-large\" alt=\"storia2\" srcset=\"https:\/\/secoli.com\/wp-content\/uploads\/2025\/09\/storia2.jpg 1000w, https:\/\/secoli.com\/wp-content\/uploads\/2025\/09\/storia2-300x243.jpg 300w, https:\/\/secoli.com\/wp-content\/uploads\/2025\/09\/storia2-768x622.jpg 768w\" sizes=\"(max-width: 800px) 100vw, 800px\" \/><\/div><!-- Story Description --><div class=\"twae-description\"><p>Los primeros cursos activados son los de Modelismo. Las innovaciones aportadas a la materia permiten proyectar cualquier modelo con precisi\u00f3n, tanto que la historia del Istituto Secoli se une a la historia y la evoluci\u00f3n del modelismo industrial. El paso de un modelismo a medida a uno por tallas, la elaboraci\u00f3n de los primeros m\u00e9todos cient\u00edficos de desarrollo de tallas, la constante actualizaci\u00f3n t\u00e9cnica, la colaboraci\u00f3n con las casas productoras de sistemas CAD son los cap\u00edtulos de una tradici\u00f3n y de una cultura innovadora que identifican hoy al instituto como la mejor escuela para el estudio de esta disciplina.  <\/p>\n<\/div><\/div><\/div><!-- Start of Story Repeater Content --><div id=\"story-86a4ca6\" class=\"twae-story twae-repeater-item twae-story-left twae-story-no-icon\"><!-- Story Label --><div class=\"twae-labels\"><div class=\"twae-label-big\">a\u00f1os 60\/70<\/div><\/div><!-- Story Icon --><div class=\"twae-icon\"><i aria-hidden=\"true\" class=\"far fa-clock\"><\/i><\/div><!-- Story Arrow --><div class=\"twae-arrow\"><\/div><!-- Start of Story Content --><div class=\"twae-content\"><!-- Story Title --><div class=\"twae-title\">El crecimiento<\/div><!-- Story Image --><div class=\"twae-media large\"><img loading=\"lazy\" decoding=\"async\" width=\"800\" height=\"648\" src=\"https:\/\/secoli.com\/wp-content\/uploads\/2025\/09\/story-4.jpg\" class=\"attachment-large size-large\" alt=\"story 4\" srcset=\"https:\/\/secoli.com\/wp-content\/uploads\/2025\/09\/story-4.jpg 1000w, https:\/\/secoli.com\/wp-content\/uploads\/2025\/09\/story-4-300x243.jpg 300w, https:\/\/secoli.com\/wp-content\/uploads\/2025\/09\/story-4-768x622.jpg 768w\" sizes=\"(max-width: 800px) 100vw, 800px\" \/><\/div><!-- Story Description --><div class=\"twae-description\"><p>En 1962, el Istituto inicia los cursos de \"An\u00e1lisis de Tiempos, M\u00e9todos y Organizaci\u00f3n Empresarial\" en colaboraci\u00f3n con las oficinas de investigaci\u00f3n de las m\u00e1s importantes empresas productoras de maquinaria para la confecci\u00f3n y con las escuelas de formaci\u00f3n americanas, con el objetivo de favorecer el desarrollo profesional en la organizaci\u00f3n del trabajo de las industrias de la confecci\u00f3n. En 1965, el Istituto decide abrir sus cursos, adem\u00e1s de a los t\u00e9cnicos enviados por las empresas, tambi\u00e9n a los j\u00f3venes diplomados y licenciados. Desde 1975, los cursos impartidos en Secoli est\u00e1n reconocidos por la Regi\u00f3n Lombard\u00eda.  <\/p>\n<\/div><\/div><\/div><!-- Start of Story Repeater Content --><div id=\"story-e3e4bc8\" class=\"twae-story twae-repeater-item twae-story-right twae-story-no-icon\"><!-- Story Label --><div class=\"twae-labels\"><div class=\"twae-label-big\">A\u00f1os 80<\/div><\/div><!-- Story Icon --><div class=\"twae-icon\"><i aria-hidden=\"true\" class=\"far fa-clock\"><\/i><\/div><!-- Story Arrow --><div class=\"twae-arrow\"><\/div><!-- Start of Story Content --><div class=\"twae-content\"><!-- Story Title --><div class=\"twae-title\">Secoli Fashion Show<\/div><!-- Story Image --><div class=\"twae-media large\"><img loading=\"lazy\" decoding=\"async\" width=\"800\" height=\"648\" src=\"https:\/\/secoli.com\/wp-content\/uploads\/2025\/09\/story-5.jpg\" class=\"attachment-large size-large\" alt=\"story 5\" srcset=\"https:\/\/secoli.com\/wp-content\/uploads\/2025\/09\/story-5.jpg 1000w, https:\/\/secoli.com\/wp-content\/uploads\/2025\/09\/story-5-300x243.jpg 300w, https:\/\/secoli.com\/wp-content\/uploads\/2025\/09\/story-5-768x622.jpg 768w\" sizes=\"(max-width: 800px) 100vw, 800px\" \/><\/div><!-- Story Description --><div class=\"twae-description\"><p>En junio de 1984 se celebra el primer desfile organizado por el Istituto: hoy el Secoli Fashion Show es mucho m\u00e1s que un desfile, es una cita central dentro del calendario del Istituto y una etapa importante del recorrido formativo de cada dise\u00f1ador: para los alumnos representa una primera gran ocasi\u00f3n de visibilidad. Desde 2018, a los talentos emergentes de la escuela - DESIGNER TO WATCH - se les dedica la apertura del Secoli Fashion Show, que hoy es considerado por medios, influencers y empresas del fashion system un escaparate glamuroso que acoge a los futuros protagonistas del sector. <\/p>\n<\/div><\/div><\/div><!-- Start of Story Repeater Content --><div id=\"story-029d6dc\" class=\"twae-story twae-repeater-item twae-story-left twae-story-no-icon\"><!-- Story Label --><div class=\"twae-labels\"><div class=\"twae-label-big\">A\u00f1os 90<\/div><\/div><!-- Story Icon --><div class=\"twae-icon\"><i aria-hidden=\"true\" class=\"far fa-clock\"><\/i><\/div><!-- Story Arrow --><div class=\"twae-arrow\"><\/div><!-- Start of Story Content --><div class=\"twae-content\"><!-- Story Title --><div class=\"twae-title\">Las consultor\u00edas<\/div><!-- Story Image --><div class=\"twae-media large\"><img loading=\"lazy\" decoding=\"async\" width=\"800\" height=\"648\" src=\"https:\/\/secoli.com\/wp-content\/uploads\/2025\/09\/story-6.jpg\" class=\"attachment-large size-large\" alt=\"story 6\" srcset=\"https:\/\/secoli.com\/wp-content\/uploads\/2025\/09\/story-6.jpg 1000w, https:\/\/secoli.com\/wp-content\/uploads\/2025\/09\/story-6-300x243.jpg 300w, https:\/\/secoli.com\/wp-content\/uploads\/2025\/09\/story-6-768x622.jpg 768w\" sizes=\"(max-width: 800px) 100vw, 800px\" \/><\/div><!-- Story Description --><div class=\"twae-description\"><p>En 1990 se realiza la primera consultor\u00eda organizativa coordinada por Danilo Migliorini, Director del \u00c1rea de Consultor\u00edas del Istituto, estrechando a\u00fan m\u00e1s el v\u00ednculo entre la formaci\u00f3n impartida y la industria de la moda: hasta la fecha son centenares las empresas que han elegido a Secoli como su socio estrat\u00e9gico. En 1992, Stefano Secoli asume la direcci\u00f3n de la escuela con el mismo esp\u00edritu e impulsado por la misma ambici\u00f3n de su padre: ense\u00f1ar a proyectar y realizar prendas perfectamente concebidas. <\/p>\n<\/div><\/div><\/div><!-- Start of Story Repeater Content --><div id=\"story-497c0ce\" class=\"twae-story twae-repeater-item twae-story-right twae-story-no-icon\"><!-- Story Label --><div class=\"twae-labels\"><div class=\"twae-label-big\">A\u00f1os 2000<\/div><\/div><!-- Story Icon --><div class=\"twae-icon\"><i aria-hidden=\"true\" class=\"far fa-clock\"><\/i><\/div><!-- Story Arrow --><div class=\"twae-arrow\"><\/div><!-- Start of Story Content --><div class=\"twae-content\"><!-- Story Title --><div class=\"twae-title\">El nuevo milenio<\/div><!-- Story Image --><div class=\"twae-media large\"><img loading=\"lazy\" decoding=\"async\" width=\"800\" height=\"648\" src=\"https:\/\/secoli.com\/wp-content\/uploads\/2025\/09\/story-7.jpg\" class=\"attachment-large size-large\" alt=\"story 7\" srcset=\"https:\/\/secoli.com\/wp-content\/uploads\/2025\/09\/story-7.jpg 1000w, https:\/\/secoli.com\/wp-content\/uploads\/2025\/09\/story-7-300x243.jpg 300w, https:\/\/secoli.com\/wp-content\/uploads\/2025\/09\/story-7-768x622.jpg 768w\" sizes=\"(max-width: 800px) 100vw, 800px\" \/><\/div><!-- Story Description --><div class=\"twae-description\"><p>En 2007 se inaugura la nueva sede en el coraz\u00f3n de Mil\u00e1n, a dos pasos del c\u00e9lebre cuadril\u00e1tero de la moda. En 2008, el Istituto Secoli es socio fundador de Piattaforma Sistema Formativo Moda, la asociaci\u00f3n que re\u00fane a los m\u00e1s importantes institutos de formaci\u00f3n, academias y universidades del sector. <\/p>\n<p>En 2010 comienzan los primeros \u201cM\u00e1ster en Modelismo\u201d, cursos dise\u00f1ados para ofrecer una formaci\u00f3n de excelencia a licenciados en Fashion Design.<\/p>\n<p>En octubre de 2016, el Istituto Secoli, con vistas a la internacionalizaci\u00f3n, inaugura una nueva sede en Guangzhou, China.<\/p>\n<p>Matteo Secoli, en enero de 2019, asume la direcci\u00f3n del Istituto confirmando y relanzando el compromiso y la misi\u00f3n que esta Escuela ha tenido siempre de promover el talento individual para el progreso del sector<\/p>\n<\/div><\/div><\/div><!-- Start of Story Repeater Content --><div id=\"story-43dfbad\" class=\"twae-story twae-repeater-item twae-story-left twae-story-no-icon\"><!-- Story Label --><div class=\"twae-labels\"><div class=\"twae-label-big\">Hoy<\/div><\/div><!-- Story Icon --><div class=\"twae-icon\"><i aria-hidden=\"true\" class=\"far fa-clock\"><\/i><\/div><!-- Story Arrow --><div class=\"twae-arrow\"><\/div><!-- Start of Story Content --><div class=\"twae-content\"><!-- Story Title --><div class=\"twae-title\">Secoli hoy<\/div><!-- Story Image --><div class=\"twae-media large\"><img loading=\"lazy\" decoding=\"async\" width=\"800\" height=\"648\" src=\"https:\/\/secoli.com\/wp-content\/uploads\/2025\/09\/storia-7.jpg\" class=\"attachment-large size-large\" alt=\"storia 7\" srcset=\"https:\/\/secoli.com\/wp-content\/uploads\/2025\/09\/storia-7.jpg 1000w, https:\/\/secoli.com\/wp-content\/uploads\/2025\/09\/storia-7-300x243.jpg 300w, https:\/\/secoli.com\/wp-content\/uploads\/2025\/09\/storia-7-768x622.jpg 768w\" sizes=\"(max-width: 800px) 100vw, 800px\" \/><\/div><!-- Story Description --><div class=\"twae-description\"><p>En 2022 abre una nueva sede en Novara en partnership con Alexander McQueen, Canali, Gucci, Herno, Loro Piana, Versace, Zamasport y ZEGNA dedicada a la formaci\u00f3n de prototipistas.<\/p>\n<p>En el mismo a\u00f1o, Matteo Secoli se convierte en Presidente de Piattaforma Sistema Formativo Moda ETS.<\/p>\n<p>En octubre de 2023, el curso trienal de Fashion Design y Tecnolog\u00edas del Producto Moda obtiene la acreditaci\u00f3n ministerial para la expedici\u00f3n del Diploma Acad\u00e9mico de I nivel equivalente a la licenciatura.<\/p>\n<\/div><\/div><\/div><\/div>\n    <div class=\"twae-end\"><\/div>\n    <\/div><style type=\"text\/css\">@media (max-width: 1024px){ .twae-wrapper{--tw-ybx-size: 80px !important;}}@media (max-width: 767px){ .twae-wrapper{--tw-ybx-size: 80px !important}}<\/style>\t\t\t\t<\/div>\n\t\t\t\t<\/div>\n\t\t\t\t<\/div>\n\t\t<div class=\"elementor-element elementor-element-47bcc35 e-con-full e-flex e-con e-child\" data-id=\"47bcc35\" data-element_type=\"container\" data-e-type=\"container\">\n\t\t\t\t<div class=\"elementor-element elementor-element-2a00bd1 elementor-widget elementor-widget-heading\" data-id=\"2a00bd1\" data-element_type=\"widget\" data-e-type=\"widget\" data-widget_type=\"heading.default\">\n\t\t\t\t\t<h2 class=\"elementor-heading-title elementor-size-default\">Istituto Secoli\n<\/h2>\t\t\t\t<\/div>\n\t\t\t\t<div class=\"elementor-element elementor-element-fcf8b72 elementor-nav-menu--dropdown-tablet elementor-nav-menu__text-align-aside elementor-nav-menu--toggle elementor-nav-menu--burger elementor-widget elementor-widget-nav-menu\" data-id=\"fcf8b72\" data-element_type=\"widget\" data-e-type=\"widget\" data-settings=\"{&quot;layout&quot;:&quot;vertical&quot;,&quot;submenu_icon&quot;:{&quot;value&quot;:&quot;&lt;svg aria-hidden=\\&quot;true\\&quot; class=\\&quot;e-font-icon-svg e-fas-caret-down\\&quot; viewBox=\\&quot;0 0 320 512\\&quot; xmlns=\\&quot;http:\\\/\\\/www.w3.org\\\/2000\\\/svg\\&quot;&gt;&lt;path d=\\&quot;M31.3 192h257.3c17.8 0 26.7 21.5 14.1 34.1L174.1 354.8c-7.8 7.8-20.5 7.8-28.3 0L17.2 226.1C4.6 213.5 13.5 192 31.3 192z\\&quot;&gt;&lt;\\\/path&gt;&lt;\\\/svg&gt;&quot;,&quot;library&quot;:&quot;fa-solid&quot;},&quot;toggle&quot;:&quot;burger&quot;}\" data-widget_type=\"nav-menu.default\">\n\t\t\t\t\t\t\t\t<nav aria-label=\"Menu\" class=\"elementor-nav-menu--main elementor-nav-menu__container elementor-nav-menu--layout-vertical e--pointer-underline e--animation-fade\">\n\t\t\t\t<ul id=\"menu-1-fcf8b72\" class=\"elementor-nav-menu sm-vertical\"><li class=\"menu-item menu-item-type-post_type menu-item-object-page menu-item-57632\"><a href=\"https:\/\/secoli.com\/es\/istituto-secoli\/quienes-somos\/\" class=\"elementor-item\">Qui\u00e9nes Somos<\/a><\/li>\n<li class=\"menu-item menu-item-type-post_type menu-item-object-page menu-item-57633\"><a href=\"https:\/\/secoli.com\/es\/istituto-secoli\/las-sedes\/\" class=\"elementor-item\">Las Sedes<\/a><\/li>\n<li class=\"menu-item menu-item-type-post_type menu-item-object-page menu-item-57634\"><a href=\"https:\/\/secoli.com\/es\/istituto-secoli\/por-que-istituto-secoli\/\" class=\"elementor-item\">POR QU\u00c9 Istituto Secoli<\/a><\/li>\n<li class=\"menu-item menu-item-type-post_type menu-item-object-page menu-item-57635\"><a href=\"https:\/\/secoli.com\/es\/istituto-secoli\/la-historia\/\" class=\"elementor-item\">La Historia<\/a><\/li>\n<li class=\"menu-item menu-item-type-post_type menu-item-object-page menu-item-57636\"><a href=\"https:\/\/secoli.com\/es\/istituto-secoli\/el-metodo-secoli\/\" class=\"elementor-item\">El M\u00e9todo Secoli<\/a><\/li>\n<li class=\"menu-item menu-item-type-post_type menu-item-object-page menu-item-57637\"><a href=\"https:\/\/secoli.com\/es\/istituto-secoli\/biblioteca-secoli\/\" class=\"elementor-item\">Biblioteca Secoli<\/a><\/li>\n<li class=\"menu-item menu-item-type-post_type menu-item-object-page menu-item-57638\"><a href=\"https:\/\/secoli.com\/es\/istituto-secoli\/profesores\/\" class=\"elementor-item\">Profesores<\/a><\/li>\n<li class=\"menu-item menu-item-type-post_type menu-item-object-page menu-item-57639\"><a href=\"https:\/\/secoli.com\/es\/servicios-para-empresas\/socios\/\" class=\"elementor-item\">Empresas aliadas<\/a><\/li>\n<\/ul>\t\t\t<\/nav>\n\t\t\t\t\t<div class=\"elementor-menu-toggle\" role=\"button\" tabindex=\"0\" aria-label=\"Alternar men\u00fa\" aria-expanded=\"false\">\n\t\t\t<svg aria-hidden=\"true\" role=\"presentation\" class=\"elementor-menu-toggle__icon--open e-font-icon-svg e-eicon-menu-bar\" viewBox=\"0 0 1000 1000\" xmlns=\"http:\/\/www.w3.org\/2000\/svg\"><path d=\"M104 333H896C929 333 958 304 958 271S929 208 896 208H104C71 208 42 237 42 271S71 333 104 333ZM104 583H896C929 583 958 554 958 521S929 458 896 458H104C71 458 42 487 42 521S71 583 104 583ZM104 833H896C929 833 958 804 958 771S929 708 896 708H104C71 708 42 737 42 771S71 833 104 833Z\"><\/path><\/svg><svg aria-hidden=\"true\" role=\"presentation\" class=\"elementor-menu-toggle__icon--close e-font-icon-svg e-eicon-close\" viewBox=\"0 0 1000 1000\" xmlns=\"http:\/\/www.w3.org\/2000\/svg\"><path d=\"M742 167L500 408 258 167C246 154 233 150 217 150 196 150 179 158 167 167 154 179 150 196 150 212 150 229 154 242 171 254L408 500 167 742C138 771 138 800 167 829 196 858 225 858 254 829L496 587 738 829C750 842 767 846 783 846 800 846 817 842 829 829 842 817 846 804 846 783 846 767 842 750 829 737L588 500 833 258C863 229 863 200 833 171 804 137 775 137 742 167Z\"><\/path><\/svg>\t\t<\/div>\n\t\t\t\t\t<nav class=\"elementor-nav-menu--dropdown elementor-nav-menu__container\" aria-hidden=\"true\">\n\t\t\t\t<ul id=\"menu-2-fcf8b72\" class=\"elementor-nav-menu sm-vertical\"><li class=\"menu-item menu-item-type-post_type menu-item-object-page menu-item-57632\"><a href=\"https:\/\/secoli.com\/es\/istituto-secoli\/quienes-somos\/\" class=\"elementor-item\" tabindex=\"-1\">Qui\u00e9nes Somos<\/a><\/li>\n<li class=\"menu-item menu-item-type-post_type menu-item-object-page menu-item-57633\"><a href=\"https:\/\/secoli.com\/es\/istituto-secoli\/las-sedes\/\" class=\"elementor-item\" tabindex=\"-1\">Las Sedes<\/a><\/li>\n<li class=\"menu-item menu-item-type-post_type menu-item-object-page menu-item-57634\"><a href=\"https:\/\/secoli.com\/es\/istituto-secoli\/por-que-istituto-secoli\/\" class=\"elementor-item\" tabindex=\"-1\">POR QU\u00c9 Istituto Secoli<\/a><\/li>\n<li class=\"menu-item menu-item-type-post_type menu-item-object-page menu-item-57635\"><a href=\"https:\/\/secoli.com\/es\/istituto-secoli\/la-historia\/\" class=\"elementor-item\" tabindex=\"-1\">La Historia<\/a><\/li>\n<li class=\"menu-item menu-item-type-post_type menu-item-object-page menu-item-57636\"><a href=\"https:\/\/secoli.com\/es\/istituto-secoli\/el-metodo-secoli\/\" class=\"elementor-item\" tabindex=\"-1\">El M\u00e9todo Secoli<\/a><\/li>\n<li class=\"menu-item menu-item-type-post_type menu-item-object-page menu-item-57637\"><a href=\"https:\/\/secoli.com\/es\/istituto-secoli\/biblioteca-secoli\/\" class=\"elementor-item\" tabindex=\"-1\">Biblioteca Secoli<\/a><\/li>\n<li class=\"menu-item menu-item-type-post_type menu-item-object-page menu-item-57638\"><a href=\"https:\/\/secoli.com\/es\/istituto-secoli\/profesores\/\" class=\"elementor-item\" tabindex=\"-1\">Profesores<\/a><\/li>\n<li class=\"menu-item menu-item-type-post_type menu-item-object-page menu-item-57639\"><a href=\"https:\/\/secoli.com\/es\/servicios-para-empresas\/socios\/\" class=\"elementor-item\" tabindex=\"-1\">Empresas aliadas<\/a><\/li>\n<\/ul>\t\t\t<\/nav>\n\t\t\t\t\t\t<\/div>\n\t\t\t\t<\/div>\n\t\t\t\t<\/div>\n\t\t\t\t<\/div>\n\t\t","protected":false},"excerpt":{"rendered":"<p>1934La fundaci\u00f3n Fundado en 1934 en Treviso por Carlo Secoli, el Istituto Secoli nace con la voluntad de difundir la cultura y la tradici\u00f3n sartorial transmitiendo un m\u00e9todo profesional para proyectar y realizar prendas. 1945Mil\u00e1n En 1945, Carlo Secoli traslada la escuela de moda a Mil\u00e1n, contribuyendo a formar las grandes corrientes culturales y sociales [&hellip;]<\/p>\n","protected":false},"author":1,"featured_media":47715,"parent":47448,"menu_order":0,"comment_status":"closed","ping_status":"closed","template":"","meta":{"_acf_changed":false,"inline_featured_image":false,"footnotes":""},"class_list":["post-47714","page","type-page","status-publish","has-post-thumbnail","hentry"],"acf":[],"_links":{"self":[{"href":"https:\/\/secoli.com\/es\/wp-json\/wp\/v2\/pages\/47714","targetHints":{"allow":["GET"]}}],"collection":[{"href":"https:\/\/secoli.com\/es\/wp-json\/wp\/v2\/pages"}],"about":[{"href":"https:\/\/secoli.com\/es\/wp-json\/wp\/v2\/types\/page"}],"author":[{"embeddable":true,"href":"https:\/\/secoli.com\/es\/wp-json\/wp\/v2\/users\/1"}],"replies":[{"embeddable":true,"href":"https:\/\/secoli.com\/es\/wp-json\/wp\/v2\/comments?post=47714"}],"version-history":[{"count":1,"href":"https:\/\/secoli.com\/es\/wp-json\/wp\/v2\/pages\/47714\/revisions"}],"predecessor-version":[{"id":47716,"href":"https:\/\/secoli.com\/es\/wp-json\/wp\/v2\/pages\/47714\/revisions\/47716"}],"up":[{"embeddable":true,"href":"https:\/\/secoli.com\/es\/wp-json\/wp\/v2\/pages\/47448"}],"wp:featuredmedia":[{"embeddable":true,"href":"https:\/\/secoli.com\/es\/wp-json\/wp\/v2\/media\/47715"}],"wp:attachment":[{"href":"https:\/\/secoli.com\/es\/wp-json\/wp\/v2\/media?parent=47714"}],"curies":[{"name":"wp","href":"https:\/\/api.w.org\/{rel}","templated":true}]}}