{"id":47651,"date":"2025-10-03T19:39:58","date_gmt":"2025-10-03T17:39:58","guid":{"rendered":"https:\/\/secoli.com\/istituto-secoli\/institucional\/politica-de-privacidad\/"},"modified":"2025-11-24T12:11:29","modified_gmt":"2025-11-24T11:11:29","slug":"politica-de-privacidad","status":"publish","type":"page","link":"https:\/\/secoli.com\/es\/istituto-secoli\/institucional\/politica-de-privacidad\/","title":{"rendered":"Pol\u00edtica de privacidad"},"content":{"rendered":"\t\t<div data-elementor-type=\"wp-page\" data-elementor-id=\"47651\" class=\"elementor elementor-47651 elementor-40731\" data-elementor-post-type=\"page\">\n\t\t\t\t<div class=\"elementor-element elementor-element-6801174 e-flex e-con-boxed e-con e-parent\" data-id=\"6801174\" data-element_type=\"container\" data-e-type=\"container\">\n\t\t\t\t\t<div class=\"e-con-inner\">\n\t\t\t\t<div class=\"elementor-element elementor-element-d2f0f21 elementor-widget elementor-widget-text-editor\" data-id=\"d2f0f21\" data-element_type=\"widget\" data-e-type=\"widget\" data-widget_type=\"text-editor.default\">\n\t\t\t\t\t\t\t\t\t<p><\/p><p><strong>POL\u00cdTICA DE PRIVACIDAD &#8211; NUESTRO COMPROMISO CON LA PROTECCI\u00d3N DE DATOS<br><br>Informaci\u00f3n de conformidad con el art. 13 del Reglamento (UE) 2016\/679 del Parlamento Europeo y del Consejo <\/strong><br><br><br><br>Istituto Carlo Secoli desea informarle que, de acuerdo con el art. 13 del Reglamento (UE) 2016\/679 del Parlamento Europeo y del Consejo relativo a la protecci\u00f3n de las personas f\u00edsicas en lo que respecta al tratamiento de datos personales (en adelante, \u00abReglamento Europeo\u00bb), necesita procesar sus datos personales recopilados autom\u00e1ticamente o proporcionados por usted a trav\u00e9s de la navegaci\u00f3n o el uso del sitio web www.secoli.com (en adelante, \u00abSitio Web\u00bb). <br><br><br><br><strong>1. RESPONSABLE DEL TRATAMIENTO<\/strong><br><br>El Responsable del tratamiento es Istituto Carlo Secoli S.r.l., en la persona de su representante legal, domiciliado en la sede legal de Viale Vittorio Veneto, 18\/a 20124 Mil\u00e1n (en adelante, \u00abResponsable del tratamiento\u00bb).<br><br><br><br><strong>2. DEFINICI\u00d3N Y TIPOS DE DATOS PERSONALES TRATADOS<\/strong><br><br>Para permitirle el uso del Sitio Web y sus servicios, el Responsable del tratamiento necesita conocer y procesar algunos de sus datos personales.<br><br>Por datos personales entendemos la informaci\u00f3n relativa a una persona f\u00edsica identificada o identificable, como, por ejemplo, el nombre, datos de contacto, direcciones IP.<br><br>Para responder a posibles solicitudes de informaci\u00f3n a trav\u00e9s del formulario de contacto, deberemos tratar los siguientes datos personales: nombre, apellidos, n\u00famero de tel\u00e9fono, direcci\u00f3n de correo electr\u00f3nico.<br><br>Para suscribirse al bolet\u00edn y estar constantemente informado sobre las iniciativas de Istituto Carlo Secoli y recibir descuentos y promociones, deber\u00e1 proporcionarnos su correo electr\u00f3nico.<br><br>Para la simple navegaci\u00f3n del Sitio Web, a continuaci\u00f3n se especifican los tipos de datos tratados y la informaci\u00f3n espec\u00edfica relativa a las \u00abcookies\u00bb.<br><br>Datos de navegaci\u00f3n<br><br>Los sistemas inform\u00e1ticos y los procedimientos de software utilizados para el funcionamiento del Sitio Web adquieren, durante su funcionamiento normal, algunos datos personales cuya transmisi\u00f3n est\u00e1 impl\u00edcita en el uso de los protocolos de comunicaci\u00f3n de Internet.<br><br>Se trata de informaci\u00f3n que no se recopila para ser asociada a interesados identificados, pero que por su propia naturaleza podr\u00eda, a trav\u00e9s de procesamientos y asociaciones con datos en poder de terceros, permitir la identificaci\u00f3n de los usuarios.<br><br>En esta categor\u00eda de datos se incluyen las direcciones IP o los nombres de dominio de los ordenadores utilizados por los usuarios que se conectan al Sitio Web, las direcciones en notaci\u00f3n URI (Identificador Uniforme de Recursos) de los recursos solicitados, la hora de la solicitud, el m\u00e9todo utilizado para enviar la solicitud al servidor, el tama\u00f1o del archivo obtenido en respuesta, el c\u00f3digo num\u00e9rico que indica el estado de la respuesta dada por el servidor (\u00e9xito, error, etc.) y otros par\u00e1metros relativos al sistema operativo y al entorno inform\u00e1tico del usuario. Estos datos son utilizados por el Responsable del tratamiento con el \u00fanico fin de obtener informaci\u00f3n estad\u00edstica an\u00f3nima sobre el uso del Sitio Web y para controlar su correcto funcionamiento. Los datos podr\u00edan ser utilizados tambi\u00e9n para determinar responsabilidades en caso de hipot\u00e9ticos delitos inform\u00e1ticos contra el Responsable del tratamiento. Salvo esta eventualidad, en la actualidad los datos sobre los contactos al Sitio Web no se conservan durante m\u00e1s de siete d\u00edas.   <br><br>Datos proporcionados voluntariamente por el usuario<br><br>El env\u00edo facultativo, expl\u00edcito y voluntario de comunicaciones a las direcciones indicadas en el Sitio Web implica la posterior adquisici\u00f3n de la direcci\u00f3n del remitente, necesaria para responder a las solicitudes, as\u00ed como de cualquier otro dato personal incluido, como por ejemplo la direcci\u00f3n de correo electr\u00f3nico y la direcci\u00f3n donde se encuentra el decodificador.<br><br>Pol\u00edtica de cookies<br><br>A continuaci\u00f3n se especifican los tipos de cookies utilizadas por este Sitio Web, para comprender c\u00f3mo se tratar\u00e1n los datos personales a trav\u00e9s de este tipo de tecnolog\u00edas.<br><br>Cookies t\u00e9cnicas<br><br>Este Sitio Web utiliza las llamadas \u00abcookies t\u00e9cnicas\u00bb, es decir, peque\u00f1os archivos de texto que contienen una cierta cantidad de informaci\u00f3n intercambiada entre el Sitio Web y su terminal (o m\u00e1s bien el navegador de su terminal), que permiten el correcto funcionamiento y uso del mismo. El sitio utiliza cookies t\u00e9cnicas para los fines que permiten su correcto funcionamiento. No se utilizan, en cambio, cookies para la transmisi\u00f3n de informaci\u00f3n de car\u00e1cter personal, ni se utilizan las llamadas cookies persistentes de ning\u00fan tipo.  <br><br>Cookies anal\u00edticas<br><br>Este Sitio Web utiliza las llamadas \u00abcookies anal\u00edticas\u00bb creadas y puestas a disposici\u00f3n por terceros, es decir, Google Analytics. Esto se hace para meros an\u00e1lisis estad\u00edsticos internos de acceso, para mejorar el Sitio Web y simplificar su uso, as\u00ed como para monitorear su correcto funcionamiento. El Responsable del tratamiento ha adoptado, sin embargo, las herramientas m\u00e1s adecuadas para reducir al m\u00e1ximo el poder identificativo de este tipo de cookies. Google Analytics publica aqu\u00ed su pol\u00edtica de cookies.   <br><br>Cookies de perfilado<br><br>Este sitio no utiliza las llamadas \u00abcookies de perfilado\u00bb, ya que el Responsable del tratamiento no tiene la intenci\u00f3n de crear perfiles relativos al usuario con el fin de enviar mensajes publicitarios en l\u00ednea con las preferencias manifestadas por el mismo en el \u00e1mbito de la navegaci\u00f3n en Internet.<br><br>Cookies de terceros<br><br>Tambi\u00e9n terceras partes pueden instalar cookies en su dispositivo. No controlamos el uso de cookies de terceros y, por lo tanto, no somos responsables de su uso. Las terceras partes tienen sus propias pol\u00edticas de privacidad y m\u00e9todos de recopilaci\u00f3n de datos. Las pol\u00edticas se pueden consultar en los siguientes enlaces:   <br><br><\/p><ul><li>hotjar &#8211; <a href=\"https:\/\/www.hotjar.com\/legal\/policies\/terms-of-service\" target=\"_blank\" rel=\"noopener\">https:\/\/www.hotjar.com\/legal\/policies\/terms-of-service<\/a><\/li><li>facebook &#8211; <a href=\"https:\/\/www.facebook.com\/legal\/FB_Work_Privacy\" target=\"_blank\" rel=\"noopener\">https:\/\/www.facebook.com\/legal\/FB_Work_Privacy<\/a><\/li><li>google analytics &#8211; <a href=\"https:\/\/www.google.com\/analytics\/terms\/us.html\" target=\"_blank\" rel=\"noopener\">https:\/\/www.google.com\/analytics\/terms\/us.html<\/a><\/li><\/ul><p><br><br>Opciones sobre el uso de cookies por parte del sitio mediante la configuraci\u00f3n del navegador<br><br>La entrega de todas las cookies se puede desactivar interviniendo en la configuraci\u00f3n de su navegador. Es oportuno destacar, sin embargo, que intervenir en estas configuraciones podr\u00eda hacer inutilizable el Sitio Web en caso de que se bloquearan las cookies indispensables para la prestaci\u00f3n de nuestros servicios. En cualquier caso, cada navegador tiene configuraciones diferentes para la desactivaci\u00f3n de las cookies. Los enlaces a las instrucciones para los navegadores m\u00e1s comunes est\u00e1n aqu\u00ed Apple Safari, Google Chrome, Microsoft Internet Explorer, Mozilla Firefox, Opera.   <br><br><br><br><strong>3. FINALIDADES DEL TRATAMIENTO Y BASE JUR\u00cdDICA<\/strong><br><br>Los datos personales de los que el Responsable del tratamiento entra en posesi\u00f3n son exclusivamente los proporcionados durante la navegaci\u00f3n y\/o en el momento del env\u00edo de eventuales solicitudes de informaci\u00f3n. Por lo tanto, los datos personales ser\u00e1n tratados para: <br><br>A) Permitir el uso del Sitio Web;<br><br>B) Satisfacer las solicitudes que puedan llegar a trav\u00e9s del formulario de contacto, incluso permiti\u00e9ndonos contactarle en la direcci\u00f3n de correo electr\u00f3nico que nos ha comunicado;<br><br>C) Enviar informaci\u00f3n \u00fatil, noticias, descuentos y promociones a trav\u00e9s del bolet\u00edn.<br><br>Considerando la elecci\u00f3n de utilizar los servicios proporcionados por el Sitio Web, la base jur\u00eddica sobre la que se fundamenta el tratamiento de los datos personales podr\u00e1 ser:<br><br>&#8211; el consentimiento expreso, aceptando la Pol\u00edtica de Cookies y continuando la navegaci\u00f3n en el Sitio Web;<br><br>&#8211; el consentimiento expreso, suscribi\u00e9ndose al Bolet\u00edn y aceptando la presente Pol\u00edtica de Privacidad;<br><br>&#8211; la necesidad de cumplir con una obligaci\u00f3n legal, cuando sea necesario, as\u00ed como comunicar sus datos personales cuando nos lo soliciten las autoridades competentes;<br><br>&#8211; el inter\u00e9s leg\u00edtimo de tratar los datos personales para ofrecer el mejor servicio; permitirnos responder cuando se env\u00ede una solicitud; prevenir fraudes; mantener el Sitio Web, nuestros servicios y el sistema IT seguros; asegurar que nuestros procesos, procedimientos y sistemas se mantengan siempre eficientes.<br><br>Los datos personales podr\u00e1n ser tratados tanto a trav\u00e9s de herramientas inform\u00e1ticas como de soportes en papel.<br><br>Para darse de baja del bolet\u00edn, simplemente haga clic en el enlace de cancelaci\u00f3n de suscripci\u00f3n que se encuentra dentro de cada comunicaci\u00f3n recibida.<br><br><br><br><strong>4. PER\u00cdODO DE CONSERVACI\u00d3N DE LOS DATOS PERSONALES<\/strong><br><br>El Responsable del tratamiento tiene la intenci\u00f3n de conservar los datos personales durante un per\u00edodo no superior al necesario para el cumplimiento de las finalidades para las que fueron recopilados y tratados.<br><br>Los datos sobre los contactos al Sitio Web no se conservar\u00e1n durante m\u00e1s de siete d\u00edas, a menos que sean necesarios para determinar responsabilidades en caso de hipot\u00e9ticos delitos inform\u00e1ticos contra el Responsable del tratamiento. Los datos relativos a las solicitudes enviadas que contienen datos personales se eliminan despu\u00e9s de 6 meses desde su recepci\u00f3n. <br><br>Con respecto a cualquier otro dato personal, al no poder determinar con precisi\u00f3n el per\u00edodo de conservaci\u00f3n, el Responsable del tratamiento se compromete desde ahora a inspirar el tratamiento de los datos personales en los principios de adecuaci\u00f3n, pertinencia y minimizaci\u00f3n de los datos, tal como lo exige el Reglamento Europeo, verificando constantemente la necesidad de su conservaci\u00f3n. Por lo tanto, una vez alcanzadas las finalidades para las que fueron recopilados y tratados, ser\u00e1n eliminados de los sistemas o se har\u00e1n completamente an\u00f3nimos. <br><br><br><br><strong>5. CATEGOR\u00cdAS DE DESTINATARIOS DE LOS DATOS<\/strong><br><br>Los datos tratados no ser\u00e1n objeto de difusi\u00f3n a terceros. Sin embargo, pueden tener conocimiento de los datos, en relaci\u00f3n con las finalidades de tratamiento anteriormente expuestas: <br><br>\u2022 sujetos que pueden acceder a los datos en virtud de disposiciones legales previstas por el derecho de la Uni\u00f3n Europea o por el del Estado miembro al que est\u00e1 sujeto el Responsable del tratamiento;<br><br>\u2022 nuestro personal empleado, siempre que sea designado Administrador de Sistema o como sujeto que act\u00faa bajo la autoridad del Responsable del tratamiento o del Encargado del tratamiento seg\u00fan el Reglamento Europeo;<br><br>\u2022 sujetos que realizan, dentro de los l\u00edmites de la Uni\u00f3n Europea, con total autonom\u00eda, como Responsables del tratamiento distintos, o en calidad de Encargados del tratamiento nombrados al efecto por el Responsable, finalidades auxiliares a las actividades y a los servicios mencionados en el p\u00e1rrafo 3, tales como sociedades que ofrecen servicios publicitarios, de marketing y de comunicaci\u00f3n, servicios inform\u00e1ticos y de tecnolog\u00eda de la informaci\u00f3n, dise\u00f1o y realizaci\u00f3n de sitios de Internet, sociedades que ofrecen servicios \u00fatiles para analizar y desarrollar los datos y elaborar y realizar investigaciones de mercado.<br><br>La eventual comunicaci\u00f3n de los datos personales se realizar\u00e1 en pleno cumplimiento de las disposiciones legales previstas por el Reglamento Europeo y de las medidas t\u00e9cnicas y organizativas predispuestas por el Responsable del tratamiento para garantizar un nivel adecuado de seguridad.<br><br><br><br><strong>6. TRANSFERENCIA DE DATOS PERSONALES A TERCEROS PA\u00cdSES<\/strong><br><br>El Responsable del tratamiento podr\u00eda transferir los datos a Terceros Pa\u00edses. La eventual transferencia estar\u00e1 siempre sujeta a garant\u00edas adecuadas, ya que el pa\u00eds de destino ha obtenido una decisi\u00f3n de adecuaci\u00f3n de la Comisi\u00f3n de conformidad con el art\u00edculo 45 del Reglamento Europeo, o se han adoptado las cl\u00e1usulas contractuales est\u00e1ndar previstas en el art\u00edculo 46, apartado 2, letra c) del Reglamento Europeo. <br><br><br><br><strong>7. POSIBLES PROCESOS DE TOMA DE DECISIONES AUTOMATIZADOS<\/strong><br><br>El Responsable del tratamiento no utiliza procesos de toma de decisiones automatizados, incluida la elaboraci\u00f3n de perfiles a que se refiere el art\u00edculo 22, apartados 1 y 4, del Reglamento Europeo. Por lo tanto, el Responsable del tratamiento considera que no debe proporcionar informaci\u00f3n sobre la l\u00f3gica utilizada, as\u00ed como sobre la importancia y las consecuencias previstas de dicho tratamiento para el interesado. <br><br><br><br><strong>8. DERECHOS DEL INTERESADO<\/strong><br><br>En relaci\u00f3n con el tratamiento de sus datos personales, de conformidad con el Reglamento Europeo, el interesado tiene derecho a:<br><br>\u2022 retirar el consentimiento al tratamiento en cualquier momento. Cabe destacar, sin embargo, que la retirada del consentimiento no afecta a la licitud del tratamiento basado en el consentimiento antes de su retirada, tal como prev\u00e9 el art. 7, apartado 3, del Reglamento Europeo;  <br><br>\u2022 solicitar al Responsable del tratamiento el acceso a los datos personales, tal como prev\u00e9 el art. 15 del Reglamento Europeo; <br><br>\u2022 obtener del Responsable del tratamiento la rectificaci\u00f3n y la integraci\u00f3n de los datos personales considerados inexactos, incluso proporcionando una simple declaraci\u00f3n complementaria, tal como prev\u00e9 el art. 16 del Reglamento Europeo; <br><br>\u2022 obtener del Responsable del tratamiento la supresi\u00f3n de los datos personales si existe alguno de los motivos previstos en el art. 17 del Reglamento Europeo; <br><br>\u2022 obtener del Responsable del tratamiento la limitaci\u00f3n del tratamiento de los datos personales si se da alguna de las hip\u00f3tesis previstas en el art. 18 del Reglamento Europeo; <br><br>\u2022 recibir del Responsable del tratamiento los datos personales que le conciernen en un formato estructurado, de uso com\u00fan y lectura mec\u00e1nica, as\u00ed como el derecho a transmitir dichos datos a otro responsable del tratamiento sin impedimentos, tal como prev\u00e9 el art. 20 del Reglamento Europeo; <br><br>\u2022 oponerse en cualquier momento, por motivos relacionados con su situaci\u00f3n particular, al tratamiento de los datos personales que le conciernen efectuado con arreglo al art. 6, apartado 1, letras e) o f), incluida la elaboraci\u00f3n de perfiles sobre la base de dichas disposiciones, tal como prev\u00e9 el art. 21 del Reglamento Europeo;    <br><br>\u2022 no ser sometido a decisiones basadas \u00fanicamente en el tratamiento automatizado, incluida la elaboraci\u00f3n de perfiles, que produzcan efectos jur\u00eddicos que le conciernan, cuando no haya dado su consentimiento previo y expl\u00edcito, seg\u00fan lo previsto en el art. 22 del Reglamento Europeo. A t\u00edtulo meramente ilustrativo y no exhaustivo, esta categor\u00eda incluye cualquier forma de tratamiento automatizado de datos personales destinado a analizar o predecir aspectos relacionados con las decisiones de consumo y compra, la situaci\u00f3n econ\u00f3mica, los intereses, la fiabilidad, el comportamiento;  <br><br>\u2022 presentar una reclamaci\u00f3n ante una autoridad de control si considera que el tratamiento que le concierne infringe el Reglamento Europeo. La reclamaci\u00f3n puede presentarse en el Estado miembro en el que tenga su residencia habitual, trabaje o en el lugar donde se haya producido la presunta infracci\u00f3n, seg\u00fan lo previsto en el art. 77 del Reglamento Europeo.  <br><br>Para ejercer cualquiera de sus derechos, puede ponerse en contacto con el Responsable del tratamiento, en la persona del representante legal, dirigiendo una comunicaci\u00f3n a la sede legal de Viale Vittorio Veneto, 18\/a 20124 Mil\u00e1n, o enviando un correo electr\u00f3nico a info@secoli.com, proporcionando los siguientes datos:<br><br>&#8211; Nombre, apellidos y direcci\u00f3n postal<br><br>&#8211; Detalles de la solicitud<br><br>&#8211; Fotocopia de un documento de identidad en vigor.<br><br><br><br><strong>9. CONSENTIMIENTO DE MENORES EN RELACI\u00d3N CON LOS SERVICIOS DE LA SOCIEDAD DE LA INFORMACI\u00d3N<\/strong><br><br>Para poder utilizar los servicios prestados a trav\u00e9s del Sitio Web es necesario ser mayor de diecis\u00e9is a\u00f1os: el consentimiento para el tratamiento de datos personales de menores de diecis\u00e9is a\u00f1os solo es l\u00edcito si lo otorga quien ejerce la patria potestad.<\/p>\t\t\t\t\t\t\t\t<\/div>\n\t\t\t\t\t<\/div>\n\t\t\t\t<\/div>\n\t\t\t\t<\/div>\n\t\t","protected":false},"excerpt":{"rendered":"<p>POL\u00cdTICA DE PRIVACIDAD &#8211; NUESTRO COMPROMISO CON LA PROTECCI\u00d3N DE DATOS Informaci\u00f3n de conformidad con el art. 13 del Reglamento (UE) 2016\/679 del Parlamento Europeo y del Consejo Istituto Carlo Secoli desea informarle que, de acuerdo con el art. 13 del Reglamento (UE) 2016\/679 del Parlamento Europeo y del Consejo relativo a la protecci\u00f3n de [&hellip;]<\/p>\n","protected":false},"author":1,"featured_media":0,"parent":47496,"menu_order":0,"comment_status":"closed","ping_status":"closed","template":"","meta":{"_acf_changed":false,"inline_featured_image":false,"footnotes":""},"class_list":["post-47651","page","type-page","status-publish","hentry"],"acf":[],"_links":{"self":[{"href":"https:\/\/secoli.com\/es\/wp-json\/wp\/v2\/pages\/47651","targetHints":{"allow":["GET"]}}],"collection":[{"href":"https:\/\/secoli.com\/es\/wp-json\/wp\/v2\/pages"}],"about":[{"href":"https:\/\/secoli.com\/es\/wp-json\/wp\/v2\/types\/page"}],"author":[{"embeddable":true,"href":"https:\/\/secoli.com\/es\/wp-json\/wp\/v2\/users\/1"}],"replies":[{"embeddable":true,"href":"https:\/\/secoli.com\/es\/wp-json\/wp\/v2\/comments?post=47651"}],"version-history":[{"count":3,"href":"https:\/\/secoli.com\/es\/wp-json\/wp\/v2\/pages\/47651\/revisions"}],"predecessor-version":[{"id":47654,"href":"https:\/\/secoli.com\/es\/wp-json\/wp\/v2\/pages\/47651\/revisions\/47654"}],"up":[{"embeddable":true,"href":"https:\/\/secoli.com\/es\/wp-json\/wp\/v2\/pages\/47496"}],"wp:attachment":[{"href":"https:\/\/secoli.com\/es\/wp-json\/wp\/v2\/media?parent=47651"}],"curies":[{"name":"wp","href":"https:\/\/api.w.org\/{rel}","templated":true}]}}