{"id":47633,"date":"2025-09-11T08:25:56","date_gmt":"2025-09-11T06:25:56","guid":{"rendered":"https:\/\/secoli.com\/istituto-secoli\/institucional\/becas-de-estudio-dsu\/"},"modified":"2026-02-12T11:33:18","modified_gmt":"2026-02-12T10:33:18","slug":"becas-de-estudio-dsu","status":"publish","type":"page","link":"https:\/\/secoli.com\/es\/istituto-secoli\/institucional\/becas-de-estudio-dsu\/","title":{"rendered":"Becas de Estudio DSU"},"content":{"rendered":"\t\t<div data-elementor-type=\"wp-page\" data-elementor-id=\"47633\" class=\"elementor elementor-47633 elementor-39581\" data-elementor-post-type=\"page\">\n\t\t\t\t<div class=\"elementor-element elementor-element-bf106b2 e-con-full e-flex e-con e-parent\" data-id=\"bf106b2\" data-element_type=\"container\" data-e-type=\"container\">\n\t\t<div class=\"elementor-element elementor-element-00067fa e-con-full e-flex e-con e-child\" data-id=\"00067fa\" data-element_type=\"container\" data-e-type=\"container\">\n\t\t<div class=\"elementor-element elementor-element-1bd4450 e-con-full e-flex e-con e-child\" data-id=\"1bd4450\" data-element_type=\"container\" data-e-type=\"container\" data-settings=\"{&quot;background_background&quot;:&quot;classic&quot;,&quot;background_motion_fx_motion_fx_scrolling&quot;:&quot;yes&quot;,&quot;background_motion_fx_translateX_effect&quot;:&quot;yes&quot;,&quot;background_motion_fx_translateX_direction&quot;:&quot;negative&quot;,&quot;background_motion_fx_translateX_speed&quot;:{&quot;unit&quot;:&quot;px&quot;,&quot;size&quot;:6,&quot;sizes&quot;:[]},&quot;background_motion_fx_translateX_affectedRange&quot;:{&quot;unit&quot;:&quot;%&quot;,&quot;size&quot;:&quot;&quot;,&quot;sizes&quot;:{&quot;start&quot;:0,&quot;end&quot;:100}},&quot;background_motion_fx_devices&quot;:[&quot;desktop&quot;,&quot;tablet&quot;,&quot;mobile&quot;]}\">\n\t\t<div class=\"elementor-element elementor-element-d68abff e-con-full e-flex e-con e-child\" data-id=\"d68abff\" data-element_type=\"container\" data-e-type=\"container\" data-settings=\"{&quot;background_background&quot;:&quot;classic&quot;,&quot;shape_divider_top&quot;:&quot;opacity-tilt&quot;}\">\n\t\t\t\t<div class=\"elementor-shape elementor-shape-top\" aria-hidden=\"true\" data-negative=\"false\">\n\t\t\t<svg xmlns=\"http:\/\/www.w3.org\/2000\/svg\" viewBox=\"0 0 2600 131.1\" preserveAspectRatio=\"none\">\n\t<path class=\"elementor-shape-fill\" d=\"M0 0L2600 0 2600 69.1 0 0z\"\/>\n\t<path class=\"elementor-shape-fill\" style=\"opacity:0.5\" d=\"M0 0L2600 0 2600 69.1 0 69.1z\"\/>\n\t<path class=\"elementor-shape-fill\" style=\"opacity:0.25\" d=\"M2600 0L0 0 0 130.1 2600 69.1z\"\/>\n<\/svg>\t\t<\/div>\n\t\t\t\t<div class=\"elementor-element elementor-element-ecc2ba9 elementor-widget elementor-widget-heading\" data-id=\"ecc2ba9\" data-element_type=\"widget\" data-e-type=\"widget\" data-widget_type=\"heading.default\">\n\t\t\t\t\t<h2 class=\"elementor-heading-title elementor-size-default\"><h2>Derecho al estudio universitario<span><\/span><\/h2><\/h2>\t\t\t\t<\/div>\n\t\t\t\t<div class=\"elementor-element elementor-element-093b5c6 elementor-widget elementor-widget-text-editor\" data-id=\"093b5c6\" data-element_type=\"widget\" data-e-type=\"widget\" data-widget_type=\"text-editor.default\">\n\t\t\t\t\t\t\t\t\t<p style=\"text-align: left;\">El Derecho al Estudio Universitario se fundamenta en los art\u00edculos n.\u00ba 3 y n.\u00ba 34 de la Constituci\u00f3n y establece la posibilidad de que las personas capaces y meritorias, incluso si carecen de medios econ\u00f3micos, alcancen los niveles m\u00e1s altos de estudio.  <\/p><p>La ley de la Regi\u00f3n de Lombard\u00eda (l.r.) n.\u00ba 33 del 13 de diciembre de 2004 regula el sistema de intervenciones destinadas a hacer efectivo el Derecho al Estudio Universitario en las instituciones de la Alta Formaci\u00f3n Art\u00edstica y Musical (AFAM). <\/p><ul><li><a href=\"https:\/\/secoli.com\/wp-content\/uploads\/2025\/12\/prov_GRADUATORIA-ASSEGNAZIONE-BORSA-DI-STUDIO-25-26.pdf\">Lista provisional de adjudicaci\u00f3n de becas 2025-2026<\/a><\/li><li><a href=\"https:\/\/secoli.com\/wp-content\/uploads\/2025\/12\/def_GRADUATORIA-ASSEGNAZIONE-BORSA-DI-STUDIO-25-26.pdf\">Lista definitiva de adjudicaci\u00f3n de becas 2025-2026<\/a><\/li><\/ul>\t\t\t\t\t\t\t\t<\/div>\n\t\t\t\t<\/div>\n\t\t\t\t<\/div>\n\t\t<div class=\"elementor-element elementor-element-cab0062 e-con-full e-flex e-con e-child\" data-id=\"cab0062\" data-element_type=\"container\" data-e-type=\"container\">\n\t\t\t\t<div class=\"elementor-element elementor-element-9a58347 elementor-widget elementor-widget-heading\" data-id=\"9a58347\" data-element_type=\"widget\" data-e-type=\"widget\" data-widget_type=\"heading.default\">\n\t\t\t\t\t<h2 class=\"elementor-heading-title elementor-size-default\">derecho a estudios universitarios - becas (DSU)<\/h2>\t\t\t\t<\/div>\n\t\t\t\t<div class=\"elementor-element elementor-element-67ce046 elementor-widget elementor-widget-heading\" data-id=\"67ce046\" data-element_type=\"widget\" data-e-type=\"widget\" data-widget_type=\"heading.default\">\n\t\t\t\t\t<h4 class=\"elementor-heading-title elementor-size-default\">Finalidad<\/h4>\t\t\t\t<\/div>\n\t\t\t\t<div class=\"elementor-element elementor-element-0815c9e elementor-widget elementor-widget-text-editor\" data-id=\"0815c9e\" data-element_type=\"widget\" data-e-type=\"widget\" data-widget_type=\"text-editor.default\">\n\t\t\t\t\t\t\t\t\t<p>Los estudiantes matriculados en el Diploma Acad\u00e9mico de I Nivel del Istituto Secoli pueden optar a becas concedidas mediante concurso, convocado de conformidad con la normativa nacional y regional vigente, en funci\u00f3n de los requisitos de m\u00e9rito y la situaci\u00f3n econ\u00f3mica evaluada mediante el Indicador de la Situaci\u00f3n Econ\u00f3mica Equivalente (ISEE). Adem\u00e1s de la concesi\u00f3n de becas, el Istituto Secoli organiza y promueve servicios e intervenciones de apoyo al recorrido formativo y a la mejora de las condiciones de vida y de estudio de los estudiantes, entre los que se incluyen la biblioteca y la materioteca, las actividades culturales, la tutor\u00eda did\u00e1ctica, los servicios de orientaci\u00f3n laboral y el apoyo did\u00e1ctico. <\/p>\t\t\t\t\t\t\t\t<\/div>\n\t\t\t\t<div class=\"elementor-element elementor-element-30e080b elementor-widget elementor-widget-heading\" data-id=\"30e080b\" data-element_type=\"widget\" data-e-type=\"widget\" data-widget_type=\"heading.default\">\n\t\t\t\t\t<h4 class=\"elementor-heading-title elementor-size-default\">Requisitos de participaci\u00f3n<\/h4>\t\t\t\t<\/div>\n\t\t\t\t<div class=\"elementor-element elementor-element-20ffb03 elementor-widget elementor-widget-text-editor\" data-id=\"20ffb03\" data-element_type=\"widget\" data-e-type=\"widget\" data-widget_type=\"text-editor.default\">\n\t\t\t\t\t\t\t\t\t<p><strong>Pueden presentar solicitud de beca:<\/strong><\/p><ul><li><p><span style=\"font-size: 1rem;\">los ciudadanos italianos;<\/span><\/p><\/li><li><p>los ciudadanos de los Estados miembros de la Uni\u00f3n Europea;<\/p><\/li><li><p>los ciudadanos de Estados no pertenecientes a la Uni\u00f3n Europea, en virtud del D.P.R. 31\/08\/1999, n. 394, en particular de los art\u00edculos 44-bis y 46, apartado 5, de aplicaci\u00f3n del d.lgs. 25\/07\/1998, n.   286.<\/p><\/li><\/ul><p>que cumplan los siguientes requisitos:<\/p><ul><li><p>ser estudiantes admitidos o matriculados, para el a\u00f1o acad\u00e9mico 2025\/2026, en un curso de Diploma Acad\u00e9mico de I Nivel activado en el Istituto Secoli \u2013 sede de Mil\u00e1n;<\/p><\/li><li><p>estar en posesi\u00f3n de los requisitos econ\u00f3micos y de m\u00e9rito indicados en el punto 4 de la Convocatoria, disponible para su descarga.<\/p><\/li><\/ul><p>El beneficio de la beca puede concederse a los estudiantes matriculados en los cursos de Diploma Acad\u00e9mico de I Nivel que cursen, por primera vez, cada a\u00f1o del curso previsto por el plan de estudios, durante un per\u00edodo m\u00e1ximo de siete semestres a partir del a\u00f1o de primera matriculaci\u00f3n absoluta.<br><br><strong>No pueden participar en la Convocatoria:<\/strong><\/p><ul><li><p>los estudiantes que hayan obtenido previamente t\u00edtulos de estudio de nivel igual, equivalente o superior al del curso de estudios para el que solicitan el beneficio;<\/p><\/li><li><p>los estudiantes que se beneficien o se hayan beneficiado ya, incluso parcialmente y para el mismo a\u00f1o de curso, de becas o de formas an\u00e1logas de apoyo econ\u00f3mico, basadas en la renta y\/o en el m\u00e9rito, concedidas por el Istituto Secoli o por otros entes p\u00fablicos o privados;<\/p><\/li><li><p>los estudiantes que se inscriban en el Istituto Secoli tras una renuncia a los estudios, caducidad, traslado o interrupciones an\u00e1logas de la carrera, en el Istituto Secoli o en otras universidades o academias;<\/p><\/li><li><p>los estudiantes admitidos a cursar los cursos del Istituto Secoli en el marco de programas Erasmus o Exchange.<\/p><\/li><\/ul>\t\t\t\t\t\t\t\t<\/div>\n\t\t\t\t<div class=\"elementor-element elementor-element-8c75733 elementor-widget elementor-widget-heading\" data-id=\"8c75733\" data-element_type=\"widget\" data-e-type=\"widget\" data-widget_type=\"heading.default\">\n\t\t\t\t\t<h4 class=\"elementor-heading-title elementor-size-default\">C\u00f3mo participar<\/h4>\t\t\t\t<\/div>\n\t\t\t\t<div class=\"elementor-element elementor-element-abeb0e0 elementor-widget elementor-widget-text-editor\" data-id=\"abeb0e0\" data-element_type=\"widget\" data-e-type=\"widget\" data-widget_type=\"text-editor.default\">\n\t\t\t\t\t\t\t\t\t<p>Para obtener informaci\u00f3n detallada sobre el procedimiento de licitaci\u00f3n y sobre las condiciones, formales y sustanciales, para la obtenci\u00f3n y el mantenimiento de las becas, se invita a los interesados a descargar y consultar la Convocatoria de las Becas DSU disponible en esta p\u00e1gina.<\/p><p>Las posibles solicitudes de aclaraci\u00f3n deber\u00e1n enviarse a la direcci\u00f3n de correo electr\u00f3nico <a href=\"mailto:dsu@secoli.com\" target=\"_blank\" rel=\"noopener\">dsu@secoli.com<\/a><span style=\"font-size: 1rem;\">, indicando sus datos identificativos y los datos de contacto para ser contactados de nuevo.<\/span><\/p><p>Las solicitudes de admisi\u00f3n al concurso deben presentarse obligatoriamente antes del 31\/10\/2025, entregando personalmente la solicitud en la Oficina DSU del Istituto Secoli (previa cita y dar\u00e1 fe la fecha de entrega que se estampar\u00e1 en el recibo) en la direcci\u00f3n Viale Vittorio Veneto n. 18\/a, 20124 Mil\u00e1n. <\/p>\t\t\t\t\t\t\t\t<\/div>\n\t\t\t\t<\/div>\n\t\t\t\t<\/div>\n\t\t<div class=\"elementor-element elementor-element-5f1067c e-con-full e-flex e-con e-child\" data-id=\"5f1067c\" data-element_type=\"container\" data-e-type=\"container\">\n\t\t\t\t<div class=\"elementor-element elementor-element-791fdb4 elementor-widget elementor-widget-heading\" data-id=\"791fdb4\" data-element_type=\"widget\" data-e-type=\"widget\" data-widget_type=\"heading.default\">\n\t\t\t\t\t<h2 class=\"elementor-heading-title elementor-size-default\">Institucional<\/h2>\t\t\t\t<\/div>\n\t\t\t\t<div class=\"elementor-element elementor-element-ddfef35 elementor-nav-menu--dropdown-tablet elementor-nav-menu__text-align-aside elementor-nav-menu--toggle elementor-nav-menu--burger elementor-widget elementor-widget-nav-menu\" data-id=\"ddfef35\" data-element_type=\"widget\" data-e-type=\"widget\" data-settings=\"{&quot;layout&quot;:&quot;vertical&quot;,&quot;submenu_icon&quot;:{&quot;value&quot;:&quot;&lt;svg aria-hidden=\\&quot;true\\&quot; class=\\&quot;e-font-icon-svg e-fas-caret-down\\&quot; viewBox=\\&quot;0 0 320 512\\&quot; xmlns=\\&quot;http:\\\/\\\/www.w3.org\\\/2000\\\/svg\\&quot;&gt;&lt;path d=\\&quot;M31.3 192h257.3c17.8 0 26.7 21.5 14.1 34.1L174.1 354.8c-7.8 7.8-20.5 7.8-28.3 0L17.2 226.1C4.6 213.5 13.5 192 31.3 192z\\&quot;&gt;&lt;\\\/path&gt;&lt;\\\/svg&gt;&quot;,&quot;library&quot;:&quot;fa-solid&quot;},&quot;toggle&quot;:&quot;burger&quot;}\" data-widget_type=\"nav-menu.default\">\n\t\t\t\t\t\t\t\t<nav aria-label=\"Menu\" class=\"elementor-nav-menu--main elementor-nav-menu__container elementor-nav-menu--layout-vertical e--pointer-underline e--animation-fade\">\n\t\t\t\t<ul id=\"menu-1-ddfef35\" class=\"elementor-nav-menu sm-vertical\"><li class=\"menu-item menu-item-type-post_type menu-item-object-page menu-item-57722\"><a href=\"https:\/\/secoli.com\/es\/istituto-secoli\/institucional\/faq\/\" class=\"elementor-item\">FAQ<\/a><\/li>\n<li class=\"menu-item menu-item-type-post_type menu-item-object-page menu-item-57723\"><a href=\"https:\/\/secoli.com\/es\/istituto-secoli\/institucional\/organos-academicos\/\" class=\"elementor-item\">\u00d3rganos Acad\u00e9micos<\/a><\/li>\n<li class=\"menu-item menu-item-type-post_type menu-item-object-page menu-item-57724\"><a href=\"https:\/\/secoli.com\/es\/istituto-secoli\/institucional\/reglamentos\/\" class=\"elementor-item\">Reglamentos<\/a><\/li>\n<li class=\"menu-item menu-item-type-post_type menu-item-object-page menu-item-57725\"><a href=\"https:\/\/secoli.com\/es\/istituto-secoli\/institucional\/becas-de-estudio-dsu\/\" class=\"elementor-item\">Becas de Estudio DSU<\/a><\/li>\n<li class=\"menu-item menu-item-type-post_type menu-item-object-page menu-item-57726\"><a href=\"https:\/\/secoli.com\/es\/istituto-secoli\/institucional\/convocatorias-de-contratacion-de-profesores\/\" class=\"elementor-item\">Convocatorias de Contrataci\u00f3n de Profesores<\/a><\/li>\n<li class=\"menu-item menu-item-type-post_type menu-item-object-page menu-item-57729\"><a href=\"https:\/\/secoli.com\/es\/istituto-secoli\/institucional\/politica-de-privacidad\/\" class=\"elementor-item\">Pol\u00edtica de privacidad<\/a><\/li>\n<\/ul>\t\t\t<\/nav>\n\t\t\t\t\t<div class=\"elementor-menu-toggle\" role=\"button\" tabindex=\"0\" aria-label=\"Alternar men\u00fa\" aria-expanded=\"false\">\n\t\t\t<svg aria-hidden=\"true\" role=\"presentation\" class=\"elementor-menu-toggle__icon--open e-font-icon-svg e-eicon-menu-bar\" viewBox=\"0 0 1000 1000\" xmlns=\"http:\/\/www.w3.org\/2000\/svg\"><path d=\"M104 333H896C929 333 958 304 958 271S929 208 896 208H104C71 208 42 237 42 271S71 333 104 333ZM104 583H896C929 583 958 554 958 521S929 458 896 458H104C71 458 42 487 42 521S71 583 104 583ZM104 833H896C929 833 958 804 958 771S929 708 896 708H104C71 708 42 737 42 771S71 833 104 833Z\"><\/path><\/svg><svg aria-hidden=\"true\" role=\"presentation\" class=\"elementor-menu-toggle__icon--close e-font-icon-svg e-eicon-close\" viewBox=\"0 0 1000 1000\" xmlns=\"http:\/\/www.w3.org\/2000\/svg\"><path d=\"M742 167L500 408 258 167C246 154 233 150 217 150 196 150 179 158 167 167 154 179 150 196 150 212 150 229 154 242 171 254L408 500 167 742C138 771 138 800 167 829 196 858 225 858 254 829L496 587 738 829C750 842 767 846 783 846 800 846 817 842 829 829 842 817 846 804 846 783 846 767 842 750 829 737L588 500 833 258C863 229 863 200 833 171 804 137 775 137 742 167Z\"><\/path><\/svg>\t\t<\/div>\n\t\t\t\t\t<nav class=\"elementor-nav-menu--dropdown elementor-nav-menu__container\" aria-hidden=\"true\">\n\t\t\t\t<ul id=\"menu-2-ddfef35\" class=\"elementor-nav-menu sm-vertical\"><li class=\"menu-item menu-item-type-post_type menu-item-object-page menu-item-57722\"><a href=\"https:\/\/secoli.com\/es\/istituto-secoli\/institucional\/faq\/\" class=\"elementor-item\" tabindex=\"-1\">FAQ<\/a><\/li>\n<li class=\"menu-item menu-item-type-post_type menu-item-object-page menu-item-57723\"><a href=\"https:\/\/secoli.com\/es\/istituto-secoli\/institucional\/organos-academicos\/\" class=\"elementor-item\" tabindex=\"-1\">\u00d3rganos Acad\u00e9micos<\/a><\/li>\n<li class=\"menu-item menu-item-type-post_type menu-item-object-page menu-item-57724\"><a href=\"https:\/\/secoli.com\/es\/istituto-secoli\/institucional\/reglamentos\/\" class=\"elementor-item\" tabindex=\"-1\">Reglamentos<\/a><\/li>\n<li class=\"menu-item menu-item-type-post_type menu-item-object-page menu-item-57725\"><a href=\"https:\/\/secoli.com\/es\/istituto-secoli\/institucional\/becas-de-estudio-dsu\/\" class=\"elementor-item\" tabindex=\"-1\">Becas de Estudio DSU<\/a><\/li>\n<li class=\"menu-item menu-item-type-post_type menu-item-object-page menu-item-57726\"><a href=\"https:\/\/secoli.com\/es\/istituto-secoli\/institucional\/convocatorias-de-contratacion-de-profesores\/\" class=\"elementor-item\" tabindex=\"-1\">Convocatorias de Contrataci\u00f3n de Profesores<\/a><\/li>\n<li class=\"menu-item menu-item-type-post_type menu-item-object-page menu-item-57729\"><a href=\"https:\/\/secoli.com\/es\/istituto-secoli\/institucional\/politica-de-privacidad\/\" class=\"elementor-item\" tabindex=\"-1\">Pol\u00edtica de privacidad<\/a><\/li>\n<\/ul>\t\t\t<\/nav>\n\t\t\t\t\t\t<\/div>\n\t\t\t\t<div class=\"elementor-element elementor-element-39ab1cd elementor-position-inline-start elementor-view-default elementor-mobile-position-block-start elementor-widget elementor-widget-icon-box\" data-id=\"39ab1cd\" data-element_type=\"widget\" data-e-type=\"widget\" data-widget_type=\"icon-box.default\">\n\t\t\t\t\t\t\t<div class=\"elementor-icon-box-wrapper\">\n\n\t\t\t\t\t\t<div class=\"elementor-icon-box-icon\">\n\t\t\t\t<a href=\"https:\/\/secoli.com\/wp-content\/uploads\/2025\/12\/Diritto-allo-Studio-Universitario_rev.3_2025-2026.pdf\" class=\"elementor-icon\" tabindex=\"-1\" aria-label=\"Convocatoria DSU\">\n\t\t\t\t<svg aria-hidden=\"true\" class=\"e-font-icon-svg e-fas-file-pdf\" viewBox=\"0 0 384 512\" xmlns=\"http:\/\/www.w3.org\/2000\/svg\"><path d=\"M181.9 256.1c-5-16-4.9-46.9-2-46.9 8.4 0 7.6 36.9 2 46.9zm-1.7 47.2c-7.7 20.2-17.3 43.3-28.4 62.7 18.3-7 39-17.2 62.9-21.9-12.7-9.6-24.9-23.4-34.5-40.8zM86.1 428.1c0 .8 13.2-5.4 34.9-40.2-6.7 6.3-29.1 24.5-34.9 40.2zM248 160h136v328c0 13.3-10.7 24-24 24H24c-13.3 0-24-10.7-24-24V24C0 10.7 10.7 0 24 0h200v136c0 13.2 10.8 24 24 24zm-8 171.8c-20-12.2-33.3-29-42.7-53.8 4.5-18.5 11.6-46.6 6.2-64.2-4.7-29.4-42.4-26.5-47.8-6.8-5 18.3-.4 44.1 8.1 77-11.6 27.6-28.7 64.6-40.8 85.8-.1 0-.1.1-.2.1-27.1 13.9-73.6 44.5-54.5 68 5.6 6.9 16 10 21.5 10 17.9 0 35.7-18 61.1-61.8 25.8-8.5 54.1-19.1 79-23.2 21.7 11.8 47.1 19.5 64 19.5 29.2 0 31.2-32 19.7-43.4-13.9-13.6-54.3-9.7-73.6-7.2zM377 105L279 7c-4.5-4.5-10.6-7-17-7h-6v128h128v-6.1c0-6.3-2.5-12.4-7-16.9zm-74.1 255.3c4.1-2.7-2.5-11.9-42.8-9 37.1 15.8 42.8 9 42.8 9z\"><\/path><\/svg>\t\t\t\t<\/a>\n\t\t\t<\/div>\n\t\t\t\n\t\t\t\t\t\t<div class=\"elementor-icon-box-content\">\n\n\t\t\t\t\t\t\t\t\t<h3 class=\"elementor-icon-box-title\">\n\t\t\t\t\t\t<a href=\"https:\/\/secoli.com\/wp-content\/uploads\/2025\/12\/Diritto-allo-Studio-Universitario_rev.3_2025-2026.pdf\" >\n\t\t\t\t\t\t\tConvocatoria DSU\t\t\t\t\t\t<\/a>\n\t\t\t\t\t<\/h3>\n\t\t\t\t\n\t\t\t\t\t\t\t\t\t<p class=\"elementor-icon-box-description\">\n\t\t\t\t\t\tDescargar la convocatoria\t\t\t\t\t<\/p>\n\t\t\t\t\n\t\t\t<\/div>\n\t\t\t\n\t\t<\/div>\n\t\t\t\t\t\t<\/div>\n\t\t\t\t<\/div>\n\t\t\t\t<\/div>\n\t\t\t\t<\/div>\n\t\t","protected":false},"excerpt":{"rendered":"<p>Derecho al estudio universitario El Derecho al Estudio Universitario se fundamenta en los art\u00edculos n.\u00ba 3 y n.\u00ba 34 de la Constituci\u00f3n y establece la posibilidad de que las personas capaces y meritorias, incluso si carecen de medios econ\u00f3micos, alcancen los niveles m\u00e1s altos de estudio. La ley de la Regi\u00f3n de Lombard\u00eda (l.r.) n.\u00ba [&hellip;]<\/p>\n","protected":false},"author":1,"featured_media":0,"parent":47496,"menu_order":0,"comment_status":"closed","ping_status":"closed","template":"","meta":{"_acf_changed":false,"inline_featured_image":false,"footnotes":""},"class_list":["post-47633","page","type-page","status-publish","hentry"],"acf":[],"_links":{"self":[{"href":"https:\/\/secoli.com\/es\/wp-json\/wp\/v2\/pages\/47633","targetHints":{"allow":["GET"]}}],"collection":[{"href":"https:\/\/secoli.com\/es\/wp-json\/wp\/v2\/pages"}],"about":[{"href":"https:\/\/secoli.com\/es\/wp-json\/wp\/v2\/types\/page"}],"author":[{"embeddable":true,"href":"https:\/\/secoli.com\/es\/wp-json\/wp\/v2\/users\/1"}],"replies":[{"embeddable":true,"href":"https:\/\/secoli.com\/es\/wp-json\/wp\/v2\/comments?post=47633"}],"version-history":[{"count":2,"href":"https:\/\/secoli.com\/es\/wp-json\/wp\/v2\/pages\/47633\/revisions"}],"predecessor-version":[{"id":53492,"href":"https:\/\/secoli.com\/es\/wp-json\/wp\/v2\/pages\/47633\/revisions\/53492"}],"up":[{"embeddable":true,"href":"https:\/\/secoli.com\/es\/wp-json\/wp\/v2\/pages\/47496"}],"wp:attachment":[{"href":"https:\/\/secoli.com\/es\/wp-json\/wp\/v2\/media?parent=47633"}],"curies":[{"name":"wp","href":"https:\/\/api.w.org\/{rel}","templated":true}]}}