{"id":47625,"date":"2025-09-15T11:03:35","date_gmt":"2025-09-15T09:03:35","guid":{"rendered":"https:\/\/secoli.com\/istituto-secoli\/institucional\/organos-academicos\/"},"modified":"2026-02-12T14:33:53","modified_gmt":"2026-02-12T13:33:53","slug":"organos-academicos","status":"publish","type":"page","link":"https:\/\/secoli.com\/es\/istituto-secoli\/institucional\/organos-academicos\/","title":{"rendered":"\u00d3rganos Acad\u00e9micos"},"content":{"rendered":"\t\t<div data-elementor-type=\"wp-page\" data-elementor-id=\"47625\" class=\"elementor elementor-47625 elementor-39830\" data-elementor-post-type=\"page\">\n\t\t\t\t<div class=\"elementor-element elementor-element-b9751d3 e-con-full e-flex e-con e-parent\" data-id=\"b9751d3\" data-element_type=\"container\" data-e-type=\"container\">\n\t\t<div class=\"elementor-element elementor-element-fd50a0c e-con-full e-flex e-con e-child\" data-id=\"fd50a0c\" data-element_type=\"container\" data-e-type=\"container\">\n\t\t<div class=\"elementor-element elementor-element-9f91887 e-con-full e-flex e-con e-child\" data-id=\"9f91887\" data-element_type=\"container\" data-e-type=\"container\" data-settings=\"{&quot;background_background&quot;:&quot;classic&quot;,&quot;background_motion_fx_motion_fx_scrolling&quot;:&quot;yes&quot;,&quot;background_motion_fx_translateX_effect&quot;:&quot;yes&quot;,&quot;background_motion_fx_translateX_direction&quot;:&quot;negative&quot;,&quot;background_motion_fx_translateX_speed&quot;:{&quot;unit&quot;:&quot;px&quot;,&quot;size&quot;:6,&quot;sizes&quot;:[]},&quot;background_motion_fx_translateX_affectedRange&quot;:{&quot;unit&quot;:&quot;%&quot;,&quot;size&quot;:&quot;&quot;,&quot;sizes&quot;:{&quot;start&quot;:0,&quot;end&quot;:100}},&quot;background_motion_fx_devices&quot;:[&quot;desktop&quot;,&quot;tablet&quot;,&quot;mobile&quot;]}\">\n\t\t<div class=\"elementor-element elementor-element-622c8fc5 e-flex e-con-boxed e-con e-child\" data-id=\"622c8fc5\" data-element_type=\"container\" data-e-type=\"container\" data-settings=\"{&quot;background_background&quot;:&quot;classic&quot;,&quot;shape_divider_top&quot;:&quot;opacity-tilt&quot;}\">\n\t\t\t\t\t<div class=\"e-con-inner\">\n\t\t\t\t<div class=\"elementor-shape elementor-shape-top\" aria-hidden=\"true\" data-negative=\"false\">\n\t\t\t<svg xmlns=\"http:\/\/www.w3.org\/2000\/svg\" viewBox=\"0 0 2600 131.1\" preserveAspectRatio=\"none\">\n\t<path class=\"elementor-shape-fill\" d=\"M0 0L2600 0 2600 69.1 0 0z\"\/>\n\t<path class=\"elementor-shape-fill\" style=\"opacity:0.5\" d=\"M0 0L2600 0 2600 69.1 0 69.1z\"\/>\n\t<path class=\"elementor-shape-fill\" style=\"opacity:0.25\" d=\"M2600 0L0 0 0 130.1 2600 69.1z\"\/>\n<\/svg>\t\t<\/div>\n\t\t\t\t<div class=\"elementor-element elementor-element-e7e6aed elementor-widget elementor-widget-heading\" data-id=\"e7e6aed\" data-element_type=\"widget\" data-e-type=\"widget\" data-widget_type=\"heading.default\">\n\t\t\t\t\t<h2 class=\"elementor-heading-title elementor-size-default\">N\u00facleo de Evaluaci\u00f3n<\/h2>\t\t\t\t<\/div>\n\t\t\t\t<div class=\"elementor-element elementor-element-1d9af775 elementor-widget elementor-widget-text-editor\" data-id=\"1d9af775\" data-element_type=\"widget\" data-e-type=\"widget\" data-widget_type=\"text-editor.default\">\n\t\t\t\t\t\t\t\t\t<p>El N\u00facleo de Evaluaci\u00f3n es un \u00f3rgano del Instituto cuyo papel y competencias se definen de acuerdo con la normativa vigente, relativa al sector AFAM.<\/p><ul><li><a href=\"https:\/\/secoli.com\/wp-content\/uploads\/2026\/02\/Regolamento-del-Nucleo-di-Valutazione-rev.00-del-12_2023.pdf\" target=\"_blank\" rel=\"noopener\">Reglamento<\/a><\/li><li><a href=\"https:\/\/secoli.com\/wp-content\/uploads\/2026\/02\/Decr.-Diret.-Nomina-componenti-del-Nucleo-di-Valutazione-triennio-23.26-PROT.N.02_24_D.pdf\" target=\"_blank\" rel=\"noopener\">Decreto de nombramiento de los miembros<\/a><\/li><li><a href=\"https:\/\/secoli.com\/wp-content\/uploads\/2026\/02\/RELAZIONE-NUCLEO-DI-VALUTAZIONE-ANNO-2024.pdf\" target=\"_blank\" rel=\"noopener\">INFORME DEL N\u00daCLEO DE EVALUACI\u00d3N &#8211; A\u00d1O 2024<\/a><\/li><li><a href=\"https:\/\/secoli.com\/wp-content\/uploads\/2026\/02\/RELAZIONE-NUCLEO-DI-VALUTAZIONE-ANNO-2025.pdf\" target=\"_blank\" rel=\"noopener\">INFORME DEL N\u00daCLEO DE EVALUACI\u00d3N &#8211; A\u00d1O 2025<\/a><\/li><\/ul>\t\t\t\t\t\t\t\t<\/div>\n\t\t\t\t\t<\/div>\n\t\t\t\t<\/div>\n\t\t\t\t<\/div>\n\t\t<div class=\"elementor-element elementor-element-a234dc2 e-con-full e-flex e-con e-child\" data-id=\"a234dc2\" data-element_type=\"container\" data-e-type=\"container\" data-settings=\"{&quot;background_background&quot;:&quot;classic&quot;,&quot;background_motion_fx_motion_fx_scrolling&quot;:&quot;yes&quot;,&quot;background_motion_fx_translateX_effect&quot;:&quot;yes&quot;,&quot;background_motion_fx_translateX_speed&quot;:{&quot;unit&quot;:&quot;px&quot;,&quot;size&quot;:6,&quot;sizes&quot;:[]},&quot;background_motion_fx_translateX_affectedRange&quot;:{&quot;unit&quot;:&quot;%&quot;,&quot;size&quot;:&quot;&quot;,&quot;sizes&quot;:{&quot;start&quot;:0,&quot;end&quot;:100}},&quot;background_motion_fx_devices&quot;:[&quot;desktop&quot;,&quot;tablet&quot;,&quot;mobile&quot;]}\">\n\t\t<div class=\"elementor-element elementor-element-c14f0ac e-flex e-con-boxed e-con e-child\" data-id=\"c14f0ac\" data-element_type=\"container\" data-e-type=\"container\" data-settings=\"{&quot;background_background&quot;:&quot;classic&quot;,&quot;shape_divider_top&quot;:&quot;opacity-tilt&quot;}\">\n\t\t\t\t\t<div class=\"e-con-inner\">\n\t\t\t\t<div class=\"elementor-shape elementor-shape-top\" aria-hidden=\"true\" data-negative=\"false\">\n\t\t\t<svg xmlns=\"http:\/\/www.w3.org\/2000\/svg\" viewBox=\"0 0 2600 131.1\" preserveAspectRatio=\"none\">\n\t<path class=\"elementor-shape-fill\" d=\"M0 0L2600 0 2600 69.1 0 0z\"\/>\n\t<path class=\"elementor-shape-fill\" style=\"opacity:0.5\" d=\"M0 0L2600 0 2600 69.1 0 69.1z\"\/>\n\t<path class=\"elementor-shape-fill\" style=\"opacity:0.25\" d=\"M2600 0L0 0 0 130.1 2600 69.1z\"\/>\n<\/svg>\t\t<\/div>\n\t\t\t\t<div class=\"elementor-element elementor-element-eaa4091 elementor-widget elementor-widget-heading\" data-id=\"eaa4091\" data-element_type=\"widget\" data-e-type=\"widget\" data-widget_type=\"heading.default\">\n\t\t\t\t\t<h2 class=\"elementor-heading-title elementor-size-default\">Consulta de los Estudiantes<\/h2>\t\t\t\t<\/div>\n\t\t\t\t<div class=\"elementor-element elementor-element-1094667 elementor-widget elementor-widget-text-editor\" data-id=\"1094667\" data-element_type=\"widget\" data-e-type=\"widget\" data-widget_type=\"text-editor.default\">\n\t\t\t\t\t\t\t\t\t<div class=\"elementor elementor-38974 elementor-location-single post-39585 page type-page status-publish hentry\" data-elementor-type=\"single-page\" data-elementor-id=\"38974\" data-elementor-post-type=\"elementor_library\"><div class=\"elementor-element elementor-element-a45a7f7 e-con-full e-flex e-con e-parent e-lazyloaded\" data-id=\"a45a7f7\" data-element_type=\"container\"><div class=\"elementor-element elementor-element-27438e0 elementor-widget elementor-widget-theme-post-content\" data-id=\"27438e0\" data-element_type=\"widget\" data-widget_type=\"theme-post-content.default\"><p>La Consulta es el \u00f3rgano institucional de representaci\u00f3n de los estudiantes dentro de la Academia. Los estudiantes participan en su formaci\u00f3n eligiendo a los miembros y participan a trav\u00e9s de las asambleas estudiantiles organizadas durante el a\u00f1o acad\u00e9mico. <\/p><h6>Decreto de Nombramiento y Actas:<\/h6><ul><li style=\"list-style-type: none;\"><ul><li><a href=\"https:\/\/secoli.com\/wp-content\/uploads\/2026\/02\/Decr.Dir_.-Nomina-degli-studenti-eletti-alla-Consulta-per-il-triennio-2023_2026-PROT.N.06_23_D.pdf\" target=\"_blank\" rel=\"noopener\">Decr.Dir. &#8211; Nombramiento de los estudiantes elegidos para la Consulta para el trienio <\/a><\/li><li><a href=\"https:\/\/secoli.com\/wp-content\/uploads\/2026\/02\/Verbale-designazione-rappresentanti-per-il-Consiglio-Accademico.pdf\" target=\"_blank\" rel=\"noopener\">Acta de designaci\u00f3n de estudiantes para el Consejo Acad\u00e9mico<\/a><\/li><li><a href=\"https:\/\/www.secoli.com\/filesAFAM\/Verbale%20Consulta%20degli%20Studenti_Firmato_13_11_23.pdf\" target=\"_blank\" rel=\"noopener\">Reglamento del Consejo de Estudiantes<\/a><\/li><\/ul><\/li><\/ul><\/div><\/div><\/div><footer class=\"elementor elementor-81 elementor-location-footer\" data-elementor-type=\"footer\" data-elementor-id=\"81\" data-elementor-post-type=\"elementor_library\"><\/footer>\t\t\t\t\t\t\t\t<\/div>\n\t\t\t\t\t<\/div>\n\t\t\t\t<\/div>\n\t\t\t\t<\/div>\n\t\t<div class=\"elementor-element elementor-element-e94881f e-con-full e-flex e-con e-child\" data-id=\"e94881f\" data-element_type=\"container\" data-e-type=\"container\" data-settings=\"{&quot;background_background&quot;:&quot;classic&quot;,&quot;background_motion_fx_motion_fx_scrolling&quot;:&quot;yes&quot;,&quot;background_motion_fx_translateX_effect&quot;:&quot;yes&quot;,&quot;background_motion_fx_translateX_direction&quot;:&quot;negative&quot;,&quot;background_motion_fx_translateX_speed&quot;:{&quot;unit&quot;:&quot;px&quot;,&quot;size&quot;:6,&quot;sizes&quot;:[]},&quot;background_motion_fx_translateX_affectedRange&quot;:{&quot;unit&quot;:&quot;%&quot;,&quot;size&quot;:&quot;&quot;,&quot;sizes&quot;:{&quot;start&quot;:0,&quot;end&quot;:100}},&quot;background_motion_fx_devices&quot;:[&quot;desktop&quot;,&quot;tablet&quot;,&quot;mobile&quot;]}\">\n\t\t<div class=\"elementor-element elementor-element-28f743f e-flex e-con-boxed e-con e-child\" data-id=\"28f743f\" data-element_type=\"container\" data-e-type=\"container\" data-settings=\"{&quot;background_background&quot;:&quot;classic&quot;,&quot;shape_divider_top&quot;:&quot;opacity-tilt&quot;}\">\n\t\t\t\t\t<div class=\"e-con-inner\">\n\t\t\t\t<div class=\"elementor-shape elementor-shape-top\" aria-hidden=\"true\" data-negative=\"false\">\n\t\t\t<svg xmlns=\"http:\/\/www.w3.org\/2000\/svg\" viewBox=\"0 0 2600 131.1\" preserveAspectRatio=\"none\">\n\t<path class=\"elementor-shape-fill\" d=\"M0 0L2600 0 2600 69.1 0 0z\"\/>\n\t<path class=\"elementor-shape-fill\" style=\"opacity:0.5\" d=\"M0 0L2600 0 2600 69.1 0 69.1z\"\/>\n\t<path class=\"elementor-shape-fill\" style=\"opacity:0.25\" d=\"M2600 0L0 0 0 130.1 2600 69.1z\"\/>\n<\/svg>\t\t<\/div>\n\t\t\t\t<div class=\"elementor-element elementor-element-b0884ee elementor-widget elementor-widget-heading\" data-id=\"b0884ee\" data-element_type=\"widget\" data-e-type=\"widget\" data-widget_type=\"heading.default\">\n\t\t\t\t\t<h2 class=\"elementor-heading-title elementor-size-default\">COnsejo Acad\u00e9mico<\/h2>\t\t\t\t<\/div>\n\t\t\t\t<div class=\"elementor-element elementor-element-16b1871 elementor-widget elementor-widget-text-editor\" data-id=\"16b1871\" data-element_type=\"widget\" data-e-type=\"widget\" data-widget_type=\"text-editor.default\">\n\t\t\t\t\t\t\t\t\t<p>El Consejo Acad\u00e9mico desempe\u00f1a, actuando de acuerdo con el Director Acad\u00e9mico y en el \u00e1mbito de las competencias que se le confieren, funciones de direcci\u00f3n estrat\u00e9gica, coordinaci\u00f3n y control del sector acad\u00e9mico de la Universidad.<\/p><ul><li><a href=\"https:\/\/secoli.com\/wp-content\/uploads\/2025\/11\/Regolamento-del-Consiglio-Accademico_ITA-1.pdf\">Reglamento del Consejo Acad\u00e9mico<\/a><\/li><\/ul>\t\t\t\t\t\t\t\t<\/div>\n\t\t\t\t\t<\/div>\n\t\t\t\t<\/div>\n\t\t\t\t<\/div>\n\t\t\t\t<\/div>\n\t\t<div class=\"elementor-element elementor-element-6d4a3c5 e-con-full e-flex e-con e-child\" data-id=\"6d4a3c5\" data-element_type=\"container\" data-e-type=\"container\">\n\t\t\t\t<div class=\"elementor-element elementor-element-898b1a2 elementor-widget elementor-widget-heading\" data-id=\"898b1a2\" data-element_type=\"widget\" data-e-type=\"widget\" data-widget_type=\"heading.default\">\n\t\t\t\t\t<h2 class=\"elementor-heading-title elementor-size-default\">Institucional<\/h2>\t\t\t\t<\/div>\n\t\t\t\t<div class=\"elementor-element elementor-element-16ab30a elementor-nav-menu--dropdown-tablet elementor-nav-menu__text-align-aside elementor-nav-menu--toggle elementor-nav-menu--burger elementor-widget elementor-widget-nav-menu\" data-id=\"16ab30a\" data-element_type=\"widget\" data-e-type=\"widget\" data-settings=\"{&quot;layout&quot;:&quot;vertical&quot;,&quot;submenu_icon&quot;:{&quot;value&quot;:&quot;&lt;svg aria-hidden=\\&quot;true\\&quot; class=\\&quot;e-font-icon-svg e-fas-caret-down\\&quot; viewBox=\\&quot;0 0 320 512\\&quot; xmlns=\\&quot;http:\\\/\\\/www.w3.org\\\/2000\\\/svg\\&quot;&gt;&lt;path d=\\&quot;M31.3 192h257.3c17.8 0 26.7 21.5 14.1 34.1L174.1 354.8c-7.8 7.8-20.5 7.8-28.3 0L17.2 226.1C4.6 213.5 13.5 192 31.3 192z\\&quot;&gt;&lt;\\\/path&gt;&lt;\\\/svg&gt;&quot;,&quot;library&quot;:&quot;fa-solid&quot;},&quot;toggle&quot;:&quot;burger&quot;}\" data-widget_type=\"nav-menu.default\">\n\t\t\t\t\t\t\t\t<nav aria-label=\"Menu\" class=\"elementor-nav-menu--main elementor-nav-menu__container elementor-nav-menu--layout-vertical e--pointer-underline e--animation-fade\">\n\t\t\t\t<ul id=\"menu-1-16ab30a\" class=\"elementor-nav-menu sm-vertical\"><li class=\"menu-item menu-item-type-post_type menu-item-object-page menu-item-57722\"><a href=\"https:\/\/secoli.com\/es\/istituto-secoli\/institucional\/faq\/\" class=\"elementor-item\">FAQ<\/a><\/li>\n<li class=\"menu-item menu-item-type-post_type menu-item-object-page menu-item-57723\"><a href=\"https:\/\/secoli.com\/es\/istituto-secoli\/institucional\/organos-academicos\/\" class=\"elementor-item\">\u00d3rganos Acad\u00e9micos<\/a><\/li>\n<li class=\"menu-item menu-item-type-post_type menu-item-object-page menu-item-57724\"><a href=\"https:\/\/secoli.com\/es\/istituto-secoli\/institucional\/reglamentos\/\" class=\"elementor-item\">Reglamentos<\/a><\/li>\n<li class=\"menu-item menu-item-type-post_type menu-item-object-page menu-item-57725\"><a href=\"https:\/\/secoli.com\/es\/istituto-secoli\/institucional\/becas-de-estudio-dsu\/\" class=\"elementor-item\">Becas de Estudio DSU<\/a><\/li>\n<li class=\"menu-item menu-item-type-post_type menu-item-object-page menu-item-57726\"><a href=\"https:\/\/secoli.com\/es\/istituto-secoli\/institucional\/convocatorias-de-contratacion-de-profesores\/\" class=\"elementor-item\">Convocatorias de Contrataci\u00f3n de Profesores<\/a><\/li>\n<li class=\"menu-item menu-item-type-post_type menu-item-object-page menu-item-57729\"><a href=\"https:\/\/secoli.com\/es\/istituto-secoli\/institucional\/politica-de-privacidad\/\" class=\"elementor-item\">Pol\u00edtica de privacidad<\/a><\/li>\n<\/ul>\t\t\t<\/nav>\n\t\t\t\t\t<div class=\"elementor-menu-toggle\" role=\"button\" tabindex=\"0\" aria-label=\"Alternar men\u00fa\" aria-expanded=\"false\">\n\t\t\t<svg aria-hidden=\"true\" role=\"presentation\" class=\"elementor-menu-toggle__icon--open e-font-icon-svg e-eicon-menu-bar\" viewBox=\"0 0 1000 1000\" xmlns=\"http:\/\/www.w3.org\/2000\/svg\"><path d=\"M104 333H896C929 333 958 304 958 271S929 208 896 208H104C71 208 42 237 42 271S71 333 104 333ZM104 583H896C929 583 958 554 958 521S929 458 896 458H104C71 458 42 487 42 521S71 583 104 583ZM104 833H896C929 833 958 804 958 771S929 708 896 708H104C71 708 42 737 42 771S71 833 104 833Z\"><\/path><\/svg><svg aria-hidden=\"true\" role=\"presentation\" class=\"elementor-menu-toggle__icon--close e-font-icon-svg e-eicon-close\" viewBox=\"0 0 1000 1000\" xmlns=\"http:\/\/www.w3.org\/2000\/svg\"><path d=\"M742 167L500 408 258 167C246 154 233 150 217 150 196 150 179 158 167 167 154 179 150 196 150 212 150 229 154 242 171 254L408 500 167 742C138 771 138 800 167 829 196 858 225 858 254 829L496 587 738 829C750 842 767 846 783 846 800 846 817 842 829 829 842 817 846 804 846 783 846 767 842 750 829 737L588 500 833 258C863 229 863 200 833 171 804 137 775 137 742 167Z\"><\/path><\/svg>\t\t<\/div>\n\t\t\t\t\t<nav class=\"elementor-nav-menu--dropdown elementor-nav-menu__container\" aria-hidden=\"true\">\n\t\t\t\t<ul id=\"menu-2-16ab30a\" class=\"elementor-nav-menu sm-vertical\"><li class=\"menu-item menu-item-type-post_type menu-item-object-page menu-item-57722\"><a href=\"https:\/\/secoli.com\/es\/istituto-secoli\/institucional\/faq\/\" class=\"elementor-item\" tabindex=\"-1\">FAQ<\/a><\/li>\n<li class=\"menu-item menu-item-type-post_type menu-item-object-page menu-item-57723\"><a href=\"https:\/\/secoli.com\/es\/istituto-secoli\/institucional\/organos-academicos\/\" class=\"elementor-item\" tabindex=\"-1\">\u00d3rganos Acad\u00e9micos<\/a><\/li>\n<li class=\"menu-item menu-item-type-post_type menu-item-object-page menu-item-57724\"><a href=\"https:\/\/secoli.com\/es\/istituto-secoli\/institucional\/reglamentos\/\" class=\"elementor-item\" tabindex=\"-1\">Reglamentos<\/a><\/li>\n<li class=\"menu-item menu-item-type-post_type menu-item-object-page menu-item-57725\"><a href=\"https:\/\/secoli.com\/es\/istituto-secoli\/institucional\/becas-de-estudio-dsu\/\" class=\"elementor-item\" tabindex=\"-1\">Becas de Estudio DSU<\/a><\/li>\n<li class=\"menu-item menu-item-type-post_type menu-item-object-page menu-item-57726\"><a href=\"https:\/\/secoli.com\/es\/istituto-secoli\/institucional\/convocatorias-de-contratacion-de-profesores\/\" class=\"elementor-item\" tabindex=\"-1\">Convocatorias de Contrataci\u00f3n de Profesores<\/a><\/li>\n<li class=\"menu-item menu-item-type-post_type menu-item-object-page menu-item-57729\"><a href=\"https:\/\/secoli.com\/es\/istituto-secoli\/institucional\/politica-de-privacidad\/\" class=\"elementor-item\" tabindex=\"-1\">Pol\u00edtica de privacidad<\/a><\/li>\n<\/ul>\t\t\t<\/nav>\n\t\t\t\t\t\t<\/div>\n\t\t\t\t<\/div>\n\t\t\t\t<\/div>\n\t\t\t\t<\/div>\n\t\t","protected":false},"excerpt":{"rendered":"<p>N\u00facleo de Evaluaci\u00f3n El N\u00facleo de Evaluaci\u00f3n es un \u00f3rgano del Instituto cuyo papel y competencias se definen de acuerdo con la normativa vigente, relativa al sector AFAM. Reglamento Decreto de nombramiento de los miembros INFORME DEL N\u00daCLEO DE EVALUACI\u00d3N &#8211; A\u00d1O 2024 INFORME DEL N\u00daCLEO DE EVALUACI\u00d3N &#8211; A\u00d1O 2025 Consulta de los Estudiantes [&hellip;]<\/p>\n","protected":false},"author":1,"featured_media":0,"parent":47496,"menu_order":0,"comment_status":"closed","ping_status":"closed","template":"","meta":{"_acf_changed":false,"inline_featured_image":false,"footnotes":""},"class_list":["post-47625","page","type-page","status-publish","hentry"],"acf":[],"_links":{"self":[{"href":"https:\/\/secoli.com\/es\/wp-json\/wp\/v2\/pages\/47625","targetHints":{"allow":["GET"]}}],"collection":[{"href":"https:\/\/secoli.com\/es\/wp-json\/wp\/v2\/pages"}],"about":[{"href":"https:\/\/secoli.com\/es\/wp-json\/wp\/v2\/types\/page"}],"author":[{"embeddable":true,"href":"https:\/\/secoli.com\/es\/wp-json\/wp\/v2\/users\/1"}],"replies":[{"embeddable":true,"href":"https:\/\/secoli.com\/es\/wp-json\/wp\/v2\/comments?post=47625"}],"version-history":[{"count":2,"href":"https:\/\/secoli.com\/es\/wp-json\/wp\/v2\/pages\/47625\/revisions"}],"predecessor-version":[{"id":53806,"href":"https:\/\/secoli.com\/es\/wp-json\/wp\/v2\/pages\/47625\/revisions\/53806"}],"up":[{"embeddable":true,"href":"https:\/\/secoli.com\/es\/wp-json\/wp\/v2\/pages\/47496"}],"wp:attachment":[{"href":"https:\/\/secoli.com\/es\/wp-json\/wp\/v2\/media?parent=47625"}],"curies":[{"name":"wp","href":"https:\/\/api.w.org\/{rel}","templated":true}]}}