{"id":47616,"date":"2025-08-02T11:55:34","date_gmt":"2025-08-02T09:55:34","guid":{"rendered":"https:\/\/secoli.com\/eventos\/disenador-a-seguir\/"},"modified":"2025-11-24T12:10:56","modified_gmt":"2025-11-24T11:10:56","slug":"disenador-a-seguir","status":"publish","type":"page","link":"https:\/\/secoli.com\/es\/eventos\/disenador-a-seguir\/","title":{"rendered":"Dise\u00f1ador a Seguir"},"content":{"rendered":"\t\t<div data-elementor-type=\"wp-page\" data-elementor-id=\"47616\" class=\"elementor elementor-47616 elementor-39341\" data-elementor-post-type=\"page\">\n\t\t\t\t<div class=\"elementor-element elementor-element-8143627 e-con-full e-flex e-con e-parent\" data-id=\"8143627\" data-element_type=\"container\" data-e-type=\"container\">\n\t\t<div class=\"elementor-element elementor-element-0688e95 e-con-full e-flex e-con e-child\" data-id=\"0688e95\" data-element_type=\"container\" data-e-type=\"container\">\n\t\t\t\t<div class=\"elementor-element elementor-element-60c1ebc elementor-invisible elementor-widget elementor-widget-heading\" data-id=\"60c1ebc\" data-element_type=\"widget\" data-e-type=\"widget\" data-settings=\"{&quot;_animation&quot;:&quot;zoomIn&quot;}\" data-widget_type=\"heading.default\">\n\t\t\t\t\t<h2 class=\"elementor-heading-title elementor-size-default\">Dise\u00f1ador a Seguir<\/h2>\t\t\t\t<\/div>\n\t\t\t\t<div class=\"elementor-element elementor-element-a1ceb0a elementor-widget elementor-widget-heading\" data-id=\"a1ceb0a\" data-element_type=\"widget\" data-e-type=\"widget\" data-widget_type=\"heading.default\">\n\t\t\t\t\t<h2 class=\"elementor-heading-title elementor-size-default\">Los talentos emergentes de Secoli y sus colecciones c\u00e1psula\n<\/h2>\t\t\t\t<\/div>\n\t\t\t\t<div class=\"elementor-element elementor-element-228aeb0 elementor-widget elementor-widget-heading\" data-id=\"228aeb0\" data-element_type=\"widget\" data-e-type=\"widget\" data-widget_type=\"heading.default\">\n\t\t\t\t\t<h6 class=\"elementor-heading-title elementor-size-default\">Dise\u00f1ador a Seguir es el proyecto que, desde 2018, presenta en las pasarelas m\u00e1s importantes del contexto de la moda a nuestros mejores talentos, dise\u00f1adores emergentes capaces de interpretar estilos y tendencias dentro de colecciones in\u00e9ditas donde la experimentaci\u00f3n y la tradici\u00f3n se fusionan.<\/h6>\t\t\t\t<\/div>\n\t\t\t\t<div class=\"elementor-element elementor-element-bbe1fff elementor-skin-slideshow elementor-arrows-yes elementor-widget elementor-widget-media-carousel\" data-id=\"bbe1fff\" data-element_type=\"widget\" data-e-type=\"widget\" data-settings=\"{&quot;skin&quot;:&quot;slideshow&quot;,&quot;effect&quot;:&quot;fade&quot;,&quot;slideshow_slides_per_view&quot;:&quot;6&quot;,&quot;centered_slides&quot;:&quot;yes&quot;,&quot;space_between&quot;:{&quot;unit&quot;:&quot;px&quot;,&quot;size&quot;:5,&quot;sizes&quot;:[]},&quot;show_arrows&quot;:&quot;yes&quot;,&quot;speed&quot;:500,&quot;autoplay&quot;:&quot;yes&quot;,&quot;autoplay_speed&quot;:5000,&quot;loop&quot;:&quot;yes&quot;,&quot;pause_on_hover&quot;:&quot;yes&quot;,&quot;pause_on_interaction&quot;:&quot;yes&quot;,&quot;space_between_tablet&quot;:{&quot;unit&quot;:&quot;px&quot;,&quot;size&quot;:10,&quot;sizes&quot;:[]},&quot;space_between_mobile&quot;:{&quot;unit&quot;:&quot;px&quot;,&quot;size&quot;:10,&quot;sizes&quot;:[]}}\" data-widget_type=\"media-carousel.default\">\n\t\t\t\t\t\t\t\t\t\t<div class=\"elementor-main-swiper swiper\" role=\"region\" aria-roledescription=\"carousel\" aria-label=\"Slides\">\n\t\t\t\t<div class=\"swiper-wrapper\">\n\t\t\t\t\t\t\t\t\t\t\t<div class=\"swiper-slide\" role=\"group\" aria-roledescription=\"slide\">\n\t\t\t\t\t\t\t<a href=\"https:\/\/secoli.com\/wp-content\/uploads\/2025\/09\/sfi_daniele_cavallo_43_3.webp\" data-elementor-open-lightbox=\"yes\" data-elementor-lightbox-slideshow=\"bbe1fff\" data-elementor-lightbox-title=\"sfi daniele cavallo 43 3\" data-elementor-lightbox-description=\"sfi daniele cavallo 43 3\" data-e-action-hash=\"#elementor-action%3Aaction%3Dlightbox%26settings%3DeyJpZCI6NDA1MjEsInVybCI6Imh0dHBzOlwvXC9zZWNvbGkuY29tXC93cC1jb250ZW50XC91cGxvYWRzXC8yMDI1XC8wOVwvc2ZpX2RhbmllbGVfY2F2YWxsb180M18zLndlYnAiLCJzbGlkZXNob3ciOiJiYmUxZmZmIn0%3D\">\t\t<div class=\"elementor-carousel-image\" role=\"img\" aria-label=\"sfi daniele cavallo 43 3\" style=\"background-image: url(&#039;https:\/\/secoli.com\/wp-content\/uploads\/2025\/09\/sfi_daniele_cavallo_43_3.webp&#039;)\">\n\n\t\t\t\n\t\t\t\t\t<\/div>\n\t\t<\/a>\t\t\t\t\t\t<\/div>\n\t\t\t\t\t\t\t\t\t\t\t<div class=\"swiper-slide\" role=\"group\" aria-roledescription=\"slide\">\n\t\t\t\t\t\t\t<a href=\"https:\/\/secoli.com\/wp-content\/uploads\/2025\/09\/sfi_designer_to_watch_2024.webp\" data-elementor-open-lightbox=\"yes\" data-elementor-lightbox-slideshow=\"bbe1fff\" data-elementor-lightbox-title=\"sfi designer to watch 2024\" data-elementor-lightbox-description=\"sfi designer to watch 2024\" data-e-action-hash=\"#elementor-action%3Aaction%3Dlightbox%26settings%3DeyJpZCI6NDc1NDEsInVybCI6Imh0dHBzOlwvXC9zZWNvbGkuY29tXC93cC1jb250ZW50XC91cGxvYWRzXC8yMDI1XC8wOVwvc2ZpX2Rlc2lnbmVyX3RvX3dhdGNoXzIwMjQud2VicCIsInNsaWRlc2hvdyI6ImJiZTFmZmYifQ%3D%3D\" data-elementor-lightbox-video=\"https:\/\/www.youtube.com\/embed\/5A4IQl_Ubmc?feature=oembed&amp;autoplay=1&amp;rel=0&amp;controls=0\">\t\t<div class=\"elementor-carousel-image\" role=\"img\" aria-label=\"sfi designer to watch 2024\" style=\"background-image: url(&#039;https:\/\/secoli.com\/wp-content\/uploads\/2025\/09\/sfi_designer_to_watch_2024.webp&#039;)\">\n\n\t\t\t\n\t\t\t\t\t\t\t<div class=\"elementor-custom-embed-play\">\n\t\t\t\t\t<svg aria-hidden=\"true\" class=\"e-font-icon-svg e-eicon-play\" viewBox=\"0 0 1000 1000\" xmlns=\"http:\/\/www.w3.org\/2000\/svg\"><path d=\"M838 162C746 71 633 25 500 25 371 25 258 71 163 162 71 254 25 367 25 500 25 633 71 746 163 837 254 929 367 979 500 979 633 979 746 933 838 837 929 746 975 633 975 500 975 367 929 254 838 162M808 192C892 279 933 379 933 500 933 621 892 725 808 808 725 892 621 938 500 938 379 938 279 896 196 808 113 725 67 621 67 500 67 379 108 279 196 192 279 108 383 62 500 62 621 62 721 108 808 192M438 392V642L642 517 438 392Z\"><\/path><\/svg>\t\t\t\t\t<span class=\"elementor-screen-only\">Reproducir<\/span>\n\t\t\t\t<\/div>\n\t\t\t\t\t<\/div>\n\t\t<\/a>\t\t\t\t\t\t<\/div>\n\t\t\t\t\t\t\t\t\t\t\t<div class=\"swiper-slide\" role=\"group\" aria-roledescription=\"slide\">\n\t\t\t\t\t\t\t<a href=\"https:\/\/secoli.com\/wp-content\/uploads\/2025\/09\/sfi_daniele_cavallo_43_5.webp\" data-elementor-open-lightbox=\"yes\" data-elementor-lightbox-slideshow=\"bbe1fff\" data-elementor-lightbox-title=\"sfi daniele cavallo 43 5\" data-elementor-lightbox-description=\"sfi daniele cavallo 43 5\" data-e-action-hash=\"#elementor-action%3Aaction%3Dlightbox%26settings%3DeyJpZCI6NDA1MTgsInVybCI6Imh0dHBzOlwvXC9zZWNvbGkuY29tXC93cC1jb250ZW50XC91cGxvYWRzXC8yMDI1XC8wOVwvc2ZpX2RhbmllbGVfY2F2YWxsb180M181LndlYnAiLCJzbGlkZXNob3ciOiJiYmUxZmZmIn0%3D\">\t\t<div class=\"elementor-carousel-image\" role=\"img\" aria-label=\"sfi daniele cavallo 43 5\" style=\"background-image: url(&#039;https:\/\/secoli.com\/wp-content\/uploads\/2025\/09\/sfi_daniele_cavallo_43_5.webp&#039;)\">\n\n\t\t\t\n\t\t\t\t\t<\/div>\n\t\t<\/a>\t\t\t\t\t\t<\/div>\n\t\t\t\t\t\t\t\t\t\t\t<div class=\"swiper-slide\" role=\"group\" aria-roledescription=\"slide\">\n\t\t\t\t\t\t\t<a href=\"https:\/\/secoli.com\/wp-content\/uploads\/2025\/09\/sfi_daniele_cavallo_43_9.webp\" data-elementor-open-lightbox=\"yes\" data-elementor-lightbox-slideshow=\"bbe1fff\" data-elementor-lightbox-title=\"sfi daniele cavallo 43 9\" data-elementor-lightbox-description=\"sfi daniele cavallo 43 9\" data-e-action-hash=\"#elementor-action%3Aaction%3Dlightbox%26settings%3DeyJpZCI6NDA1MTUsInVybCI6Imh0dHBzOlwvXC9zZWNvbGkuY29tXC93cC1jb250ZW50XC91cGxvYWRzXC8yMDI1XC8wOVwvc2ZpX2RhbmllbGVfY2F2YWxsb180M185LndlYnAiLCJzbGlkZXNob3ciOiJiYmUxZmZmIn0%3D\">\t\t<div class=\"elementor-carousel-image\" role=\"img\" aria-label=\"sfi daniele cavallo 43 9\" style=\"background-image: url(&#039;https:\/\/secoli.com\/wp-content\/uploads\/2025\/09\/sfi_daniele_cavallo_43_9.webp&#039;)\">\n\n\t\t\t\n\t\t\t\t\t<\/div>\n\t\t<\/a>\t\t\t\t\t\t<\/div>\n\t\t\t\t\t\t\t\t\t\t\t<div class=\"swiper-slide\" role=\"group\" aria-roledescription=\"slide\">\n\t\t\t\t\t\t\t<a href=\"https:\/\/secoli.com\/wp-content\/uploads\/2025\/09\/sfi_daniele_cavallo_43_11.webp\" data-elementor-open-lightbox=\"yes\" data-elementor-lightbox-slideshow=\"bbe1fff\" data-elementor-lightbox-title=\"sfi daniele cavallo 43 11\" data-elementor-lightbox-description=\"sfi daniele cavallo 43 11\" data-e-action-hash=\"#elementor-action%3Aaction%3Dlightbox%26settings%3DeyJpZCI6NDA1MTMsInVybCI6Imh0dHBzOlwvXC9zZWNvbGkuY29tXC93cC1jb250ZW50XC91cGxvYWRzXC8yMDI1XC8wOVwvc2ZpX2RhbmllbGVfY2F2YWxsb180M18xMS53ZWJwIiwic2xpZGVzaG93IjoiYmJlMWZmZiJ9\">\t\t<div class=\"elementor-carousel-image\" role=\"img\" aria-label=\"sfi daniele cavallo 43 11\" style=\"background-image: url(&#039;https:\/\/secoli.com\/wp-content\/uploads\/2025\/09\/sfi_daniele_cavallo_43_11.webp&#039;)\">\n\n\t\t\t\n\t\t\t\t\t<\/div>\n\t\t<\/a>\t\t\t\t\t\t<\/div>\n\t\t\t\t\t\t\t\t\t<\/div>\n\t\t\t\t\t\t\t\t\t\t\t\t\t\t\t<div class=\"elementor-swiper-button elementor-swiper-button-prev\" role=\"button\" tabindex=\"0\" aria-label=\"Anterior\">\n\t\t\t\t\t\t\t<svg aria-hidden=\"true\" class=\"e-font-icon-svg e-eicon-chevron-left\" viewBox=\"0 0 1000 1000\" xmlns=\"http:\/\/www.w3.org\/2000\/svg\"><path d=\"M646 125C629 125 613 133 604 142L308 442C296 454 292 471 292 487 292 504 296 521 308 533L604 854C617 867 629 875 646 875 663 875 679 871 692 858 704 846 713 829 713 812 713 796 708 779 692 767L438 487 692 225C700 217 708 204 708 187 708 171 704 154 692 142 675 129 663 125 646 125Z\"><\/path><\/svg>\t\t\t\t\t\t<\/div>\n\t\t\t\t\t\t<div class=\"elementor-swiper-button elementor-swiper-button-next\" role=\"button\" tabindex=\"0\" aria-label=\"Siguiente\">\n\t\t\t\t\t\t\t<svg aria-hidden=\"true\" class=\"e-font-icon-svg e-eicon-chevron-right\" viewBox=\"0 0 1000 1000\" xmlns=\"http:\/\/www.w3.org\/2000\/svg\"><path d=\"M696 533C708 521 713 504 713 487 713 471 708 454 696 446L400 146C388 133 375 125 354 125 338 125 325 129 313 142 300 154 292 171 292 187 292 204 296 221 308 233L563 492 304 771C292 783 288 800 288 817 288 833 296 850 308 863 321 871 338 875 354 875 371 875 388 867 400 854L696 533Z\"><\/path><\/svg>\t\t\t\t\t\t<\/div>\n\t\t\t\t\t\t\t\t\t\t\t\t\t\t\t\t\t<\/div>\n\t\t\t\t\t\t\t\t\t<div class=\"elementor-main-swiper swiper elementor-thumbnails-swiper swiper\" role=\"region region\" aria-roledescription=\"carousel carousel\" aria-label=\"Slides Slides\">\n\t\t\t\t<div class=\"swiper-wrapper\">\n\t\t\t\t\t\t\t\t\t\t\t<div class=\"swiper-slide\" role=\"group\" aria-roledescription=\"slide\">\n\t\t\t\t\t\t\t\t\t<div class=\"elementor-carousel-image\" role=\"img\" aria-label=\"sfi daniele cavallo 43 3\" style=\"background-image: url(&#039;https:\/\/secoli.com\/wp-content\/uploads\/2025\/09\/sfi_daniele_cavallo_43_3.webp&#039;)\">\n\n\t\t\t\n\t\t\t\t\t<\/div>\n\t\t<\/a>\t\t\t\t\t\t<\/div>\n\t\t\t\t\t\t\t\t\t\t\t<div class=\"swiper-slide\" role=\"group\" aria-roledescription=\"slide\">\n\t\t\t\t\t\t\t\t\t<div class=\"elementor-carousel-image\" role=\"img\" aria-label=\"sfi designer to watch 2024\" style=\"background-image: url(&#039;https:\/\/secoli.com\/wp-content\/uploads\/2025\/09\/sfi_designer_to_watch_2024.webp&#039;)\">\n\n\t\t\t\n\t\t\t\t\t<\/div>\n\t\t<\/a>\t\t\t\t\t\t<\/div>\n\t\t\t\t\t\t\t\t\t\t\t<div class=\"swiper-slide\" role=\"group\" aria-roledescription=\"slide\">\n\t\t\t\t\t\t\t\t\t<div class=\"elementor-carousel-image\" role=\"img\" aria-label=\"sfi daniele cavallo 43 5\" style=\"background-image: url(&#039;https:\/\/secoli.com\/wp-content\/uploads\/2025\/09\/sfi_daniele_cavallo_43_5.webp&#039;)\">\n\n\t\t\t\n\t\t\t\t\t<\/div>\n\t\t<\/a>\t\t\t\t\t\t<\/div>\n\t\t\t\t\t\t\t\t\t\t\t<div class=\"swiper-slide\" role=\"group\" aria-roledescription=\"slide\">\n\t\t\t\t\t\t\t\t\t<div class=\"elementor-carousel-image\" role=\"img\" aria-label=\"sfi daniele cavallo 43 9\" style=\"background-image: url(&#039;https:\/\/secoli.com\/wp-content\/uploads\/2025\/09\/sfi_daniele_cavallo_43_9.webp&#039;)\">\n\n\t\t\t\n\t\t\t\t\t<\/div>\n\t\t<\/a>\t\t\t\t\t\t<\/div>\n\t\t\t\t\t\t\t\t\t\t\t<div class=\"swiper-slide\" role=\"group\" aria-roledescription=\"slide\">\n\t\t\t\t\t\t\t\t\t<div class=\"elementor-carousel-image\" role=\"img\" aria-label=\"sfi daniele cavallo 43 11\" style=\"background-image: url(&#039;https:\/\/secoli.com\/wp-content\/uploads\/2025\/09\/sfi_daniele_cavallo_43_11.webp&#039;)\">\n\n\t\t\t\n\t\t\t\t\t<\/div>\n\t\t<\/a>\t\t\t\t\t\t<\/div>\n\t\t\t\t\t\t\t\t\t<\/div>\n\t\t\t\t\t\t\t\t\t\t\t\t\t\t\t\t\t\t\t\t\t<\/div>\n\t\t\t\t\t\t\t\t<\/div>\n\t\t\t\t<\/div>\n\t\t<div class=\"elementor-element elementor-element-ec64911 e-con-full e-flex e-con e-child\" data-id=\"ec64911\" data-element_type=\"container\" data-e-type=\"container\">\n\t\t\t\t<div class=\"elementor-element elementor-element-d29a682 elementor-widget elementor-widget-heading\" data-id=\"d29a682\" data-element_type=\"widget\" data-e-type=\"widget\" data-widget_type=\"heading.default\">\n\t\t\t\t\t<h2 class=\"elementor-heading-title elementor-size-default\">Eventos<\/h2>\t\t\t\t<\/div>\n\t\t\t\t<div class=\"elementor-element elementor-element-c686887 elementor-widget elementor-widget-shortcode\" data-id=\"c686887\" data-element_type=\"widget\" data-e-type=\"widget\" data-widget_type=\"shortcode.default\">\n\t\t\t\t\t\t\t<div class=\"elementor-shortcode\"><ul class=\"lista-pagine-figlie-shortcode\"><li><a href=\"https:\/\/secoli.com\/es\/eventos\/disenador-a-seguir\/disenador-a-seguir-2022\/\">Dise\u00f1ador a Seguir 2022<\/a><\/li><li><a href=\"https:\/\/secoli.com\/es\/eventos\/disenador-a-seguir\/disenador-a-seguir-2023\/\">Dise\u00f1ador a Seguir 2023<\/a><\/li><li><a href=\"https:\/\/secoli.com\/es\/eventos\/disenador-a-seguir\/disenador-a-seguir-2024\/\">Dise\u00f1ador a Seguir 2024<\/a><\/li><li><a href=\"https:\/\/secoli.com\/es\/eventos\/disenador-a-seguir\/disenador-a-seguir-2025\/\">Dise\u00f1ador a seguir 2025<\/a><\/li><\/ul><\/div>\n\t\t\t\t\t\t<\/div>\n\t\t\t\t<\/div>\n\t\t\t\t<\/div>\n\t\t\t\t<\/div>\n\t\t","protected":false},"excerpt":{"rendered":"<p>Dise\u00f1ador a Seguir Los talentos emergentes de Secoli y sus colecciones c\u00e1psula Dise\u00f1ador a Seguir es el proyecto que, desde 2018, presenta en las pasarelas m\u00e1s importantes del contexto de la moda a nuestros mejores talentos, dise\u00f1adores emergentes capaces de interpretar estilos y tendencias dentro de colecciones in\u00e9ditas donde la experimentaci\u00f3n y la tradici\u00f3n se [&hellip;]<\/p>\n","protected":false},"author":1,"featured_media":0,"parent":47552,"menu_order":0,"comment_status":"closed","ping_status":"closed","template":"","meta":{"_acf_changed":false,"inline_featured_image":false,"footnotes":""},"class_list":["post-47616","page","type-page","status-publish","hentry"],"acf":[],"_links":{"self":[{"href":"https:\/\/secoli.com\/es\/wp-json\/wp\/v2\/pages\/47616","targetHints":{"allow":["GET"]}}],"collection":[{"href":"https:\/\/secoli.com\/es\/wp-json\/wp\/v2\/pages"}],"about":[{"href":"https:\/\/secoli.com\/es\/wp-json\/wp\/v2\/types\/page"}],"author":[{"embeddable":true,"href":"https:\/\/secoli.com\/es\/wp-json\/wp\/v2\/users\/1"}],"replies":[{"embeddable":true,"href":"https:\/\/secoli.com\/es\/wp-json\/wp\/v2\/comments?post=47616"}],"version-history":[{"count":1,"href":"https:\/\/secoli.com\/es\/wp-json\/wp\/v2\/pages\/47616\/revisions"}],"predecessor-version":[{"id":47620,"href":"https:\/\/secoli.com\/es\/wp-json\/wp\/v2\/pages\/47616\/revisions\/47620"}],"up":[{"embeddable":true,"href":"https:\/\/secoli.com\/es\/wp-json\/wp\/v2\/pages\/47552"}],"wp:attachment":[{"href":"https:\/\/secoli.com\/es\/wp-json\/wp\/v2\/media?parent=47616"}],"curies":[{"name":"wp","href":"https:\/\/api.w.org\/{rel}","templated":true}]}}