{"id":47572,"date":"2025-10-02T12:59:13","date_gmt":"2025-10-02T10:59:13","guid":{"rendered":"https:\/\/secoli.com\/eventos\/jornada-de-puertas-abiertas\/"},"modified":"2026-02-12T11:33:43","modified_gmt":"2026-02-12T10:33:43","slug":"jornada-de-puertas-abiertas","status":"publish","type":"page","link":"https:\/\/secoli.com\/es\/eventos\/jornada-de-puertas-abiertas\/","title":{"rendered":"Jornada de puertas abiertas"},"content":{"rendered":"\t\t<div data-elementor-type=\"wp-page\" data-elementor-id=\"47572\" class=\"elementor elementor-47572 elementor-40612\" data-elementor-post-type=\"page\">\n\t\t\t\t<div class=\"elementor-element elementor-element-46cfc25 e-con-full e-flex e-con e-parent\" data-id=\"46cfc25\" data-element_type=\"container\" data-e-type=\"container\">\n\t\t<div class=\"elementor-element elementor-element-3c44133 e-con-full e-flex e-con e-child\" data-id=\"3c44133\" data-element_type=\"container\" data-e-type=\"container\">\n\t\t<div class=\"elementor-element elementor-element-41444091 e-con-full e-flex e-con e-child\" data-id=\"41444091\" data-element_type=\"container\" data-e-type=\"container\" data-settings=\"{&quot;background_background&quot;:&quot;classic&quot;,&quot;background_motion_fx_motion_fx_scrolling&quot;:&quot;yes&quot;,&quot;background_motion_fx_translateX_effect&quot;:&quot;yes&quot;,&quot;background_motion_fx_translateX_direction&quot;:&quot;negative&quot;,&quot;background_motion_fx_translateX_speed&quot;:{&quot;unit&quot;:&quot;px&quot;,&quot;size&quot;:6,&quot;sizes&quot;:[]},&quot;background_motion_fx_translateX_affectedRange&quot;:{&quot;unit&quot;:&quot;%&quot;,&quot;size&quot;:&quot;&quot;,&quot;sizes&quot;:{&quot;start&quot;:0,&quot;end&quot;:100}},&quot;background_motion_fx_devices&quot;:[&quot;desktop&quot;,&quot;tablet&quot;,&quot;mobile&quot;]}\">\n\t\t<div class=\"elementor-element elementor-element-602af8e e-flex e-con-boxed e-con e-child\" data-id=\"602af8e\" data-element_type=\"container\" data-e-type=\"container\" data-settings=\"{&quot;background_background&quot;:&quot;classic&quot;,&quot;shape_divider_top&quot;:&quot;opacity-tilt&quot;}\">\n\t\t\t\t\t<div class=\"e-con-inner\">\n\t\t\t\t<div class=\"elementor-shape elementor-shape-top\" aria-hidden=\"true\" data-negative=\"false\">\n\t\t\t<svg xmlns=\"http:\/\/www.w3.org\/2000\/svg\" viewBox=\"0 0 2600 131.1\" preserveAspectRatio=\"none\">\n\t<path class=\"elementor-shape-fill\" d=\"M0 0L2600 0 2600 69.1 0 0z\"\/>\n\t<path class=\"elementor-shape-fill\" style=\"opacity:0.5\" d=\"M0 0L2600 0 2600 69.1 0 69.1z\"\/>\n\t<path class=\"elementor-shape-fill\" style=\"opacity:0.25\" d=\"M2600 0L0 0 0 130.1 2600 69.1z\"\/>\n<\/svg>\t\t<\/div>\n\t\t\t\t<div class=\"elementor-element elementor-element-5e113d2a elementor-widget elementor-widget-heading\" data-id=\"5e113d2a\" data-element_type=\"widget\" data-e-type=\"widget\" data-widget_type=\"heading.default\">\n\t\t\t\t\t<h2 class=\"elementor-heading-title elementor-size-default\">El Istituto Secoli abre sus puertas a los dise\u00f1adores del futuro<\/h2>\t\t\t\t<\/div>\n\t\t\t\t<div class=\"elementor-element elementor-element-4b522ec7 elementor-widget elementor-widget-text-editor\" data-id=\"4b522ec7\" data-element_type=\"widget\" data-e-type=\"widget\" data-widget_type=\"text-editor.default\">\n\t\t\t\t\t\t\t\t\t<p>Secoli invita a participar a todos aquellos que est\u00e9n interesados en saber m\u00e1s sobre: la escuela, los cursos, las clases, el equipo de profesionales, las becas y las ayudas econ\u00f3micas, los servicios ofrecidos.<\/p><p>Ser\u00e1 posible asistir a la presentaci\u00f3n del Istituto, recibir material informativo detallado e informaci\u00f3n sobre las trayectorias profesionales dentro del sistema de la moda.<\/p><p>Al finalizar el encuentro, el equipo de orientadores permanece a su disposici\u00f3n para entrevistas individuales y para profundizar en la oferta formativa SECOLI.<\/p>\t\t\t\t\t\t\t\t<\/div>\n\t\t\t\t\t<\/div>\n\t\t\t\t<\/div>\n\t\t\t\t<\/div>\n\t\t\t\t<div class=\"elementor-element elementor-element-886aeee elementor-widget elementor-widget-heading\" data-id=\"886aeee\" data-element_type=\"widget\" data-e-type=\"widget\" data-widget_type=\"heading.default\">\n\t\t\t\t\t<h2 class=\"elementor-heading-title elementor-size-default\">Las pr\u00f3ximas jornadas de puertas abiertas<\/h2>\t\t\t\t<\/div>\n\t\t\t\t<div class=\"elementor-element elementor-element-0e942c7 elementor-widget elementor-widget-shortcode\" data-id=\"0e942c7\" data-element_type=\"widget\" data-e-type=\"widget\" data-widget_type=\"shortcode.default\">\n\t\t\t\t\t\t\t<div class=\"elementor-shortcode\"><p class=\"iabaduu-notice info\">Nessun evento in programma.<\/p><\/div>\n\t\t\t\t\t\t<\/div>\n\t\t\t\t<\/div>\n\t\t<div class=\"elementor-element elementor-element-4642c47 e-con-full e-flex e-con e-child\" data-id=\"4642c47\" data-element_type=\"container\" data-e-type=\"container\">\n\t\t\t\t<div class=\"elementor-element elementor-element-ec58603 elementor-widget elementor-widget-heading\" data-id=\"ec58603\" data-element_type=\"widget\" data-e-type=\"widget\" data-widget_type=\"heading.default\">\n\t\t\t\t\t<h2 class=\"elementor-heading-title elementor-size-default\">Eventos<\/h2>\t\t\t\t<\/div>\n\t\t\t\t<div class=\"elementor-element elementor-element-7014755 elementor-nav-menu--dropdown-tablet elementor-nav-menu__text-align-aside elementor-nav-menu--toggle elementor-nav-menu--burger elementor-widget elementor-widget-nav-menu\" data-id=\"7014755\" data-element_type=\"widget\" data-e-type=\"widget\" data-settings=\"{&quot;layout&quot;:&quot;vertical&quot;,&quot;submenu_icon&quot;:{&quot;value&quot;:&quot;&lt;svg aria-hidden=\\&quot;true\\&quot; class=\\&quot;e-font-icon-svg e-fas-caret-down\\&quot; viewBox=\\&quot;0 0 320 512\\&quot; xmlns=\\&quot;http:\\\/\\\/www.w3.org\\\/2000\\\/svg\\&quot;&gt;&lt;path d=\\&quot;M31.3 192h257.3c17.8 0 26.7 21.5 14.1 34.1L174.1 354.8c-7.8 7.8-20.5 7.8-28.3 0L17.2 226.1C4.6 213.5 13.5 192 31.3 192z\\&quot;&gt;&lt;\\\/path&gt;&lt;\\\/svg&gt;&quot;,&quot;library&quot;:&quot;fa-solid&quot;},&quot;toggle&quot;:&quot;burger&quot;}\" data-widget_type=\"nav-menu.default\">\n\t\t\t\t\t\t\t\t<nav aria-label=\"Menu\" class=\"elementor-nav-menu--main elementor-nav-menu__container elementor-nav-menu--layout-vertical e--pointer-underline e--animation-fade\">\n\t\t\t\t<ul id=\"menu-1-7014755\" class=\"elementor-nav-menu sm-vertical\"><li class=\"menu-item menu-item-type-custom menu-item-object-custom menu-item-57744\"><a href=\"https:\/\/secoli.com\/es\/eventos\/calendario\/\" class=\"elementor-item\">Calendario de Eventos<\/a><\/li>\n<li class=\"menu-item menu-item-type-post_type menu-item-object-page menu-item-57745\"><a href=\"https:\/\/secoli.com\/es\/eventos\/jornada-de-puertas-abiertas\/\" class=\"elementor-item\">Open Day<\/a><\/li>\n<li class=\"menu-item menu-item-type-post_type menu-item-object-page menu-item-57746\"><a href=\"https:\/\/secoli.com\/es\/eventos\/open-class\/\" class=\"elementor-item\">Open Class<\/a><\/li>\n<li class=\"menu-item menu-item-type-post_type menu-item-object-page menu-item-57747\"><a href=\"https:\/\/secoli.com\/es\/eventos\/copia-di-open-class\/\" class=\"elementor-item\">Open Labs<\/a><\/li>\n<li class=\"menu-item menu-item-type-post_type menu-item-object-page menu-item-57748\"><a href=\"https:\/\/secoli.com\/es\/eventos\/secoli-fashion-show\/\" class=\"elementor-item\">Secoli Fashion Show<\/a><\/li>\n<li class=\"menu-item menu-item-type-post_type menu-item-object-page menu-item-57749\"><a href=\"https:\/\/secoli.com\/es\/eventos\/disenador-a-seguir\/\" class=\"elementor-item\">Designer to watch<\/a><\/li>\n<li class=\"menu-item menu-item-type-post_type menu-item-object-page menu-item-57750\"><a href=\"https:\/\/secoli.com\/es\/eventos\/fgi\/\" class=\"elementor-item\">Fashion Graduate Italia<\/a><\/li>\n<\/ul>\t\t\t<\/nav>\n\t\t\t\t\t<div class=\"elementor-menu-toggle\" role=\"button\" tabindex=\"0\" aria-label=\"Alternar men\u00fa\" aria-expanded=\"false\">\n\t\t\t<svg aria-hidden=\"true\" role=\"presentation\" class=\"elementor-menu-toggle__icon--open e-font-icon-svg e-eicon-menu-bar\" viewBox=\"0 0 1000 1000\" xmlns=\"http:\/\/www.w3.org\/2000\/svg\"><path d=\"M104 333H896C929 333 958 304 958 271S929 208 896 208H104C71 208 42 237 42 271S71 333 104 333ZM104 583H896C929 583 958 554 958 521S929 458 896 458H104C71 458 42 487 42 521S71 583 104 583ZM104 833H896C929 833 958 804 958 771S929 708 896 708H104C71 708 42 737 42 771S71 833 104 833Z\"><\/path><\/svg><svg aria-hidden=\"true\" role=\"presentation\" class=\"elementor-menu-toggle__icon--close e-font-icon-svg e-eicon-close\" viewBox=\"0 0 1000 1000\" xmlns=\"http:\/\/www.w3.org\/2000\/svg\"><path d=\"M742 167L500 408 258 167C246 154 233 150 217 150 196 150 179 158 167 167 154 179 150 196 150 212 150 229 154 242 171 254L408 500 167 742C138 771 138 800 167 829 196 858 225 858 254 829L496 587 738 829C750 842 767 846 783 846 800 846 817 842 829 829 842 817 846 804 846 783 846 767 842 750 829 737L588 500 833 258C863 229 863 200 833 171 804 137 775 137 742 167Z\"><\/path><\/svg>\t\t<\/div>\n\t\t\t\t\t<nav class=\"elementor-nav-menu--dropdown elementor-nav-menu__container\" aria-hidden=\"true\">\n\t\t\t\t<ul id=\"menu-2-7014755\" class=\"elementor-nav-menu sm-vertical\"><li class=\"menu-item menu-item-type-custom menu-item-object-custom menu-item-57744\"><a href=\"https:\/\/secoli.com\/es\/eventos\/calendario\/\" class=\"elementor-item\" tabindex=\"-1\">Calendario de Eventos<\/a><\/li>\n<li class=\"menu-item menu-item-type-post_type menu-item-object-page menu-item-57745\"><a href=\"https:\/\/secoli.com\/es\/eventos\/jornada-de-puertas-abiertas\/\" class=\"elementor-item\" tabindex=\"-1\">Open Day<\/a><\/li>\n<li class=\"menu-item menu-item-type-post_type menu-item-object-page menu-item-57746\"><a href=\"https:\/\/secoli.com\/es\/eventos\/open-class\/\" class=\"elementor-item\" tabindex=\"-1\">Open Class<\/a><\/li>\n<li class=\"menu-item menu-item-type-post_type menu-item-object-page menu-item-57747\"><a href=\"https:\/\/secoli.com\/es\/eventos\/copia-di-open-class\/\" class=\"elementor-item\" tabindex=\"-1\">Open Labs<\/a><\/li>\n<li class=\"menu-item menu-item-type-post_type menu-item-object-page menu-item-57748\"><a href=\"https:\/\/secoli.com\/es\/eventos\/secoli-fashion-show\/\" class=\"elementor-item\" tabindex=\"-1\">Secoli Fashion Show<\/a><\/li>\n<li class=\"menu-item menu-item-type-post_type menu-item-object-page menu-item-57749\"><a href=\"https:\/\/secoli.com\/es\/eventos\/disenador-a-seguir\/\" class=\"elementor-item\" tabindex=\"-1\">Designer to watch<\/a><\/li>\n<li class=\"menu-item menu-item-type-post_type menu-item-object-page menu-item-57750\"><a href=\"https:\/\/secoli.com\/es\/eventos\/fgi\/\" class=\"elementor-item\" tabindex=\"-1\">Fashion Graduate Italia<\/a><\/li>\n<\/ul>\t\t\t<\/nav>\n\t\t\t\t\t\t<\/div>\n\t\t\t\t<\/div>\n\t\t\t\t<\/div>\n\t\t\t\t<\/div>\n\t\t","protected":false},"excerpt":{"rendered":"<p>El Istituto Secoli abre sus puertas a los dise\u00f1adores del futuro Secoli invita a participar a todos aquellos que est\u00e9n interesados en saber m\u00e1s sobre: la escuela, los cursos, las clases, el equipo de profesionales, las becas y las ayudas econ\u00f3micas, los servicios ofrecidos. Ser\u00e1 posible asistir a la presentaci\u00f3n del Istituto, recibir material informativo [&hellip;]<\/p>\n","protected":false},"author":1,"featured_media":0,"parent":47552,"menu_order":0,"comment_status":"closed","ping_status":"closed","template":"","meta":{"_acf_changed":false,"inline_featured_image":false,"footnotes":""},"class_list":["post-47572","page","type-page","status-publish","hentry"],"acf":[],"_links":{"self":[{"href":"https:\/\/secoli.com\/es\/wp-json\/wp\/v2\/pages\/47572","targetHints":{"allow":["GET"]}}],"collection":[{"href":"https:\/\/secoli.com\/es\/wp-json\/wp\/v2\/pages"}],"about":[{"href":"https:\/\/secoli.com\/es\/wp-json\/wp\/v2\/types\/page"}],"author":[{"embeddable":true,"href":"https:\/\/secoli.com\/es\/wp-json\/wp\/v2\/users\/1"}],"replies":[{"embeddable":true,"href":"https:\/\/secoli.com\/es\/wp-json\/wp\/v2\/comments?post=47572"}],"version-history":[{"count":2,"href":"https:\/\/secoli.com\/es\/wp-json\/wp\/v2\/pages\/47572\/revisions"}],"predecessor-version":[{"id":53499,"href":"https:\/\/secoli.com\/es\/wp-json\/wp\/v2\/pages\/47572\/revisions\/53499"}],"up":[{"embeddable":true,"href":"https:\/\/secoli.com\/es\/wp-json\/wp\/v2\/pages\/47552"}],"wp:attachment":[{"href":"https:\/\/secoli.com\/es\/wp-json\/wp\/v2\/media?parent=47572"}],"curies":[{"name":"wp","href":"https:\/\/api.w.org\/{rel}","templated":true}]}}