{"id":47502,"date":"2025-09-09T14:32:37","date_gmt":"2025-09-09T12:32:37","guid":{"rendered":"https:\/\/secoli.com\/acceso-de-estudiantes\/"},"modified":"2026-01-28T10:32:31","modified_gmt":"2026-01-28T09:32:31","slug":"acceso-de-estudiantes","status":"publish","type":"page","link":"https:\/\/secoli.com\/es\/acceso-de-estudiantes\/","title":{"rendered":"Bienvenidos al portal de inscripciones"},"content":{"rendered":"\t\t<div data-elementor-type=\"wp-page\" data-elementor-id=\"47502\" class=\"elementor elementor-47502 elementor-39563\" data-elementor-post-type=\"page\">\n\t\t\t\t<div class=\"elementor-element elementor-element-600cd7e e-flex e-con-boxed e-con e-parent\" data-id=\"600cd7e\" data-element_type=\"container\" data-e-type=\"container\">\n\t\t\t\t\t<div class=\"e-con-inner\">\n\t\t\t\t<div class=\"elementor-element elementor-element-111d307 elementor-widget elementor-widget-text-editor\" data-id=\"111d307\" data-element_type=\"widget\" data-e-type=\"widget\" data-widget_type=\"text-editor.default\">\n\t\t\t\t\t\t\t\t\t<p><span style=\"font-size: 1rem;\">Su futuro en la moda empieza aqu\u00ed: a<\/span>cceda f\u00e1cilmente, registre sus datos e inicie el proceso de inscripci\u00f3n online.<\/p>\t\t\t\t\t\t\t\t<\/div>\n\t\t\t\t\t<\/div>\n\t\t\t\t<\/div>\n\t\t<div class=\"elementor-element elementor-element-b655db2 e-flex e-con-boxed e-con e-parent\" data-id=\"b655db2\" data-element_type=\"container\" data-e-type=\"container\" data-settings=\"{&quot;background_background&quot;:&quot;classic&quot;}\">\n\t\t\t\t\t<div class=\"e-con-inner\">\n\t\t<div class=\"elementor-element elementor-element-a963e5d e-con-full e-flex e-con e-child\" data-id=\"a963e5d\" data-element_type=\"container\" data-e-type=\"container\" data-settings=\"{&quot;background_background&quot;:&quot;classic&quot;}\">\n\t\t\t\t<div class=\"elementor-element elementor-element-8d5ad3f elementor-widget elementor-widget-heading\" data-id=\"8d5ad3f\" data-element_type=\"widget\" data-e-type=\"widget\" data-widget_type=\"heading.default\">\n\t\t\t\t\t<h2 class=\"elementor-heading-title elementor-size-default\">NUEVO USUARIO<\/h2>\t\t\t\t<\/div>\n\t\t\t\t<div class=\"elementor-element elementor-element-2b80c39 elementor-widget elementor-widget-button\" data-id=\"2b80c39\" data-element_type=\"widget\" data-e-type=\"widget\" data-widget_type=\"button.default\">\n\t\t\t\t\t\t\t\t\t\t<a class=\"elementor-button elementor-button-link elementor-size-sm\" href=\"https:\/\/secoli.com\/es\/registro-de-estudiantes\/\">\n\t\t\t\t\t\t<span class=\"elementor-button-content-wrapper\">\n\t\t\t\t\t\t\t\t\t<span class=\"elementor-button-text\">Reg\u00edstrese en el portal<\/span>\n\t\t\t\t\t<\/span>\n\t\t\t\t\t<\/a>\n\t\t\t\t\t\t\t\t<\/div>\n\t\t\t\t<\/div>\n\t\t<div class=\"elementor-element elementor-element-9001f33 e-con-full e-flex e-con e-child\" data-id=\"9001f33\" data-element_type=\"container\" data-e-type=\"container\" data-settings=\"{&quot;background_background&quot;:&quot;classic&quot;}\">\n\t\t\t\t<div class=\"elementor-element elementor-element-6782a64 elementor-widget elementor-widget-heading\" data-id=\"6782a64\" data-element_type=\"widget\" data-e-type=\"widget\" data-widget_type=\"heading.default\">\n\t\t\t\t\t<h2 class=\"elementor-heading-title elementor-size-default\">\u00bfYA EST\u00c1 REGISTRADO?<\/h2>\t\t\t\t<\/div>\n\t\t\t\t<div class=\"elementor-element elementor-element-542024b elementor-widget elementor-widget-shortcode\" data-id=\"542024b\" data-element_type=\"widget\" data-e-type=\"widget\" data-widget_type=\"shortcode.default\">\n\t\t\t\t\t\t\t<div class=\"elementor-shortcode\">\t<form name=\"wpaloginform\" id=\"wpaloginform\" action=\"\" method=\"post\">\n\t\t<p>\n\t\t\t<label for=\"user_email_username\">Acceder con el correo electr\u00f3nico o el nombre de usuario<\/label>\n\t\t\t<input type=\"text\" name=\"user_email_username\" id=\"user_email_username\" class=\"input\" value=\"\" size=\"25\" \/>\n\t\t\t<input type=\"submit\" name=\"wpa-submit\" id=\"wpa-submit\" class=\"button-primary\" value=\"Acceder\" \/>\n\t\t<\/p>\n\t\t\t\t<input type=\"hidden\" id=\"nonce\" name=\"nonce\" value=\"2d578d1bcf\" \/>\n\t<\/form>\n<\/div>\n\t\t\t\t\t\t<\/div>\n\t\t\t\t<\/div>\n\t\t\t\t\t<\/div>\n\t\t\t\t<\/div>\n\t\t<div class=\"elementor-element elementor-element-4b0fc58 e-flex e-con-boxed e-con e-parent\" data-id=\"4b0fc58\" data-element_type=\"container\" data-e-type=\"container\">\n\t\t\t\t\t<div class=\"e-con-inner\">\n\t\t\t\t<div class=\"elementor-element elementor-element-af0d1ec elementor-widget-divider--view-line elementor-widget elementor-widget-divider\" data-id=\"af0d1ec\" data-element_type=\"widget\" data-e-type=\"widget\" data-widget_type=\"divider.default\">\n\t\t\t\t\t\t\t<div class=\"elementor-divider\">\n\t\t\t<span class=\"elementor-divider-separator\">\n\t\t\t\t\t\t<\/span>\n\t\t<\/div>\n\t\t\t\t\t\t<\/div>\n\t\t\t\t\t<\/div>\n\t\t\t\t<\/div>\n\t\t<div class=\"elementor-element elementor-element-f2c23a0 e-flex e-con-boxed e-con e-parent\" data-id=\"f2c23a0\" data-element_type=\"container\" data-e-type=\"container\">\n\t\t\t\t\t<div class=\"e-con-inner\">\n\t\t\t\t<div class=\"elementor-element elementor-element-a226e80 elementor-widget elementor-widget-image\" data-id=\"a226e80\" data-element_type=\"widget\" data-e-type=\"widget\" data-widget_type=\"image.default\">\n\t\t\t\t\t\t\t\t\t\t\t\t\t\t\t<img fetchpriority=\"high\" decoding=\"async\" width=\"1920\" height=\"1080\" src=\"https:\/\/secoli.com\/wp-content\/uploads\/2025\/10\/DTW-2023.webp\" class=\"attachment-full size-full wp-image-47267\" alt=\"DTW 2023\" srcset=\"https:\/\/secoli.com\/wp-content\/uploads\/2025\/10\/DTW-2023.webp 1920w, https:\/\/secoli.com\/wp-content\/uploads\/2025\/10\/DTW-2023-300x169.webp 300w, https:\/\/secoli.com\/wp-content\/uploads\/2025\/10\/DTW-2023-1024x576.webp 1024w, https:\/\/secoli.com\/wp-content\/uploads\/2025\/10\/DTW-2023-768x432.webp 768w, https:\/\/secoli.com\/wp-content\/uploads\/2025\/10\/DTW-2023-1536x864.webp 1536w\" sizes=\"(max-width: 1920px) 100vw, 1920px\" \/>\t\t\t\t\t\t\t\t\t\t\t\t\t\t\t<\/div>\n\t\t\t\t\t<\/div>\n\t\t\t\t<\/div>\n\t\t<div class=\"elementor-element elementor-element-d7e1637 e-flex e-con-boxed e-con e-parent\" data-id=\"d7e1637\" data-element_type=\"container\" data-e-type=\"container\">\n\t\t\t\t\t<div class=\"e-con-inner\">\n\t\t\t\t<div class=\"elementor-element elementor-element-4a34ec5 elementor-widget-divider--view-line elementor-widget elementor-widget-divider\" data-id=\"4a34ec5\" data-element_type=\"widget\" data-e-type=\"widget\" data-widget_type=\"divider.default\">\n\t\t\t\t\t\t\t<div class=\"elementor-divider\">\n\t\t\t<span class=\"elementor-divider-separator\">\n\t\t\t\t\t\t<\/span>\n\t\t<\/div>\n\t\t\t\t\t\t<\/div>\n\t\t\t\t\t<\/div>\n\t\t\t\t<\/div>\n\t\t\t\t<\/div>\n\t\t","protected":false},"excerpt":{"rendered":"<p>Su futuro en la moda empieza aqu\u00ed: acceda f\u00e1cilmente, registre sus datos e inicie el proceso de inscripci\u00f3n online. NUEVO USUARIO Reg\u00edstrese en el portal \u00bfYA EST\u00c1 REGISTRADO? Ir al \u00e1rea de Estudiante<\/p>\n","protected":false},"author":1,"featured_media":0,"parent":0,"menu_order":0,"comment_status":"closed","ping_status":"closed","template":"","meta":{"_acf_changed":false,"inline_featured_image":false,"footnotes":""},"class_list":["post-47502","page","type-page","status-publish","hentry"],"acf":[],"_links":{"self":[{"href":"https:\/\/secoli.com\/es\/wp-json\/wp\/v2\/pages\/47502","targetHints":{"allow":["GET"]}}],"collection":[{"href":"https:\/\/secoli.com\/es\/wp-json\/wp\/v2\/pages"}],"about":[{"href":"https:\/\/secoli.com\/es\/wp-json\/wp\/v2\/types\/page"}],"author":[{"embeddable":true,"href":"https:\/\/secoli.com\/es\/wp-json\/wp\/v2\/users\/1"}],"replies":[{"embeddable":true,"href":"https:\/\/secoli.com\/es\/wp-json\/wp\/v2\/comments?post=47502"}],"version-history":[{"count":4,"href":"https:\/\/secoli.com\/es\/wp-json\/wp\/v2\/pages\/47502\/revisions"}],"predecessor-version":[{"id":52089,"href":"https:\/\/secoli.com\/es\/wp-json\/wp\/v2\/pages\/47502\/revisions\/52089"}],"wp:attachment":[{"href":"https:\/\/secoli.com\/es\/wp-json\/wp\/v2\/media?parent=47502"}],"curies":[{"name":"wp","href":"https:\/\/api.w.org\/{rel}","templated":true}]}}