{"id":47456,"date":"2025-07-29T12:58:24","date_gmt":"2025-07-29T10:58:24","guid":{"rendered":"https:\/\/secoli.com\/cursos-de-moda\/"},"modified":"2025-11-24T12:09:07","modified_gmt":"2025-11-24T11:09:07","slug":"cursos-de-moda","status":"publish","type":"page","link":"https:\/\/secoli.com\/es\/cursos-de-moda\/","title":{"rendered":"Cursos de Moda"},"content":{"rendered":"\t\t<div data-elementor-type=\"wp-page\" data-elementor-id=\"47456\" class=\"elementor elementor-47456 elementor-143\" data-elementor-post-type=\"page\">\n\t\t\t\t<div class=\"elementor-element elementor-element-9654e52 e-con-full e-flex e-con e-parent\" data-id=\"9654e52\" data-element_type=\"container\" data-e-type=\"container\">\n\t\t<div class=\"elementor-element elementor-element-3bfeeeba e-con-full e-flex e-con e-child\" data-id=\"3bfeeeba\" data-element_type=\"container\" data-e-type=\"container\">\n\t\t\t\t<div class=\"elementor-element elementor-element-d8ac3dd elementor-widget elementor-widget-heading\" data-id=\"d8ac3dd\" data-element_type=\"widget\" data-e-type=\"widget\" data-widget_type=\"heading.default\">\n\t\t\t\t\t<h2 class=\"elementor-heading-title elementor-size-default\"><a href=\"https:\/\/secoli.com\/corsi\/lauree-triennali\/\">Grados universitarios<\/a><\/h2>\t\t\t\t<\/div>\n\t\t\t\t<div class=\"elementor-element elementor-element-3a2b4d4 elementor-widget elementor-widget-shortcode\" data-id=\"3a2b4d4\" data-element_type=\"widget\" data-e-type=\"widget\" data-widget_type=\"shortcode.default\">\n\t\t\t\t\t\t\t<div class=\"elementor-shortcode\"><ul class=\"lista-pagine-figlie-shortcode\"><li><a href=\"https:\/\/secoli.com\/es\/cursos-de-moda\/grados-universitarios\/diseno-de-moda-y-tecnologias-del-producto-de-moda\/\">Dise\u00f1o de Moda y Tecnolog\u00edas del Producto de Moda<\/a><\/li><li><a href=\"https:\/\/secoli.com\/es\/cursos-de-moda\/grados-universitarios\/curso-preparatorio\/\">FASHION BASICS<\/a><\/li><li><a href=\"https:\/\/secoli.com\/es\/cursos-de-moda\/grados-universitarios\/foundation-year\/\">Foundation Year<\/a><\/li><\/ul><\/div>\n\t\t\t\t\t\t<\/div>\n\t\t\t\t<div class=\"elementor-element elementor-element-4180daa elementor-widget elementor-widget-heading\" data-id=\"4180daa\" data-element_type=\"widget\" data-e-type=\"widget\" data-widget_type=\"heading.default\">\n\t\t\t\t\t<h2 class=\"elementor-heading-title elementor-size-default\"><a href=\"https:\/\/secoli.com\/corsi\/master\/\">M\u00e1ster<\/a><\/h2>\t\t\t\t<\/div>\n\t\t\t\t<div class=\"elementor-element elementor-element-d424cd3 elementor-widget elementor-widget-shortcode\" data-id=\"d424cd3\" data-element_type=\"widget\" data-e-type=\"widget\" data-widget_type=\"shortcode.default\">\n\t\t\t\t\t\t\t<div class=\"elementor-shortcode\"><ul class=\"lista-pagine-figlie-shortcode\"><li><a href=\"https:\/\/secoli.com\/es\/cursos-de-moda\/master\/master-en-alta-moda-y-vestido-de-novia\/\">M\u00e1ster en alta moda y vestido de novia<\/a><\/li><li><a href=\"https:\/\/secoli.com\/es\/cursos-de-moda\/master\/master-en-patronaje-femenino\/\">M\u00e1ster en Patronaje Femenino<\/a><\/li><li><a href=\"https:\/\/secoli.com\/es\/cursos-de-moda\/master\/master-en-patronaje-masculino\/\">M\u00e1ster en Patronaje Masculino<\/a><\/li><li><a href=\"https:\/\/secoli.com\/es\/cursos-de-moda\/master\/master-en-sastreria-para-hombre\/\">M\u00e1ster en Sastrer\u00eda para Hombre<\/a><\/li><li><a href=\"https:\/\/secoli.com\/es\/cursos-de-moda\/master\/master-en-tecnologia-del-punto\/\">M\u00e1ster en Tecnolog\u00eda del Punto<\/a><\/li><\/ul><\/div>\n\t\t\t\t\t\t<\/div>\n\t\t\t\t<div class=\"elementor-element elementor-element-5479e1a elementor-widget elementor-widget-heading\" data-id=\"5479e1a\" data-element_type=\"widget\" data-e-type=\"widget\" data-widget_type=\"heading.default\">\n\t\t\t\t\t<h2 class=\"elementor-heading-title elementor-size-default\"><a href=\"https:\/\/secoli.com\/cursos-de-moda\/master-ejecutivo\/analisis-de-tiempos-y-metodos\/?lang=es\">M\u00e1ster Ejecutivo<\/a><\/h2>\t\t\t\t<\/div>\n\t\t\t\t<div class=\"elementor-element elementor-element-b11289e elementor-widget elementor-widget-shortcode\" data-id=\"b11289e\" data-element_type=\"widget\" data-e-type=\"widget\" data-widget_type=\"shortcode.default\">\n\t\t\t\t\t\t\t<div class=\"elementor-shortcode\"><ul class=\"lista-pagine-figlie-shortcode\"><li><a href=\"https:\/\/secoli.com\/es\/cursos-de-moda\/master-ejecutivo\/analisis-de-tiempos-y-metodos\/\">An\u00e1lisis de Tiempos y M\u00e9todos<\/a><\/li><\/ul><\/div>\n\t\t\t\t\t\t<\/div>\n\t\t\t\t<div class=\"elementor-element elementor-element-a407b39 elementor-widget elementor-widget-heading\" data-id=\"a407b39\" data-element_type=\"widget\" data-e-type=\"widget\" data-widget_type=\"heading.default\">\n\t\t\t\t\t<h2 class=\"elementor-heading-title elementor-size-default\"><a href=\"https:\/\/secoli.com\/cursos-de-moda\/cursos-intensivos-de-patronaje\/?lang=es\">Cursos intensivos de Patronaje<\/a><\/h2>\t\t\t\t<\/div>\n\t\t\t\t<div class=\"elementor-element elementor-element-f2e0dc7 elementor-widget elementor-widget-shortcode\" data-id=\"f2e0dc7\" data-element_type=\"widget\" data-e-type=\"widget\" data-widget_type=\"shortcode.default\">\n\t\t\t\t\t\t\t<div class=\"elementor-shortcode\"><ul class=\"lista-pagine-figlie-shortcode\"><li><a href=\"https:\/\/secoli.com\/es\/cursos-de-moda\/cursos-intensivos-de-patronaje\/patronaje-mujer\/\">Patronaje Intensivo Mujer<\/a><\/li><li><a href=\"https:\/\/secoli.com\/es\/cursos-de-moda\/cursos-intensivos-de-patronaje\/patronaje-masculino-2\/\">Patronaje Masculino Intensivo<\/a><\/li><\/ul><\/div>\n\t\t\t\t\t\t<\/div>\n\t\t\t\t<div class=\"elementor-element elementor-element-e757dc3 elementor-widget elementor-widget-heading\" data-id=\"e757dc3\" data-element_type=\"widget\" data-e-type=\"widget\" data-widget_type=\"heading.default\">\n\t\t\t\t\t<h2 class=\"elementor-heading-title elementor-size-default\"><a href=\"https:\/\/secoli.com\/cursos-de-moda\/cursos-intensivos-de-prototipado\/prototipado-del-producto-moda\/?lang=es\">Cursos intensivos de Prototipado<\/a><\/h2>\t\t\t\t<\/div>\n\t\t\t\t<div class=\"elementor-element elementor-element-52afd63 elementor-widget elementor-widget-shortcode\" data-id=\"52afd63\" data-element_type=\"widget\" data-e-type=\"widget\" data-widget_type=\"shortcode.default\">\n\t\t\t\t\t\t\t<div class=\"elementor-shortcode\"><ul class=\"lista-pagine-figlie-shortcode\"><li><a href=\"https:\/\/secoli.com\/es\/cursos-de-moda\/cursos-intensivos-de-prototipado\/prototipado-del-producto-moda\/\">Prototipado del Producto Moda<\/a><\/li><\/ul><\/div>\n\t\t\t\t\t\t<\/div>\n\t\t\t\t<div class=\"elementor-element elementor-element-0b265b1 elementor-widget elementor-widget-heading\" data-id=\"0b265b1\" data-element_type=\"widget\" data-e-type=\"widget\" data-widget_type=\"heading.default\">\n\t\t\t\t\t<h2 class=\"elementor-heading-title elementor-size-default\"><a href=\"https:\/\/secoli.com\/corsi\/corsi-di-moda-professionali\/\">Cursos los s\u00e1bados y por la tarde<\/a><\/h2>\t\t\t\t<\/div>\n\t\t\t\t<div class=\"elementor-element elementor-element-f7fcbb8 elementor-widget elementor-widget-shortcode\" data-id=\"f7fcbb8\" data-element_type=\"widget\" data-e-type=\"widget\" data-widget_type=\"shortcode.default\">\n\t\t\t\t\t\t\t<div class=\"elementor-shortcode\"><ul class=\"lista-pagine-figlie-shortcode\"><li><a href=\"https:\/\/secoli.com\/es\/cursos-de-moda\/cursos-los-sabados-y-por-la-tarde\/confeccion-hombre\/\">Confecci\u00f3n Hombre<\/a><\/li><li><a href=\"https:\/\/secoli.com\/es\/cursos-de-moda\/cursos-los-sabados-y-por-la-tarde\/confeccion-para-mujer\/\">Confecci\u00f3n Mujer<\/a><\/li><li><a href=\"https:\/\/secoli.com\/es\/cursos-de-moda\/cursos-los-sabados-y-por-la-tarde\/correccion-de-defectos-pantalon-de-mujer-y-hombre\/\">Correcci\u00f3n de defectos \/ Pantal\u00f3n de Mujer y Hombre<\/a><\/li><li><a href=\"https:\/\/secoli.com\/es\/cursos-de-moda\/cursos-los-sabados-y-por-la-tarde\/correccion-de-defectos-prendas-de-abrigo-para-mujer-y-hombre\/\">Correcci\u00f3n de defectos \/ Prendas de abrigo para Mujer y Hombre<\/a><\/li><li><a href=\"https:\/\/secoli.com\/es\/cursos-de-moda\/cursos-los-sabados-y-por-la-tarde\/correccion-de-defectos-vestido-de-mujer\/\">Correcci\u00f3n de defectos \/ Vestido de mujer<\/a><\/li><li><a href=\"https:\/\/secoli.com\/es\/cursos-de-moda\/cursos-los-sabados-y-por-la-tarde\/diseno-de-moda\/\">Dise\u00f1o de moda<\/a><\/li><li><a href=\"https:\/\/secoli.com\/es\/cursos-de-moda\/cursos-los-sabados-y-por-la-tarde\/diseno-de-moda-avanzado\/\">Dise\u00f1o de Moda Avanzado<\/a><\/li><li><a href=\"https:\/\/secoli.com\/es\/cursos-de-moda\/cursos-los-sabados-y-por-la-tarde\/patronaje-de-lenceria-femenina\/\">Patronaje de Lencer\u00eda Femenina<\/a><\/li><li><a href=\"https:\/\/secoli.com\/es\/cursos-de-moda\/cursos-los-sabados-y-por-la-tarde\/patronaje-de-mujer-nocturno\/\">Patronaje de Mujer nocturno<\/a><\/li><li><a href=\"https:\/\/secoli.com\/es\/cursos-de-moda\/cursos-los-sabados-y-por-la-tarde\/patronaje-infantil\/\">Patronaje Infantil<\/a><\/li><li><a href=\"https:\/\/secoli.com\/es\/cursos-de-moda\/cursos-los-sabados-y-por-la-tarde\/patronaje-masculino\/\">Patronaje Masculino<\/a><\/li><li><a href=\"https:\/\/secoli.com\/es\/cursos-de-moda\/cursos-los-sabados-y-por-la-tarde\/patronaje-mujer\/\">Patronaje Mujer<\/a><\/li><li><a href=\"https:\/\/secoli.com\/es\/cursos-de-moda\/cursos-los-sabados-y-por-la-tarde\/sastreria-para-hombre-la-chaqueta-de-sastreria\/\">Sastrer\u00eda para hombre \/ La chaqueta de sastrer\u00eda<\/a><\/li><\/ul><\/div>\n\t\t\t\t\t\t<\/div>\n\t\t\t\t<div class=\"elementor-element elementor-element-01c122a elementor-widget elementor-widget-heading\" data-id=\"01c122a\" data-element_type=\"widget\" data-e-type=\"widget\" data-widget_type=\"heading.default\">\n\t\t\t\t\t<h2 class=\"elementor-heading-title elementor-size-default\"><a href=\"https:\/\/secoli.com\/cursos-de-moda\/cursos-online\/?lang=es\">Cursos Online<\/a><\/h2>\t\t\t\t<\/div>\n\t\t\t\t<div class=\"elementor-element elementor-element-72d1b57 elementor-widget elementor-widget-shortcode\" data-id=\"72d1b57\" data-element_type=\"widget\" data-e-type=\"widget\" data-widget_type=\"shortcode.default\">\n\t\t\t\t\t\t\t<div class=\"elementor-shortcode\"><ul class=\"lista-pagine-figlie-shortcode\"><li><a href=\"https:\/\/secoli.com\/es\/cursos-de-moda\/cursos-online\/adobe-photoshop-e-illustrator-diseno-grafico\/\">Adobe Photoshop e Illustrator \/ Dise\u00f1o Gr\u00e1fico<\/a><\/li><li><a href=\"https:\/\/secoli.com\/es\/cursos-de-moda\/cursos-online\/clo-3d-modelado-cad-3d\/\">CLO 3D \/ Modelado CAD 3D<\/a><\/li><li><a href=\"https:\/\/secoli.com\/es\/cursos-de-moda\/cursos-online\/fashion-procreate\/\">Fashion Procreate<\/a><\/li><li><a href=\"https:\/\/secoli.com\/es\/cursos-de-moda\/cursos-online\/fundamentos-de-modelado-de-mujer-2-traje-sastre-y-blazer\/\">Fundamentos de Modelado de Mujer 2 \/ Traje sastre y Blazer<\/a><\/li><li><a href=\"https:\/\/secoli.com\/es\/cursos-de-moda\/cursos-online\/fundamentos-de-modelistica-de-mujer-3-pantalon\/\">Fundamentos de Model\u00edstica de Mujer 3 \/ Pantal\u00f3n<\/a><\/li><li><a href=\"https:\/\/secoli.com\/es\/cursos-de-moda\/cursos-online\/fundamentos-de-patronaje-de-hombre-1-chaqueta-camisa\/\">Fundamentos de Patronaje de Hombre 1 \/ Chaqueta &amp; Camisa<\/a><\/li><li><a href=\"https:\/\/secoli.com\/es\/cursos-de-moda\/cursos-online\/fundamentos-de-patronaje-de-hombre-2-chaqueta\/\">Fundamentos de Patronaje de Hombre 2 \/ Chaqueta<\/a><\/li><li><a href=\"https:\/\/secoli.com\/es\/cursos-de-moda\/cursos-online\/fundamentos-de-patronaje-de-mujer-1-vestido-camisa\/\">Fundamentos de Patronaje de Mujer 1 \/ Vestido &amp; Camisa<\/a><\/li><li><a href=\"https:\/\/secoli.com\/es\/cursos-de-moda\/cursos-online\/fundamentos-de-patronaje-de-mujer-4-corse\/\">Fundamentos de Patronaje de Mujer 4 \/ Cors\u00e9<\/a><\/li><li><a href=\"https:\/\/secoli.com\/es\/cursos-de-moda\/cursos-online\/modaris-expert-lectra-modelado-cad\/\">Modaris Expert Lectra \/ Modelado CAD<\/a><\/li><\/ul><\/div>\n\t\t\t\t\t\t<\/div>\n\t\t\t\t<\/div>\n\t\t<div class=\"elementor-element elementor-element-62c09882 e-con-full e-flex e-con e-child\" data-id=\"62c09882\" data-element_type=\"container\" data-e-type=\"container\">\n\t\t\t\t<div class=\"elementor-element elementor-element-f802ce6 elementor-widget elementor-widget-heading\" data-id=\"f802ce6\" data-element_type=\"widget\" data-e-type=\"widget\" data-widget_type=\"heading.default\">\n\t\t\t\t\t<h2 class=\"elementor-heading-title elementor-size-default\">Cursos de Moda<\/h2>\t\t\t\t<\/div>\n\t\t\t\t<div class=\"elementor-element elementor-element-cc00d01 elementor-nav-menu--dropdown-tablet elementor-nav-menu__text-align-aside elementor-nav-menu--toggle elementor-nav-menu--burger elementor-widget elementor-widget-nav-menu\" data-id=\"cc00d01\" data-element_type=\"widget\" data-e-type=\"widget\" data-settings=\"{&quot;layout&quot;:&quot;vertical&quot;,&quot;submenu_icon&quot;:{&quot;value&quot;:&quot;&lt;svg aria-hidden=\\&quot;true\\&quot; class=\\&quot;e-font-icon-svg e-fas-caret-down\\&quot; viewBox=\\&quot;0 0 320 512\\&quot; xmlns=\\&quot;http:\\\/\\\/www.w3.org\\\/2000\\\/svg\\&quot;&gt;&lt;path d=\\&quot;M31.3 192h257.3c17.8 0 26.7 21.5 14.1 34.1L174.1 354.8c-7.8 7.8-20.5 7.8-28.3 0L17.2 226.1C4.6 213.5 13.5 192 31.3 192z\\&quot;&gt;&lt;\\\/path&gt;&lt;\\\/svg&gt;&quot;,&quot;library&quot;:&quot;fa-solid&quot;},&quot;toggle&quot;:&quot;burger&quot;}\" data-widget_type=\"nav-menu.default\">\n\t\t\t\t\t\t\t\t<nav aria-label=\"Menu\" class=\"elementor-nav-menu--main elementor-nav-menu__container elementor-nav-menu--layout-vertical e--pointer-underline e--animation-fade\">\n\t\t\t\t<ul id=\"menu-1-cc00d01\" class=\"elementor-nav-menu sm-vertical\"><li class=\"menu-item menu-item-type-post_type menu-item-object-page menu-item-57652\"><a href=\"https:\/\/secoli.com\/es\/cursos-de-moda\/grados-universitarios\/\" class=\"elementor-item\">Grados Universitarios<\/a><\/li>\n<li class=\"menu-item menu-item-type-post_type menu-item-object-page menu-item-57653\"><a href=\"https:\/\/secoli.com\/es\/cursos-de-moda\/master\/\" class=\"elementor-item\">M\u00e1ster<\/a><\/li>\n<li class=\"menu-item menu-item-type-post_type menu-item-object-page menu-item-57654\"><a href=\"https:\/\/secoli.com\/es\/cursos-de-moda\/master-ejecutivo\/analisis-de-tiempos-y-metodos\/\" class=\"elementor-item\">M\u00e1ster Ejecutivo<\/a><\/li>\n<li class=\"menu-item menu-item-type-post_type menu-item-object-page menu-item-57655\"><a href=\"https:\/\/secoli.com\/es\/cursos-de-moda\/cursos-intensivos-de-patronaje\/\" class=\"elementor-item\">Cursos intensivos y part-time de Patronaje<\/a><\/li>\n<li class=\"menu-item menu-item-type-post_type menu-item-object-page menu-item-57656\"><a href=\"https:\/\/secoli.com\/es\/cursos-de-moda\/cursos-intensivos-de-prototipado\/prototipado-del-producto-moda\/\" class=\"elementor-item\">Prototipado del Producto Moda<\/a><\/li>\n<li class=\"menu-item menu-item-type-post_type menu-item-object-page menu-item-57657\"><a href=\"https:\/\/secoli.com\/es\/cursos-de-moda\/cursos-los-sabados-y-por-la-tarde\/\" class=\"elementor-item\">Cursos los S\u00e1bados<\/a><\/li>\n<li class=\"menu-item menu-item-type-post_type menu-item-object-page menu-item-57658\"><a href=\"https:\/\/secoli.com\/es\/cursos-de-moda\/cursos-online\/\" class=\"elementor-item\">Cursos Online<\/a><\/li>\n<li class=\"menu-item menu-item-type-post_type menu-item-object-page menu-item-57659\"><a href=\"https:\/\/secoli.com\/es\/cursos-de-moda\/cursos-de-verano\/\" class=\"elementor-item\">Cursos de verano<\/a><\/li>\n<\/ul>\t\t\t<\/nav>\n\t\t\t\t\t<div class=\"elementor-menu-toggle\" role=\"button\" tabindex=\"0\" aria-label=\"Alternar men\u00fa\" aria-expanded=\"false\">\n\t\t\t<svg aria-hidden=\"true\" role=\"presentation\" class=\"elementor-menu-toggle__icon--open e-font-icon-svg e-eicon-menu-bar\" viewBox=\"0 0 1000 1000\" xmlns=\"http:\/\/www.w3.org\/2000\/svg\"><path d=\"M104 333H896C929 333 958 304 958 271S929 208 896 208H104C71 208 42 237 42 271S71 333 104 333ZM104 583H896C929 583 958 554 958 521S929 458 896 458H104C71 458 42 487 42 521S71 583 104 583ZM104 833H896C929 833 958 804 958 771S929 708 896 708H104C71 708 42 737 42 771S71 833 104 833Z\"><\/path><\/svg><svg aria-hidden=\"true\" role=\"presentation\" class=\"elementor-menu-toggle__icon--close e-font-icon-svg e-eicon-close\" viewBox=\"0 0 1000 1000\" xmlns=\"http:\/\/www.w3.org\/2000\/svg\"><path d=\"M742 167L500 408 258 167C246 154 233 150 217 150 196 150 179 158 167 167 154 179 150 196 150 212 150 229 154 242 171 254L408 500 167 742C138 771 138 800 167 829 196 858 225 858 254 829L496 587 738 829C750 842 767 846 783 846 800 846 817 842 829 829 842 817 846 804 846 783 846 767 842 750 829 737L588 500 833 258C863 229 863 200 833 171 804 137 775 137 742 167Z\"><\/path><\/svg>\t\t<\/div>\n\t\t\t\t\t<nav class=\"elementor-nav-menu--dropdown elementor-nav-menu__container\" aria-hidden=\"true\">\n\t\t\t\t<ul id=\"menu-2-cc00d01\" class=\"elementor-nav-menu sm-vertical\"><li class=\"menu-item menu-item-type-post_type menu-item-object-page menu-item-57652\"><a href=\"https:\/\/secoli.com\/es\/cursos-de-moda\/grados-universitarios\/\" class=\"elementor-item\" tabindex=\"-1\">Grados Universitarios<\/a><\/li>\n<li class=\"menu-item menu-item-type-post_type menu-item-object-page menu-item-57653\"><a href=\"https:\/\/secoli.com\/es\/cursos-de-moda\/master\/\" class=\"elementor-item\" tabindex=\"-1\">M\u00e1ster<\/a><\/li>\n<li class=\"menu-item menu-item-type-post_type menu-item-object-page menu-item-57654\"><a href=\"https:\/\/secoli.com\/es\/cursos-de-moda\/master-ejecutivo\/analisis-de-tiempos-y-metodos\/\" class=\"elementor-item\" tabindex=\"-1\">M\u00e1ster Ejecutivo<\/a><\/li>\n<li class=\"menu-item menu-item-type-post_type menu-item-object-page menu-item-57655\"><a href=\"https:\/\/secoli.com\/es\/cursos-de-moda\/cursos-intensivos-de-patronaje\/\" class=\"elementor-item\" tabindex=\"-1\">Cursos intensivos y part-time de Patronaje<\/a><\/li>\n<li class=\"menu-item menu-item-type-post_type menu-item-object-page menu-item-57656\"><a href=\"https:\/\/secoli.com\/es\/cursos-de-moda\/cursos-intensivos-de-prototipado\/prototipado-del-producto-moda\/\" class=\"elementor-item\" tabindex=\"-1\">Prototipado del Producto Moda<\/a><\/li>\n<li class=\"menu-item menu-item-type-post_type menu-item-object-page menu-item-57657\"><a href=\"https:\/\/secoli.com\/es\/cursos-de-moda\/cursos-los-sabados-y-por-la-tarde\/\" class=\"elementor-item\" tabindex=\"-1\">Cursos los S\u00e1bados<\/a><\/li>\n<li class=\"menu-item menu-item-type-post_type menu-item-object-page menu-item-57658\"><a href=\"https:\/\/secoli.com\/es\/cursos-de-moda\/cursos-online\/\" class=\"elementor-item\" tabindex=\"-1\">Cursos Online<\/a><\/li>\n<li class=\"menu-item menu-item-type-post_type menu-item-object-page menu-item-57659\"><a href=\"https:\/\/secoli.com\/es\/cursos-de-moda\/cursos-de-verano\/\" class=\"elementor-item\" tabindex=\"-1\">Cursos de verano<\/a><\/li>\n<\/ul>\t\t\t<\/nav>\n\t\t\t\t\t\t<\/div>\n\t\t\t\t<\/div>\n\t\t\t\t<\/div>\n\t\t\t\t<\/div>\n\t\t","protected":false},"excerpt":{"rendered":"<p>Grados universitarios M\u00e1ster M\u00e1ster Ejecutivo Cursos intensivos de Patronaje Cursos intensivos de Prototipado Cursos los s\u00e1bados y por la tarde Cursos Online Cursos de Moda<\/p>\n","protected":false},"author":1,"featured_media":0,"parent":0,"menu_order":0,"comment_status":"closed","ping_status":"closed","template":"","meta":{"_acf_changed":false,"inline_featured_image":false,"footnotes":""},"class_list":["post-47456","page","type-page","status-publish","hentry"],"acf":[],"_links":{"self":[{"href":"https:\/\/secoli.com\/es\/wp-json\/wp\/v2\/pages\/47456","targetHints":{"allow":["GET"]}}],"collection":[{"href":"https:\/\/secoli.com\/es\/wp-json\/wp\/v2\/pages"}],"about":[{"href":"https:\/\/secoli.com\/es\/wp-json\/wp\/v2\/types\/page"}],"author":[{"embeddable":true,"href":"https:\/\/secoli.com\/es\/wp-json\/wp\/v2\/users\/1"}],"replies":[{"embeddable":true,"href":"https:\/\/secoli.com\/es\/wp-json\/wp\/v2\/comments?post=47456"}],"version-history":[{"count":2,"href":"https:\/\/secoli.com\/es\/wp-json\/wp\/v2\/pages\/47456\/revisions"}],"predecessor-version":[{"id":47526,"href":"https:\/\/secoli.com\/es\/wp-json\/wp\/v2\/pages\/47456\/revisions\/47526"}],"wp:attachment":[{"href":"https:\/\/secoli.com\/es\/wp-json\/wp\/v2\/media?parent=47456"}],"curies":[{"name":"wp","href":"https:\/\/api.w.org\/{rel}","templated":true}]}}