{"id":47040,"date":"2025-11-22T14:29:11","date_gmt":"2025-11-22T13:29:11","guid":{"rendered":"https:\/\/secoli.com\/declaracion-de-accesibilidad\/"},"modified":"2025-11-24T11:34:10","modified_gmt":"2025-11-24T10:34:10","slug":"declaracion-de-accesibilidad","status":"publish","type":"page","link":"https:\/\/secoli.com\/es\/declaracion-de-accesibilidad\/","title":{"rendered":"Declaraci\u00f3n de accesibilidad"},"content":{"rendered":"\n<h6 class=\"wp-block-heading has-text-align-center\">Declaraci\u00f3n de accesibilidad para https:\/\/secoli.com<\/h6>\n\n<p><strong>Istituto Secoli<\/strong> se compromete a garantizar la accesibilidad digital para las personas con discapacidad. Mejoramos continuamente la experiencia de uso para todas las personas que acceden al sitio y aplicamos los est\u00e1ndares de accesibilidad correspondientes. <\/p>\n\n<h6 class=\"wp-block-heading\">Estado de conformidad<\/h6>\n\n<p>Las Pautas de Accesibilidad para el Contenido Web (WCAG) definen los requisitos para los creadores y desarrolladores de sitios web para mejorar la accesibilidad para las personas con discapacidad. Establecen tres niveles de conformidad: Nivel A, Nivel AA y Nivel AAA. <\/p>\n\n<p><strong>Istituto Secoli<\/strong> se esfuerza constantemente por mejorar la accesibilidad de su sitio web y sus servicios, con la convicci\u00f3n de que es nuestra obligaci\u00f3n moral colectiva permitir un uso fluido, accesible y sin obst\u00e1culos para las personas con discapacidad.<\/p>\n\n<p>Nuestro objetivo es hacer accesibles todas las p\u00e1ginas y contenidos de <strong>https:\/\/secoli.com<\/strong>, pero algunos contenidos podr\u00edan no cumplir a\u00fan plenamente con los est\u00e1ndares de accesibilidad m\u00e1s elevados. Esto podr\u00eda deberse a las dificultades para identificar la soluci\u00f3n tecnol\u00f3gica m\u00e1s adecuada. <\/p>\n\n<p>Podr\u00edamos revisar peri\u00f3dicamente esta Declaraci\u00f3n para reflejar mejoras o cambios en nuestras pr\u00e1cticas de accesibilidad.<\/p>\n\n<h6 class=\"wp-block-heading\">Comentarios<\/h6>\n\n<p>Agradecemos sus comentarios sobre la accesibilidad del sitio web de <strong>Istituto Secoli<\/strong>. H\u00e1ganos saber si encuentra barreras de accesibilidad en nuestro sitio web: <\/p>\n\n<p>Correo electr\u00f3nico: <strong>info@secoli.com<\/strong><\/p>\n\n<p>Intentamos responder a los comentarios en un plazo de 3 a 5 d\u00edas laborables.<\/p>\n\n<p>Esta declaraci\u00f3n se cre\u00f3 el 22\/11\/2025. <\/p>\n","protected":false},"excerpt":{"rendered":"<p>Declaraci\u00f3n de accesibilidad para https:\/\/secoli.com Istituto Secoli se compromete a garantizar la accesibilidad digital para las personas con discapacidad. Mejoramos continuamente la experiencia de uso para todas las personas que acceden al sitio y aplicamos los est\u00e1ndares de accesibilidad correspondientes. Estado de conformidad Las Pautas de Accesibilidad para el Contenido Web (WCAG) definen los requisitos [&hellip;]<\/p>\n","protected":false},"author":1,"featured_media":0,"parent":0,"menu_order":0,"comment_status":"closed","ping_status":"closed","template":"","meta":{"_acf_changed":false,"inline_featured_image":false,"footnotes":""},"class_list":["post-47040","page","type-page","status-publish","hentry"],"acf":[],"_links":{"self":[{"href":"https:\/\/secoli.com\/es\/wp-json\/wp\/v2\/pages\/47040","targetHints":{"allow":["GET"]}}],"collection":[{"href":"https:\/\/secoli.com\/es\/wp-json\/wp\/v2\/pages"}],"about":[{"href":"https:\/\/secoli.com\/es\/wp-json\/wp\/v2\/types\/page"}],"author":[{"embeddable":true,"href":"https:\/\/secoli.com\/es\/wp-json\/wp\/v2\/users\/1"}],"replies":[{"embeddable":true,"href":"https:\/\/secoli.com\/es\/wp-json\/wp\/v2\/comments?post=47040"}],"version-history":[{"count":1,"href":"https:\/\/secoli.com\/es\/wp-json\/wp\/v2\/pages\/47040\/revisions"}],"predecessor-version":[{"id":47042,"href":"https:\/\/secoli.com\/es\/wp-json\/wp\/v2\/pages\/47040\/revisions\/47042"}],"wp:attachment":[{"href":"https:\/\/secoli.com\/es\/wp-json\/wp\/v2\/media?parent=47040"}],"curies":[{"name":"wp","href":"https:\/\/api.w.org\/{rel}","templated":true}]}}